	{"id":36924,"date":"2025-10-27T10:36:14","date_gmt":"2025-10-27T09:36:14","guid":{"rendered":"https:\/\/www.krupps.com\/?page_id=36924"},"modified":"2025-10-27T10:36:16","modified_gmt":"2025-10-27T09:36:16","slug":"informacoes-sobre-o-tratamento-de-dados-pessoais-participantes","status":"publish","type":"page","link":"https:\/\/www.krupps.com\/pt-pt\/informacoes-sobre-o-tratamento-de-dados-pessoais-participantes\/","title":{"rendered":"INFORMA\u00c7\u00d5ES SOBRE O TRATAMENTO DE DADOS PESSOAIS PARTICIPANTES"},"content":{"rendered":"\n<p><strong>INFORMA\u00c7\u00d5ES SOBRE O TRATAMENTO DE DADOS PESSOAIS PARTICIPANTES<br><\/strong><em>EM EVENTOS<\/em><\/p>\n\n\n\n<p><em>(Informativo ex art. 13 e art. 14 do Reg. (UE) 679\/2016, cd. GDPR)<\/em><\/p>\n\n\n\n<p>Abaixo fornecemos-lhe algumas informa\u00e7\u00f5es que \u00e9 necess\u00e1rio trazer ao seu conhecimento, n\u00e3o s\u00f3 para cumprir com as obriga\u00e7\u00f5es legais, mas tamb\u00e9m porque a transpar\u00eancia e justi\u00e7a em rela\u00e7\u00e3o \u00e0s partes interessadas \u00e9 uma parte fundamental do nosso neg\u00f3cio.<\/p>\n\n\n\n<p>Esta informa\u00e7\u00e3o \u00e9 dirigida aos participantes em eventos organizados ou geridos pela Krupps S.r.l. (p.ex. feiras nas quais a Krupps participa, apresenta\u00e7\u00f5es de produtos,&#8230;)<\/p>\n\n\n\n<p><strong>Quem \u00e9 o respons\u00e1vel pelo tratamento?<\/strong><\/p>\n\n\n\n<p>O controlador dos seus dados pessoais \u00e9 Krupps<strong> S.r.l.(P.iva<\/strong> IT04251180289), com sede na Via Austria 19 &#8211; 35127, Padova (PD) &#8211; It\u00e1lia, respons\u00e1vel pelo uso leg\u00edtimo e correto dos seus dados pessoais e que pode contactar para qualquer informa\u00e7\u00e3o ou pedido nos seguintes endere\u00e7os: 049 7625156, privacy@krupps.com, krupps@pec.it<\/p>\n\n\n\n<p><strong>Como posso contactar o respons\u00e1vel pela prote\u00e7\u00e3o de dados?<\/strong><\/p>\n\n\n\n<p>O respons\u00e1vel pela prote\u00e7\u00e3o de dados (Data Protection Officer &#8211; DPO) pode ser contactado nos seguintes endere\u00e7os: dpo@krupps.com<\/p>\n\n\n\n<p><strong>Onde s\u00e3o recolhidos os dados?<\/strong><\/p>\n\n\n\n<p>Os dados tratados s\u00e3o recolhidos diretamente da parte interessada e\/ ou terceiros com direito \u00e0 sua comunica\u00e7\u00e3o, como o organismo organizador ou outros participantes no evento, no \u00e2mbito das atividades de gest\u00e3o e participa\u00e7\u00e3o em eventos.<\/p>\n\n\n\n<p><strong>Quais s\u00e3o os tratamentos de dados realizados?<\/strong><\/p>\n\n\n\n<p>Os seus dados pessoais s\u00e3o recolhidos e tratados, com m\u00e9todos automatizados e n\u00e3o, conforme especificado abaixo.<\/p>\n\n\n\n<p><strong>Organiza\u00e7\u00e3o e gest\u00e3o de eventos<\/strong><\/p>\n\n\n\n<figure class=\"wp-block-table\"><table class=\"has-fixed-layout\"><tbody><tr><td>Finalidade e base jur\u00eddica<\/td><td>&#8211; Permitir a participa\u00e7\u00e3o no evento, com base na execu\u00e7\u00e3o de um contrato e\/ou medidas pr\u00e9-contratuais (pedido de participa\u00e7\u00e3o) &#8211; Presta\u00e7\u00e3o de servi\u00e7os auxiliares ao evento (por exemplo, catering), com base na execu\u00e7\u00e3o de um contrato e\/ ou medidas pr\u00e9-contratuais (solicita\u00e7\u00e3o de participa\u00e7\u00e3o). Quaisquer dados espec\u00edficos (p. ex., prefer\u00eancias alimentares) s\u00e3o processados com base no consentimento do titular dos dados** (art. 9, para. 2, lett. a do GDPR).<\/td><\/tr><tr><td>Categorias de dados<\/td><td>Dados pessoais, dados de contacto, dados de endere\u00e7o, dados do c\u00f3digo de identifica\u00e7\u00e3o, outros dados necess\u00e1rios para a participa\u00e7\u00e3o, incluindo detalhes (p. ex.: dados de dietas especiais)<\/td><\/tr><tr><td>Prazo de validade*<\/td><td>Dados comuns: 10 anos a partir do ano do evento Dados especiais: 10 anos a partir do ano do evento, a menos que os dados n\u00e3o sejam mais necess\u00e1rios, ou at\u00e9 a retirada do consentimento<\/td><\/tr><tr><td>Destinat\u00e1rios dos dados<\/td><td>Sujeitos autorizados ao processamento designados ex art. 29 Reg. EU 2016\/679, Processadores nomeados ex art. 28 Reg. UE 2016\/679 (ver registro de controladores), outros assuntos para os quais a comunica\u00e7\u00e3o de dados \u00e9 necess\u00e1ria para fins de realiza\u00e7\u00e3o dos fins declarados do titular<\/td><\/tr><\/tbody><\/table><\/figure>\n\n\n\n<p><strong>Atividades de marketing e comunica\u00e7\u00e3o<\/strong><\/p>\n\n\n\n<figure class=\"wp-block-table\"><table class=\"has-fixed-layout\"><tbody><tr><td>Finalidade e base jur\u00eddica<\/td><td>&#8211; Receber convites para an\u00e1lises de mercado e pesquisas, informa\u00e7\u00f5es e\/ou comunica\u00e7\u00f5es publicit\u00e1rias, com base no consentimento do titular dos dados** &#8211; Receber informa\u00e7\u00f5es personalizadas e\/ou comunica\u00e7\u00f5es publicit\u00e1rias, com base no consentimento do titular dos dados**<\/td><\/tr><tr><td>Categorias de dados<\/td><td>Dados pessoais, dados de contato, dados de endere\u00e7o, dados relativos a compras ou uso de servi\u00e7os, dados de perfil<\/td><\/tr><tr><td>Prazo de validade*<\/td><td>At\u00e9 que voc\u00ea revogue seu consentimento. Em seguida, o processamento ser\u00e1 limitado ao simples armazenamento por 10 anos a partir do ano em que o consentimento foi retirado.<\/td><\/tr><tr><td>Destinat\u00e1rios dos dados<\/td><td>Sujeitos autorizados ao processamento designados ex art. 29 Reg. EU 2016\/679, Processadores nomeados ex art. 28 Reg. UE 2016\/679 (ver registro de controladores), outros assuntos para os quais a comunica\u00e7\u00e3o de dados \u00e9 necess\u00e1ria para fins de realiza\u00e7\u00e3o dos fins declarados do titular<\/td><\/tr><\/tbody><\/table><\/figure>\n\n\n\n<p><strong>Neg\u00f3cio de vendas e pr\u00e9-venda<\/strong><\/p>\n\n\n\n<figure class=\"wp-block-table\"><table class=\"has-fixed-layout\"><tbody><tr><td>Finalidade e base jur\u00eddica<\/td><td>&nbsp;&#8211; Atividades promocionais, baseadas na execu\u00e7\u00e3o de um contrato e\/ou medidas pr\u00e9-contratuais, interesse leg\u00edtimo para promover suas pr\u00f3prias atividades &#8211; Oferta de bens e servi\u00e7os, com base na execu\u00e7\u00e3o de um contrato e\/ou medidas pr\u00e9-contratuais, interesse leg\u00edtimo em oferecer bens e servi\u00e7os<\/td><\/tr><tr><td>Categorias de dados<\/td><td>Dados pessoais, dados de contacto, dados de endere\u00e7o, dados relativos a compras ou utiliza\u00e7\u00e3o de servi\u00e7os<\/td><\/tr><tr><td>Prazo de validade*<\/td><td>10 anos a partir do ano de compet\u00eancia<\/td><\/tr><tr><td>Destinat\u00e1rios dos dados<\/td><td>Sujeitos autorizados ao processamento designados ex art. 29 Reg. EU 2016\/679, Processadores nomeados ex art. 28 Reg. UE 2016\/679 (ver registro de controladores), outros assuntos para os quais a comunica\u00e7\u00e3o de dados \u00e9 necess\u00e1ria para fins de realiza\u00e7\u00e3o dos fins declarados do titular<\/td><\/tr><\/tbody><\/table><\/figure>\n\n\n\n<p><strong>Cria\u00e7\u00e3o e posterior publica\u00e7\u00e3o\/divulga\u00e7\u00e3o de conte\u00fados multim\u00e9dia<\/strong><\/p>\n\n\n\n<figure class=\"wp-block-table\"><table class=\"has-fixed-layout\"><tbody><tr><td>Finalidade e base jur\u00eddica<\/td><td>&#8211; Comunica\u00e7\u00e3o, promo\u00e7\u00e3o e documenta\u00e7\u00e3o das atividades do Controlador de Dados, com base no consentimento do Titular**<\/td><\/tr><tr><td>Categorias de dados<\/td><td>Dados pessoais, Dados de contacto, Conte\u00fados multim\u00e9dia (incluindo fotografias e v\u00eddeos) na sua forma integral e\/ou parcial<\/td><\/tr><tr><td>Prazo de validade*<\/td><td>Os dados ser\u00e3o mantidos, exceto para divulga\u00e7\u00e3o, at\u00e9 a revoga\u00e7\u00e3o do consentimento ou aceita\u00e7\u00e3o de pedido expl\u00edcito de exclus\u00e3o. Em qualquer caso, os dados ser\u00e3o eliminados se a finalidade para a qual foram adquiridos j\u00e1 n\u00e3o existir.&nbsp;<\/td><\/tr><tr><td>Destinat\u00e1rios dos dados<\/td><td>Os dados podem ser comunicados a<strong> pessoasna cargado tratamento designado<\/strong> nos termos de<strong> aart. 28 do Regulamento (UE) 2016\/679 (ver registo de respons\u00e1veis<\/strong> pessoas ),aos sujeitos autorizados ao tratamento nos termos de a art. 29 do omesmo regulamento, comobem comoa outros assuntos cuja comunica\u00e7\u00e3o de dados \u00e9 necess\u00e1rio para a busca de os prop\u00f3sitosdeclarado por o controladorB812.<\/td><\/tr><\/tbody><\/table><\/figure>\n\n\n\n<p>* Al\u00e9m do tempo necess\u00e1rio para o vencimento dos prazos prescritos em rela\u00e7\u00e3o aos direitos m\u00fatuos e ao tempo de armazenamento dos backups.<\/p>\n\n\n\n<p>**A presta\u00e7\u00e3o do consentimento \u00e9 sempre opcional e pode ser revogada a qualquer momento, voc\u00ea pode entrar em contato com o Controlador de dados atrav\u00e9s das informa\u00e7\u00f5es de contato acima.<\/p>\n\n\n\n<p>Para al\u00e9m do acima exposto, os seus dados pessoais tamb\u00e9m ser\u00e3o tratados por pessoal interno ou externo devidamente autorizado a:<\/p>\n\n\n\n<ol class=\"wp-block-list\">\n<li>a gest\u00e3o e manuten\u00e7\u00e3o da rede e dos sistemas inform\u00e1ticos, quando o processamento \u00e9 realizado utilizando m\u00e9todos que s\u00e3o apenas parcialmente automatizados (por exemplo, quando os dados passam pelos sistemas inform\u00e1ticos da Krupps S.r.l.), com base num interesse leg\u00edtimo na sua protec\u00e7\u00e3o e nas obriga\u00e7\u00f5es de seguran\u00e7a da informa\u00e7\u00e3o; os dados devem ser armazenados de acordo com as implementa\u00e7\u00f5es de seguran\u00e7a e o processamento da refer\u00eancia prim\u00e1ria conforme descrito acima;<\/li>\n\n\n\n<li>gerir as atividades de conformidade, incluindo o cumprimento dos requisitos de prote\u00e7\u00e3o de dados pessoais, conforme exigido por lei, de acordo com os per\u00edodos de reten\u00e7\u00e3o previstos para a refer\u00eancia principal de processamento;<\/li>\n\n\n\n<li>para prevenir e detectar abusos e defender os direitos e interesses do Controlador de Dados, mantendo-os at\u00e9 ao vencimento dos prazos, exceto em caso de lit\u00edgio (neste caso, os dados ser\u00e3o mantidos at\u00e9 \u00e0 resolu\u00e7\u00e3o final da disputa), com base no interesse leg\u00edtimo do Controlador de dados em proteger os seus direitos e interesses.<\/li>\n<\/ol>\n\n\n\n<p><strong>Existem processos automatizados?<\/strong><\/p>\n\n\n\n<p>O processamento n\u00e3o \u00e9 baseado em tomada de decis\u00e3o automatizada.<\/p>\n\n\n\n<p><strong>\u00c9 obrigat\u00f3rio fornecer dados?<\/strong><\/p>\n\n\n\n<p>Exceto para quaisquer fins baseados no consentimento, o fornecimento de seus dados \u00e9 um requisito necess\u00e1rio: a falta de fornecer os dados indicados como obrigat\u00f3rios pode levar a consequ\u00eancias legais e contratuais. Portanto, em caso de falha para fornecer, voc\u00ea pode n\u00e3o obter o resultado esperado ou apenas parcialmente.<\/p>\n\n\n\n<p><strong>Os dados s\u00e3o transferidos para fora da Uni\u00e3o Europeia?<\/strong><\/p>\n\n\n\n<p>O processamento de dados pessoais (p. ex., armazenamento, arquivamento e armazenamento de dados em seus pr\u00f3prios servidores ou na nuvem) ser\u00e1 limitado \u00e0s \u00e1reas de circula\u00e7\u00e3o e processamento de dados pessoais de pa\u00edses pertencentes ao Espa\u00e7o Econ\u00f4mico Europeu, com uma proibi\u00e7\u00e3o expressa de transferi-los paraPa\u00edses da UE que n\u00e3o garantem (ou na aus\u00eancia de) um n\u00edvel adequado de prote\u00e7\u00e3o, ou, na aus\u00eancia de instrumentos de prote\u00e7\u00e3o previstos pelo Regulamento UE 2016\/679 (Pa\u00eds terceiro considerado adequado pela Comiss\u00e3o Europeia, RBC do grupo, cl\u00e1usulas contratuais-tipo, consentimento das partes interessadas, etc.).<\/p>\n\n\n\n<p><strong>Quais s\u00e3o os direitos reconhecidos?<\/strong><\/p>\n\n\n\n<ul class=\"wp-block-list\">\n<li>Voc\u00ea tem o direito, de acordo com artt. 15 e seguintes do Reg. UE 2016\/679 para solicitar ao controlador de dados o acesso aos seus dados pessoais, bem como a sua retifica\u00e7\u00e3o e elimina\u00e7\u00e3o ou oblitera\u00e7\u00e3o;<\/li>\n\n\n\n<li>Voc\u00ea tamb\u00e9m tem o direito de solicitar a portabilidade dos dados ou a restri\u00e7\u00e3o do processamento;<\/li>\n\n\n\n<li>Tem o direito, por motivos relacionados com a sua situa\u00e7\u00e3o particular, de se opor ao tratamento baseado no interesse leg\u00edtimo dos dados pessoais que lhe digam respeito;<\/li>\n\n\n\n<li>Voc\u00ea tem o direito de inspecionar o conte\u00fado essencial de quaisquer acordos de co-propriedade assinados;<\/li>\n\n\n\n<li>Para o processamento baseado no consentimento, voc\u00ea tem o direito de revogar seu consentimento a qualquer momento, sem preju\u00edzo da legalidade do processamento com base no consentimento dado antes da revoga\u00e7\u00e3o;<\/li>\n\n\n\n<li>Voc\u00ea tamb\u00e9m pode apresentar uma reclama\u00e7\u00e3o com a Autoridade para a prote\u00e7\u00e3o de dados pessoais, localizada na Piazza Venezia 11, 00187 &#8211; Roma &#8211; protocollo@pec.gdpd.it.<\/li>\n<\/ul>\n\n\n\n<p>Para exercer seus direitos ou solicitar informa\u00e7\u00f5es adicionais, voc\u00ea pode entrar em contato com o controlador de dados atrav\u00e9s dos detalhes de contato acima.<\/p>\n\n\n\n<p><strong>As informa\u00e7\u00f5es nesta pol\u00edtica podem mudar?<\/strong><\/p>\n\n\n\n<p>Reservamo-nos o direito de atualizar a nossa Pol\u00edtica de Privacidade. As altera\u00e7\u00f5es ser\u00e3o comunicadas da forma mais adequada e atualizaremos a data nesta Pol\u00edtica de Privacidade. Portanto, recomendamos que voc\u00ea consulte periodicamente nossas informa\u00e7\u00f5es sobre o processamento de dados pessoais, tamb\u00e9m solicitando uma c\u00f3pia para o controlador de dados.<\/p>\n\n\n\n<p><em>\u00daltima atualiza\u00e7\u00e3o: 10\/10\/2025<\/em><\/p>\n","protected":false},"excerpt":{"rendered":"<p>INFORMA\u00c7\u00d5ES SOBRE O TRATAMENTO DE DADOS PESSOAIS PARTICIPANTESEM EVENTOS (Informativo ex art. 13 e art. 14 do Reg. (UE) 679\/2016, cd. GDPR) Abaixo fornecemos-lhe algumas informa\u00e7\u00f5es que \u00e9 necess\u00e1rio trazer ao seu conhecimento, n\u00e3o s\u00f3 para cumprir com as obriga\u00e7\u00f5es legais, mas tamb\u00e9m porque a transpar\u00eancia e justi\u00e7a em rela\u00e7\u00e3o \u00e0s partes interessadas \u00e9 uma&hellip;<\/p>\n","protected":false},"author":11725,"featured_media":0,"parent":0,"menu_order":0,"comment_status":"closed","ping_status":"closed","template":"","meta":{"_acf_changed":false,"footnotes":""},"class_list":["post-36924","page","type-page","status-publish","hentry","description-off"],"acf":[],"_links":{"self":[{"href":"https:\/\/www.krupps.com\/pt-pt\/wp-json\/wp\/v2\/pages\/36924","targetHints":{"allow":["GET"]}}],"collection":[{"href":"https:\/\/www.krupps.com\/pt-pt\/wp-json\/wp\/v2\/pages"}],"about":[{"href":"https:\/\/www.krupps.com\/pt-pt\/wp-json\/wp\/v2\/types\/page"}],"author":[{"embeddable":true,"href":"https:\/\/www.krupps.com\/pt-pt\/wp-json\/wp\/v2\/users\/11725"}],"replies":[{"embeddable":true,"href":"https:\/\/www.krupps.com\/pt-pt\/wp-json\/wp\/v2\/comments?post=36924"}],"version-history":[{"count":1,"href":"https:\/\/www.krupps.com\/pt-pt\/wp-json\/wp\/v2\/pages\/36924\/revisions"}],"predecessor-version":[{"id":36925,"href":"https:\/\/www.krupps.com\/pt-pt\/wp-json\/wp\/v2\/pages\/36924\/revisions\/36925"}],"wp:attachment":[{"href":"https:\/\/www.krupps.com\/pt-pt\/wp-json\/wp\/v2\/media?parent=36924"}],"curies":[{"name":"wp","href":"https:\/\/api.w.org\/{rel}","templated":true}]}}