	{"id":35149,"date":"2017-09-07T16:30:44","date_gmt":"2017-09-07T14:30:44","guid":{"rendered":"https:\/\/www.krupps.com\/?page_id=35149"},"modified":"2025-02-17T16:38:09","modified_gmt":"2025-02-17T15:38:09","slug":"en-iec-631362019","status":"publish","type":"page","link":"https:\/\/www.krupps.com\/pt-pt\/documentacao\/en-iec-631362019\/","title":{"rendered":"Norma EN IEC 63136:2019"},"content":{"rendered":"\n<figure class=\"wp-block-image size-full\"><img loading=\"lazy\" decoding=\"async\" width=\"380\" height=\"100\" src=\"https:\/\/www.krupps.com\/wp-content\/uploads\/2025\/02\/IEC_logo.jpg\" alt=\"\" class=\"wp-image-35152\" \/><\/figure>\n\n\n\n<p>Desde 1\u00ba de janeiro de 2024, a Su\u00ed\u00e7a exige a divulga\u00e7\u00e3o de informa\u00e7\u00f5es sobre o consumo de energia e o desempenho de lavagem das m\u00e1quinas de lavar lou\u00e7a profissionais vendidas e instaladas no pa\u00eds.<br>A Krupps optou por testar seus produtos de acordo com a <strong>norma europeia EN IEC 63136:2019<\/strong>, garantindo m\u00e1xima transpar\u00eancia e confiabilidade para seus clientes, em conformidade com as diretrizes do Conselho Federal.<\/p>\n\n\n\n<p>Os resultados dos testes est\u00e3o dispon\u00edveis para download diretamente nesta p\u00e1gina.<\/p>\n\n\n\n<p>Ver a\u00a0<strong><a href=\"https:\/\/www.krupps.com\/wp-content\/uploads\/2025\/02\/KRUPPS-EN-IEC-63136_Rev02.pdf\" target=\"_blank\" rel=\"noreferrer noopener\">tabela de desempenho<\/a><\/strong><\/p>\n\n\n\n<div style=\"height:50px\" aria-hidden=\"true\" class=\"wp-block-spacer\"><\/div>\n\n\n\n<p><\/p>\n","protected":false},"excerpt":{"rendered":"<p>Desde 1\u00ba de janeiro de 2024, a Su\u00ed\u00e7a exige a divulga\u00e7\u00e3o de informa\u00e7\u00f5es sobre o consumo de energia e o desempenho de lavagem das m\u00e1quinas de lavar lou\u00e7a profissionais vendidas e instaladas no pa\u00eds.A Krupps optou por testar seus produtos de acordo com a norma europeia EN IEC 63136:2019, garantindo m\u00e1xima transpar\u00eancia e confiabilidade para&hellip;<\/p>\n","protected":false},"author":11725,"featured_media":0,"parent":16055,"menu_order":6,"comment_status":"closed","ping_status":"closed","template":"page-template-documentazione.php","meta":{"_acf_changed":false,"footnotes":""},"class_list":["post-35149","page","type-page","status-publish","hentry","description-off"],"acf":[],"_links":{"self":[{"href":"https:\/\/www.krupps.com\/pt-pt\/wp-json\/wp\/v2\/pages\/35149","targetHints":{"allow":["GET"]}}],"collection":[{"href":"https:\/\/www.krupps.com\/pt-pt\/wp-json\/wp\/v2\/pages"}],"about":[{"href":"https:\/\/www.krupps.com\/pt-pt\/wp-json\/wp\/v2\/types\/page"}],"author":[{"embeddable":true,"href":"https:\/\/www.krupps.com\/pt-pt\/wp-json\/wp\/v2\/users\/11725"}],"replies":[{"embeddable":true,"href":"https:\/\/www.krupps.com\/pt-pt\/wp-json\/wp\/v2\/comments?post=35149"}],"version-history":[{"count":4,"href":"https:\/\/www.krupps.com\/pt-pt\/wp-json\/wp\/v2\/pages\/35149\/revisions"}],"predecessor-version":[{"id":35246,"href":"https:\/\/www.krupps.com\/pt-pt\/wp-json\/wp\/v2\/pages\/35149\/revisions\/35246"}],"up":[{"embeddable":true,"href":"https:\/\/www.krupps.com\/pt-pt\/wp-json\/wp\/v2\/pages\/16055"}],"wp:attachment":[{"href":"https:\/\/www.krupps.com\/pt-pt\/wp-json\/wp\/v2\/media?parent=35149"}],"curies":[{"name":"wp","href":"https:\/\/api.w.org\/{rel}","templated":true}]}}