	{"id":34700,"date":"2022-12-13T10:32:18","date_gmt":"2022-12-13T09:32:18","guid":{"rendered":"https:\/\/www.krupps.com\/privacy-policies\/informativa-clienti\/"},"modified":"2025-10-27T14:49:56","modified_gmt":"2025-10-27T13:49:56","slug":"informativa-clienti","status":"publish","type":"page","link":"https:\/\/www.krupps.com\/pt-pt\/privacy-policies\/informativa-clienti\/","title":{"rendered":"INFORMA\u00c7\u00d5ES SOBRE O TRATAMENTO DE DADOS PESSOAIS"},"content":{"rendered":"\n<p><strong>INFORMA\u00c7\u00d5ES SOBRE O PROCESSAMENTO DE DADOS PESSOAIS<br><\/strong><em>CLIENTES E POTENCIAIS CLIENTES<\/em><\/p>\n\n\n\n<p><em>(Pol\u00edtica nos termos do art. 13 e art. 14<\/em> <em>do Reg. (UE) 679\/2016, cd. RGPD)<\/em><\/p>\n\n\n\n<p>Abaixo, fornecemos algumas informa\u00e7\u00f5es que precisam ser levadas ao seu conhecimento, n\u00e3o apenas para cumprir com as obriga\u00e7\u00f5es legais, mas tamb\u00e9m porque a transpar\u00eancia e a justi\u00e7a com os titulares dos dados s\u00e3o parte fundamental do nosso neg\u00f3cio.<\/p>\n\n\n\n<p>Esta informa\u00e7\u00e3o \u00e9 endere\u00e7ada aos clientes e potenciais clientes da Krupps Srl<\/p>\n\n\n\n<p><strong>Quem \u00e9 o controlador?<\/strong><\/p>\n\n\n\n<p>O Controlador de Dados de seus dados pessoais \u00e9 <strong>Krupps Srl <\/strong>(P.iva IT04251180289), com sede social na Via Austria 19 &#8211; 35127, Padova (PD) &#8211; It\u00e1lia, respons\u00e1vel perante si pela utiliza\u00e7\u00e3o leg\u00edtima e correcta dos seus dados pessoais e que poder\u00e1 contactar para qualquer informa\u00e7\u00e3o ou pedido com os seguintes dados de contato: 049 7625156, privacy@krupps.com, krupps@pec.it<\/p>\n\n\n\n<p><strong>Como fa\u00e7o para entrar em contato com o Diretor de Prote\u00e7\u00e3o de Dados?<\/strong><\/p>\n\n\n\n<p>O Data Protection Officer (DPO) pode ser contatado nos seguintes dados de contato: dpo@krupps.com<\/p>\n\n\n\n<p><strong>Onde os dados s\u00e3o coletados?<\/strong><\/p>\n\n\n\n<p>Os dados processados s\u00e3o comunicados por voc\u00ea e\/ou por terceiros, como autoridades e \u00f3rg\u00e3os p\u00fablicos (por exemplo. C\u00e2mara de Com\u00e9rcio) e\/ou coletadas em fontes de acesso p\u00fablico.<\/p>\n\n\n\n<p><strong>Qual o processamento de dados feito?<\/strong><\/p>\n\n\n\n<p>Seus dados pessoais s\u00e3o coletados e processados, de forma automatizada e n\u00e3o automatizada, conforme especificado abaixo.<\/p>\n\n\n\n<p><strong>Gest\u00e3o clientes<\/strong><\/p>\n\n\n\n<figure class=\"wp-block-table\"><table class=\"has-fixed-layout\"><tbody><tr><td>Finalidade e fundamento jur\u00eddico<\/td><td>-Gest\u00e3o de clientes &#8211; Acompanhar os pedidos dos clientes ou potenciais clientes e gerir as obriga\u00e7\u00f5es pr\u00e9-contratuais ou contratuais Ambas as finalidades baseiam-se na realiza\u00e7\u00e3o de um contrato e\/ou de medidas pr\u00e9-contratuais<\/td><\/tr><tr><td>Categorias dados<\/td><td>Dados pessoais, Dados de registo e contato, Dados de endere\u00e7o, Datas de pagamento, Dados relativos a compras ou utiliza\u00e7\u00e3o de servi\u00e7os<\/td><\/tr><tr><td>Tempo de armazenamento*<\/td><td>10 anos contados do ano do contrato ou da rescis\u00e3o do \u00faltimo contato<\/td><\/tr><tr><td>Contatadores dados<\/td><td>Pessoas autorizadas para processamento nomeadas por for\u00e7a do art. 29 Reg. UE 2016\/679, Processadores nomeados nos termos do art. 28 Reg. UE 2016\/679 (ver registo de pessoas respons\u00e1veis), outras entidades para as quais a comunica\u00e7\u00e3o de dados seja necess\u00e1ria para efeitos da realiza\u00e7\u00e3o dos fins declarados do titular, Bancos, Seguro de cr\u00e9dito<\/td><\/tr><\/tbody><\/table><\/figure>\n\n\n\n<p><strong>Atendimento cliente<\/strong><\/p>\n\n\n\n<figure class=\"wp-block-table\"><table class=\"has-fixed-layout\"><tbody><tr><td>Finalidade e fundamento jur\u00eddico<\/td><td>&#8211; Detec\u00e7\u00e3o da satisfa\u00e7\u00e3o do cliente &#8211; Assist\u00eancia t\u00e9cnica aos clientes -Gest\u00e3o de clientes Estas finalidades baseiam-se na execu\u00e7\u00e3o de um contrato e\/ou de medidas pr\u00e9-contratuais<\/td><\/tr><tr><td>Categorias dados<\/td><td>Dados pessoais, Dados de contato, Dados de endere\u00e7o, Dados relativos a compras ou uso de servi\u00e7os, Dados de acesso e identifica\u00e7\u00e3o<\/td><\/tr><tr><td>Tempo de armazenamento*<\/td><td>10 anos contados do ano da rescis\u00e3o do \u00faltimo contrato<\/td><\/tr><tr><td>Contatadores dados<\/td><td>Pessoas autorizadas para processamento nomeadas por for\u00e7a do art. 29 Reg. UE 2016\/679, Processadores nomeados nos termos do art. 28 Reg. UE 2016\/679 (ver registo dos respons\u00e1veis), outras entidades para as quais a comunica\u00e7\u00e3o de dados seja necess\u00e1ria para efeitos de execu\u00e7\u00e3o dos fins declarados do titular<\/td><\/tr><\/tbody><\/table><\/figure>\n\n\n\n<p><strong>Recep\u00e7\u00e3o<\/strong><\/p>\n\n\n\n<figure class=\"wp-block-table\"><table class=\"has-fixed-layout\"><tbody><tr><td>Finalidade e fundamento jur\u00eddico<\/td><td>&nbsp;&#8211; Acompanhamento das pessoas que entram na empresa, baseado no interesse leg\u00edtimo do propriet\u00e1rio em proteger o patrim\u00f4nio da empresa, a seguran\u00e7a do trabalhador, as necessidades organizacionais e de produ\u00e7\u00e3o &#8211; Filtragem de liga\u00e7\u00f5es telef\u00f4nicas, a partir do leg\u00edtimo interesse do propriet\u00e1rio nas necessidades organizacionais e de produ\u00e7\u00e3o<\/td><\/tr><tr><td>Categorias dados<\/td><td>Dados pessoais, Dados de contato, Dados de endere\u00e7o, Dados relativos a documentos de identifica\u00e7\u00e3o\/reconhecimento<\/td><\/tr><tr><td>Tempo de armazenamento*<\/td><td>1 ano a partir do ano de aquisi\u00e7\u00e3o de dados<\/td><\/tr><tr><td>Contatadores dados<\/td><td>Pessoas autorizadas para processamento nomeadas por for\u00e7a do art. 29 Reg. UE 2016\/679, Processadores nomeados nos termos do art. 28 Reg. UE 2016\/679 (ver registo dos respons\u00e1veis), outras entidades para as quais a comunica\u00e7\u00e3o de dados seja necess\u00e1ria para efeitos da realiza\u00e7\u00e3o dos fins declarados do titular, das autoridades e das administra\u00e7\u00f5es p\u00fablicas relativamente \u00e0s quais exista obriga\u00e7\u00e3o legal de comunica\u00e7\u00e3o<\/td><\/tr><\/tbody><\/table><\/figure>\n\n\n\n<p><strong>Atividades de marketing e comunica\u00e7\u00e3o<\/strong><\/p>\n\n\n\n<figure class=\"wp-block-table\"><table class=\"has-fixed-layout\"><tbody><tr><td>Finalidade e fundamento jur\u00eddico<\/td><td>&#8211; Receber convites para an\u00e1lise e investiga\u00e7\u00f5es de mercado, comunica\u00e7\u00f5es informativas e\/ou publicit\u00e1rias, com base no consentimento do interessado** &#8211; Receber comunica\u00e7\u00f5es informativas e\/ou publicit\u00e1rias personalizadas, com base no consentimento do interessado**<\/td><\/tr><tr><td>Categorias dados<\/td><td>Dados pessoais, Dados de contato, Dados de endere\u00e7o, Dados relativos a compras ou uso de servi\u00e7os, Dados de perfil<\/td><\/tr><tr><td>Tempo de armazenamento*<\/td><td>At\u00e9 a retirada do consentimento. Em seguida, o tratamento ser\u00e1 limitado ao mero armazenamento por 10 anos a partir do ano em que o consentimento foi retirado.<\/td><\/tr><tr><td>Contatadores dados<\/td><td>Pessoas autorizadas para processamento nomeadas por for\u00e7a do art. 29 Reg. UE 2016\/679, Processadores nomeados nos termos do art. 28 Reg. UE 2016\/679 (ver registo dos respons\u00e1veis), outras entidades para as quais a comunica\u00e7\u00e3o de dados seja necess\u00e1ria para efeitos de execu\u00e7\u00e3o dos fins declarados do titular<\/td><\/tr><\/tbody><\/table><\/figure>\n\n\n\n<p>**A presta\u00e7\u00e3o do consentimento \u00e9 sempre opcional e pode ser revogada a qualquer momento. Voc\u00ea pode entrar em contato com o Propriet\u00e1rio usando as informa\u00e7\u00f5es de contato acima.<\/p>\n\n\n\n<p><strong>Garantia<\/strong><\/p>\n\n\n\n<figure class=\"wp-block-table\"><table class=\"has-fixed-layout\"><tbody><tr><td>Finalidade e fundamento jur\u00eddico<\/td><td>&#8211; Permitir o exerc\u00edcio do direito de seguran\u00e7a, com base na execu\u00e7\u00e3o de um contrato e\/ou medidas pr\u00e9-contratuais, obriga\u00e7\u00e3o legal &#8211; Permitir a ades\u00e3o para garantir f\u00f3rmulas, a partir da realiza\u00e7\u00e3o de um contrato e\/ou medidas pr\u00e9-contratuais<\/td><\/tr><tr><td>Categorias dados<\/td><td>Dados pessoais, Dados de contato, Dados relativos a compras ou uso de servi\u00e7os<\/td><\/tr><tr><td>Tempo de armazenamento*<\/td><td>10 anos contados do ano da cessa\u00e7\u00e3o dos efeitos do contrato<\/td><\/tr><tr><td>Contatadores dados<\/td><td>Pessoas autorizadas para processamento nomeadas por for\u00e7a do art. 29 Reg. UE 2016\/679, Processadores nomeados nos termos do art. 28 Reg. UE 2016\/679 (ver registo de respons\u00e1veis), outras entidades para as quais a comunica\u00e7\u00e3o de dados seja necess\u00e1ria para efeitos de execu\u00e7\u00e3o dos fins declarados do titular, os bancos<\/td><\/tr><\/tbody><\/table><\/figure>\n\n\n\n<p><strong>Venda e atividade empresarial de pr\u00e9-venda<\/strong><\/p>\n\n\n\n<figure class=\"wp-block-table\"><table class=\"has-fixed-layout\"><tbody><tr><td>Finalidade e fundamento jur\u00eddico<\/td><td>&#8211; Atividades promocionais, baseadas na execu\u00e7\u00e3o de um contrato e\/ou medidas pr\u00e9-contratuais, interesse leg\u00edtimo do propriet\u00e1rio para promover suas atividades &#8211; Oferta de bens e servi\u00e7os, com base na execu\u00e7\u00e3o de um contrato e\/ou medidas pr\u00e9-contratuais, interesse leg\u00edtimo do propriet\u00e1rio para oferecer bens e servi\u00e7os &#8211; Facilitar o contato comercial e a presta\u00e7\u00e3o de informa\u00e7\u00f5es sobre os produtos e servi\u00e7os solicitados, com base no leg\u00edtimo interesse do propriet\u00e1rio em gerenciar as solicita\u00e7\u00f5es de contato e a promo\u00e7\u00e3o comercial de seus produtos, inclusive por meio da rede de distribuidores<\/td><\/tr><tr><td>Categorias dados<\/td><td>Dados pessoais, Dados de contato, Dados de endere\u00e7o, Dados relativos a compras ou uso de servi\u00e7os<\/td><\/tr><tr><td>Tempo de armazenamento*<\/td><td>10 anos contados do ano de compet\u00eancia<\/td><\/tr><tr><td>Contatadores dados<\/td><td>Pessoas autorizadas para processamento nomeadas por for\u00e7a do art. 29 Reg. UE 2016\/679, Processadores nomeados nos termos do art. 28 Reg. UE 2016\/679 (ver registo de respons\u00e1veis), outras entidades para as quais a comunica\u00e7\u00e3o de dados seja necess\u00e1ria para efeitos de realiza\u00e7\u00e3o dos fins declarados do titular, retalhistas de zona<\/td><\/tr><\/tbody><\/table><\/figure>\n\n\n\n<p><strong>Controle gerencial<\/strong><\/p>\n\n\n\n<figure class=\"wp-block-table\"><table class=\"has-fixed-layout\"><tbody><tr><td>Finalidade e fundamento jur\u00eddico<\/td><td>&#8211; Controle interno da gest\u00e3o da empresa, com base no interesse leg\u00edtimo do propriet\u00e1rio no exerc\u00edcio da atividade empresarial<\/td><\/tr><tr><td>Categorias dados<\/td><td>Dados pessoais, Dados de contato, Dados relativos \u00e0 atividade laboral<\/td><\/tr><tr><td>Tempo de armazenamento*<\/td><td>10 anos contados do ano de compet\u00eancia<\/td><\/tr><tr><td>Contatadores dados<\/td><td>Pessoas autorizadas para processamento nomeadas por for\u00e7a do art. 29 Reg. UE 2016\/679, Processadores nomeados nos termos do art. 28 Reg. UE 2016\/679 (ver registo dos respons\u00e1veis), outras entidades para as quais a comunica\u00e7\u00e3o de dados seja necess\u00e1ria para efeitos de execu\u00e7\u00e3o dos fins declarados do titular<\/td><\/tr><\/tbody><\/table><\/figure>\n\n\n\n<p><strong>Contabilidade<\/strong><\/p>\n\n\n\n<figure class=\"wp-block-table\"><table class=\"has-fixed-layout\"><tbody><tr><td>Finalidade e fundamento jur\u00eddico<\/td><td>&nbsp;&#8211; Manuten\u00e7\u00e3o de escritura\u00e7\u00e3o cont\u00e1bil, com base em obriga\u00e7\u00e3o legal &#8211; Cumprimento tribut\u00e1rio, com base em obriga\u00e7\u00e3o legal<\/td><\/tr><tr><td>Categorias dados<\/td><td>Dados pessoais, Dados de contato, Dados de endere\u00e7o, Datas de pagamento, Dados relativos \u00e0 atividade laboral, Dados relativos a compras ou utiliza\u00e7\u00e3o de servi\u00e7os<\/td><\/tr><tr><td>Tempo de armazenamento*<\/td><td>10 anos contados do ano da rescis\u00e3o do \u00faltimo contrato<\/td><\/tr><tr><td>Contatadores dados<\/td><td>Pessoas autorizadas para processamento nomeadas por for\u00e7a do art. 29 Reg. UE 2016\/679, Autoridades e administra\u00e7\u00f5es p\u00fablicas relativamente \u00e0s quais exista obriga\u00e7\u00e3o legal de comunica\u00e7\u00e3o, Processadores nomeados nos termos do art. 28 Reg. UE 2016\/679 (ver registo de respons\u00e1veis), outras entidades para as quais a comunica\u00e7\u00e3o de dados seja necess\u00e1ria para efeitos de execu\u00e7\u00e3o dos fins declarados do titular, os bancos<\/td><\/tr><\/tbody><\/table><\/figure>\n\n\n\n<p><strong>Bolting e DDT<\/strong><\/p>\n\n\n\n<figure class=\"wp-block-table\"><table class=\"has-fixed-layout\"><tbody><tr><td>Finalidade e fundamento jur\u00eddico<\/td><td>&nbsp;&#8211; Envio de documentos e mercadorias, com base na execu\u00e7\u00e3o de um contrato e\/ou medidas pr\u00e9-contratuais<\/td><\/tr><tr><td>Categorias dados<\/td><td>Dados pessoais, Dados de registro e contato, Dados de endere\u00e7o<\/td><\/tr><tr><td>Tempo de armazenamento*<\/td><td>10 anos contados do ano da rescis\u00e3o do \u00faltimo contrato<\/td><\/tr><tr><td>Contatadores dados<\/td><td>Pessoas autorizadas para processamento nomeadas por for\u00e7a do art. 29 Reg. UE 2016\/679, Processadores nomeados nos termos do art. 28 Reg. UE 2016\/679 (ver registo dos respons\u00e1veis), outras entidades para as quais a comunica\u00e7\u00e3o de dados seja necess\u00e1ria para efeitos de execu\u00e7\u00e3o dos fins declarados do titular<\/td><\/tr><\/tbody><\/table><\/figure>\n\n\n\n<p><strong>Qualidade de servi\u00e7o<\/strong><\/p>\n\n\n\n<figure class=\"wp-block-table\"><table class=\"has-fixed-layout\"><tbody><tr><td>Finalidade e fundamento jur\u00eddico<\/td><td>&nbsp;&#8211; Verificar a qualidade do servi\u00e7o, com base no leg\u00edtimo interesse do propriet\u00e1rio em verificar o cumprimento dos procedimentos internos<\/td><\/tr><tr><td>Categorias dados<\/td><td>Dados pessoais, Dados de contato, Dados de endere\u00e7o, Dados relativos a compras ou uso de servi\u00e7os<\/td><\/tr><tr><td>Tempo de armazenamento*<\/td><td>10 anos contados do ano da rescis\u00e3o do \u00faltimo contrato<\/td><\/tr><tr><td>Contatadores dados<\/td><td>Pessoas autorizadas para processamento nomeadas por for\u00e7a do art. 29 Reg. UE 2016\/679, Processadores nomeados nos termos do art. 28 Reg. UE 2016\/679 (ver registo dos respons\u00e1veis), outras entidades para as quais a comunica\u00e7\u00e3o de dados seja necess\u00e1ria para efeitos de execu\u00e7\u00e3o dos fins declarados do titular<\/td><\/tr><\/tbody><\/table><\/figure>\n\n\n\n<p><strong>Gest\u00e3o hospedagem<\/strong><\/p>\n\n\n\n<figure class=\"wp-block-table\"><table class=\"has-fixed-layout\"><tbody><tr><td>Finalidade e fundamento jur\u00eddico<\/td><td>&nbsp;&#8211; Organiza\u00e7\u00e3o de hospedagem, com base na realiza\u00e7\u00e3o de contrato e\/ou medidas pr\u00e9-contratuais<\/td><\/tr><tr><td>Categorias dados<\/td><td>Dados pessoais, Dados de contato, Dados relativos \u00e0 atividade laboral, Dados relativos a documentos de identifica\u00e7\u00e3o\/reconhecimento<\/td><\/tr><tr><td>Tempo de armazenamento*<\/td><td>10 anos a partir do ano de organiza\u00e7\u00e3o<\/td><\/tr><tr><td>Contatadores dados<\/td><td>Pessoas autorizadas para processamento nomeadas por for\u00e7a do art. 29 Reg. UE 2016\/679, Processadores nomeados nos termos do art. 28 Reg. UE 2016\/679 (ver registo de respons\u00e1veis), Estruturas de alojamento, Servi\u00e7os de transfer\u00eancia, outras entidades para as quais a comunica\u00e7\u00e3o de dados seja necess\u00e1ria para efeitos de execu\u00e7\u00e3o dos fins declarados do titular<\/td><\/tr><\/tbody><\/table><\/figure>\n\n\n\n<p><strong>Cria\u00e7\u00e3o e posterior publica\u00e7\u00e3o\/divulga\u00e7\u00e3o de conte\u00fado multim\u00eddia<\/strong><\/p>\n\n\n\n<figure class=\"wp-block-table\"><table class=\"has-fixed-layout\"><tbody><tr><td>Finalidade e fundamento jur\u00eddico<\/td><td>&#8211; Comunica\u00e7\u00e3o, promo\u00e7\u00e3o e documenta\u00e7\u00e3o das atividades do Propriet\u00e1rio, com base no consentimento do interessado**<\/td><\/tr><tr><td>Categorias dados<\/td><td>Dados pessoais, Dados de contato, Conte\u00fado multim\u00eddia (incluindo fotos e v\u00eddeos) na \u00edntegra e\/ou parcial<\/td><\/tr><tr><td>Tempo de armazenamento*<\/td><td>Os dados ser\u00e3o retidos, a menos que distribu\u00eddos, at\u00e9 que o consentimento seja revogado ou um pedido expl\u00edcito de exclus\u00e3o seja concedido. De qualquer forma, uma vez que a finalidade para a qual foram adquiridos tenha deixado de existir, os dados ser\u00e3o exclu\u00eddos.&nbsp;<\/td><\/tr><tr><td>Contatadores dados<\/td><td>Processantes nomeados por for\u00e7a do art. 28 Reg. UE 2016\/679 (ver registo das pessoas respons\u00e1veis), outras entidades para as quais a comunica\u00e7\u00e3o de dados seja necess\u00e1ria para efeitos da realiza\u00e7\u00e3o dos fins declarados do titular, Entidades autorizadas para tratamento nomeadas nos termos do art. 29 Reg. UE 2016\/679Contratados nomeados nos termos do art. 28 Reg. UE 2016\/679 (ver registo das pessoas respons\u00e1veis), outras entidades para as quais a comunica\u00e7\u00e3o de dados seja necess\u00e1ria para efeitos da realiza\u00e7\u00e3o dos fins declarados do titular, Entidades autorizadas para tratamento nomeadas nos termos do art. 29 Reg. UE 2016\/679<\/td><\/tr><\/tbody><\/table><\/figure>\n\n\n\n<p>**A presta\u00e7\u00e3o do consentimento \u00e9 sempre opcional e pode ser revogada a qualquer momento. Voc\u00ea pode entrar em contato com o Propriet\u00e1rio usando as informa\u00e7\u00f5es de contato acima.<\/p>\n\n\n\n<p>* Al\u00e9m do tempo necess\u00e1rio para que os termos prescricionais se acumulem em rela\u00e7\u00e3o aos direitos de cada um e ao tempo de reten\u00e7\u00e3o dos backups.<\/p>\n\n\n\n<p>Al\u00e9m do exposto, como parte das atividades funcionais \u00e0 boa gest\u00e3o da organiza\u00e7\u00e3o, seus dados pessoais tamb\u00e9m ser\u00e3o tratados por pessoal interno ou externo devidamente autorizado a:<\/p>\n\n\n\n<ol class=\"wp-block-list\">\n<li>a gest\u00e3o e manuten\u00e7\u00e3o da rede e dos sistemas de TI, quando o processamento ocorre por meio de m\u00e9todos mesmo que parcialmente automatizados (por exemplo, quando os dados passam pelos sistemas de TI da Krupps Srl), com base no interesse leg\u00edtimo em sua prote\u00e7\u00e3o e nas obriga\u00e7\u00f5es inerentes \u00e0 seguran\u00e7a da informa\u00e7\u00e3o; os dados s\u00e3o armazenados de acordo com as implementa\u00e7\u00f5es de seguran\u00e7a e com as disposi\u00e7\u00f5es para o tratamento de refer\u00eancia principal entre as descritas acima;<\/li>\n\n\n\n<li>gerenciar as atividades de conformidade e governan\u00e7a, incluindo os requisitos de prote\u00e7\u00e3o de dados pessoais, conforme exigido por lei, de acordo com os tempos de armazenamento necess\u00e1rios para o processamento principal de refer\u00eancia;<\/li>\n\n\n\n<li>prevenir e detectar abusos e defender os direitos e interesses do Titular, preservando-os at\u00e9 a caducidade dos termos prescricionais, salvo em lit\u00edgio (caso em que, os dados ser\u00e3o preservados at\u00e9 a cessa\u00e7\u00e3o final do lit\u00edgio), com base no interesse leg\u00edtimo do Titular na prote\u00e7\u00e3o de seus direitos e interesses.<\/li>\n<\/ol>\n\n\n\n<p><strong>Existem processos automatizados?<\/strong><\/p>\n\n\n\n<p>O tratamento n\u00e3o se baseia na tomada de decis\u00f5es automatizada.<\/p>\n\n\n\n<p><strong>\u00c9 obrigat\u00f3rio fornecer dados?<\/strong><\/p>\n\n\n\n<p>Salvo para quaisquer fins baseados no consentimento, o fornecimento de seus dados \u00e9 requisito necess\u00e1rio: o n\u00e3o fornecimento dos dados indicados como obrigat\u00f3rios poder\u00e1 acarretar consequ\u00eancias legais e contratuais. Portanto, em caso de falha na confer\u00eancia, voc\u00ea pode n\u00e3o obter o resultado esperado ou obt\u00ea-lo apenas parcialmente.<\/p>\n\n\n\n<p><strong>Os dados s\u00e3o transferidos para fora da Uni\u00e3o Europ\u00e9ia?<\/strong><\/p>\n\n\n\n<p>O processamento de dados pessoais (por exemplo, armazenamento, armazenamento e reten\u00e7\u00e3o de dados nos pr\u00f3prios servidores ou na nuvem) ser\u00e1 limitado \u00e0s \u00e1reas de circula\u00e7\u00e3o e processamento de dados pessoais em pa\u00edses pertencentes ao Espa\u00e7o Econ\u00f4mico Europeu, com proibi\u00e7\u00e3o expressa de transferi-los para pa\u00edses n\u00e3o pertencentes \u00e0 UE que n\u00e3o garantam (ou na aus\u00eancia de) um n\u00edvel adequado de prote\u00e7\u00e3o, ou, na aus\u00eancia de instrumentos de protec\u00e7\u00e3o previstos no Regulamento 2016\/679 da UE (terceiro pa\u00eds considerado adequado pela Comiss\u00e3o Europeia, grupo BCR, cl\u00e1usulas contratuais-modelo, consentimento das partes interessadas, etc.).<\/p>\n\n\n\n<p><strong>Quais os direitos reconhecidos?<\/strong><\/p>\n\n\n\n<ul class=\"wp-block-list\">\n<li>Tem direito, conforme previsto nos Artigos 15 e seguintes do Reg. EU 2016\/679 para solicitar o acesso do Titular aos seus dados pessoais, bem como sua retifica\u00e7\u00e3o e exclus\u00e3o ou esquecimento;<\/li>\n\n\n\n<li>Voc\u00ea tamb\u00e9m tem o direito de solicitar portabilidade de dados ou restri\u00e7\u00e3o de processamento;<\/li>\n\n\n\n<li>Voc\u00ea tem o direito, por raz\u00f5es relacionadas \u00e0 sua situa\u00e7\u00e3o particular, de se opor ao processamento com base no interesse leg\u00edtimo de dados pessoais relativos a voc\u00ea;<\/li>\n\n\n\n<li>Voc\u00ea tem o direito de rever o conte\u00fado essencial de quaisquer acordos de propriedade conjunta assinados;<\/li>\n\n\n\n<li>Para o processamento baseado em consentimento, voc\u00ea tem o direito de, em todos os momentos, retirar seu consentimento, sem preju\u00edzo da legalidade do processamento baseado no consentimento dado antes da retirada;<\/li>\n\n\n\n<li>Voc\u00ea tamb\u00e9m pode registrar uma queixa perante a Autoridade Italiana de Prote\u00e7\u00e3o de Dados, localizada na Piazza Venezia 11, 00187 \u2013 Roma \u2013 protocollo@pec.gdpd.it.<\/li>\n<\/ul>\n\n\n\n<p>Para exercer seus direitos ou solicitar informa\u00e7\u00f5es adicionais, voc\u00ea pode entrar em contato com o Propriet\u00e1rio usando as informa\u00e7\u00f5es de contato acima.<\/p>\n\n\n\n<p><strong>As informa\u00e7\u00f5es deste edital podem mudar?<\/strong><\/p>\n\n\n\n<p>Reservamo-nos o direito de atualizar nossa Pol\u00edtica de Processamento de Dados Pessoais. As altera\u00e7\u00f5es ser\u00e3o comunicadas conforme considerado apropriado e atualizaremos a data nesta Pol\u00edtica de Privacidade. Por isso, recomendamos a consulta regular de nossa Pol\u00edtica de Processamento de Dados Pessoais, inclusive solicitando uma c\u00f3pia do Controlador de Dados.<\/p>\n\n\n\n<p><em>\u00daltima atualiza\u00e7\u00e3o: 10\/10\/2025<\/em><\/p>\n","protected":false},"excerpt":{"rendered":"<p>INFORMA\u00c7\u00d5ES SOBRE O PROCESSAMENTO DE DADOS PESSOAISCLIENTES E POTENCIAIS CLIENTES (Pol\u00edtica nos termos do art. 13 e art. 14 do Reg. (UE) 679\/2016, cd. RGPD) Abaixo, fornecemos algumas informa\u00e7\u00f5es que precisam ser levadas ao seu conhecimento, n\u00e3o apenas para cumprir com as obriga\u00e7\u00f5es legais, mas tamb\u00e9m porque a transpar\u00eancia e a justi\u00e7a com os titulares&hellip;<\/p>\n","protected":false},"author":3,"featured_media":0,"parent":15876,"menu_order":1,"comment_status":"closed","ping_status":"closed","template":"","meta":{"_acf_changed":false,"footnotes":""},"class_list":["post-34700","page","type-page","status-publish","hentry","description-off"],"acf":[],"_links":{"self":[{"href":"https:\/\/www.krupps.com\/pt-pt\/wp-json\/wp\/v2\/pages\/34700","targetHints":{"allow":["GET"]}}],"collection":[{"href":"https:\/\/www.krupps.com\/pt-pt\/wp-json\/wp\/v2\/pages"}],"about":[{"href":"https:\/\/www.krupps.com\/pt-pt\/wp-json\/wp\/v2\/types\/page"}],"author":[{"embeddable":true,"href":"https:\/\/www.krupps.com\/pt-pt\/wp-json\/wp\/v2\/users\/3"}],"replies":[{"embeddable":true,"href":"https:\/\/www.krupps.com\/pt-pt\/wp-json\/wp\/v2\/comments?post=34700"}],"version-history":[{"count":3,"href":"https:\/\/www.krupps.com\/pt-pt\/wp-json\/wp\/v2\/pages\/34700\/revisions"}],"predecessor-version":[{"id":36949,"href":"https:\/\/www.krupps.com\/pt-pt\/wp-json\/wp\/v2\/pages\/34700\/revisions\/36949"}],"up":[{"embeddable":true,"href":"https:\/\/www.krupps.com\/pt-pt\/wp-json\/wp\/v2\/pages\/15876"}],"wp:attachment":[{"href":"https:\/\/www.krupps.com\/pt-pt\/wp-json\/wp\/v2\/media?parent=34700"}],"curies":[{"name":"wp","href":"https:\/\/api.w.org\/{rel}","templated":true}]}}