	{"id":29529,"date":"2019-04-12T15:03:10","date_gmt":"2019-04-12T13:03:10","guid":{"rendered":"https:\/\/www.krupps.com\/?page_id=29529"},"modified":"2024-10-21T17:28:14","modified_gmt":"2024-10-21T15:28:14","slug":"manuale-tecnico-lavastoviglie-advance-2-2","status":"publish","type":"page","link":"https:\/\/www.krupps.com\/pt-pt\/documentacao\/manuale-tecnico-lavastoviglie-advance-2-2\/","title":{"rendered":"Manual t\u00e9cnico lavavajillas ADVANCE com amaciador de \u00e1gua padr\u00e3o e\/ou Break Tank"},"content":{"rendered":"You must be logged in to view this content.","protected":false},"excerpt":{"rendered":"You must be logged in to view this content.","protected":false},"author":3,"featured_media":0,"parent":16055,"menu_order":8,"comment_status":"closed","ping_status":"closed","template":"page-template-documentazione.php","meta":{"_acf_changed":false,"footnotes":""},"class_list":["post-29529","page","type-page","status-publish","hentry","description-off"],"acf":[],"_links":{"self":[{"href":"https:\/\/www.krupps.com\/pt-pt\/wp-json\/wp\/v2\/pages\/29529","targetHints":{"allow":["GET"]}}],"collection":[{"href":"https:\/\/www.krupps.com\/pt-pt\/wp-json\/wp\/v2\/pages"}],"about":[{"href":"https:\/\/www.krupps.com\/pt-pt\/wp-json\/wp\/v2\/types\/page"}],"author":[{"embeddable":true,"href":"https:\/\/www.krupps.com\/pt-pt\/wp-json\/wp\/v2\/users\/3"}],"replies":[{"embeddable":true,"href":"https:\/\/www.krupps.com\/pt-pt\/wp-json\/wp\/v2\/comments?post=29529"}],"version-history":[{"count":3,"href":"https:\/\/www.krupps.com\/pt-pt\/wp-json\/wp\/v2\/pages\/29529\/revisions"}],"predecessor-version":[{"id":34182,"href":"https:\/\/www.krupps.com\/pt-pt\/wp-json\/wp\/v2\/pages\/29529\/revisions\/34182"}],"up":[{"embeddable":true,"href":"https:\/\/www.krupps.com\/pt-pt\/wp-json\/wp\/v2\/pages\/16055"}],"wp:attachment":[{"href":"https:\/\/www.krupps.com\/pt-pt\/wp-json\/wp\/v2\/media?parent=29529"}],"curies":[{"name":"wp","href":"https:\/\/api.w.org\/{rel}","templated":true}]}}