	{"id":28109,"date":"2022-06-16T17:01:23","date_gmt":"2022-06-16T15:01:23","guid":{"rendered":"https:\/\/www.krupps.com\/cookie-policy\/"},"modified":"2024-12-24T10:41:36","modified_gmt":"2024-12-24T09:41:36","slug":"cookie-policy-2","status":"publish","type":"page","link":"https:\/\/www.krupps.com\/pt-pt\/cookie-policy-2\/","title":{"rendered":"Pol\u00edtica de cookies e servi\u00e7os de terceiros"},"content":{"rendered":"\n<div style=\"height:57px\" aria-hidden=\"true\" class=\"wp-block-spacer\"><\/div>\n\n\n\n<h1 class=\"wp-block-heading has-text-align-center\">INFORMA\u00c7\u00d5ES SOBRE O TRATAMENTO DE DADOS PESSOAIS<\/h1>\n\n\n\n<p class=\"has-text-align-center\"><em>(Artigos 13.\u00ba e 14.\u00ba do Reg. UE 2016\/679 e Decreto Legislativo 196\/2003 e seguintes)<\/em><\/p>\n\n\n\n<p><\/p>\n\n\n\n<p>Caro utilizador,<\/p>\n\n\n\n<p>Apresentamos em seguida algumas informa\u00e7\u00f5es que devemos comunicar, n\u00e3o s\u00f3 para cumprir as obriga\u00e7\u00f5es legais, mas tamb\u00e9m porque a transpar\u00eancia e a equidade para com as pessoas em causa s\u00e3o uma parte fundamental da nossa atividade.<\/p>\n\n\n\n<p>Esta pol\u00edtica descreve cookies e os servi\u00e7os de terceiros utilizados neste s\u00edtio Web, que pode ser acedido eletronicamente em <a href=\"http:\/\/www.krupps.com\/\"><strong>www.krupps.com.<\/strong><\/a><\/p>\n\n\n\n<p>Estas informa\u00e7\u00f5es n\u00e3o dizem respeito a outros s\u00edtios, p\u00e1ginas ou servi\u00e7os em linha acess\u00edveis atrav\u00e9s de liga\u00e7\u00f5es de hipertexto que podem ser publicadas no s\u00edtio mas que remetem para recursos fora deste dom\u00ednio.<\/p>\n\n\n\n<h1 class=\"wp-block-heading\">Biscoitos<\/h1>\n\n\n\n<p>Os cookies da Web podem ser definidos como pequenas cadeias de texto que os s\u00edtios que visita enviam para o seu terminal (normalmente para o seu navegador), onde s\u00e3o armazenados para serem retransmitidos para os mesmos s\u00edtios na pr\u00f3xima vez que os visitar. O s\u00edtio cont\u00e9m cookies e\/ou outras ferramentas inform\u00e1ticas semelhantes a seguir indicadas. O utilizador pode aceitar, recusar ou alterar as suas prefer\u00eancias relativamente \u00e0 instala\u00e7\u00e3o de cookies atrav\u00e9s da faixa\/\u00edcone que aparece na p\u00e1gina inicial ou atrav\u00e9s das prefer\u00eancias do seu navegador ou visitando o site youronlinechoises.eu. A altera\u00e7\u00e3o das defini\u00e7\u00f5es dos cookies pode restringir a visualiza\u00e7\u00e3o ou as fun\u00e7\u00f5es deste s\u00edtio Web. Pode encontrar a lista completa dos cookies utilizados no banner e no pop-up de cookies dispon\u00edveis em cada p\u00e1gina do s\u00edtio Web.<\/p>\n\n\n\n<h1 class=\"wp-block-heading\">Servi\u00e7os de terceiros<\/h1>\n\n\n\n<figure class=\"wp-block-table\"><table><tbody><tr><td><strong>SERVI\u00c7O<\/strong><strong><\/strong><\/td><td><strong>DESCRI\u00c7\u00c3O<\/strong><strong><\/strong><\/td><\/tr><tr><td>Google Fonts<\/td><td>O Google Fonts \u00e9 um servi\u00e7o de apresenta\u00e7\u00e3o de tipos de letra operado pela Google<\/td><\/tr><tr><td>Google Maps<\/td><td>O Google Maps \u00e9 um servi\u00e7o geogr\u00e1fico da Internet desenvolvido pela Google que permite a pesquisa e a apresenta\u00e7\u00e3o de mapas<\/td><\/tr><tr><td>Google Analytics<\/td><td>O Google Analytics \u00e9 um servi\u00e7o de an\u00e1lise da Web fornecido pela Google que permite analisar estat\u00edsticas pormenorizadas sobre os visitantes de um s\u00edtio Web.<\/td><\/tr><tr><td>Gestor de tags do Google<\/td><td>O Google Tag Manager \u00e9 um sistema de gest\u00e3o de etiquetas que permite atualizar c\u00f3digos de acompanhamento e fragmentos de c\u00f3digo de forma r\u00e1pida e f\u00e1cil<\/td><\/tr><tr><td>API do Google<\/td><td>A API do Google fornece ferramentas para integrar v\u00e1rias funcionalidades do Google no s\u00edtio, como mapas ou tipos de letra.<\/td><\/tr><tr><td>reCAPTCHA<\/td><td>O reCAPTCHA \u00e9 um servi\u00e7o da Google utilizado para identificar bots e proteger o s\u00edtio Web de ataques maliciosos de spam<\/td><\/tr><tr><td>Doubleclick<\/td><td>O Doubleclick \u00e9 um servi\u00e7o da Google que permite o acompanhamento avan\u00e7ado dos utilizadores para mostrar an\u00fancios personalizados de acordo com o perfil do utilizador.<\/td><\/tr><tr><td><strong>&nbsp;<\/strong> Cloudflare<\/td><td>O Cloudflare \u00e9 um CDN que funciona como um proxy de cache invertido, um servidor que se interp\u00f5e entre o s\u00edtio Web e o visitante para aumentar o desempenho e a seguran\u00e7a do s\u00edtio Web<\/td><\/tr><tr><td>Salesforce Pardot<\/td><td>O Pardot \u00e9 uma ferramenta de automatiza\u00e7\u00e3o de marketing que cria e gere campanhas de gera\u00e7\u00e3o de contactos<\/td><\/tr><tr><td>YouTube<\/td><td>O YouTube \u00e9 uma plataforma web 2.0 que permite a partilha e a visualiza\u00e7\u00e3o de conte\u00fados multim\u00e9dia em linha.<\/td><\/tr><tr><td>CookieSim<\/td><td>O CookieYes \u00e9 um servi\u00e7o que ajuda os s\u00edtios Web a cumprir o regulamento relativo aos cookies do RGPD e \u00e9 utilizado para inserir uma faixa de consentimento e registar a escolha do utilizador de instalar ou n\u00e3o cookies.<\/td><\/tr><tr><td>QRcodekit<\/td><td>O QRcodekit permite a cria\u00e7\u00e3o e gest\u00e3o de c\u00f3digos QR, facilitando a partilha de conte\u00fados e monitorizando a sua utiliza\u00e7\u00e3o atrav\u00e9s da digitaliza\u00e7\u00e3o.<\/td><\/tr><tr><td>Bitly<\/td><td>O Bitly permite-lhe encurtar e gerir liga\u00e7\u00f5es para facilitar a partilha e monitorizar a utiliza\u00e7\u00e3o.<\/td><\/tr><tr><td>Linktree<\/td><td>O Linktree permite a partilha de v\u00e1rias liga\u00e7\u00f5es atrav\u00e9s de um \u00fanico URL, oferecendo uma<\/td><\/tr><\/tbody><\/table><\/figure>\n\n\n\n<figure class=\"wp-block-table\"><table><tbody><tr><td>&nbsp;<\/td><td>solu\u00e7\u00e3o simples para a organiza\u00e7\u00e3o de conte\u00fados.<\/td><\/tr><tr><td>Formul\u00e1rio de contacto 7<\/td><td>O Contact Form 7 permite a cria\u00e7\u00e3o de formul\u00e1rios de contacto, facilitando a intera\u00e7\u00e3o entre o site e os utilizadores.<\/td><\/tr><tr><td>Cookiebot<\/td><td>Cookiebot gere o consentimento dos cookies, garantindo que o site cumpre os regulamentos de privacidade, como o RGPD.<\/td><\/tr><tr><td>Facebook<\/td><td>O Facebook oferece ferramentas para monitorizar e gerir as intera\u00e7\u00f5es dos utilizadores no s\u00edtio atrav\u00e9s da integra\u00e7\u00e3o de funcionalidades de rastreio.<\/td><\/tr><tr><td>Linkedin<\/td><td>O LinkedIn permite a integra\u00e7\u00e3o do acompanhamento e da gest\u00e3o das intera\u00e7\u00f5es entre o s\u00edtio e os utilizadores da plataforma LinkedIn.<\/td><\/tr><tr><td>Consentimento de cookies do RGPD<\/td><td>O GDPR Cookie Consent gere o consentimento para a utiliza\u00e7\u00e3o de cookies no s\u00edtio, garantindo a conformidade com o regulamento GDPR.<\/td><\/tr><tr><td>Construtor de popups \/ Criador de popups<\/td><td>O Popup Builder \/ Popup Maker permite a cria\u00e7\u00e3o de popups interactivos no s\u00edtio para v\u00e1rios fins, como promo\u00e7\u00f5es ou registos.<\/td><\/tr><\/tbody><\/table><\/figure>\n\n\n\n<p>\u00daltima atualiza\u00e7\u00e3o 09\/10\/2024<\/p>\n\n\n\n<div style=\"height:37px\" aria-hidden=\"true\" class=\"wp-block-spacer\"><\/div>\n\n\n\n<hr class=\"wp-block-separator has-alpha-channel-opacity\"\/>\n\n\n\n<div style=\"height:44px\" aria-hidden=\"true\" class=\"wp-block-spacer\"><\/div>\n","protected":false},"excerpt":{"rendered":"<p>INFORMA\u00c7\u00d5ES SOBRE O TRATAMENTO DE DADOS PESSOAIS (Artigos 13.\u00ba e 14.\u00ba do Reg. UE 2016\/679 e Decreto Legislativo 196\/2003 e seguintes) Caro utilizador, Apresentamos em seguida algumas informa\u00e7\u00f5es que devemos comunicar, n\u00e3o s\u00f3 para cumprir as obriga\u00e7\u00f5es legais, mas tamb\u00e9m porque a transpar\u00eancia e a equidade para com as pessoas em causa s\u00e3o uma parte&hellip;<\/p>\n","protected":false},"author":2,"featured_media":0,"parent":0,"menu_order":0,"comment_status":"closed","ping_status":"closed","template":"","meta":{"_acf_changed":false,"footnotes":""},"class_list":["post-28109","page","type-page","status-publish","hentry","description-off"],"acf":[],"_links":{"self":[{"href":"https:\/\/www.krupps.com\/pt-pt\/wp-json\/wp\/v2\/pages\/28109","targetHints":{"allow":["GET"]}}],"collection":[{"href":"https:\/\/www.krupps.com\/pt-pt\/wp-json\/wp\/v2\/pages"}],"about":[{"href":"https:\/\/www.krupps.com\/pt-pt\/wp-json\/wp\/v2\/types\/page"}],"author":[{"embeddable":true,"href":"https:\/\/www.krupps.com\/pt-pt\/wp-json\/wp\/v2\/users\/2"}],"replies":[{"embeddable":true,"href":"https:\/\/www.krupps.com\/pt-pt\/wp-json\/wp\/v2\/comments?post=28109"}],"version-history":[{"count":4,"href":"https:\/\/www.krupps.com\/pt-pt\/wp-json\/wp\/v2\/pages\/28109\/revisions"}],"predecessor-version":[{"id":34715,"href":"https:\/\/www.krupps.com\/pt-pt\/wp-json\/wp\/v2\/pages\/28109\/revisions\/34715"}],"wp:attachment":[{"href":"https:\/\/www.krupps.com\/pt-pt\/wp-json\/wp\/v2\/media?parent=28109"}],"curies":[{"name":"wp","href":"https:\/\/api.w.org\/{rel}","templated":true}]}}