	{"id":23455,"date":"2020-04-09T11:14:07","date_gmt":"2020-04-09T09:14:07","guid":{"rendered":"https:\/\/www.krupps.com\/klean-lab\/"},"modified":"2025-05-07T10:09:40","modified_gmt":"2025-05-07T08:09:40","slug":"klean-lab","status":"publish","type":"page","link":"https:\/\/www.krupps.com\/pt-pt\/klean-lab\/","title":{"rendered":"KLEAN LAB"},"content":{"rendered":"<div class=\"wpb-content-wrapper\"><p>[vc_row][vc_column]<div class=\"ult-spacer spacer-69f25bead43f7\" data-id=\"69f25bead43f7\" data-height=\"65\" data-height-mobile=\"15\" data-height-tab=\"65\" data-height-tab-portrait=\"50\" data-height-mobile-landscape=\"15\" style=\"clear:both;display:block;\"><\/div>[\/vc_column][\/vc_row][vc_row][vc_column][vc_column_text]<\/p>\n<h1><span style=\"color: #009390;\"><span style=\"color: #000000;\">O<\/span> KLEAN LAB\u00a0<\/span>\u00e9 a ferramenta fundamental para a higiene nos hospitais, laborat\u00f3rios m\u00e9dicos e veterin\u00e1rios, asilos e laborat\u00f3rios de alimentos.<\/h1>\n<p>&nbsp;<\/p>\n<p>A higiene \u00e9 uma quest\u00e3o delicada em espec\u00edficas atividades, como cl\u00ednicas, aonde os operadores usam cal\u00e7ados como meio de transporte entre um ambiente e outro.<\/p>\n<p>Todos os dias, profissionais de sa\u00fade, m\u00e9dicos, trabalhadores do departamento de alimenta\u00e7\u00e3o de supermercados e profissionais de an\u00e1lise andam milhares de etapas entre um laborat\u00f3rio e outro; suas atividades s\u00e3o muito importantes e \u00e9 essencial garantir que sejam realizadas com o m\u00e1ximo grau de seguran\u00e7a, evitando que sujeira e bact\u00e9rias se movam entre diferentes ambientes.<\/p>\n<p class=\"_04xlpA direction-ltr align-justify para-style-body\" style=\"text-align: left;\"><span style=\"color: #009390;\"><span style=\"color: #000000;\">A<\/span> KLEAN LAB\u00a0<\/span>garante a<strong> lavagem e higieniza\u00e7\u00e3o de cal\u00e7ados profissionais<\/strong>, contribuindo a sanitiza\u00e7\u00e3o das socas fornecidas ao <strong>pessoal m\u00e9dico e assistentes de sa\u00fade<\/strong>, <strong>t\u00e9cnicos de laborat\u00f3rio<\/strong> e trabalhadores da <strong>cadeia alimentar<\/strong>, incluindo <strong>padarias<\/strong>, <strong>com\u00e9rcio em larga escala<\/strong>, <strong>a\u00e7ougues<\/strong> e <strong>confeitarias<\/strong>.<\/p>\n<h3>Sanitiza\u00e7\u00e3o e simplicidade: duas palavras-chave<\/h3>\n<p style=\"text-align: left;\">O uso do <span style=\"color: #009390;\">KLEAN LAB\u00a0<\/span>\u00e9 extremamente simples, o operador posiciona os rodap\u00e9s dentro da cesta, seleciona o \u00edcone do ciclo de lavagem na tela de toque e clique em Iniciar, iniciando o ciclo de lavagem. A lavagem consiste em v\u00e1rias etapas, incluindo <strong>pr\u00e9-lavagem, lavagem com altas temperaturas e drenagem total do tanque de lavagem<\/strong>. Esse procedimento estruturado usa a combina\u00e7\u00e3o de temperatura, detergentes espec\u00edficos com a\u00e7\u00e3o higienizante e tempo de lavagem espec\u00edficos, elementos essenciais para garantir que os sapatos usados \u200b\u200btodos os dias por todos os operadores estejam perfeitamente limpos e higienizados, garantizando <strong>um ambiente sempre funcional mais saud\u00e1vel<\/strong>.<\/p>\n<p>Este modelo est\u00e1 equipado com uma cesta especial, projetada exclusivamente para lavar qualquer tipo de cal\u00e7ado com o m\u00e1ximo cuidado em todas as suas partes; juntamente com a a\u00e7\u00e3o do detergente e do\u00a0<span class=\"JsGRdQ\"><strong>KLEAN ADD EXTRA<\/strong><\/span><strong>, o \u00e1cido desinfetante de a\u00e7\u00e3o r\u00e1pida<\/strong>, cada sapato ser\u00e1 perfeitamente limpo e higienizado.[\/vc_column_text]<div class=\"ult-spacer spacer-69f25bead4420\" data-id=\"69f25bead4420\" data-height=\"40\" data-height-mobile=\"20\" data-height-tab=\"40\" data-height-tab-portrait=\"40\" data-height-mobile-landscape=\"20\" style=\"clear:both;display:block;\"><\/div>[\/vc_column][\/vc_row][vc_row][vc_column width=&#8221;2\/5&#8243;]<div class=\"ult-spacer spacer-69f25bead4439\" data-id=\"69f25bead4439\" data-height=\"90\" data-height-mobile=\"2\" data-height-tab=\"90\" data-height-tab-portrait=\"90\" data-height-mobile-landscape=\"2\" style=\"clear:both;display:block;\"><\/div>[vc_single_image image=&#8221;23457&#8243; img_size=&#8221;large&#8221; alignment=&#8221;center&#8221;][\/vc_column][vc_column width=&#8221;3\/5&#8243;]<div id=\"ult-carousel-31673035669f25bead453c\" class=\"ult-carousel-wrapper   ult_horizontal\" data-gutter=\"15\" data-rtl=\"false\" ><div class=\"ult-carousel-13680295869f25bead447a \" >[vc_single_image image=&#8221;23376&#8243; img_size=&#8221;large&#8221; alignment=&#8221;center&#8221;][vc_single_image image=&#8221;23395&#8243; img_size=&#8221;large&#8221; alignment=&#8221;center&#8221;][vc_single_image image=&#8221;23375&#8243; img_size=&#8221;large&#8221; alignment=&#8221;center&#8221;][vc_single_image image=&#8221;23383&#8243; img_size=&#8221;large&#8221; alignment=&#8221;center&#8221;][vc_single_image image=&#8221;23362&#8243; img_size=&#8221;large&#8221; alignment=&#8221;center&#8221;][vc_single_image image=&#8221;23379&#8243; img_size=&#8221;large&#8221; alignment=&#8221;center&#8221;]<\/div><\/div>\t\t\t<script type=\"text\/javascript\">\n\t\t\t\tjQuery(document).ready(function ($) {\n\t\t\t\t\tif( typeof jQuery('.ult-carousel-13680295869f25bead447a').slick == \"function\"){\n\t\t\t\t\t\t$('.ult-carousel-13680295869f25bead447a').slick({dots: true,autoplay: true,autoplaySpeed: \"2000\",speed: \"300\",infinite: true,arrows: true,nextArrow: '<button type=\"button\" role=\"button\" aria-label=\"Next\" style=\"color:#333333; font-size:20px;\" class=\"slick-next default\"><i class=\"ultsl-arrow-right4\"><\/i><\/button>',prevArrow: '<button type=\"button\" role=\"button\" aria-label=\"Previous\" style=\"color:#333333; font-size:20px;\" class=\"slick-prev default\"><i class=\"ultsl-arrow-left4\"><\/i><\/button>',slidesToScroll:1,slidesToShow:1,swipe: true,draggable: true,touchMove: true,pauseOnHover: true,pauseOnFocus: false,responsive: [\n\t\t\t\t\t\t\t{\n\t\t\t\t\t\t\t  breakpoint: 1026,\n\t\t\t\t\t\t\t  settings: {\n\t\t\t\t\t\t\t\tslidesToShow: 1,\n\t\t\t\t\t\t\t\tslidesToScroll: 1,  \n\t\t\t\t\t\t\t  }\n\t\t\t\t\t\t\t},\n\t\t\t\t\t\t\t{\n\t\t\t\t\t\t\t  breakpoint: 1025,\n\t\t\t\t\t\t\t  settings: {\n\t\t\t\t\t\t\t\tslidesToShow: 1,\n\t\t\t\t\t\t\t\tslidesToScroll: 1\n\t\t\t\t\t\t\t  }\n\t\t\t\t\t\t\t},\n\t\t\t\t\t\t\t{\n\t\t\t\t\t\t\t  breakpoint: 760,\n\t\t\t\t\t\t\t  settings: {\n\t\t\t\t\t\t\t\tslidesToShow: 1,\n\t\t\t\t\t\t\t\tslidesToScroll: 1\n\t\t\t\t\t\t\t  }\n\t\t\t\t\t\t\t}\n\t\t\t\t\t\t],pauseOnDotsHover: true,customPaging: function(slider, i) {\n                   return '<i type=\"button\" style= \"color:#333333;\" class=\"ultsl-record\" data-role=\"none\"><\/i>';\n                },});\n\t\t\t\t\t}\n\t\t\t\t});\n\t\t\t<\/script>\n\t\t\t[\/vc_column][\/vc_row][vc_row][vc_column]<div class=\"ult-spacer spacer-69f25bead458a\" data-id=\"69f25bead458a\" data-height=\"40\" data-height-mobile=\"10\" data-height-tab=\"40\" data-height-tab-portrait=\"40\" data-height-mobile-landscape=\"10\" style=\"clear:both;display:block;\"><\/div>[vc_column_text css=&#8221;&#8221;]<\/p>\n<h3>A seguran\u00e7a \u00e9 essencial quando se trata de limpeza e higiene.<\/h3>\n<p>Cada ambiente deve ser capaz de atender a altos padr\u00f5es de seguran\u00e7a para trabalhar de maneira eficiente e pac\u00edfica.<\/p>\n<p>O avan\u00e7ado sistema de <strong>autodiagn\u00f3stico<\/strong> garante sempre o funcioamento ideal, garantindo maior seguran\u00e7a da equipe, gra\u00e7as \u00e0s mensagens e sugest\u00f5es facilitadas exibidas diretamente no visor, oferecendo excelente suporte em tempo real.[\/vc_column_text]<div class=\"ult-spacer spacer-69f25bead45a0\" data-id=\"69f25bead45a0\" data-height=\"40\" data-height-mobile=\"10\" data-height-tab=\"40\" data-height-tab-portrait=\"40\" data-height-mobile-landscape=\"10\" style=\"clear:both;display:block;\"><\/div>[\/vc_column][\/vc_row][vc_row][vc_column][vc_btn title=&#8221;OBTENHA MAIS INFORMA\u00c7\u00d5ES&#8221; style=&#8221;custom&#8221; custom_background=&#8221;#009390&#8243; custom_text=&#8221;#ffffff&#8221; size=&#8221;lg&#8221; align=&#8221;center&#8221; link=&#8221;url:https%3A%2F%2Fwww.krupps.com%2Fcontatti%2F||target:%20_blank|&#8221;]<div class=\"ult-spacer spacer-69f25bead45b3\" data-id=\"69f25bead45b3\" data-height=\"40\" data-height-mobile=\"10\" data-height-tab=\"40\" data-height-tab-portrait=\"40\" data-height-mobile-landscape=\"10\" style=\"clear:both;display:block;\"><\/div>[\/vc_column][\/vc_row]<\/p>\n<\/div>","protected":false},"excerpt":{"rendered":"<p>[vc_row][vc_column][\/vc_column][\/vc_row][vc_row][vc_column][vc_column_text] O KLEAN LAB\u00a0\u00e9 a ferramenta fundamental para a higiene nos hospitais, laborat\u00f3rios m\u00e9dicos e veterin\u00e1rios, asilos e laborat\u00f3rios de alimentos. &nbsp; A higiene \u00e9 uma quest\u00e3o delicada em espec\u00edficas atividades, como cl\u00ednicas, aonde os operadores usam cal\u00e7ados como meio de transporte entre um ambiente e outro. Todos os dias, profissionais de sa\u00fade, m\u00e9dicos, trabalhadores&hellip;<\/p>\n","protected":false},"author":3,"featured_media":0,"parent":0,"menu_order":1,"comment_status":"closed","ping_status":"closed","template":"","meta":{"_acf_changed":false,"footnotes":""},"class_list":["post-23455","page","type-page","status-publish","hentry","description-off"],"acf":[],"_links":{"self":[{"href":"https:\/\/www.krupps.com\/pt-pt\/wp-json\/wp\/v2\/pages\/23455","targetHints":{"allow":["GET"]}}],"collection":[{"href":"https:\/\/www.krupps.com\/pt-pt\/wp-json\/wp\/v2\/pages"}],"about":[{"href":"https:\/\/www.krupps.com\/pt-pt\/wp-json\/wp\/v2\/types\/page"}],"author":[{"embeddable":true,"href":"https:\/\/www.krupps.com\/pt-pt\/wp-json\/wp\/v2\/users\/3"}],"replies":[{"embeddable":true,"href":"https:\/\/www.krupps.com\/pt-pt\/wp-json\/wp\/v2\/comments?post=23455"}],"version-history":[{"count":5,"href":"https:\/\/www.krupps.com\/pt-pt\/wp-json\/wp\/v2\/pages\/23455\/revisions"}],"predecessor-version":[{"id":35647,"href":"https:\/\/www.krupps.com\/pt-pt\/wp-json\/wp\/v2\/pages\/23455\/revisions\/35647"}],"wp:attachment":[{"href":"https:\/\/www.krupps.com\/pt-pt\/wp-json\/wp\/v2\/media?parent=23455"}],"curies":[{"name":"wp","href":"https:\/\/api.w.org\/{rel}","templated":true}]}}