	{"id":23183,"date":"2017-09-20T11:11:12","date_gmt":"2017-09-20T09:11:12","guid":{"rendered":"https:\/\/www.krupps.com\/?page_id=23183"},"modified":"2020-04-13T16:22:05","modified_gmt":"2020-04-13T14:22:05","slug":"koral-north-america","status":"publish","type":"page","link":"https:\/\/www.krupps.com\/pt-pt\/catalogo\/koral-north-america\/","title":{"rendered":"KORAL line"},"content":{"rendered":"<div class=\"wpb-content-wrapper\"><p>[vc_row][vc_column]<div class=\"ult-spacer spacer-69ea09496a56a\" data-id=\"69ea09496a56a\" data-height=\"40\" data-height-mobile=\"40\" data-height-tab=\"40\" data-height-tab-portrait=\"40\" data-height-mobile-landscape=\"40\" style=\"clear:both;display:block;\"><\/div><div class=\"dt-fancy-separator title-left h1-size style-disabled\" style=\"width: 100%;\"><div class=\"dt-fancy-title\" style=\"color: #c1c31f;\"><span class=\"separator-holder separator-left\"><\/span>Koral line<span class=\"separator-holder separator-right\"><\/span><\/div><\/div><div class=\"ult-spacer spacer-69ea09496a61c\" data-id=\"69ea09496a61c\" data-height=\"40\" data-height-mobile=\"40\" data-height-tab=\"40\" data-height-tab-portrait=\"40\" data-height-mobile-landscape=\"40\" style=\"clear:both;display:block;\"><\/div>[vc_row_inner][vc_column_inner][vc_column_text]A linha <strong>KORAL<\/strong> distingue-se pela sua vasta gama de modelos adequados para qualquer situa\u00e7\u00e3o. O sistema de controlo atrav\u00e9s da<br \/>\nplaca eletr\u00f3nica oferece grandes possibilidades de personaliza\u00e7\u00e3o em base \u00e0s suas exig\u00eancias, permitindo regular com precis\u00e3o qualquer par\u00e2metro garantindo resultados de lavagem sempre ideais.<br \/>\nO <strong>ecr\u00e3 UNIKO-MID<\/strong> lcd-touch em vidro temperado \u00e9 extremamente fi\u00e1vel e garante um \u00f3timo desempenho. Escolher um dos 4 ciclos de lavagem dispon\u00edveis \u00e9 muito simples e as pr\u00e1ticas mensagens no ecr\u00e3 permitem preservar a vida da m\u00e1quina de lavar lou\u00e7a.[\/vc_column_text][\/vc_column_inner][\/vc_row_inner]<div class=\"ult-spacer spacer-69ea09496a68d\" data-id=\"69ea09496a68d\" data-height=\"40\" data-height-mobile=\"40\" data-height-tab=\"40\" data-height-tab-portrait=\"40\" data-height-mobile-landscape=\"40\" style=\"clear:both;display:block;\"><\/div>[\/vc_column][\/vc_row]<\/p>\n<\/div>","protected":false},"excerpt":{"rendered":"<p>[vc_row][vc_column][vc_row_inner][vc_column_inner][vc_column_text]A linha KORAL distingue-se pela sua vasta gama de modelos adequados para qualquer situa\u00e7\u00e3o. O sistema de controlo atrav\u00e9s da placa eletr\u00f3nica oferece grandes possibilidades de personaliza\u00e7\u00e3o em base \u00e0s suas exig\u00eancias, permitindo regular com precis\u00e3o qualquer par\u00e2metro garantindo resultados de lavagem sempre ideais. O ecr\u00e3 UNIKO-MID lcd-touch em vidro temperado \u00e9 extremamente fi\u00e1vel e&hellip;<\/p>\n","protected":false},"author":1,"featured_media":0,"parent":16880,"menu_order":0,"comment_status":"closed","ping_status":"closed","template":"tax-linea.php","meta":{"_acf_changed":false,"footnotes":""},"class_list":["post-23183","page","type-page","status-publish","hentry","description-off"],"acf":[],"_links":{"self":[{"href":"https:\/\/www.krupps.com\/pt-pt\/wp-json\/wp\/v2\/pages\/23183","targetHints":{"allow":["GET"]}}],"collection":[{"href":"https:\/\/www.krupps.com\/pt-pt\/wp-json\/wp\/v2\/pages"}],"about":[{"href":"https:\/\/www.krupps.com\/pt-pt\/wp-json\/wp\/v2\/types\/page"}],"author":[{"embeddable":true,"href":"https:\/\/www.krupps.com\/pt-pt\/wp-json\/wp\/v2\/users\/1"}],"replies":[{"embeddable":true,"href":"https:\/\/www.krupps.com\/pt-pt\/wp-json\/wp\/v2\/comments?post=23183"}],"version-history":[{"count":1,"href":"https:\/\/www.krupps.com\/pt-pt\/wp-json\/wp\/v2\/pages\/23183\/revisions"}],"predecessor-version":[{"id":23218,"href":"https:\/\/www.krupps.com\/pt-pt\/wp-json\/wp\/v2\/pages\/23183\/revisions\/23218"}],"up":[{"embeddable":true,"href":"https:\/\/www.krupps.com\/pt-pt\/wp-json\/wp\/v2\/pages\/16880"}],"wp:attachment":[{"href":"https:\/\/www.krupps.com\/pt-pt\/wp-json\/wp\/v2\/media?parent=23183"}],"curies":[{"name":"wp","href":"https:\/\/api.w.org\/{rel}","templated":true}]}}