	{"id":23175,"date":"2017-09-20T11:11:12","date_gmt":"2017-09-20T09:11:12","guid":{"rendered":"https:\/\/www.krupps.com\/?page_id=23175"},"modified":"2020-04-13T16:22:15","modified_gmt":"2020-04-13T14:22:15","slug":"elitech-north-america","status":"publish","type":"page","link":"https:\/\/www.krupps.com\/pt-pt\/catalogo\/elitech-north-america\/","title":{"rendered":"ELITECH line"},"content":{"rendered":"<div class=\"wpb-content-wrapper\"><p>[vc_row][vc_column]<div class=\"ult-spacer spacer-69e22bfa674c7\" data-id=\"69e22bfa674c7\" data-height=\"40\" data-height-mobile=\"40\" data-height-tab=\"40\" data-height-tab-portrait=\"40\" data-height-mobile-landscape=\"40\" style=\"clear:both;display:block;\"><\/div><div class=\"dt-fancy-separator title-left h1-size style-disabled\" style=\"width: 100%;\"><div class=\"dt-fancy-title\" style=\"color: #2b81c5;\"><span class=\"separator-holder separator-left\"><\/span>Elitech line<span class=\"separator-holder separator-right\"><\/span><\/div><\/div><div class=\"ult-spacer spacer-69e22bfa6751f\" data-id=\"69e22bfa6751f\" data-height=\"40\" data-height-mobile=\"40\" data-height-tab=\"40\" data-height-tab-portrait=\"40\" data-height-mobile-landscape=\"40\" style=\"clear:both;display:block;\"><\/div>[vc_row_inner][vc_column_inner][vc_column_text]As m\u00e1quinas de lavar lou\u00e7a da linha <strong>ELITECH<\/strong> garantem o m\u00e1ximo desempenho gra\u00e7as ao <em><strong>Acquatech System<\/strong><\/em>\u00a0 <strong>instalado de s\u00e9rie que, atrav\u00e9s de uma caldeira atmosf\u00e9rica e uma bomba de enxaguamento, mant\u00e9m<\/strong> a temperatura e a press\u00e3o sempre constantes e consumos de \u00e1gua ideais. Elitech garante um ciclo de <strong>enxaguamento sanitizante<\/strong> e demonstra-se a escolha perfeita para refeit\u00f3rios, casas de repouso, pastelarias, padarias e talhos, onde \u00e9 fundamental respeitar as regras HACCP. Para quem procura a perfei\u00e7\u00e3o do copo \u00e9 poss\u00edvel ligar um Sistema de Osmose Inversa que purifica a \u00e1gua e reduz os consumos de detergente e abrilhantador, garantindo <strong>resultados excelentes e copos perfeitos sem a necessidade de secagem manual<\/strong>.<br \/>\nO inovador <strong>ecr\u00e3 UNIKO t\u00e1til em vidro temperado torna<\/strong> simples e intuitiva qualquer opera\u00e7\u00e3o, da escolha do ciclo de lavagem mais adequado ao controlo da sua progress\u00e3o, para al\u00e9m de dar a possibilidade de controlar sempre o estado da m\u00e1quina de lavar lou\u00e7a com facilidade. A grande variedade de ciclos de lavagem torna a m\u00e1quina de lavar lou\u00e7a personaliz\u00e1vel conforme as suas necessidades. O diagn\u00f3stico autom\u00e1tico constante permite reduzir ao m\u00ednimo as paragens da m\u00e1quina avisando em tempo real o t\u00e9cnico gra\u00e7as ao sistema de <strong>controlo Wi-Fi IKLOUD<\/strong> que d\u00e1 a possibilidade de agir remotamente para modificar os par\u00e2metros da m\u00e1quina de lavar lou\u00e7a e resolver a situa\u00e7\u00e3o em tempo real.[\/vc_column_text][\/vc_column_inner][\/vc_row_inner]<div class=\"ult-spacer spacer-69e22bfa67534\" data-id=\"69e22bfa67534\" data-height=\"40\" data-height-mobile=\"40\" data-height-tab=\"40\" data-height-tab-portrait=\"40\" data-height-mobile-landscape=\"40\" style=\"clear:both;display:block;\"><\/div>[\/vc_column][\/vc_row]<\/p>\n<\/div>","protected":false},"excerpt":{"rendered":"<p>[vc_row][vc_column][vc_row_inner][vc_column_inner][vc_column_text]As m\u00e1quinas de lavar lou\u00e7a da linha ELITECH garantem o m\u00e1ximo desempenho gra\u00e7as ao Acquatech System\u00a0 instalado de s\u00e9rie que, atrav\u00e9s de uma caldeira atmosf\u00e9rica e uma bomba de enxaguamento, mant\u00e9m a temperatura e a press\u00e3o sempre constantes e consumos de \u00e1gua ideais. Elitech garante um ciclo de enxaguamento sanitizante e demonstra-se a escolha perfeita&hellip;<\/p>\n","protected":false},"author":1,"featured_media":0,"parent":16880,"menu_order":0,"comment_status":"closed","ping_status":"closed","template":"tax-linea.php","meta":{"_acf_changed":false,"footnotes":""},"class_list":["post-23175","page","type-page","status-publish","hentry","description-off"],"acf":[],"_links":{"self":[{"href":"https:\/\/www.krupps.com\/pt-pt\/wp-json\/wp\/v2\/pages\/23175","targetHints":{"allow":["GET"]}}],"collection":[{"href":"https:\/\/www.krupps.com\/pt-pt\/wp-json\/wp\/v2\/pages"}],"about":[{"href":"https:\/\/www.krupps.com\/pt-pt\/wp-json\/wp\/v2\/types\/page"}],"author":[{"embeddable":true,"href":"https:\/\/www.krupps.com\/pt-pt\/wp-json\/wp\/v2\/users\/1"}],"replies":[{"embeddable":true,"href":"https:\/\/www.krupps.com\/pt-pt\/wp-json\/wp\/v2\/comments?post=23175"}],"version-history":[{"count":1,"href":"https:\/\/www.krupps.com\/pt-pt\/wp-json\/wp\/v2\/pages\/23175\/revisions"}],"predecessor-version":[{"id":23192,"href":"https:\/\/www.krupps.com\/pt-pt\/wp-json\/wp\/v2\/pages\/23175\/revisions\/23192"}],"up":[{"embeddable":true,"href":"https:\/\/www.krupps.com\/pt-pt\/wp-json\/wp\/v2\/pages\/16880"}],"wp:attachment":[{"href":"https:\/\/www.krupps.com\/pt-pt\/wp-json\/wp\/v2\/media?parent=23175"}],"curies":[{"name":"wp","href":"https:\/\/api.w.org\/{rel}","templated":true}]}}