	{"id":18044,"date":"2017-09-20T11:11:12","date_gmt":"2017-09-20T09:11:12","guid":{"rendered":"http:\/\/krupps.com\/?page_id=18044"},"modified":"2023-01-25T11:24:20","modified_gmt":"2023-01-25T10:24:20","slug":"advance-range","status":"publish","type":"page","link":"https:\/\/www.krupps.com\/pt-pt\/catalogo\/advance-range\/","title":{"rendered":"ADVANCE range"},"content":{"rendered":"<div class=\"wpb-content-wrapper\"><p>[vc_row][vc_column]<div class=\"ult-spacer spacer-69e9ff421aea0\" data-id=\"69e9ff421aea0\" data-height=\"40\" data-height-mobile=\"40\" data-height-tab=\"40\" data-height-tab-portrait=\"40\" data-height-mobile-landscape=\"40\" style=\"clear:both;display:block;\"><\/div><div class=\"dt-fancy-separator title-left h1-size style-disabled\" style=\"width: 100%;\"><div class=\"dt-fancy-title\" style=\"color: #0c3674;\"><span class=\"separator-holder separator-left\"><\/span>Advance range<span class=\"separator-holder separator-right\"><\/span><\/div><\/div><div class=\"ult-spacer spacer-69e9ff421aeec\" data-id=\"69e9ff421aeec\" data-height=\"40\" data-height-mobile=\"40\" data-height-tab=\"40\" data-height-tab-portrait=\"40\" data-height-mobile-landscape=\"40\" style=\"clear:both;display:block;\"><\/div>[vc_row_inner][vc_column_inner][vc_column_text]Confian\u00e7a e facilidade de uso: estas s\u00e3o as palavras-chave da linha <strong>ADVANCE<\/strong>. O painel \u00e9 um verdadeiro trunfo para a linha, gra\u00e7as aos seus <strong>4 ciclos de lavagem<\/strong> e um ciclo de drenagem autom\u00e1tico (com a bomba de drenagem instalada). No painel de controle, voc\u00ea pode ver com facilidade a temperatura do tanque e da caldeira, as mensagens do sistema de <strong>Autodiagn\u00f3stico<\/strong>, o aviso de <strong>Manuten\u00e7\u00e3o Programada<\/strong> e o <strong>bot\u00e3o Iniciar inteligente<\/strong>, que, mudando de cor, sempre mostra o status da m\u00e1quina de lavar lou\u00e7a com uma grande simplicidade. A placa eletr\u00f4nica simples e extremamente eficaz oferece a possibilidade de definir e controlar os tempos de enx\u00e1gue e drenagem, as temperaturas de lavagem e enx\u00e1gue e os relativos Termostop, essenciais para garantir um excelente resultado de lavagem.[\/vc_column_text][\/vc_column_inner][\/vc_row_inner]<div class=\"ult-spacer spacer-69e9ff421af00\" data-id=\"69e9ff421af00\" data-height=\"40\" data-height-mobile=\"40\" data-height-tab=\"40\" data-height-tab-portrait=\"40\" data-height-mobile-landscape=\"40\" style=\"clear:both;display:block;\"><\/div>[\/vc_column][\/vc_row]<\/p>\n<\/div>","protected":false},"excerpt":{"rendered":"<p>[vc_row][vc_column][vc_row_inner][vc_column_inner][vc_column_text]Confian\u00e7a e facilidade de uso: estas s\u00e3o as palavras-chave da linha ADVANCE. O painel \u00e9 um verdadeiro trunfo para a linha, gra\u00e7as aos seus 4 ciclos de lavagem e um ciclo de drenagem autom\u00e1tico (com a bomba de drenagem instalada). No painel de controle, voc\u00ea pode ver com facilidade a temperatura do tanque e da&hellip;<\/p>\n","protected":false},"author":1,"featured_media":0,"parent":16880,"menu_order":0,"comment_status":"closed","ping_status":"closed","template":"tax-linea.php","meta":{"_acf_changed":false,"footnotes":""},"class_list":["post-18044","page","type-page","status-publish","hentry","description-off"],"acf":[],"_links":{"self":[{"href":"https:\/\/www.krupps.com\/pt-pt\/wp-json\/wp\/v2\/pages\/18044","targetHints":{"allow":["GET"]}}],"collection":[{"href":"https:\/\/www.krupps.com\/pt-pt\/wp-json\/wp\/v2\/pages"}],"about":[{"href":"https:\/\/www.krupps.com\/pt-pt\/wp-json\/wp\/v2\/types\/page"}],"author":[{"embeddable":true,"href":"https:\/\/www.krupps.com\/pt-pt\/wp-json\/wp\/v2\/users\/1"}],"replies":[{"embeddable":true,"href":"https:\/\/www.krupps.com\/pt-pt\/wp-json\/wp\/v2\/comments?post=18044"}],"version-history":[{"count":5,"href":"https:\/\/www.krupps.com\/pt-pt\/wp-json\/wp\/v2\/pages\/18044\/revisions"}],"predecessor-version":[{"id":29837,"href":"https:\/\/www.krupps.com\/pt-pt\/wp-json\/wp\/v2\/pages\/18044\/revisions\/29837"}],"up":[{"embeddable":true,"href":"https:\/\/www.krupps.com\/pt-pt\/wp-json\/wp\/v2\/pages\/16880"}],"wp:attachment":[{"href":"https:\/\/www.krupps.com\/pt-pt\/wp-json\/wp\/v2\/media?parent=18044"}],"curies":[{"name":"wp","href":"https:\/\/api.w.org\/{rel}","templated":true}]}}