	{"id":17164,"date":"2017-10-17T12:20:02","date_gmt":"2017-10-17T10:20:02","guid":{"rendered":"http:\/\/krupps.com\/lavastoviglie-a-cappotta\/"},"modified":"2018-05-14T09:18:14","modified_gmt":"2018-05-14T07:18:14","slug":"maquina-de-lavar-louca-com-cobertura","status":"publish","type":"page","link":"https:\/\/www.krupps.com\/pt-pt\/catalogo\/tipologia\/maquina-de-lavar-louca-com-cobertura\/","title":{"rendered":"M\u00e1quina de lavar lou\u00e7a com cobertura"},"content":{"rendered":"<div class=\"wpb-content-wrapper\"><p>[vc_row][vc_column][vc_column_text]<a href=\"https:\/\/www.krupps.com\/pt-pt\/documentacao\/composicoes-de-mesa-e-lava-loucas\/\">Clique aqui para ver e baixar todas as composi\u00e7\u00f5es de mesa e lava-lou\u00e7as<\/a>[\/vc_column_text][\/vc_column][\/vc_row]<\/p>\n<\/div>","protected":false},"excerpt":{"rendered":"<p>[vc_row][vc_column][vc_column_text]Clique aqui para ver e baixar todas as composi\u00e7\u00f5es de mesa e lava-lou\u00e7as[\/vc_column_text][\/vc_column][\/vc_row]<\/p>\n","protected":false},"author":1,"featured_media":0,"parent":17198,"menu_order":0,"comment_status":"closed","ping_status":"closed","template":"templates\/tax-tipologia.php","meta":{"_acf_changed":false,"footnotes":""},"class_list":["post-17164","page","type-page","status-publish","hentry","description-off"],"acf":[],"_links":{"self":[{"href":"https:\/\/www.krupps.com\/pt-pt\/wp-json\/wp\/v2\/pages\/17164","targetHints":{"allow":["GET"]}}],"collection":[{"href":"https:\/\/www.krupps.com\/pt-pt\/wp-json\/wp\/v2\/pages"}],"about":[{"href":"https:\/\/www.krupps.com\/pt-pt\/wp-json\/wp\/v2\/types\/page"}],"author":[{"embeddable":true,"href":"https:\/\/www.krupps.com\/pt-pt\/wp-json\/wp\/v2\/users\/1"}],"replies":[{"embeddable":true,"href":"https:\/\/www.krupps.com\/pt-pt\/wp-json\/wp\/v2\/comments?post=17164"}],"version-history":[{"count":4,"href":"https:\/\/www.krupps.com\/pt-pt\/wp-json\/wp\/v2\/pages\/17164\/revisions"}],"predecessor-version":[{"id":19899,"href":"https:\/\/www.krupps.com\/pt-pt\/wp-json\/wp\/v2\/pages\/17164\/revisions\/19899"}],"up":[{"embeddable":true,"href":"https:\/\/www.krupps.com\/pt-pt\/wp-json\/wp\/v2\/pages\/17198"}],"wp:attachment":[{"href":"https:\/\/www.krupps.com\/pt-pt\/wp-json\/wp\/v2\/media?parent=17164"}],"curies":[{"name":"wp","href":"https:\/\/api.w.org\/{rel}","templated":true}]}}