	{"id":17020,"date":"2017-09-20T11:11:12","date_gmt":"2017-09-20T09:11:12","guid":{"rendered":"http:\/\/demowp001.stamyna.com\/catalogo\/soft-line\/"},"modified":"2023-01-25T11:02:26","modified_gmt":"2023-01-25T10:02:26","slug":"soft-range","status":"publish","type":"page","link":"https:\/\/www.krupps.com\/pt-pt\/catalogo\/soft-range\/","title":{"rendered":"SOFT range"},"content":{"rendered":"<div class=\"wpb-content-wrapper\"><p>[vc_row][vc_column]<div class=\"ult-spacer spacer-69f5948035f2a\" data-id=\"69f5948035f2a\" data-height=\"40\" data-height-mobile=\"40\" data-height-tab=\"40\" data-height-tab-portrait=\"40\" data-height-mobile-landscape=\"40\" style=\"clear:both;display:block;\"><\/div><div class=\"dt-fancy-separator title-left h1-size style-disabled\" style=\"width: 100%;\"><div class=\"dt-fancy-title\" style=\"color: #d97025;\"><span class=\"separator-holder separator-left\"><\/span>Soft range<span class=\"separator-holder separator-right\"><\/span><\/div><\/div><div class=\"ult-spacer spacer-69f5948035f8d\" data-id=\"69f5948035f8d\" data-height=\"40\" data-height-mobile=\"40\" data-height-tab=\"40\" data-height-tab-portrait=\"40\" data-height-mobile-landscape=\"40\" style=\"clear:both;display:block;\"><\/div>[vc_row_inner][vc_column_inner][vc_column_text]Os modelos da linha <strong>SOFT<\/strong> est\u00e3o equipados com um <strong>amaciador autom\u00e1tico<\/strong> que oferece a possibilidade de dissolver as forma\u00e7\u00f5es de calc\u00e1rio com extrema efic\u00e1cia. O amaciador \u00e9, na verdade, completamente <strong>aut\u00f3nomo<\/strong> e regula automaticamente os seus intervalos de regenera\u00e7\u00e3o em base \u00e0 dureza da \u00e1gua em entrada; o utilizador tem apenas a fun\u00e7\u00e3o de encher o reservat\u00f3rio de sal sempre que aparecer a mensagem de\u201cfalta sal\u201d no ecr\u00e3. A regenera\u00e7\u00e3o das resinas \u00e9 feita atrav\u00e9s dos ciclos de lavagem, portanto n\u00e3o \u00e9 necess\u00e1ria qualquer paragem de m\u00e1quina.<br \/>\nO <strong>ecr\u00e3 UNIKO-MID lcd-touch<\/strong> em vidro temperado \u00e9 extremamente fi\u00e1vel e garante um \u00f3timo desempenho. Escolher um dos 4 ciclos de lavagem dispon\u00edveis \u00e9 muito simples e as pr\u00e1ticas mensagens no ecr\u00e3 permitem preservar a vida da m\u00e1quina de lavar lou\u00e7a.[\/vc_column_text][\/vc_column_inner][\/vc_row_inner]<div class=\"ult-spacer spacer-69f5948035fa8\" data-id=\"69f5948035fa8\" data-height=\"40\" data-height-mobile=\"40\" data-height-tab=\"40\" data-height-tab-portrait=\"40\" data-height-mobile-landscape=\"40\" style=\"clear:both;display:block;\"><\/div>[\/vc_column][\/vc_row]<\/p>\n<\/div>","protected":false},"excerpt":{"rendered":"<p>[vc_row][vc_column][vc_row_inner][vc_column_inner][vc_column_text]Os modelos da linha SOFT est\u00e3o equipados com um amaciador autom\u00e1tico que oferece a possibilidade de dissolver as forma\u00e7\u00f5es de calc\u00e1rio com extrema efic\u00e1cia. O amaciador \u00e9, na verdade, completamente aut\u00f3nomo e regula automaticamente os seus intervalos de regenera\u00e7\u00e3o em base \u00e0 dureza da \u00e1gua em entrada; o utilizador tem apenas a fun\u00e7\u00e3o de encher&hellip;<\/p>\n","protected":false},"author":1,"featured_media":0,"parent":16880,"menu_order":0,"comment_status":"closed","ping_status":"closed","template":"tax-linea.php","meta":{"_acf_changed":false,"footnotes":""},"class_list":["post-17020","page","type-page","status-publish","hentry","description-off"],"acf":[],"_links":{"self":[{"href":"https:\/\/www.krupps.com\/pt-pt\/wp-json\/wp\/v2\/pages\/17020","targetHints":{"allow":["GET"]}}],"collection":[{"href":"https:\/\/www.krupps.com\/pt-pt\/wp-json\/wp\/v2\/pages"}],"about":[{"href":"https:\/\/www.krupps.com\/pt-pt\/wp-json\/wp\/v2\/types\/page"}],"author":[{"embeddable":true,"href":"https:\/\/www.krupps.com\/pt-pt\/wp-json\/wp\/v2\/users\/1"}],"replies":[{"embeddable":true,"href":"https:\/\/www.krupps.com\/pt-pt\/wp-json\/wp\/v2\/comments?post=17020"}],"version-history":[{"count":3,"href":"https:\/\/www.krupps.com\/pt-pt\/wp-json\/wp\/v2\/pages\/17020\/revisions"}],"predecessor-version":[{"id":29821,"href":"https:\/\/www.krupps.com\/pt-pt\/wp-json\/wp\/v2\/pages\/17020\/revisions\/29821"}],"up":[{"embeddable":true,"href":"https:\/\/www.krupps.com\/pt-pt\/wp-json\/wp\/v2\/pages\/16880"}],"wp:attachment":[{"href":"https:\/\/www.krupps.com\/pt-pt\/wp-json\/wp\/v2\/media?parent=17020"}],"curies":[{"name":"wp","href":"https:\/\/api.w.org\/{rel}","templated":true}]}}