	{"id":16981,"date":"2017-09-20T11:11:12","date_gmt":"2017-09-20T09:11:12","guid":{"rendered":"http:\/\/demowp001.stamyna.com\/catalogo\/full-line\/"},"modified":"2017-10-16T20:30:43","modified_gmt":"2017-10-16T18:30:43","slug":"full-line","status":"publish","type":"page","link":"https:\/\/www.krupps.com\/pt-pt\/catalogo\/full-line\/","title":{"rendered":"FULL line"},"content":{"rendered":"<div class=\"wpb-content-wrapper\"><p>[vc_row][vc_column]<div class=\"ult-spacer spacer-69f587382012e\" data-id=\"69f587382012e\" data-height=\"40\" data-height-mobile=\"40\" data-height-tab=\"40\" data-height-tab-portrait=\"40\" data-height-mobile-landscape=\"40\" style=\"clear:both;display:block;\"><\/div><div class=\"dt-fancy-separator title-left h1-size style-disabled\" style=\"width: 100%;\"><div class=\"dt-fancy-title\" style=\"color: #d0b038;\"><span class=\"separator-holder separator-left\"><\/span>Full line<span class=\"separator-holder separator-right\"><\/span><\/div><\/div><div class=\"ult-spacer spacer-69f587382017d\" data-id=\"69f587382017d\" data-height=\"40\" data-height-mobile=\"40\" data-height-tab=\"40\" data-height-tab-portrait=\"40\" data-height-mobile-landscape=\"40\" style=\"clear:both;display:block;\"><\/div>[vc_row_inner][vc_column_inner][vc_column_text]Os modelos da linha <strong>FULL<\/strong> representam a m\u00e1xima express\u00e3o da tecnologia Made in Krupps, capaz de oferecer uma <strong>mudan\u00e7a de \u00e1gua limpa total ou parcial a cada ciclo de lavagem<\/strong> para uma higiene e um brilho nunca vistos antes. O seu funcionamento \u00e9 muito pr\u00e1tico, basta remover o tubo de descarga para alterar a mudan\u00e7a parcial ou total, contemplando sempre a poupan\u00e7a. Dispon\u00edvel com v\u00e1rios acess\u00f3rios, da vers\u00e3o com amaciador autom\u00e1tico \u00e0 com Acquatech System que garante temperatura e press\u00e3o sempre constantes, a linha Full \u00e9 a solu\u00e7\u00e3o <strong>adequada para os clientes mais exigentes.<\/strong><br \/>\nO inovador ecr\u00e3 <strong>UNIKO<\/strong> t\u00e1til em vidro temperado torna <strong>simples e intuitiva qualquer opera\u00e7\u00e3o<\/strong>, da escolha do ciclo de lavagem mais adequado ao controlo da sua progress\u00e3o, para al\u00e9m de dar a possibilidade de controlar sempre o estado da m\u00e1quina de lavar lou\u00e7a com facilidade. A grande variedade de ciclos de lavagem torna a m\u00e1quina de lavar lou\u00e7a personaliz\u00e1vel conforme as suas necessidades. O diagn\u00f3stico autom\u00e1tico constante permite reduzir ao m\u00ednimo as paragens da m\u00e1quina avisando em tempo real o t\u00e9cnico gra\u00e7as ao sistema de <strong>controlo Wi-Fi IKLOUD<\/strong> que d\u00e1 a possibilidade de agir remotamente para modificar os par\u00e2metros da m\u00e1quina de lavar lou\u00e7a e resolver a situa\u00e7\u00e3o em tempo real.[\/vc_column_text][\/vc_column_inner][\/vc_row_inner]<div class=\"ult-spacer spacer-69f5873820192\" data-id=\"69f5873820192\" data-height=\"40\" data-height-mobile=\"40\" data-height-tab=\"40\" data-height-tab-portrait=\"40\" data-height-mobile-landscape=\"40\" style=\"clear:both;display:block;\"><\/div>[\/vc_column][\/vc_row]<\/p>\n<\/div>","protected":false},"excerpt":{"rendered":"<p>[vc_row][vc_column][vc_row_inner][vc_column_inner][vc_column_text]Os modelos da linha FULL representam a m\u00e1xima express\u00e3o da tecnologia Made in Krupps, capaz de oferecer uma mudan\u00e7a de \u00e1gua limpa total ou parcial a cada ciclo de lavagem para uma higiene e um brilho nunca vistos antes. O seu funcionamento \u00e9 muito pr\u00e1tico, basta remover o tubo de descarga para alterar a mudan\u00e7a&hellip;<\/p>\n","protected":false},"author":1,"featured_media":0,"parent":16880,"menu_order":0,"comment_status":"closed","ping_status":"closed","template":"tax-linea.php","meta":{"_acf_changed":false,"footnotes":""},"class_list":["post-16981","page","type-page","status-publish","hentry","description-off"],"acf":[],"_links":{"self":[{"href":"https:\/\/www.krupps.com\/pt-pt\/wp-json\/wp\/v2\/pages\/16981","targetHints":{"allow":["GET"]}}],"collection":[{"href":"https:\/\/www.krupps.com\/pt-pt\/wp-json\/wp\/v2\/pages"}],"about":[{"href":"https:\/\/www.krupps.com\/pt-pt\/wp-json\/wp\/v2\/types\/page"}],"author":[{"embeddable":true,"href":"https:\/\/www.krupps.com\/pt-pt\/wp-json\/wp\/v2\/users\/1"}],"replies":[{"embeddable":true,"href":"https:\/\/www.krupps.com\/pt-pt\/wp-json\/wp\/v2\/comments?post=16981"}],"version-history":[{"count":2,"href":"https:\/\/www.krupps.com\/pt-pt\/wp-json\/wp\/v2\/pages\/16981\/revisions"}],"predecessor-version":[{"id":16983,"href":"https:\/\/www.krupps.com\/pt-pt\/wp-json\/wp\/v2\/pages\/16981\/revisions\/16983"}],"up":[{"embeddable":true,"href":"https:\/\/www.krupps.com\/pt-pt\/wp-json\/wp\/v2\/pages\/16880"}],"wp:attachment":[{"href":"https:\/\/www.krupps.com\/pt-pt\/wp-json\/wp\/v2\/media?parent=16981"}],"curies":[{"name":"wp","href":"https:\/\/api.w.org\/{rel}","templated":true}]}}