	{"id":16958,"date":"2017-09-20T11:11:12","date_gmt":"2017-09-20T09:11:12","guid":{"rendered":"http:\/\/demowp001.stamyna.com\/catalogo\/evolution-line\/"},"modified":"2023-01-25T11:34:46","modified_gmt":"2023-01-25T10:34:46","slug":"evolution-range","status":"publish","type":"page","link":"https:\/\/www.krupps.com\/pt-pt\/catalogo\/evolution-range\/","title":{"rendered":"EVOLUTION range"},"content":{"rendered":"<div class=\"wpb-content-wrapper\"><p>[vc_row][vc_column]<div class=\"ult-spacer spacer-69e21865b9af3\" data-id=\"69e21865b9af3\" data-height=\"40\" data-height-mobile=\"40\" data-height-tab=\"40\" data-height-tab-portrait=\"40\" data-height-mobile-landscape=\"40\" style=\"clear:both;display:block;\"><\/div><div class=\"dt-fancy-separator title-left h1-size style-disabled\" style=\"width: 100%;\"><div class=\"dt-fancy-title\" style=\"color: #7d417f;\"><span class=\"separator-holder separator-left\"><\/span>Evolution range<span class=\"separator-holder separator-right\"><\/span><\/div><\/div><div class=\"ult-spacer spacer-69e21865b9b40\" data-id=\"69e21865b9b40\" data-height=\"40\" data-height-mobile=\"40\" data-height-tab=\"40\" data-height-tab-portrait=\"40\" data-height-mobile-landscape=\"40\" style=\"clear:both;display:block;\"><\/div>[vc_row_inner][vc_column_inner][vc_column_text]A linha <strong>EVOLUTION<\/strong> foi estudada para satisfazer as exig\u00eancias de cada cliente gra\u00e7as aos v\u00e1rios acess\u00f3rios que podem ser instalados, conseguindo conjugar <strong>grandes cargas de trabalho e otimizando os espa\u00e7os<\/strong> \u00e0 disposi\u00e7\u00e3o, simplificando o trabalho do operador e reduzindo os consumos. Os modelos desta linha est\u00e3o equipados com um d<strong>uplo sistema de filtra\u00e7\u00e3o<\/strong> que ret\u00e9m todos os res\u00edduos, as bombas de lavagem verticais e os bra\u00e7os de lavagem em a\u00e7o inox garantem um <strong>grande desempenho<\/strong>. Evolution est\u00e1, al\u00e9m disso, equipada com <strong>portas contrabalan\u00e7adas com dupla parede<\/strong> e sistema de antiqueda e com <strong>tanques perfilados e arredondados.<\/strong>[\/vc_column_text][\/vc_column_inner][\/vc_row_inner]<div class=\"ult-spacer spacer-69e21865b9b55\" data-id=\"69e21865b9b55\" data-height=\"40\" data-height-mobile=\"40\" data-height-tab=\"40\" data-height-tab-portrait=\"40\" data-height-mobile-landscape=\"40\" style=\"clear:both;display:block;\"><\/div>[\/vc_column][\/vc_row]<\/p>\n<\/div>","protected":false},"excerpt":{"rendered":"<p>[vc_row][vc_column][vc_row_inner][vc_column_inner][vc_column_text]A linha EVOLUTION foi estudada para satisfazer as exig\u00eancias de cada cliente gra\u00e7as aos v\u00e1rios acess\u00f3rios que podem ser instalados, conseguindo conjugar grandes cargas de trabalho e otimizando os espa\u00e7os \u00e0 disposi\u00e7\u00e3o, simplificando o trabalho do operador e reduzindo os consumos. Os modelos desta linha est\u00e3o equipados com um duplo sistema de filtra\u00e7\u00e3o que ret\u00e9m&hellip;<\/p>\n","protected":false},"author":1,"featured_media":0,"parent":16880,"menu_order":0,"comment_status":"closed","ping_status":"closed","template":"tax-linea.php","meta":{"_acf_changed":false,"footnotes":""},"class_list":["post-16958","page","type-page","status-publish","hentry","description-off"],"acf":[],"_links":{"self":[{"href":"https:\/\/www.krupps.com\/pt-pt\/wp-json\/wp\/v2\/pages\/16958","targetHints":{"allow":["GET"]}}],"collection":[{"href":"https:\/\/www.krupps.com\/pt-pt\/wp-json\/wp\/v2\/pages"}],"about":[{"href":"https:\/\/www.krupps.com\/pt-pt\/wp-json\/wp\/v2\/types\/page"}],"author":[{"embeddable":true,"href":"https:\/\/www.krupps.com\/pt-pt\/wp-json\/wp\/v2\/users\/1"}],"replies":[{"embeddable":true,"href":"https:\/\/www.krupps.com\/pt-pt\/wp-json\/wp\/v2\/comments?post=16958"}],"version-history":[{"count":3,"href":"https:\/\/www.krupps.com\/pt-pt\/wp-json\/wp\/v2\/pages\/16958\/revisions"}],"predecessor-version":[{"id":29845,"href":"https:\/\/www.krupps.com\/pt-pt\/wp-json\/wp\/v2\/pages\/16958\/revisions\/29845"}],"up":[{"embeddable":true,"href":"https:\/\/www.krupps.com\/pt-pt\/wp-json\/wp\/v2\/pages\/16880"}],"wp:attachment":[{"href":"https:\/\/www.krupps.com\/pt-pt\/wp-json\/wp\/v2\/media?parent=16958"}],"curies":[{"name":"wp","href":"https:\/\/api.w.org\/{rel}","templated":true}]}}