	{"id":16214,"date":"2017-09-22T14:44:24","date_gmt":"2017-09-22T12:44:24","guid":{"rendered":"http:\/\/demowp001.stamyna.com\/?page_id=16214\/"},"modified":"2024-05-15T10:54:41","modified_gmt":"2024-05-15T08:54:41","slug":"user","status":"publish","type":"page","link":"https:\/\/www.krupps.com\/pt-pt\/user\/","title":{"rendered":"User"},"content":{"rendered":"<div class=\"wpb-content-wrapper\"><p>[vc_row][vc_column][vc_empty_space height=&#8221;40px&#8221;][vc_column_text]Ao entrar no s\u00edtio KRUPPS como utilizador registado ser\u00e1 poss\u00edvel:<\/p>\n<p>&#8211; Visualizar os pre\u00e7os dos produtos e dos componentes.<br \/>\n&#8211; Descarregar em formato imprim\u00edvel as fichas de montagem, as fichas de certifica\u00e7\u00e3o e as fichas t\u00e9cnicas.<br \/>\n&#8211; Receber atualiza\u00e7\u00f5es sobre os produtos.<\/p>\n<p>A KRUPPS S.r.l. garante o m\u00e1ximo sigilo e o cumprimento da legisla\u00e7\u00e3o relativa \u00e0 Pol\u00edtica de Privacidade (lei 196\/03); os dados pessoais ser\u00e3o utilizados exclusivamente para viabilizar o fornecimento do nosso servi\u00e7o e n\u00e3o ser\u00e3o transmitidos a terceiros. Para mais informa\u00e7\u00f5es a respeito da lei que protege os direitos em rela\u00e7\u00e3o ao tratamento dos dados pessoais, aconselhamos uma visita \u00e0 p\u00e1gina POL\u00cdTICA DE PRIVACIDADE[\/vc_column_text][\/vc_column][\/vc_row][vc_row][vc_column width=&#8221;2\/3&#8243;][vc_column_text]<\/p>\n<p style=\"text-align: left;\"><div id=\"wpmem_login\"><a id=\"login\"><\/a><form action=\"https:\/\/www.krupps.com\/pt-pt\/user\/\" method=\"POST\" id=\"wpmem_login_form\" class=\"form\"><input type=\"hidden\" id=\"_wpmem_login_nonce\" name=\"_wpmem_login_nonce\" value=\"964ce11284\" \/><input type=\"hidden\" name=\"_wp_http_referer\" value=\"\/pt-pt\/wp-json\/wp\/v2\/pages\/16214\" \/><fieldset><legend>Existing Users Log In<\/legend><label for=\"log\">Email (Use your mission email address if applicable)<\/label><div class=\"div_text\"><input name=\"log\" type=\"text\" id=\"log\" value=\"\" class=\"username\" required  \/><\/div><label for=\"pwd\">Password<\/label><div class=\"div_text\"><input name=\"pwd\" type=\"password\" id=\"pwd\" class=\"password\" required  \/><\/div><input name=\"a\" type=\"hidden\" value=\"login\" \/><input name=\"redirect_to\" type=\"hidden\" value=\"https:\/\/www.krupps.com\/pt-pt\/user\/\" \/><div class=\"button_div\"><input name=\"rememberme\" type=\"checkbox\" id=\"rememberme\" value=\"forever\" \/>&nbsp;<label for=\"rememberme\">Remember Me<\/label>&nbsp;&nbsp;<input type=\"submit\" name=\"Submit\" value=\"Log In\" class=\"buttons\" \/><\/div><div class=\"link-text\"><span class=\"link-text-forgot\">Forgot password?&nbsp;<a href=\"https:\/\/www.krupps.com\/user\/?a=pwdreset\">Click here to reset<\/a><\/span><\/div><\/fieldset><\/form><\/div><div id=\"wpmem_reg\"><a id=\"register\"><\/a><form name=\"form\" method=\"post\" action=\"https:\/\/www.krupps.com\/pt-pt\/user\/\" id=\"wpmem_register_form\" class=\"form\"><input type=\"hidden\" id=\"_wpmem_register_nonce\" name=\"_wpmem_register_nonce\" value=\"54355c2c8e\" \/><input type=\"hidden\" name=\"_wp_http_referer\" value=\"\/pt-pt\/wp-json\/wp\/v2\/pages\/16214\" \/><fieldset><legend>CRIAR PERFIL<\/legend><label for=\"user_email\" class=\"text\">Email<span class=\"req\">*<\/span><\/label><div class=\"div_text\"><input name=\"user_email\" type=\"email\" id=\"user_email\" value=\"\" class=\"textbox\" required  \/><\/div><label for=\"confirm_email\" class=\"text\">Repetir o e-mail<span class=\"req\">*<\/span><\/label><div class=\"div_text\"><input name=\"confirm_email\" type=\"email\" id=\"confirm_email\" value=\"\" class=\"textbox\" required  \/><\/div><label for=\"password\" class=\"text\">Password<span class=\"req\">*<\/span><\/label><div class=\"div_text\"><input name=\"password\" type=\"password\" id=\"password\" class=\"textbox\" required  \/><\/div><label for=\"confirm_password\" class=\"text\">Repetir a senha<span class=\"req\">*<\/span><\/label><div class=\"div_text\"><input name=\"confirm_password\" type=\"password\" id=\"confirm_password\" class=\"textbox\" required  \/><\/div><label for=\"first_name\" class=\"text\">First Name<span class=\"req\">*<\/span><\/label><div class=\"div_text\"><input name=\"first_name\" type=\"text\" id=\"first_name\" value=\"\" class=\"textbox\" required  \/><\/div><label for=\"last_name\" class=\"text\">Last Name<span class=\"req\">*<\/span><\/label><div class=\"div_text\"><input name=\"last_name\" type=\"text\" id=\"last_name\" value=\"\" class=\"textbox\" required  \/><\/div><label for=\"azienda\" class=\"text\">Raz\u00e3o social<span class=\"req\">*<\/span><\/label><div class=\"div_text\"><input name=\"azienda\" type=\"text\" id=\"azienda\" value=\"\" class=\"textbox\" required  \/><\/div><label for=\"partita_iva\" class=\"text\">N.IVA<\/label><div class=\"div_text\"><input name=\"partita_iva\" type=\"text\" id=\"partita_iva\" value=\"\" class=\"textbox\" \/><\/div><label for=\"indirizzo\" class=\"text\">Endere\u00e7o<span class=\"req\">*<\/span><\/label><div class=\"div_text\"><input name=\"indirizzo\" type=\"text\" id=\"indirizzo\" value=\"\" class=\"textbox\" required  \/><\/div><label for=\"cap\" class=\"text\">CP<\/label><div class=\"div_text\"><input name=\"cap\" type=\"text\" id=\"cap\" value=\"\" class=\"textbox\" \/><\/div><label for=\"citta\" class=\"text\">Citt\u00e0<span class=\"req\">*<\/span><\/label><div class=\"div_text\"><input name=\"citta\" type=\"text\" id=\"citta\" value=\"\" class=\"textbox\" required  \/><\/div><label for=\"provincia\" class=\"text\">Distrito<span class=\"req\">*<\/span><\/label><div class=\"div_text\"><input name=\"provincia\" type=\"text\" id=\"provincia\" value=\"\" class=\"textbox\" required  \/><\/div><label for=\"nazione\" class=\"text\">Pa\u00eds<span class=\"req\">*<\/span><\/label><div class=\"div_text\"><input name=\"nazione\" type=\"text\" id=\"nazione\" value=\"\" class=\"textbox\" required  \/><\/div><label for=\"telefono\" class=\"text\">Telefone<span class=\"req\">*<\/span><\/label><div class=\"div_text\"><input name=\"telefono\" type=\"text\" id=\"telefono\" value=\"\" class=\"textbox\" required  \/><\/div><label for=\"cellulare\" class=\"text\">Celular<\/label><div class=\"div_text\"><input name=\"cellulare\" type=\"text\" id=\"cellulare\" value=\"\" class=\"textbox\" \/><\/div><label for=\"fax\" class=\"text\">Fax<\/label><div class=\"div_text\"><input name=\"fax\" type=\"text\" id=\"fax\" value=\"\" class=\"textbox\" \/><\/div><label for=\"user_url\" class=\"text\">Site web<\/label><div class=\"div_text\"><input name=\"user_url\" type=\"url\" id=\"user_url\" value=\"\" class=\"textbox\" \/><\/div><label for=\"consenso_marketing\" class=\"checkbox\">Presto il consenso al trattamento dei miei dati personali per l\u2019invio di newsletter e materiale informativo e\/o pubblicitario anche tramite modalit\u00e0 automatizzate<\/label><div class=\"div_checkbox\"><input name=\"consenso_marketing\" type=\"checkbox\" id=\"consenso_marketing\" value=\"si\" \/><\/div><label for=\"consenso_profilazione\" class=\"checkbox\">Desidero ricevere comunicazioni di marketing personalizzate<\/label><div class=\"div_checkbox\"><input name=\"consenso_profilazione\" type=\"checkbox\" id=\"consenso_profilazione\" value=\"si\" \/><\/div><label for=\"privacy_policy\" class=\"checkbox\">I accept privacy policies about my personal data<span class=\"req\">*<\/span><\/label><div class=\"div_checkbox\"><input name=\"privacy_policy\" type=\"checkbox\" id=\"privacy_policy\" value=\"si\" required  \/><\/div><script src=\"https:\/\/www.google.com\/recaptcha\/api.js?render=6LfDIwoaAAAAALosmHu4Q2cSEvWzKd-2DNyNGrn4\"><\/script><script>grecaptcha.ready(function () {grecaptcha.execute('6LfDIwoaAAAAALosmHu4Q2cSEvWzKd-2DNyNGrn4', { action: 'contact' }).then(function (token) {var recaptchaResponse = document.getElementById('recaptchaResponse');recaptchaResponse.value = token;});});<\/script><input type=\"hidden\" name=\"recaptcha_response\" id=\"recaptchaResponse\"><input name=\"a\" type=\"hidden\" value=\"register\" \/><input name=\"wpmem_reg_page\" type=\"hidden\" value=\"https:\/\/www.krupps.com\/pt-pt\/user\/\" \/><div class=\"button_div\"><input name=\"submit\" type=\"submit\" value=\"Register\" class=\"buttons\" \/><\/div><div class=\"req-text\"><span class=\"req\">*<\/span>Required field<\/div><\/fieldset><\/form><\/div>\n<p style=\"text-align: left;\"><\/p>\n<p>[\/vc_column_text][vc_column_text css=&#8221;&#8221;]<\/p>\n<p style=\"text-align: left;\"><a href=\"https:\/\/marketing.krupps.com\/unsubscribeConfirm\/915671\" target=\"_blank\" rel=\"noopener\">J\u00e1 n\u00e3o pretendo receber comunica\u00e7\u00f5es<\/a><\/p>\n<p>[\/vc_column_text][vc_empty_space height=&#8221;40px&#8221;][\/vc_column][vc_column width=&#8221;1\/3&#8243;][\/vc_column][\/vc_row][vc_row][vc_column][vc_empty_space height=&#8221;40px&#8221;][\/vc_column][\/vc_row]<\/p>\n<\/div>","protected":false},"excerpt":{"rendered":"<p>[vc_row][vc_column][vc_empty_space height=&#8221;40px&#8221;][vc_column_text]Ao entrar no s\u00edtio KRUPPS como utilizador registado ser\u00e1 poss\u00edvel: &#8211; Visualizar os pre\u00e7os dos produtos e dos componentes. &#8211; Descarregar em formato imprim\u00edvel as fichas de montagem, as fichas de certifica\u00e7\u00e3o e as fichas t\u00e9cnicas. &#8211; Receber atualiza\u00e7\u00f5es sobre os produtos. A KRUPPS S.r.l. garante o m\u00e1ximo sigilo e o cumprimento da legisla\u00e7\u00e3o&hellip;<\/p>\n","protected":false},"author":1,"featured_media":0,"parent":0,"menu_order":0,"comment_status":"closed","ping_status":"closed","template":"","meta":{"_acf_changed":false,"footnotes":""},"class_list":["post-16214","page","type-page","status-publish","hentry","description-off"],"acf":[],"_links":{"self":[{"href":"https:\/\/www.krupps.com\/pt-pt\/wp-json\/wp\/v2\/pages\/16214","targetHints":{"allow":["GET"]}}],"collection":[{"href":"https:\/\/www.krupps.com\/pt-pt\/wp-json\/wp\/v2\/pages"}],"about":[{"href":"https:\/\/www.krupps.com\/pt-pt\/wp-json\/wp\/v2\/types\/page"}],"author":[{"embeddable":true,"href":"https:\/\/www.krupps.com\/pt-pt\/wp-json\/wp\/v2\/users\/1"}],"replies":[{"embeddable":true,"href":"https:\/\/www.krupps.com\/pt-pt\/wp-json\/wp\/v2\/comments?post=16214"}],"version-history":[{"count":9,"href":"https:\/\/www.krupps.com\/pt-pt\/wp-json\/wp\/v2\/pages\/16214\/revisions"}],"predecessor-version":[{"id":32823,"href":"https:\/\/www.krupps.com\/pt-pt\/wp-json\/wp\/v2\/pages\/16214\/revisions\/32823"}],"wp:attachment":[{"href":"https:\/\/www.krupps.com\/pt-pt\/wp-json\/wp\/v2\/media?parent=16214"}],"curies":[{"name":"wp","href":"https:\/\/api.w.org\/{rel}","templated":true}]}}