	{"id":16062,"date":"2017-09-05T17:32:21","date_gmt":"2017-09-05T15:32:21","guid":{"rendered":"http:\/\/demowp001.stamyna.com\/?page_id=16062\/"},"modified":"2022-01-04T14:39:59","modified_gmt":"2022-01-04T13:39:59","slug":"uniko-ikloud","status":"publish","type":"page","link":"https:\/\/www.krupps.com\/pt-pt\/uniko-ikloud\/","title":{"rendered":"UNIKO &amp; IKLOUD"},"content":{"rendered":"<div class=\"wpb-content-wrapper\"><p>[vc_row][vc_column 0=&#8221;&#8221;]<div class=\"ult-spacer spacer-69f3947419b90\" data-id=\"69f3947419b90\" data-height=\"40\" data-height-mobile=\"20\" data-height-tab=\"40\" data-height-tab-portrait=\"40\" data-height-mobile-landscape=\"20\" style=\"clear:both;display:block;\"><\/div><div class=\"dt-fancy-separator title-left h1-size style-disabled\" style=\"width: 100%;\"><div class=\"dt-fancy-title\" style=\"color: #ffbf00;\"><span class=\"separator-holder separator-left\"><\/span>UNIKO &amp; IKLOUD<span class=\"separator-holder separator-right\"><\/span><\/div><\/div><div class=\"ult-spacer spacer-69f3947419c16\" data-id=\"69f3947419c16\" data-height=\"40\" data-height-mobile=\"20\" data-height-tab=\"40\" data-height-tab-portrait=\"40\" data-height-mobile-landscape=\"20\" style=\"clear:both;display:block;\"><\/div>[\/vc_column][\/vc_row][vc_row][vc_column width=&#8221;2\/3&#8243;][vc_column_text]<strong>UNIKO &amp; IKLOUD<\/strong> s\u00e3o as duas tecnologias que est\u00e3o a mudar o mundo da lavagem de lou\u00e7a profissional, redefinindo os sistemas de lavagem de lou\u00e7a profissional dentro de um mundo em constante evolu\u00e7\u00e3o. A sua combina\u00e7\u00e3o d\u00e1 origem a um novo conceito na cozinha, onde a m\u00e1quina de lavar loi\u00e7a se torna um protagonista indiscut\u00edvel, capaz de valorizar os pratos preparados pela brigada mas tamb\u00e9m capaz de comunicar com o Servi\u00e7o de Assist\u00eancia T\u00e9cnica para garantir um resultado de lavagem impec\u00e1vel.<\/p>\n<p>&nbsp;<\/p>\n<h3>Descubra <strong>UNIKO<\/strong>, o painel de controlo touch-screen de \u00faltima gera\u00e7\u00e3o<\/h3>\n<p>O novo ecr\u00e3 t\u00e1ctil UNIKO em vidro temperado de \u00faltima gera\u00e7\u00e3o \u00e9 concebido tendo em mente o restaurador. Elegante e refinada, a sua interface muito clara e f\u00e1cil de utilizar chama imediatamente a aten\u00e7\u00e3o. O bot\u00e3o Start pr\u00e1tico muda em sinergia com o estado da m\u00e1quina de lavar loi\u00e7a enquanto um rel\u00f3gio mostra o progresso do ciclo. Para satisfazer as necessidades de cada cliente, a UNIKO est\u00e1 equipada com v\u00e1rios ciclos de lavagem representados por \u00edcones pr\u00e1ticos que identificam o ciclo de acordo com os pratos a lavar, eliminando grande parte da forma\u00e7\u00e3o do pessoal e garantindo sempre lavagens impec\u00e1veis atrav\u00e9s da simples selec\u00e7\u00e3o de um \u00edcone. A fun\u00e7\u00e3o de auto-diagn\u00f3stico constante permite \u00e0 UNIKO minimizar o tempo de paragem da m\u00e1quina, sugerindo j\u00e1 algumas ac\u00e7\u00f5es simples e notificando directamente o t\u00e9cnico (para a fun\u00e7\u00e3o de notifica\u00e7\u00e3o t\u00e9cnica em tempo real o equipamento deve estar ligado ao IKLOUD). Garantir sempre excelentes resultados \u00e9 o nosso objectivo, raz\u00e3o pela qual a m\u00e1quina de lavar loi\u00e7a alerta-o quando a sua manuten\u00e7\u00e3o programada \u00e9 necess\u00e1ria.[\/vc_column_text]<div class=\"ult-spacer spacer-69f3947419c38\" data-id=\"69f3947419c38\" data-height=\"40\" data-height-mobile=\"20\" data-height-tab=\"40\" data-height-tab-portrait=\"40\" data-height-mobile-landscape=\"20\" style=\"clear:both;display:block;\"><\/div>[vc_single_image image=&#8221;17588&#8243; img_size=&#8221;large&#8221;][\/vc_column][vc_column width=&#8221;1\/3&#8243;]<div class=\"ult-spacer spacer-69f3947419c54\" data-id=\"69f3947419c54\" data-height=\"40\" data-height-mobile=\"20\" data-height-tab=\"40\" data-height-tab-portrait=\"40\" data-height-mobile-landscape=\"20\" style=\"clear:both;display:block;\"><\/div><div class=\"dt-fancy-separator title-color accent-border-color\" style=\"width: 100%;\"><div class=\"dt-fancy-title\"><span class=\"separator-holder separator-left\"><\/span>Descubra os 20 ciclos seleccion\u00e1veis:<span class=\"separator-holder separator-right\"><\/span><\/div><\/div><div class=\"ult-spacer spacer-69f3947419c8c\" data-id=\"69f3947419c8c\" data-height=\"100\" data-height-mobile=\"50\" data-height-tab=\"100\" data-height-tab-portrait=\"50\" data-height-mobile-landscape=\"50\" style=\"clear:both;display:block;\"><\/div><div id=\"ult-carousel-227102376169f3947419def\" class=\"ult-carousel-wrapper   ult_horizontal\" data-gutter=\"15\" data-rtl=\"false\" ><div class=\"ult-carousel-95456323169f3947419ce5 \" >[vc_single_image image=&#8221;16822&#8243; img_size=&#8221;&#8221; alignment=&#8221;center&#8221; image_hovers=&#8221;false&#8221;][vc_single_image image=&#8221;16823&#8243; img_size=&#8221;&#8221; alignment=&#8221;center&#8221;][vc_single_image image=&#8221;16827&#8243; img_size=&#8221;&#8221; alignment=&#8221;center&#8221;][vc_single_image image=&#8221;16828&#8243; img_size=&#8221;&#8221; alignment=&#8221;center&#8221;][vc_single_image image=&#8221;16829&#8243; img_size=&#8221;&#8221; alignment=&#8221;center&#8221;][vc_single_image image=&#8221;16830&#8243; img_size=&#8221;&#8221; alignment=&#8221;center&#8221;][vc_single_image image=&#8221;16831&#8243; img_size=&#8221;&#8221; alignment=&#8221;center&#8221;][vc_single_image image=&#8221;16833&#8243; img_size=&#8221;&#8221; alignment=&#8221;center&#8221;][vc_single_image image=&#8221;16834&#8243; img_size=&#8221;&#8221; alignment=&#8221;center&#8221;][vc_single_image image=&#8221;16835&#8243; img_size=&#8221;&#8221; alignment=&#8221;center&#8221;][vc_single_image image=&#8221;16837&#8243; img_size=&#8221;&#8221; alignment=&#8221;center&#8221;][vc_single_image image=&#8221;16839&#8243; img_size=&#8221;&#8221; alignment=&#8221;center&#8221;][vc_single_image image=&#8221;16840&#8243; img_size=&#8221;&#8221; alignment=&#8221;center&#8221;][vc_single_image image=&#8221;16841&#8243; img_size=&#8221;&#8221; alignment=&#8221;center&#8221;][vc_single_image image=&#8221;16842&#8243; img_size=&#8221;&#8221; alignment=&#8221;center&#8221;][vc_single_image image=&#8221;16843&#8243; img_size=&#8221;&#8221; alignment=&#8221;center&#8221;][vc_single_image image=&#8221;16844&#8243; img_size=&#8221;&#8221; alignment=&#8221;center&#8221;][vc_single_image image=&#8221;16845&#8243; img_size=&#8221;&#8221; alignment=&#8221;center&#8221;]<\/div><\/div>\t\t\t<script type=\"text\/javascript\">\n\t\t\t\tjQuery(document).ready(function ($) {\n\t\t\t\t\tif( typeof jQuery('.ult-carousel-95456323169f3947419ce5').slick == \"function\"){\n\t\t\t\t\t\t$('.ult-carousel-95456323169f3947419ce5').slick({dots: false,autoplay: true,autoplaySpeed: \"2000\",speed: \"300\",infinite: true,arrows: true,nextArrow: '<button type=\"button\" role=\"button\" aria-label=\"Next\" style=\"color:#333333; font-size:20px;\" class=\"slick-next default\"><i class=\"ultsl-arrow-right4\"><\/i><\/button>',prevArrow: '<button type=\"button\" role=\"button\" aria-label=\"Previous\" style=\"color:#333333; font-size:20px;\" class=\"slick-prev default\"><i class=\"ultsl-arrow-left4\"><\/i><\/button>',slidesToScroll:1,slidesToShow:1,swipe: true,draggable: true,touchMove: true,pauseOnHover: true,pauseOnFocus: false,responsive: [\n\t\t\t\t\t\t\t{\n\t\t\t\t\t\t\t  breakpoint: 1026,\n\t\t\t\t\t\t\t  settings: {\n\t\t\t\t\t\t\t\tslidesToShow: 1,\n\t\t\t\t\t\t\t\tslidesToScroll: 1,  \n\t\t\t\t\t\t\t  }\n\t\t\t\t\t\t\t},\n\t\t\t\t\t\t\t{\n\t\t\t\t\t\t\t  breakpoint: 1025,\n\t\t\t\t\t\t\t  settings: {\n\t\t\t\t\t\t\t\tslidesToShow: 1,\n\t\t\t\t\t\t\t\tslidesToScroll: 1\n\t\t\t\t\t\t\t  }\n\t\t\t\t\t\t\t},\n\t\t\t\t\t\t\t{\n\t\t\t\t\t\t\t  breakpoint: 760,\n\t\t\t\t\t\t\t  settings: {\n\t\t\t\t\t\t\t\tslidesToShow: 1,\n\t\t\t\t\t\t\t\tslidesToScroll: 1\n\t\t\t\t\t\t\t  }\n\t\t\t\t\t\t\t}\n\t\t\t\t\t\t],pauseOnDotsHover: true,customPaging: function(slider, i) {\n                   return '<i type=\"button\" style= \"color:#333333;\" class=\"ultsl-record\" data-role=\"none\"><\/i>';\n                },});\n\t\t\t\t\t}\n\t\t\t\t});\n\t\t\t<\/script>\n\t\t\t[\/vc_column][\/vc_row][vc_row][vc_column width=&#8221;2\/3&#8243;][vc_column_text]<\/p>\n<h3>Chama-se futuro, soletra-se <strong>IKLOUD<\/strong><\/h3>\n<p>Porque deve um restaurador escolher o IKLOUD? Para melhorar a efici\u00eancia das suas instala\u00e7\u00f5es e aumentar a satisfa\u00e7\u00e3o do cliente.<br \/>\nGra\u00e7as ao IKLOUD, est\u00e1 sempre ligado \u00e0 sua m\u00e1quina de lavar loi\u00e7a, para que possa optimizar o seu consumo &#8211; especialmente quando este foi deixado desnecessariamente entre servi\u00e7os &#8211; e verificar o seu estado de actividade.<\/p>\n<p>Ao mesmo tempo, o t\u00e9cnico tamb\u00e9m est\u00e1 sempre ligado em tempo real, tendo assim a possibilidade de modificar os par\u00e2metros da m\u00e1quina de lavar loi\u00e7a de acordo com as suas necessidades num instante, oferecendo-lhe um servi\u00e7o incompar\u00e1vel. Atrav\u00e9s do IKLOUD, o t\u00e9cnico pode aceder remotamente \u00e0 m\u00e1quina e fazer quaisquer altera\u00e7\u00f5es que pretenda fazer no visor.<\/p>\n<p>&nbsp;<\/p>\n<p>Veja a apresenta\u00e7\u00e3o em v\u00eddeo e <a href=\"https:\/\/www.krupps.com\/wp-content\/uploads\/2022\/01\/2020-05-29-KRUPPS-IKLOUD_EN_web.pdf\" target=\"_blank\" rel=\"noopener\">clique aqui<\/a> para a nossa brochura![\/vc_column_text][\/vc_column][vc_column width=&#8221;1\/3&#8243;][vc_single_image image=&#8221;16066&#8243; img_size=&#8221;200&#215;144&#8243; alignment=&#8221;center&#8221; css=&#8221;.vc_custom_1508073141771{margin-top: 0px !important;margin-right: 0px !important;margin-bottom: 0px !important;margin-left: 0px !important;padding-top: 0px !important;padding-right: 0px !important;padding-bottom: 0px !important;padding-left: 0px !important;}&#8221;][\/vc_column][\/vc_row][vc_row][vc_column]<div class=\"ult-spacer spacer-69f3947419e5c\" data-id=\"69f3947419e5c\" data-height=\"30\" data-height-mobile=\"20\" data-height-tab=\"30\" data-height-tab-portrait=\"30\" data-height-mobile-landscape=\"20\" style=\"clear:both;display:block;\"><\/div>[vc_row_inner][vc_column_inner][vc_column_text]<\/p>\n<h4>Tempo para a inova\u00e7\u00e3o, tempo para o IKLOUD<\/h4>\n<p>[\/vc_column_text][\/vc_column_inner][\/vc_row_inner][vc_video link=&#8221;https:\/\/www.youtube.com\/watch?v=TUJbFTuwdjs&#8221;]<div class=\"ult-spacer spacer-69f3947419e7b\" data-id=\"69f3947419e7b\" data-height=\"30\" data-height-mobile=\"20\" data-height-tab=\"30\" data-height-tab-portrait=\"30\" data-height-mobile-landscape=\"20\" style=\"clear:both;display:block;\"><\/div>[vc_column_text]<strong>IKLOUD: o melhor servi\u00e7o para a sua m\u00e1quina de lavar lou\u00e7a profissional<\/strong>[\/vc_column_text][vc_video link=&#8221;https:\/\/www.youtube.com\/watch?v=-d27MBtWgOg&#8221;][\/vc_column][\/vc_row]<\/p>\n<\/div>","protected":false},"excerpt":{"rendered":"<p>[vc_row][vc_column 0=&#8221;&#8221;][\/vc_column][\/vc_row][vc_row][vc_column width=&#8221;2\/3&#8243;][vc_column_text]UNIKO &amp; IKLOUD s\u00e3o as duas tecnologias que est\u00e3o a mudar o mundo da lavagem de lou\u00e7a profissional, redefinindo os sistemas de lavagem de lou\u00e7a profissional dentro de um mundo em constante evolu\u00e7\u00e3o. A sua combina\u00e7\u00e3o d\u00e1 origem a um novo conceito na cozinha, onde a m\u00e1quina de lavar loi\u00e7a se torna um&hellip;<\/p>\n","protected":false},"author":3,"featured_media":0,"parent":0,"menu_order":3,"comment_status":"closed","ping_status":"closed","template":"","meta":{"_acf_changed":false,"footnotes":""},"class_list":["post-16062","page","type-page","status-publish","hentry","description-off"],"acf":[],"_links":{"self":[{"href":"https:\/\/www.krupps.com\/pt-pt\/wp-json\/wp\/v2\/pages\/16062","targetHints":{"allow":["GET"]}}],"collection":[{"href":"https:\/\/www.krupps.com\/pt-pt\/wp-json\/wp\/v2\/pages"}],"about":[{"href":"https:\/\/www.krupps.com\/pt-pt\/wp-json\/wp\/v2\/types\/page"}],"author":[{"embeddable":true,"href":"https:\/\/www.krupps.com\/pt-pt\/wp-json\/wp\/v2\/users\/3"}],"replies":[{"embeddable":true,"href":"https:\/\/www.krupps.com\/pt-pt\/wp-json\/wp\/v2\/comments?post=16062"}],"version-history":[{"count":5,"href":"https:\/\/www.krupps.com\/pt-pt\/wp-json\/wp\/v2\/pages\/16062\/revisions"}],"predecessor-version":[{"id":26779,"href":"https:\/\/www.krupps.com\/pt-pt\/wp-json\/wp\/v2\/pages\/16062\/revisions\/26779"}],"wp:attachment":[{"href":"https:\/\/www.krupps.com\/pt-pt\/wp-json\/wp\/v2\/media?parent=16062"}],"curies":[{"name":"wp","href":"https:\/\/api.w.org\/{rel}","templated":true}]}}