	{"id":16055,"date":"2017-09-13T09:30:31","date_gmt":"2017-09-13T07:30:31","guid":{"rendered":"http:\/\/demowp001.stamyna.com\/?page_id=16055\/"},"modified":"2018-09-10T10:58:24","modified_gmt":"2018-09-10T08:58:24","slug":"documentacao","status":"publish","type":"page","link":"https:\/\/www.krupps.com\/pt-pt\/documentacao\/","title":{"rendered":"Documenta\u00e7\u00e3o"},"content":{"rendered":"<h3>Nesta se\u00e7\u00e3o voc\u00ea pode encontrar todas as informa\u00e7\u00f5es que voc\u00ea precisa sobre os produtos KRUPPS.<\/h3>\n<h4>Explore o menu \u00e0 esquerda e selecione a categoria em que voc\u00ea est\u00e1 interessado.<\/h4>\n","protected":false},"excerpt":{"rendered":"<p>Nesta se\u00e7\u00e3o voc\u00ea pode encontrar todas as informa\u00e7\u00f5es que voc\u00ea precisa sobre os produtos KRUPPS. Explore o menu \u00e0 esquerda e selecione a categoria em que voc\u00ea est\u00e1 interessado.<\/p>\n","protected":false},"author":1,"featured_media":0,"parent":0,"menu_order":0,"comment_status":"closed","ping_status":"closed","template":"page-documentazione.php","meta":{"_acf_changed":false,"footnotes":""},"class_list":["post-16055","page","type-page","status-publish","hentry","description-off"],"acf":[],"_links":{"self":[{"href":"https:\/\/www.krupps.com\/pt-pt\/wp-json\/wp\/v2\/pages\/16055","targetHints":{"allow":["GET"]}}],"collection":[{"href":"https:\/\/www.krupps.com\/pt-pt\/wp-json\/wp\/v2\/pages"}],"about":[{"href":"https:\/\/www.krupps.com\/pt-pt\/wp-json\/wp\/v2\/types\/page"}],"author":[{"embeddable":true,"href":"https:\/\/www.krupps.com\/pt-pt\/wp-json\/wp\/v2\/users\/1"}],"replies":[{"embeddable":true,"href":"https:\/\/www.krupps.com\/pt-pt\/wp-json\/wp\/v2\/comments?post=16055"}],"version-history":[{"count":2,"href":"https:\/\/www.krupps.com\/pt-pt\/wp-json\/wp\/v2\/pages\/16055\/revisions"}],"predecessor-version":[{"id":20761,"href":"https:\/\/www.krupps.com\/pt-pt\/wp-json\/wp\/v2\/pages\/16055\/revisions\/20761"}],"wp:attachment":[{"href":"https:\/\/www.krupps.com\/pt-pt\/wp-json\/wp\/v2\/media?parent=16055"}],"curies":[{"name":"wp","href":"https:\/\/api.w.org\/{rel}","templated":true}]}}