	{"id":15876,"date":"2017-09-07T11:13:28","date_gmt":"2017-09-07T09:13:28","guid":{"rendered":"http:\/\/demowp001.stamyna.com\/?page_id=15876\/"},"modified":"2025-10-27T11:39:51","modified_gmt":"2025-10-27T10:39:51","slug":"privacy-policies","status":"publish","type":"page","link":"https:\/\/www.krupps.com\/pt-pt\/privacy-policies\/","title":{"rendered":"Privacy policies"},"content":{"rendered":"<div class=\"wpb-content-wrapper\"><p>[vc_row][vc_column]<div class=\"ult-spacer spacer-69e9ff19acdef\" data-id=\"69e9ff19acdef\" data-height=\"40\" data-height-mobile=\"20\" data-height-tab=\"40\" data-height-tab-portrait=\"40\" data-height-mobile-landscape=\"20\" style=\"clear:both;display:block;\"><\/div><div class=\"dt-fancy-separator title-left h1-size style-disabled\" style=\"width: 100%;\"><div class=\"dt-fancy-title\" style=\"color: #1dc5f3;\"><span class=\"separator-holder separator-left\"><\/span>Privacy policies<span class=\"separator-holder separator-right\"><\/span><\/div><\/div>[vc_empty_space height=&#8221;44px&#8221;][vc_column_text css=&#8221;&#8221;]<strong>A prote\u00e7\u00e3o dos dados pessoais dos nossos usu\u00e1rios \u00e9 importante para n\u00f3s. Queremos garantir transpar\u00eancia e seguran\u00e7a no processamento das informa\u00e7\u00f5es que voc\u00ea compartilha. Nesta se\u00e7\u00e3o, voc\u00ea encontrar\u00e1 todas as informa\u00e7\u00f5es sobre como coletamos, usamos e protegemos seus dados.<\/strong>[\/vc_column_text][\/vc_column][\/vc_row][vc_row][vc_column]<span id=\"creative-link-wrap-3265\" class=\"ult_main_cl ult-adjust-bottom-margin  \" >\n\t \t\t\t<span class=\"ult_cl_link_1  ult_crlink\" >\n\t\t\t\t\t<a  data-ultimate-target='#creative-link-wrap-3265 .ult_colorlink'  data-responsive-json-new='{\"font-size\":\"desktop:18px;\",\"line-height\":\"\"}'  href=\"https:\/\/www.krupps.com\/pt-pt\/privacy-policies\/informativa-al-trattamento-dei-dati-personali-dellutente\/\" title=\"Information on the Processing of Personal Data of the User\" target=\"_blank\" rel=\"noopener\"  class=\"ult_colorlink ult-responsive \" style=\"float:left;font-weight:normal;color:#333333; \"  data-textcolor=\"#333333\" data-texthover=\"#333333\"data-style=\"Style_1\">\n\t\t\t\t\t\t\n\t\t\t\t\t\t<span data-hover=\"Informa\u00e7\u00f5es sobre o tratamento de dados pessoais do usu\u00e1rio\" style=\"color:#333333;;;\" class=\"ult_btn10_span   \">Informa\u00e7\u00f5es sobre o tratamento de dados pessoais do usu\u00e1rio<\/span>\n\t\t\t\t\t\t\n\t\t\t\t\t<\/a>\n\t\t\t\t<\/span>\n\t\t\t<\/span><div class=\"ult-spacer spacer-69e9ff19ace83\" data-id=\"69e9ff19ace83\" data-height=\"40\" data-height-mobile=\"20\" data-height-tab=\"40\" data-height-tab-portrait=\"40\" data-height-mobile-landscape=\"20\" style=\"clear:both;display:block;\"><\/div><span id=\"creative-link-wrap-3329\" class=\"ult_main_cl ult-adjust-bottom-margin  \" >\n\t \t\t\t<span class=\"ult_cl_link_1  ult_crlink\" >\n\t\t\t\t\t<a  data-ultimate-target='#creative-link-wrap-3329 .ult_colorlink'  data-responsive-json-new='{\"font-size\":\"desktop:18px;\",\"line-height\":\"\"}'  href=\"https:\/\/www.krupps.com\/pt-pt\/privacy-policies\/informativa-fornitori\/\" title=\"Privacy Policy for Suppliers\" target=\"_blank\" rel=\"noopener\"  class=\"ult_colorlink ult-responsive \" style=\"float:left;font-weight:normal;color:#333333; \"  data-textcolor=\"#333333\" data-texthover=\"#333333\"data-style=\"Style_1\">\n\t\t\t\t\t\t\n\t\t\t\t\t\t<span data-hover=\"Informa\u00e7\u00f5es para fornecedores\" style=\"color:#333333;;;\" class=\"ult_btn10_span   \">Informa\u00e7\u00f5es para fornecedores<\/span>\n\t\t\t\t\t\t\n\t\t\t\t\t<\/a>\n\t\t\t\t<\/span>\n\t\t\t<\/span><div class=\"ult-spacer spacer-69e9ff19acebb\" data-id=\"69e9ff19acebb\" data-height=\"40\" data-height-mobile=\"20\" data-height-tab=\"40\" data-height-tab-portrait=\"40\" data-height-mobile-landscape=\"20\" style=\"clear:both;display:block;\"><\/div><span id=\"creative-link-wrap-7440\" class=\"ult_main_cl ult-adjust-bottom-margin  \" >\n\t \t\t\t<span class=\"ult_cl_link_1  ult_crlink\" >\n\t\t\t\t\t<a  data-ultimate-target='#creative-link-wrap-7440 .ult_colorlink'  data-responsive-json-new='{\"font-size\":\"desktop:18px;\",\"line-height\":\"\"}'  href=\"https:\/\/www.krupps.com\/pt-pt\/privacy-policies\/informativa-clienti\/\" title=\"Privacy Policy for Customers and Potential Customers\" target=\"_blank\" rel=\"noopener\"  class=\"ult_colorlink ult-responsive \" style=\"float:left;font-weight:normal;color:#333333; \"  data-textcolor=\"#333333\" data-texthover=\"#333333\"data-style=\"Style_1\">\n\t\t\t\t\t\t\n\t\t\t\t\t\t<span data-hover=\"Informa\u00e7\u00f5es para clientes e potenciais clientes\" style=\"color:#333333;;;\" class=\"ult_btn10_span   \">Informa\u00e7\u00f5es para clientes e potenciais clientes<\/span>\n\t\t\t\t\t\t\n\t\t\t\t\t<\/a>\n\t\t\t\t<\/span>\n\t\t\t<\/span><div class=\"ult-spacer spacer-69e9ff19aceeb\" data-id=\"69e9ff19aceeb\" data-height=\"40\" data-height-mobile=\"20\" data-height-tab=\"40\" data-height-tab-portrait=\"40\" data-height-mobile-landscape=\"20\" style=\"clear:both;display:block;\"><\/div><span id=\"creative-link-wrap-1130\" class=\"ult_main_cl ult-adjust-bottom-margin  \" >\n\t \t\t\t<span class=\"ult_cl_link_1  ult_crlink\" >\n\t\t\t\t\t<a  data-ultimate-target='#creative-link-wrap-1130 .ult_colorlink'  data-responsive-json-new='{\"font-size\":\"desktop:18px;\",\"line-height\":\"\"}'  href=\"https:\/\/www.krupps.com\/pt-pt\/cookie-policy-2\/\" title=\"Cookie Policy and Third Party Services\" target=\"_blank\" rel=\"noopener\"  class=\"ult_colorlink ult-responsive \" style=\"float:left;font-weight:normal;color:#333333; \"  data-textcolor=\"#333333\" data-texthover=\"#333333\"data-style=\"Style_1\">\n\t\t\t\t\t\t\n\t\t\t\t\t\t<span data-hover=\"Pol\u00edtica de cookies e servi\u00e7os de terceiros\" style=\"color:#333333;;;\" class=\"ult_btn10_span   \">Pol\u00edtica de cookies e servi\u00e7os de terceiros<\/span>\n\t\t\t\t\t\t\n\t\t\t\t\t<\/a>\n\t\t\t\t<\/span>\n\t\t\t<\/span><div class=\"ult-spacer spacer-69e9ff19acf19\" data-id=\"69e9ff19acf19\" data-height=\"40\" data-height-mobile=\"20\" data-height-tab=\"40\" data-height-tab-portrait=\"40\" data-height-mobile-landscape=\"20\" style=\"clear:both;display:block;\"><\/div><span id=\"creative-link-wrap-4377\" class=\"ult_main_cl ult-adjust-bottom-margin  \" >\n\t \t\t\t<span class=\"ult_cl_link_1  ult_crlink\" >\n\t\t\t\t\t<a  data-ultimate-target='#creative-link-wrap-4377 .ult_colorlink'  data-responsive-json-new='{\"font-size\":\"desktop:18px;\",\"line-height\":\"\"}'  href=\"https:\/\/www.krupps.com\/en\/privacy-policies\/privacy-policy-for-applicants\/\" title=\"Privacy Policy for Applicants\" target=\"_blank\" rel=\"noopener\"  class=\"ult_colorlink ult-responsive \" style=\"float:left;font-weight:normal;color:#333333; \"  data-textcolor=\"#333333\" data-texthover=\"#333333\"data-style=\"Style_1\">\n\t\t\t\t\t\t\n\t\t\t\t\t\t<span data-hover=\"Informa\u00e7\u00f5es para candidatos\" style=\"color:#333333;;;\" class=\"ult_btn10_span   \">Informa\u00e7\u00f5es para candidatos<\/span>\n\t\t\t\t\t\t\n\t\t\t\t\t<\/a>\n\t\t\t\t<\/span>\n\t\t\t<\/span><div class=\"ult-spacer spacer-69e9ff19acf45\" data-id=\"69e9ff19acf45\" data-height=\"40\" data-height-mobile=\"20\" data-height-tab=\"40\" data-height-tab-portrait=\"40\" data-height-mobile-landscape=\"20\" style=\"clear:both;display:block;\"><\/div><span id=\"creative-link-wrap-3119\" class=\"ult_main_cl ult-adjust-bottom-margin  \" >\n\t \t\t\t<span class=\"ult_cl_link_1  ult_crlink\" >\n\t\t\t\t\t<a  data-ultimate-target='#creative-link-wrap-3119 .ult_colorlink'  data-responsive-json-new='{\"font-size\":\"desktop:18px;\",\"line-height\":\"\"}'  href=\"https:\/\/www.krupps.com\/pt-pt\/informacoes-sobre-o-tratamento-de-dados-pessoais-participantes\/\" title=\"Privacy Policy for Applicants\" target=\"_blank\" rel=\"noopener\"  class=\"ult_colorlink ult-responsive \" style=\"float:left;font-weight:normal;color:#333333; \"  data-textcolor=\"#333333\" data-texthover=\"#333333\"data-style=\"Style_1\">\n\t\t\t\t\t\t\n\t\t\t\t\t\t<span data-hover=\"Aviso de privacidade \u2013 Eventos\" style=\"color:#333333;;;\" class=\"ult_btn10_span   \">Aviso de privacidade \u2013 Eventos<\/span>\n\t\t\t\t\t\t\n\t\t\t\t\t<\/a>\n\t\t\t\t<\/span>\n\t\t\t<\/span>[vc_empty_space height=&#8221;44px&#8221;][\/vc_column][\/vc_row][vc_row][vc_column]<div class=\"ult-spacer spacer-69e9ff19acf71\" data-id=\"69e9ff19acf71\" data-height=\"50\" data-height-mobile=\"50\" data-height-tab=\"50\" data-height-tab-portrait=\"\" data-height-mobile-landscape=\"\" style=\"clear:both;display:block;\"><\/div>[\/vc_column][\/vc_row]<\/p>\n<\/div>","protected":false},"excerpt":{"rendered":"<p>[vc_row][vc_column][vc_empty_space height=&#8221;44px&#8221;][vc_column_text css=&#8221;&#8221;]A prote\u00e7\u00e3o dos dados pessoais dos nossos usu\u00e1rios \u00e9 importante para n\u00f3s. Queremos garantir transpar\u00eancia e seguran\u00e7a no processamento das informa\u00e7\u00f5es que voc\u00ea compartilha. Nesta se\u00e7\u00e3o, voc\u00ea encontrar\u00e1 todas as informa\u00e7\u00f5es sobre como coletamos, usamos e protegemos seus dados.[\/vc_column_text][\/vc_column][\/vc_row][vc_row][vc_column][vc_empty_space height=&#8221;44px&#8221;][\/vc_column][\/vc_row][vc_row][vc_column][\/vc_column][\/vc_row]<\/p>\n","protected":false},"author":1,"featured_media":0,"parent":0,"menu_order":0,"comment_status":"closed","ping_status":"closed","template":"","meta":{"_acf_changed":false,"footnotes":""},"class_list":["post-15876","page","type-page","status-publish","hentry","description-off"],"acf":[],"_links":{"self":[{"href":"https:\/\/www.krupps.com\/pt-pt\/wp-json\/wp\/v2\/pages\/15876","targetHints":{"allow":["GET"]}}],"collection":[{"href":"https:\/\/www.krupps.com\/pt-pt\/wp-json\/wp\/v2\/pages"}],"about":[{"href":"https:\/\/www.krupps.com\/pt-pt\/wp-json\/wp\/v2\/types\/page"}],"author":[{"embeddable":true,"href":"https:\/\/www.krupps.com\/pt-pt\/wp-json\/wp\/v2\/users\/1"}],"replies":[{"embeddable":true,"href":"https:\/\/www.krupps.com\/pt-pt\/wp-json\/wp\/v2\/comments?post=15876"}],"version-history":[{"count":11,"href":"https:\/\/www.krupps.com\/pt-pt\/wp-json\/wp\/v2\/pages\/15876\/revisions"}],"predecessor-version":[{"id":36942,"href":"https:\/\/www.krupps.com\/pt-pt\/wp-json\/wp\/v2\/pages\/15876\/revisions\/36942"}],"wp:attachment":[{"href":"https:\/\/www.krupps.com\/pt-pt\/wp-json\/wp\/v2\/media?parent=15876"}],"curies":[{"name":"wp","href":"https:\/\/api.w.org\/{rel}","templated":true}]}}