	{"id":35147,"date":"2017-09-07T16:30:44","date_gmt":"2017-09-07T14:30:44","guid":{"rendered":"https:\/\/www.krupps.com\/?page_id=35147"},"modified":"2025-02-17T16:36:05","modified_gmt":"2025-02-17T15:36:05","slug":"en-iec-631362019","status":"publish","type":"page","link":"https:\/\/www.krupps.com\/fr\/documentation\/en-iec-631362019\/","title":{"rendered":"Norme EN IEC 63136:2019"},"content":{"rendered":"\n<figure class=\"wp-block-image size-full\"><img loading=\"lazy\" decoding=\"async\" width=\"380\" height=\"100\" src=\"https:\/\/www.krupps.com\/wp-content\/uploads\/2025\/02\/IEC_logo.jpg\" alt=\"\" class=\"wp-image-35152\" \/><\/figure>\n\n\n\n<p>Depuis le 1er janvier 2024, la Suisse exige la communication des informations sur la consommation d\u2019\u00e9nergie et l\u2019efficacit\u00e9 de lavage des lave-vaisselle professionnels vendus et install\u00e9s sur son territoire.<br>Krupps a choisi de tester ses produits selon la <strong>norme europ\u00e9enne EN IEC 63136:2019<\/strong>, garantissant une transparence et une fiabilit\u00e9 maximales \u00e0 ses clients, en accord avec les directives du Conseil f\u00e9d\u00e9ral.<\/p>\n\n\n\n<p>Les r\u00e9sultats des tests sont disponibles en t\u00e9l\u00e9chargement directement sur cette page.<\/p>\n\n\n\n<p>Consultez le\u00a0<strong><a href=\"https:\/\/www.krupps.com\/wp-content\/uploads\/2025\/02\/KRUPPS-EN-IEC-63136_Rev02.pdf\" target=\"_blank\" rel=\"noreferrer noopener\">tableau des performances<\/a><\/strong><\/p>\n\n\n\n<div style=\"height:50px\" aria-hidden=\"true\" class=\"wp-block-spacer\"><\/div>\n\n\n\n<p><\/p>\n","protected":false},"excerpt":{"rendered":"<p>Depuis le 1er janvier 2024, la Suisse exige la communication des informations sur la consommation d\u2019\u00e9nergie et l\u2019efficacit\u00e9 de lavage des lave-vaisselle professionnels vendus et install\u00e9s sur son territoire.Krupps a choisi de tester ses produits selon la norme europ\u00e9enne EN IEC 63136:2019, garantissant une transparence et une fiabilit\u00e9 maximales \u00e0 ses clients, en accord avec&hellip;<\/p>\n","protected":false},"author":11725,"featured_media":0,"parent":16046,"menu_order":6,"comment_status":"closed","ping_status":"closed","template":"page-template-documentazione.php","meta":{"_acf_changed":false,"footnotes":""},"class_list":["post-35147","page","type-page","status-publish","hentry","description-off"],"acf":[],"_links":{"self":[{"href":"https:\/\/www.krupps.com\/fr\/wp-json\/wp\/v2\/pages\/35147","targetHints":{"allow":["GET"]}}],"collection":[{"href":"https:\/\/www.krupps.com\/fr\/wp-json\/wp\/v2\/pages"}],"about":[{"href":"https:\/\/www.krupps.com\/fr\/wp-json\/wp\/v2\/types\/page"}],"author":[{"embeddable":true,"href":"https:\/\/www.krupps.com\/fr\/wp-json\/wp\/v2\/users\/11725"}],"replies":[{"embeddable":true,"href":"https:\/\/www.krupps.com\/fr\/wp-json\/wp\/v2\/comments?post=35147"}],"version-history":[{"count":4,"href":"https:\/\/www.krupps.com\/fr\/wp-json\/wp\/v2\/pages\/35147\/revisions"}],"predecessor-version":[{"id":35242,"href":"https:\/\/www.krupps.com\/fr\/wp-json\/wp\/v2\/pages\/35147\/revisions\/35242"}],"up":[{"embeddable":true,"href":"https:\/\/www.krupps.com\/fr\/wp-json\/wp\/v2\/pages\/16046"}],"wp:attachment":[{"href":"https:\/\/www.krupps.com\/fr\/wp-json\/wp\/v2\/media?parent=35147"}],"curies":[{"name":"wp","href":"https:\/\/api.w.org\/{rel}","templated":true}]}}