	{"id":32179,"date":"2017-09-20T11:11:12","date_gmt":"2017-09-20T09:11:12","guid":{"rendered":"https:\/\/www.krupps.com\/?page_id=32179"},"modified":"2024-02-21T12:49:47","modified_gmt":"2024-02-21T11:49:47","slug":"kera-range","status":"publish","type":"page","link":"https:\/\/www.krupps.com\/fr\/catalogue\/kera-range\/","title":{"rendered":"KERA range"},"content":{"rendered":"<div class=\"wpb-content-wrapper\"><p>[vc_row][vc_column]<div class=\"ult-spacer spacer-69e23e7631938\" data-id=\"69e23e7631938\" data-height=\"40\" data-height-mobile=\"40\" data-height-tab=\"40\" data-height-tab-portrait=\"40\" data-height-mobile-landscape=\"40\" style=\"clear:both;display:block;\"><\/div><div class=\"dt-fancy-separator title-left h1-size style-disabled\" style=\"width: 100%;\"><div class=\"dt-fancy-title\" style=\"color: #000000;\"><span class=\"separator-holder separator-left\"><\/span>KERA range<span class=\"separator-holder separator-right\"><\/span><\/div><\/div><div class=\"ult-spacer spacer-69e23e763198c\" data-id=\"69e23e763198c\" data-height=\"10\" data-height-mobile=\"10\" data-height-tab=\"10\" data-height-tab-portrait=\"10\" data-height-mobile-landscape=\"10\" style=\"clear:both;display:block;\"><\/div><div class=\"dt-fancy-separator title-left h4-size style-disabled\" style=\"width: 100%;\"><div class=\"dt-fancy-title\" style=\"color: #000000;\"><span class=\"separator-holder separator-left\"><\/span>Une nouvelle exp\u00e9rience de lavage<span class=\"separator-holder separator-right\"><\/span><\/div><\/div><div class=\"ult-spacer spacer-69e23e76319bb\" data-id=\"69e23e76319bb\" data-height=\"40\" data-height-mobile=\"40\" data-height-tab=\"40\" data-height-tab-portrait=\"40\" data-height-mobile-landscape=\"40\" style=\"clear:both;display:block;\"><\/div>[vc_row_inner][vc_column_inner][vc_column_text]Innovante, moderne, \u00e9l\u00e9gante: <strong>Kera<\/strong> est la gamme qui combine <strong>technologie<\/strong>, <strong>design<\/strong> et <strong>excellentes performances<\/strong>, tout en mettant l&rsquo;accent sur le d\u00e9veloppement durable.<\/p>\n<p>Les <strong>lignes minimalistes<\/strong> et le coloris &lsquo;<strong>Noir intense<\/strong>&lsquo; cr\u00e9ent une gamme qui incarne la modernit\u00e9 et le style.<br \/>\nLe <strong>panneau tactile vertical de 5 pouces<\/strong> rend chaque \u00e9tape, de la s\u00e9lection du cycle \u00e0 la gestion des param\u00e8tres, intuitive, pour <strong>une exp\u00e9rience de lavage sans pr\u00e9c\u00e9dent<\/strong>.<\/p>\n<p><strong>Kera<\/strong> offre un large choix de cycles de lavage, ce qui rend la gamme tr\u00e8s adaptable et personnalisable pour r\u00e9pondre \u00e0 tous les besoins.<br \/>\nLa gamme est enti\u00e8rement <strong>compl\u00e8te en option<\/strong> et est \u00e9quip\u00e9e des derni\u00e8res technologies telles que <strong>Double paroi<\/strong>, <strong>SOFT Start,<\/strong> <strong>SOFT Door<\/strong>, <strong>Acquatech System<\/strong> et le <strong>Level Control System (LCS)<\/strong>. Gr\u00e2ce \u00e0 la connexion <strong>Bluetooth et Wi-Fi<\/strong> int\u00e9gr\u00e9e, chaque mod\u00e8le peut \u00eatre enti\u00e8rement g\u00e9r\u00e9 \u00e0 distance via l&rsquo;appli <strong>Krupps Remote Control<\/strong> et la plateforme num\u00e9rique <strong>Ikloud<\/strong>.<\/p>\n<p>La gamme <strong>Kera<\/strong> a \u00e9t\u00e9 con\u00e7ue pour vous offrir le nec plus ultra en mati\u00e8re de durabilit\u00e9 environnementale, offrant des performances exceptionnelles avec une <strong>\u00e9conomie de plus de 30 % sur la consommation quotidienne d&rsquo;\u00e9nergie<\/strong>.[\/vc_column_text][\/vc_column_inner][\/vc_row_inner]<div class=\"ult-spacer spacer-69e23e76319ce\" data-id=\"69e23e76319ce\" data-height=\"40\" data-height-mobile=\"40\" data-height-tab=\"40\" data-height-tab-portrait=\"40\" data-height-mobile-landscape=\"40\" style=\"clear:both;display:block;\"><\/div>[\/vc_column][\/vc_row]<\/p>\n<\/div>","protected":false},"excerpt":{"rendered":"<p>[vc_row][vc_column][vc_row_inner][vc_column_inner][vc_column_text]Innovante, moderne, \u00e9l\u00e9gante: Kera est la gamme qui combine technologie, design et excellentes performances, tout en mettant l&rsquo;accent sur le d\u00e9veloppement durable. Les lignes minimalistes et le coloris &lsquo;Noir intense&lsquo; cr\u00e9ent une gamme qui incarne la modernit\u00e9 et le style. Le panneau tactile vertical de 5 pouces rend chaque \u00e9tape, de la s\u00e9lection du cycle&hellip;<\/p>\n","protected":false},"author":11725,"featured_media":0,"parent":16874,"menu_order":0,"comment_status":"closed","ping_status":"closed","template":"tax-linea.php","meta":{"_acf_changed":false,"footnotes":""},"class_list":["post-32179","page","type-page","status-publish","hentry","description-off"],"acf":[],"_links":{"self":[{"href":"https:\/\/www.krupps.com\/fr\/wp-json\/wp\/v2\/pages\/32179","targetHints":{"allow":["GET"]}}],"collection":[{"href":"https:\/\/www.krupps.com\/fr\/wp-json\/wp\/v2\/pages"}],"about":[{"href":"https:\/\/www.krupps.com\/fr\/wp-json\/wp\/v2\/types\/page"}],"author":[{"embeddable":true,"href":"https:\/\/www.krupps.com\/fr\/wp-json\/wp\/v2\/users\/11725"}],"replies":[{"embeddable":true,"href":"https:\/\/www.krupps.com\/fr\/wp-json\/wp\/v2\/comments?post=32179"}],"version-history":[{"count":5,"href":"https:\/\/www.krupps.com\/fr\/wp-json\/wp\/v2\/pages\/32179\/revisions"}],"predecessor-version":[{"id":32318,"href":"https:\/\/www.krupps.com\/fr\/wp-json\/wp\/v2\/pages\/32179\/revisions\/32318"}],"up":[{"embeddable":true,"href":"https:\/\/www.krupps.com\/fr\/wp-json\/wp\/v2\/pages\/16874"}],"wp:attachment":[{"href":"https:\/\/www.krupps.com\/fr\/wp-json\/wp\/v2\/media?parent=32179"}],"curies":[{"name":"wp","href":"https:\/\/api.w.org\/{rel}","templated":true}]}}