	{"id":29527,"date":"2019-04-12T15:03:10","date_gmt":"2019-04-12T13:03:10","guid":{"rendered":"https:\/\/www.krupps.com\/?page_id=29527"},"modified":"2024-10-21T17:27:08","modified_gmt":"2024-10-21T15:27:08","slug":"manuale-tecnico-lavastoviglie-advance-2-2","status":"publish","type":"page","link":"https:\/\/www.krupps.com\/fr\/documentation\/manuale-tecnico-lavastoviglie-advance-2-2\/","title":{"rendered":"Manuel technique lave-vaisselle ADVANCE avec Adoucisseur Automatique et\/ou Break Tank"},"content":{"rendered":"Vous devez \u00eatre connect\u00e9 pour voir ce contenu.","protected":false},"excerpt":{"rendered":"Vous devez \u00eatre connect\u00e9 pour voir ce contenu.","protected":false},"author":3,"featured_media":0,"parent":16046,"menu_order":8,"comment_status":"closed","ping_status":"closed","template":"page-template-documentazione.php","meta":{"_acf_changed":false,"footnotes":""},"class_list":["post-29527","page","type-page","status-publish","hentry","description-off"],"acf":[],"_links":{"self":[{"href":"https:\/\/www.krupps.com\/fr\/wp-json\/wp\/v2\/pages\/29527","targetHints":{"allow":["GET"]}}],"collection":[{"href":"https:\/\/www.krupps.com\/fr\/wp-json\/wp\/v2\/pages"}],"about":[{"href":"https:\/\/www.krupps.com\/fr\/wp-json\/wp\/v2\/types\/page"}],"author":[{"embeddable":true,"href":"https:\/\/www.krupps.com\/fr\/wp-json\/wp\/v2\/users\/3"}],"replies":[{"embeddable":true,"href":"https:\/\/www.krupps.com\/fr\/wp-json\/wp\/v2\/comments?post=29527"}],"version-history":[{"count":3,"href":"https:\/\/www.krupps.com\/fr\/wp-json\/wp\/v2\/pages\/29527\/revisions"}],"predecessor-version":[{"id":34180,"href":"https:\/\/www.krupps.com\/fr\/wp-json\/wp\/v2\/pages\/29527\/revisions\/34180"}],"up":[{"embeddable":true,"href":"https:\/\/www.krupps.com\/fr\/wp-json\/wp\/v2\/pages\/16046"}],"wp:attachment":[{"href":"https:\/\/www.krupps.com\/fr\/wp-json\/wp\/v2\/media?parent=29527"}],"curies":[{"name":"wp","href":"https:\/\/api.w.org\/{rel}","templated":true}]}}