	{"id":28107,"date":"2022-06-16T17:01:23","date_gmt":"2022-06-16T15:01:23","guid":{"rendered":"https:\/\/www.krupps.com\/cookie-policy\/"},"modified":"2024-12-24T10:23:02","modified_gmt":"2024-12-24T09:23:02","slug":"cookie-policy","status":"publish","type":"page","link":"https:\/\/www.krupps.com\/fr\/cookie-policy\/","title":{"rendered":"Politique en mati\u00e8re de cookies et services de tiers"},"content":{"rendered":"\n<div style=\"height:57px\" aria-hidden=\"true\" class=\"wp-block-spacer\"><\/div>\n\n\n\n<p class=\"has-text-align-center\"><strong>INFORMATIONS SUR LE TRAITEMENT DES DONN\u00c9ES PERSONNELLES<br><\/strong><em>(articles 13 et 14 du r\u00e8glement UE 2016\/679 et d\u00e9cret l\u00e9gislatif 196\/2003 et modifications ult\u00e9rieures)<\/em><em><\/em><\/p>\n\n\n\n<p><\/p>\n\n\n\n<p>Cher utilisateur,<\/p>\n\n\n\n<p>Nous vous pr\u00e9sentons ci-dessous quelques informations que vous devez porter \u00e0 votre attention, non seulement pour respecter les obligations l\u00e9gales, mais aussi parce que la transparence et l&rsquo;\u00e9quit\u00e9 envers les parties int\u00e9ress\u00e9es sont un \u00e9l\u00e9ment fondamental de notre activit\u00e9.<\/p>\n\n\n\n<p>Ces informations d\u00e9crivent les cookies et services tiers utilis\u00e9s sur ce site Internet, accessibles par voie \u00e9lectronique \u00e0 l&rsquo;adresse suivante <a href=\"http:\/\/www.krupps.com\"><strong>www.krupps.com<\/strong><\/a><strong><\/strong><\/p>\n\n\n\n<p>Ces informations ne concernent pas les autres sites, pages ou services en ligne accessibles via des liens hypertextes \u00e9ventuellement publi\u00e9s sur le site mais renvoyant \u00e0 des ressources ext\u00e9rieures \u00e0 ce domaine.<\/p>\n\n\n\n<p><strong>Cookies<\/strong><\/p>\n\n\n\n<p>Les cookies Web peuvent \u00eatre d\u00e9finis comme de petites cha\u00eenes de texte que les sites que vous visitez envoient \u00e0 votre terminal (g\u00e9n\u00e9ralement au navigateur), o\u00f9 ils sont stock\u00e9s avant d&rsquo;\u00eatre retransmis aux m\u00eames sites lors de votre prochaine visite. Le site contient des cookies et\/ou d&rsquo;autres outils informatiques similaires r\u00e9pertori\u00e9s ci-dessous. Il est possible d&rsquo;accepter, de refuser ou de modifier les pr\u00e9f\u00e9rences concernant l&rsquo;installation de cookies via la banni\u00e8re\/ic\u00f4ne appropri\u00e9e qui appara\u00eet sur la page d&rsquo;accueil ou via les pr\u00e9f\u00e9rences du navigateur utilis\u00e9 ou en visitant le site youronlinechoises.eu. En modifiant les param\u00e8tres relatifs aux cookies, il peut y avoir des limitations dans l&rsquo;affichage ou les fonctionnalit\u00e9s propos\u00e9es par ce site. Vous pouvez retrouver la liste compl\u00e8te des cookies utilis\u00e9s dans le bandeau cookie et dans la pop-up disponible sur chaque page du site.<\/p>\n\n\n\n<p><strong>Services tiers<\/strong><\/p>\n\n\n\n<figure class=\"wp-block-table\"><table><tbody><tr><td><strong>SERVICE<\/strong><\/td><td><strong>DESCRIPTION<\/strong><\/td><\/tr><tr><td>Polices Google<\/td><td>Google Fonts est un service de visualisation de polices exploit\u00e9 par Google<\/td><\/tr><tr><td>Google Cartes<\/td><td>Google Maps est un service Internet g\u00e9ographique d\u00e9velopp\u00e9 par Google qui permet de rechercher et de visualiser des cartes g\u00e9ographiques<\/td><\/tr><tr><td>Google&nbsp;Analytics<\/td><td>Google Analytics est un service d&rsquo;analyse Web fourni par Google qui vous permet d&rsquo;analyser des statistiques d\u00e9taill\u00e9es sur les visiteurs d&rsquo;un site Web.<\/td><\/tr><tr><td>Gestionnaire de balises Google<\/td><td>Google Tag Manager est un syst\u00e8me de gestion de balises qui vous permet de mettre \u00e0 jour rapidement et facilement les codes de suivi et les extraits de code associ\u00e9s.<\/td><\/tr><tr><td>API&nbsp;Google<\/td><td>API&nbsp;Googlefournit des outils pour int\u00e9grer diverses fonctionnalit\u00e9s de Google dans le site, telles que des cartes ou des polices.<\/td><\/tr><tr><td>reCAPTCHA<\/td><td>reCAPTCHA est un service Google utilis\u00e9 pour identifier les robots afin de prot\u00e9ger le site Web contre les attaques de spam malveillantes.<\/td><\/tr><tr><td>Double-cliquez<\/td><td>Doubleclick est un service Google qui permet un suivi avanc\u00e9 des utilisateurs afin d&rsquo;afficher des publicit\u00e9s personnalis\u00e9es en fonction du profil de l&rsquo;utilisateur<\/td><\/tr><tr><td>Flare nuageuse<\/td><td>Cloudflare est un CDN qui fonctionne comme un proxy inverse de mise en cache, un serveur qui se place entre le site Web et le visiteur, afin d&rsquo;augmenter les performances et la s\u00e9curit\u00e9 du site Web.<\/td><\/tr><tr><td>SalesforcePardot<\/td><td>Pardot est un outil d&rsquo;automatisation du marketing qui cr\u00e9e et g\u00e8re des campagnes de g\u00e9n\u00e9ration de leads<\/td><\/tr><tr><td>YouTube<\/td><td>YouTube est une plateforme web 2.0 qui permet le partage et la visualisation de contenus multim\u00e9dia en ligne<\/td><\/tr><tr><td>CookieOui<\/td><td>CookieYes est un service qui aide les sites Web \u00e0 se conformer \u00e0 la l\u00e9gislation RGPD sur les cookies et permet d&rsquo;ins\u00e9rer une banni\u00e8re de consentement et d&rsquo;enregistrer le choix ou non de l&rsquo;utilisateur concernant l&rsquo;installation ou non de cookies.<\/td><\/tr><tr><td>Kit de codes QR<\/td><td>QRcodekit vous permet de cr\u00e9er et de g\u00e9rer des codes QR, facilitant le partage de contenu et surveillant leur utilisation par num\u00e9risation.<\/td><\/tr><tr><td>Bitly<\/td><td>Bitly vous permet de raccourcir et de g\u00e9rer les liens pour faciliter leur partage et suivre leur utilisation.<\/td><\/tr><tr><td>Arbre de liens<\/td><td>Linktree vous permet de partager plusieurs liens via une seule URL, offrant une solution simple pour organiser le contenu.<\/td><\/tr><tr><td>Formulaire de contact 7<\/td><td>Contact Form 7 permet la cr\u00e9ation de formulaires de contact, facilitant l&rsquo;interaction entre le site et les utilisateurs.<\/td><\/tr><tr><td>Robot \u00e0 cookies<\/td><td>Cookiebot g\u00e8re le consentement aux cookies, garantissant que le site est conforme aux r\u00e9glementations en mati\u00e8re de confidentialit\u00e9 telles que le RGPD.<\/td><\/tr><tr><td>Facebook<\/td><td>Facebook propose des outils pour surveiller et g\u00e9rer les interactions des utilisateurs sur le site gr\u00e2ce \u00e0 l&rsquo;int\u00e9gration de fonctionnalit\u00e9s de suivi.<\/td><\/tr><tr><td>LinkedIn<\/td><td>LinkedIn permet d&rsquo;int\u00e9grer des fonctionnalit\u00e9s de suivi et de gestion des interactions entre le site et les utilisateurs provenant de la plateforme LinkedIn.<\/td><\/tr><tr><td>Consentement aux cookies RGPD<\/td><td>Le consentement aux cookies RGPD g\u00e8re le consentement \u00e0 l&rsquo;utilisation de cookies sur le site, garantissant le respect du r\u00e8glement RGPD.<\/td><\/tr><tr><td>G\u00e9n\u00e9rateur de fen\u00eatres contextuelles \/ Cr\u00e9ateur de fen\u00eatres contextuelles<\/td><td>Popup Builder \/ Popup Maker permettent la cr\u00e9ation de popups interactifs sur le site \u00e0 diff\u00e9rentes fins, comme des promotions ou des inscriptions.<\/td><\/tr><\/tbody><\/table><\/figure>\n\n\n\n<p>Derni\u00e8re mise \u00e0 jour 09\/10\/2024<\/p>\n\n\n\n<div style=\"height:37px\" aria-hidden=\"true\" class=\"wp-block-spacer\"><\/div>\n\n\n\n<hr class=\"wp-block-separator has-alpha-channel-opacity\"\/>\n\n\n\n<div style=\"height:44px\" aria-hidden=\"true\" class=\"wp-block-spacer\"><\/div>\n","protected":false},"excerpt":{"rendered":"<p>INFORMATIONS SUR LE TRAITEMENT DES DONN\u00c9ES PERSONNELLES(articles 13 et 14 du r\u00e8glement UE 2016\/679 et d\u00e9cret l\u00e9gislatif 196\/2003 et modifications ult\u00e9rieures) Cher utilisateur, Nous vous pr\u00e9sentons ci-dessous quelques informations que vous devez porter \u00e0 votre attention, non seulement pour respecter les obligations l\u00e9gales, mais aussi parce que la transparence et l&rsquo;\u00e9quit\u00e9 envers les parties int\u00e9ress\u00e9es&hellip;<\/p>\n","protected":false},"author":2,"featured_media":0,"parent":0,"menu_order":0,"comment_status":"closed","ping_status":"closed","template":"","meta":{"_acf_changed":false,"footnotes":""},"class_list":["post-28107","page","type-page","status-publish","hentry","description-off"],"acf":[],"_links":{"self":[{"href":"https:\/\/www.krupps.com\/fr\/wp-json\/wp\/v2\/pages\/28107","targetHints":{"allow":["GET"]}}],"collection":[{"href":"https:\/\/www.krupps.com\/fr\/wp-json\/wp\/v2\/pages"}],"about":[{"href":"https:\/\/www.krupps.com\/fr\/wp-json\/wp\/v2\/types\/page"}],"author":[{"embeddable":true,"href":"https:\/\/www.krupps.com\/fr\/wp-json\/wp\/v2\/users\/2"}],"replies":[{"embeddable":true,"href":"https:\/\/www.krupps.com\/fr\/wp-json\/wp\/v2\/comments?post=28107"}],"version-history":[{"count":4,"href":"https:\/\/www.krupps.com\/fr\/wp-json\/wp\/v2\/pages\/28107\/revisions"}],"predecessor-version":[{"id":34707,"href":"https:\/\/www.krupps.com\/fr\/wp-json\/wp\/v2\/pages\/28107\/revisions\/34707"}],"wp:attachment":[{"href":"https:\/\/www.krupps.com\/fr\/wp-json\/wp\/v2\/media?parent=28107"}],"curies":[{"name":"wp","href":"https:\/\/api.w.org\/{rel}","templated":true}]}}