	{"id":25857,"date":"2017-09-07T16:30:44","date_gmt":"2017-09-07T14:30:44","guid":{"rendered":"https:\/\/www.krupps.com\/documentation\/bim-cad\/"},"modified":"2021-06-14T11:36:32","modified_gmt":"2021-06-14T09:36:32","slug":"bim-cad","status":"publish","type":"page","link":"https:\/\/www.krupps.com\/fr\/documentation\/bim-cad\/","title":{"rendered":"Dessins BIM-CAD"},"content":{"rendered":"Vous devez \u00eatre connect\u00e9 pour voir ce contenu.","protected":false},"excerpt":{"rendered":"Vous devez \u00eatre connect\u00e9 pour voir ce contenu.","protected":false},"author":3,"featured_media":0,"parent":16046,"menu_order":4,"comment_status":"closed","ping_status":"closed","template":"page-template-documentazione.php","meta":{"_acf_changed":false,"footnotes":""},"class_list":["post-25857","page","type-page","status-publish","hentry","description-off"],"acf":[],"_links":{"self":[{"href":"https:\/\/www.krupps.com\/fr\/wp-json\/wp\/v2\/pages\/25857","targetHints":{"allow":["GET"]}}],"collection":[{"href":"https:\/\/www.krupps.com\/fr\/wp-json\/wp\/v2\/pages"}],"about":[{"href":"https:\/\/www.krupps.com\/fr\/wp-json\/wp\/v2\/types\/page"}],"author":[{"embeddable":true,"href":"https:\/\/www.krupps.com\/fr\/wp-json\/wp\/v2\/users\/3"}],"replies":[{"embeddable":true,"href":"https:\/\/www.krupps.com\/fr\/wp-json\/wp\/v2\/comments?post=25857"}],"version-history":[{"count":1,"href":"https:\/\/www.krupps.com\/fr\/wp-json\/wp\/v2\/pages\/25857\/revisions"}],"predecessor-version":[{"id":25868,"href":"https:\/\/www.krupps.com\/fr\/wp-json\/wp\/v2\/pages\/25857\/revisions\/25868"}],"up":[{"embeddable":true,"href":"https:\/\/www.krupps.com\/fr\/wp-json\/wp\/v2\/pages\/16046"}],"wp:attachment":[{"href":"https:\/\/www.krupps.com\/fr\/wp-json\/wp\/v2\/media?parent=25857"}],"curies":[{"name":"wp","href":"https:\/\/api.w.org\/{rel}","templated":true}]}}