	{"id":23428,"date":"2020-04-09T11:14:07","date_gmt":"2020-04-09T09:14:07","guid":{"rendered":"https:\/\/www.krupps.com\/klean-lab\/"},"modified":"2025-05-07T10:04:24","modified_gmt":"2025-05-07T08:04:24","slug":"klean-lab","status":"publish","type":"page","link":"https:\/\/www.krupps.com\/fr\/klean-lab\/","title":{"rendered":"KLEAN LAB"},"content":{"rendered":"<div class=\"wpb-content-wrapper\"><p>[vc_row][vc_column]<div class=\"ult-spacer spacer-69ea128a29d00\" data-id=\"69ea128a29d00\" data-height=\"65\" data-height-mobile=\"15\" data-height-tab=\"65\" data-height-tab-portrait=\"50\" data-height-mobile-landscape=\"15\" style=\"clear:both;display:block;\"><\/div>[\/vc_column][\/vc_row][vc_row][vc_column][vc_column_text]<\/p>\n<h1 style=\"text-align: left;\"><span style=\"color: #009390;\">KLEAN LAB<\/span> est l\u2019outil fondamental pour l\u2019hygi\u00e8ne des H\u00f4pitaux, des Laboratoires M\u00e9dicaux et V\u00e9t\u00e9rinaires, des Maisons de retraite et des Laboratoires Alimentaires<\/h1>\n<p>&nbsp;<\/p>\n<p>L\u2019hygi\u00e8ne est une question d\u00e9licate dans des activit\u00e9s particuli\u00e8res telles que les cliniques, o\u00f9 les op\u00e9rateurs utilisent les chaussures comme moyen de transport entre un environnement et un autre.<\/p>\n<p>Chaque jour les agents de sant\u00e9, les m\u00e9decins, les employ\u00e9s du service alimentaire des supermarch\u00e9s et les agents d\u2019analyse font des milliers de pas entre un laboratoire et un autre; leurs activit\u00e9s sont tr\u00e8s importantes et il est essentiel d\u2019assurer qu\u2019elle soient effectu\u00e9es avec le maximum de s\u00e9curit\u00e9, en \u00e9vitant que la salet\u00e9 et les bact\u00e9ries ne se d\u00e9placent entre diff\u00e9rents environnements.<\/p>\n<p class=\"_04xlpA direction-ltr align-justify para-style-body\" style=\"text-align: left;\"><span style=\"color: #009390;\">KLEAN LAB<\/span> garantit le <strong>lavage et la d\u00e9sinfection des chaussures professionnelles<\/strong>, contribuant \u00e0 la d\u00e9sinfection des sabots fournis au <strong>personnel m\u00e9dical et aux assistants de sant\u00e9<\/strong>, aux <strong>techniciens de laboratoire<\/strong> et aux travailleurs de la cha\u00eene alimentaire y compris les <strong>boulangeries<\/strong>, la <strong>GDO<\/strong>, les <strong>boucheries <\/strong>et les <strong>p\u00e2tisseries<\/strong>.<\/p>\n<h3>Assainissement et simplicit\u00e9: deux mots cl\u00e9s<\/h3>\n<p style=\"text-align: left;\">L\u2019utilisation de\u00a0<span style=\"color: #009390;\">KLEAN LAB\u00a0<\/span>est extr\u00eamement simple, l\u2019op\u00e9rateur positionne les socles \u00e0 l\u2019int\u00e9rieur du panier, s\u00e9lectionne l\u2019ic\u00f4ne du cycle de lavage sur l\u2019\u00e9cran tactile et clique sur Start pour lancer le cycle de lavage. Le lavage comprend plusieurs \u00e9tapes, dont le <strong>pr\u00e9lavage<\/strong>, le <strong>rin\u00e7age<\/strong> <strong>\u00e0 haute temp\u00e9rature <\/strong>et la <strong>vidange totale<\/strong> de la cuve de lavage. Cette proc\u00e9dure structur\u00e9e de cette fa\u00e7on exploite la combinaison de la temp\u00e9rature, de d\u00e9tergents sp\u00e9cifiques avec une action d\u00e9sinfectante et d\u2019un temps de lavage sp\u00e9cifique, \u00e9l\u00e9ments essentiels pour assurer que les chaussures utilis\u00e9es quotidiennement par tous les op\u00e9rateurs sont parfaitement propres et d\u00e9sinfect\u00e9es, contribuant ainsi \u00e0 garantir un <strong>environnement de travail toujours plus sain<\/strong>.<\/p>\n<p>Ce mod\u00e8le est \u00e9quip\u00e9 d\u2019un panier sp\u00e9cial, con\u00e7u exclusivement pour laver tout type de chaussures avec le plus grand soin dans toutes ses parties; gr\u00e2ce \u00e0 l\u2019action du d\u00e9tergent et de\u00a0<span class=\"JsGRdQ\"><strong>KLEAN ADD EXTRA<\/strong><\/span>, l\u2019<strong>acide assainissant \u00e0 action rapide<\/strong>, chaque chaussure est parfaitement nettoy\u00e9e et assainie.[\/vc_column_text]<div class=\"ult-spacer spacer-69ea128a29d29\" data-id=\"69ea128a29d29\" data-height=\"40\" data-height-mobile=\"20\" data-height-tab=\"40\" data-height-tab-portrait=\"40\" data-height-mobile-landscape=\"20\" style=\"clear:both;display:block;\"><\/div>[\/vc_column][\/vc_row][vc_row][vc_column width=\u00a0\u00bb2\/5&Prime;]<div class=\"ult-spacer spacer-69ea128a29d42\" data-id=\"69ea128a29d42\" data-height=\"90\" data-height-mobile=\"2\" data-height-tab=\"90\" data-height-tab-portrait=\"90\" data-height-mobile-landscape=\"2\" style=\"clear:both;display:block;\"><\/div>[vc_single_image image=\u00a0\u00bb23430&Prime; img_size=\u00a0\u00bblarge\u00a0\u00bb alignment=\u00a0\u00bbcenter\u00a0\u00bb][\/vc_column][vc_column width=\u00a0\u00bb3\/5&Prime;]<div id=\"ult-carousel-281097890269ea128a29e5f\" class=\"ult-carousel-wrapper   ult_horizontal\" data-gutter=\"15\" data-rtl=\"false\" ><div class=\"ult-carousel-372138712069ea128a29d84 \" >[vc_single_image image=\u00a0\u00bb23376&Prime; img_size=\u00a0\u00bblarge\u00a0\u00bb alignment=\u00a0\u00bbcenter\u00a0\u00bb][vc_single_image image=\u00a0\u00bb23395&Prime; img_size=\u00a0\u00bblarge\u00a0\u00bb alignment=\u00a0\u00bbcenter\u00a0\u00bb][vc_single_image image=\u00a0\u00bb23375&Prime; img_size=\u00a0\u00bblarge\u00a0\u00bb alignment=\u00a0\u00bbcenter\u00a0\u00bb][vc_single_image image=\u00a0\u00bb23383&Prime; img_size=\u00a0\u00bblarge\u00a0\u00bb alignment=\u00a0\u00bbcenter\u00a0\u00bb][vc_single_image image=\u00a0\u00bb23362&Prime; img_size=\u00a0\u00bblarge\u00a0\u00bb alignment=\u00a0\u00bbcenter\u00a0\u00bb][vc_single_image image=\u00a0\u00bb23379&Prime; img_size=\u00a0\u00bblarge\u00a0\u00bb alignment=\u00a0\u00bbcenter\u00a0\u00bb]<\/div><\/div>\t\t\t<script type=\"text\/javascript\">\n\t\t\t\tjQuery(document).ready(function ($) {\n\t\t\t\t\tif( typeof jQuery('.ult-carousel-372138712069ea128a29d84').slick == \"function\"){\n\t\t\t\t\t\t$('.ult-carousel-372138712069ea128a29d84').slick({dots: true,autoplay: true,autoplaySpeed: \"2000\",speed: \"300\",infinite: true,arrows: true,nextArrow: '<button type=\"button\" role=\"button\" aria-label=\"Next\" style=\"color:#333333; font-size:20px;\" class=\"slick-next default\"><i class=\"ultsl-arrow-right4\"><\/i><\/button>',prevArrow: '<button type=\"button\" role=\"button\" aria-label=\"Previous\" style=\"color:#333333; font-size:20px;\" class=\"slick-prev default\"><i class=\"ultsl-arrow-left4\"><\/i><\/button>',slidesToScroll:1,slidesToShow:1,swipe: true,draggable: true,touchMove: true,pauseOnHover: true,pauseOnFocus: false,responsive: [\n\t\t\t\t\t\t\t{\n\t\t\t\t\t\t\t  breakpoint: 1026,\n\t\t\t\t\t\t\t  settings: {\n\t\t\t\t\t\t\t\tslidesToShow: 1,\n\t\t\t\t\t\t\t\tslidesToScroll: 1,  \n\t\t\t\t\t\t\t  }\n\t\t\t\t\t\t\t},\n\t\t\t\t\t\t\t{\n\t\t\t\t\t\t\t  breakpoint: 1025,\n\t\t\t\t\t\t\t  settings: {\n\t\t\t\t\t\t\t\tslidesToShow: 1,\n\t\t\t\t\t\t\t\tslidesToScroll: 1\n\t\t\t\t\t\t\t  }\n\t\t\t\t\t\t\t},\n\t\t\t\t\t\t\t{\n\t\t\t\t\t\t\t  breakpoint: 760,\n\t\t\t\t\t\t\t  settings: {\n\t\t\t\t\t\t\t\tslidesToShow: 1,\n\t\t\t\t\t\t\t\tslidesToScroll: 1\n\t\t\t\t\t\t\t  }\n\t\t\t\t\t\t\t}\n\t\t\t\t\t\t],pauseOnDotsHover: true,customPaging: function(slider, i) {\n                   return '<i type=\"button\" style= \"color:#333333;\" class=\"ultsl-record\" data-role=\"none\"><\/i>';\n                },});\n\t\t\t\t\t}\n\t\t\t\t});\n\t\t\t<\/script>\n\t\t\t[\/vc_column][\/vc_row][vc_row][vc_column]<div class=\"ult-spacer spacer-69ea128a29eaf\" data-id=\"69ea128a29eaf\" data-height=\"40\" data-height-mobile=\"10\" data-height-tab=\"40\" data-height-tab-portrait=\"40\" data-height-mobile-landscape=\"10\" style=\"clear:both;display:block;\"><\/div>[vc_column_text css=\u00a0\u00bb\u00a0\u00bb]<\/p>\n<h3>La s\u00e9curit\u00e9 est essentielle lorsqu\u2019on parle de nettoyage et d\u2019hygi\u00e8ne.<\/h3>\n<p>Chaque environnement doit pouvoir r\u00e9pondre \u00e0 des normes de s\u00e9curit\u00e9 \u00e9lev\u00e9es afin de pouvoir travailler de mani\u00e8re efficace et tranquille.<br \/>\nLe syst\u00e8me avanc\u00e9 d\u2019<strong>Autodiagnostic<\/strong> assure toujours des performances optimales, garantissant \u00e0 tout le personnel une plus grande s\u00e9curit\u00e9 gr\u00e2ce \u00e0 ses messages et conseils simples qui sont affich\u00e9s directement sur l\u2019\u00e9cran, offrant un excellent support en temps r\u00e9el.[\/vc_column_text]<div class=\"ult-spacer spacer-69ea128a29ec6\" data-id=\"69ea128a29ec6\" data-height=\"40\" data-height-mobile=\"10\" data-height-tab=\"40\" data-height-tab-portrait=\"40\" data-height-mobile-landscape=\"10\" style=\"clear:both;display:block;\"><\/div>[\/vc_column][\/vc_row][vc_row][vc_column][vc_btn title=\u00a0\u00bbOBTENEZ PLUS D\u2019INFORMATIONS\u00a0\u00bb style=\u00a0\u00bbcustom\u00a0\u00bb custom_background=\u00a0\u00bb#009390&Prime; custom_text=\u00a0\u00bb#ffffff\u00a0\u00bb size=\u00a0\u00bblg\u00a0\u00bb align=\u00a0\u00bbcenter\u00a0\u00bb link=\u00a0\u00bburl:https%3A%2F%2Fwww.krupps.com%2Fcontatti%2F||target:%20_blank|\u00a0\u00bb]<div class=\"ult-spacer spacer-69ea128a29ed8\" data-id=\"69ea128a29ed8\" data-height=\"40\" data-height-mobile=\"10\" data-height-tab=\"40\" data-height-tab-portrait=\"40\" data-height-mobile-landscape=\"10\" style=\"clear:both;display:block;\"><\/div>[\/vc_column][\/vc_row]<\/p>\n<\/div>","protected":false},"excerpt":{"rendered":"<p>[vc_row][vc_column][\/vc_column][\/vc_row][vc_row][vc_column][vc_column_text] KLEAN LAB est l\u2019outil fondamental pour l\u2019hygi\u00e8ne des H\u00f4pitaux, des Laboratoires M\u00e9dicaux et V\u00e9t\u00e9rinaires, des Maisons de retraite et des Laboratoires Alimentaires &nbsp; L\u2019hygi\u00e8ne est une question d\u00e9licate dans des activit\u00e9s particuli\u00e8res telles que les cliniques, o\u00f9 les op\u00e9rateurs utilisent les chaussures comme moyen de transport entre un environnement et un autre. Chaque jour&hellip;<\/p>\n","protected":false},"author":3,"featured_media":0,"parent":0,"menu_order":1,"comment_status":"closed","ping_status":"closed","template":"","meta":{"_acf_changed":false,"footnotes":""},"class_list":["post-23428","page","type-page","status-publish","hentry","description-off"],"acf":[],"_links":{"self":[{"href":"https:\/\/www.krupps.com\/fr\/wp-json\/wp\/v2\/pages\/23428","targetHints":{"allow":["GET"]}}],"collection":[{"href":"https:\/\/www.krupps.com\/fr\/wp-json\/wp\/v2\/pages"}],"about":[{"href":"https:\/\/www.krupps.com\/fr\/wp-json\/wp\/v2\/types\/page"}],"author":[{"embeddable":true,"href":"https:\/\/www.krupps.com\/fr\/wp-json\/wp\/v2\/users\/3"}],"replies":[{"embeddable":true,"href":"https:\/\/www.krupps.com\/fr\/wp-json\/wp\/v2\/comments?post=23428"}],"version-history":[{"count":6,"href":"https:\/\/www.krupps.com\/fr\/wp-json\/wp\/v2\/pages\/23428\/revisions"}],"predecessor-version":[{"id":35643,"href":"https:\/\/www.krupps.com\/fr\/wp-json\/wp\/v2\/pages\/23428\/revisions\/35643"}],"wp:attachment":[{"href":"https:\/\/www.krupps.com\/fr\/wp-json\/wp\/v2\/media?parent=23428"}],"curies":[{"name":"wp","href":"https:\/\/api.w.org\/{rel}","templated":true}]}}