	{"id":23182,"date":"2017-09-20T11:11:12","date_gmt":"2017-09-20T09:11:12","guid":{"rendered":"https:\/\/www.krupps.com\/?page_id=23182"},"modified":"2020-04-13T16:20:49","modified_gmt":"2020-04-13T14:20:49","slug":"koral-north-america","status":"publish","type":"page","link":"https:\/\/www.krupps.com\/fr\/catalogue\/koral-north-america\/","title":{"rendered":"KORAL line"},"content":{"rendered":"<div class=\"wpb-content-wrapper\"><p>[vc_row][vc_column]<div class=\"ult-spacer spacer-69e23e7635375\" data-id=\"69e23e7635375\" data-height=\"40\" data-height-mobile=\"40\" data-height-tab=\"40\" data-height-tab-portrait=\"40\" data-height-mobile-landscape=\"40\" style=\"clear:both;display:block;\"><\/div><div class=\"dt-fancy-separator title-left h1-size style-disabled\" style=\"width: 100%;\"><div class=\"dt-fancy-title\" style=\"color: #c1c31f;\"><span class=\"separator-holder separator-left\"><\/span>Koral line<span class=\"separator-holder separator-right\"><\/span><\/div><\/div><div class=\"ult-spacer spacer-69e23e76353cc\" data-id=\"69e23e76353cc\" data-height=\"40\" data-height-mobile=\"40\" data-height-tab=\"40\" data-height-tab-portrait=\"40\" data-height-mobile-landscape=\"40\" style=\"clear:both;display:block;\"><\/div>[vc_row_inner][vc_column_inner][vc_column_text]La ligne <strong>KORAL<\/strong> se distingue par sa vaste gamme de mod\u00e8les, adapt\u00e9s \u00e0 toutes les situations. Le syst\u00e8me de contr\u00f4le \u00e0 travers la carte \u00e9lectronique offre de grandes possibilit\u00e9s de personnalisation en fonction des besoins de l\u2019utilisateur, permettant de r\u00e9gler chaque param\u00e8tre de mani\u00e8re pr\u00e9cise et de garantir des r\u00e9sultats de lavage toujours optimaux.<br \/>\nL\u2019\u00e9cran tactile innovant <strong>UNIKO<\/strong> en verre tremp\u00e9 rend les op\u00e9rations simples et intuitives, qu\u2019il s\u2019agisse du choix du cycle de lavage le plus adapt\u00e9 ou du contr\u00f4le de son avancement, et permet aussi un suivi constant de l\u2019\u00e9tat du lave-vaisselle, en toute facilit\u00e9. La grande vari\u00e9t\u00e9 des cycles de lavage permet de personnaliser le lave-vaisselle selon ses besoins.<br \/>\nL\u2019autodiagnostic constant permet de r\u00e9duire au minimum les temps d\u2019arr\u00eat de la machine et, gr\u00e2ce au syst\u00e8me de contr\u00f4le <strong>Wi-Fi IKLOUD<\/strong>, le technicien est averti en temps r\u00e9el des \u00e9ventuels probl\u00e8mes et est en mesure d\u2019intervenir \u00e0 distance pour modifier les param\u00e8tres du lave-vaisselle et r\u00e9soudre directement la situation.[\/vc_column_text][\/vc_column_inner][\/vc_row_inner]<div class=\"ult-spacer spacer-69e23e76353e4\" data-id=\"69e23e76353e4\" data-height=\"40\" data-height-mobile=\"40\" data-height-tab=\"40\" data-height-tab-portrait=\"40\" data-height-mobile-landscape=\"40\" style=\"clear:both;display:block;\"><\/div>[\/vc_column][\/vc_row]<\/p>\n<\/div>","protected":false},"excerpt":{"rendered":"<p>[vc_row][vc_column][vc_row_inner][vc_column_inner][vc_column_text]La ligne KORAL se distingue par sa vaste gamme de mod\u00e8les, adapt\u00e9s \u00e0 toutes les situations. Le syst\u00e8me de contr\u00f4le \u00e0 travers la carte \u00e9lectronique offre de grandes possibilit\u00e9s de personnalisation en fonction des besoins de l\u2019utilisateur, permettant de r\u00e9gler chaque param\u00e8tre de mani\u00e8re pr\u00e9cise et de garantir des r\u00e9sultats de lavage toujours optimaux. L\u2019\u00e9cran&hellip;<\/p>\n","protected":false},"author":1,"featured_media":0,"parent":16874,"menu_order":0,"comment_status":"closed","ping_status":"closed","template":"tax-linea.php","meta":{"_acf_changed":false,"footnotes":""},"class_list":["post-23182","page","type-page","status-publish","hentry","description-off"],"acf":[],"_links":{"self":[{"href":"https:\/\/www.krupps.com\/fr\/wp-json\/wp\/v2\/pages\/23182","targetHints":{"allow":["GET"]}}],"collection":[{"href":"https:\/\/www.krupps.com\/fr\/wp-json\/wp\/v2\/pages"}],"about":[{"href":"https:\/\/www.krupps.com\/fr\/wp-json\/wp\/v2\/types\/page"}],"author":[{"embeddable":true,"href":"https:\/\/www.krupps.com\/fr\/wp-json\/wp\/v2\/users\/1"}],"replies":[{"embeddable":true,"href":"https:\/\/www.krupps.com\/fr\/wp-json\/wp\/v2\/comments?post=23182"}],"version-history":[{"count":2,"href":"https:\/\/www.krupps.com\/fr\/wp-json\/wp\/v2\/pages\/23182\/revisions"}],"predecessor-version":[{"id":23280,"href":"https:\/\/www.krupps.com\/fr\/wp-json\/wp\/v2\/pages\/23182\/revisions\/23280"}],"up":[{"embeddable":true,"href":"https:\/\/www.krupps.com\/fr\/wp-json\/wp\/v2\/pages\/16874"}],"wp:attachment":[{"href":"https:\/\/www.krupps.com\/fr\/wp-json\/wp\/v2\/media?parent=23182"}],"curies":[{"name":"wp","href":"https:\/\/api.w.org\/{rel}","templated":true}]}}