	{"id":23174,"date":"2017-09-20T11:11:12","date_gmt":"2017-09-20T09:11:12","guid":{"rendered":"https:\/\/www.krupps.com\/?page_id=23174"},"modified":"2020-04-13T16:20:38","modified_gmt":"2020-04-13T14:20:38","slug":"elitech-north-america","status":"publish","type":"page","link":"https:\/\/www.krupps.com\/fr\/catalogue\/elitech-north-america\/","title":{"rendered":"ELITECH line"},"content":{"rendered":"<div class=\"wpb-content-wrapper\"><p>[vc_row][vc_column]<div class=\"ult-spacer spacer-69e2139fd3c32\" data-id=\"69e2139fd3c32\" data-height=\"40\" data-height-mobile=\"40\" data-height-tab=\"40\" data-height-tab-portrait=\"40\" data-height-mobile-landscape=\"40\" style=\"clear:both;display:block;\"><\/div><div class=\"dt-fancy-separator title-left h1-size style-disabled\" style=\"width: 100%;\"><div class=\"dt-fancy-title\" style=\"color: #2b81c5;\"><span class=\"separator-holder separator-left\"><\/span>Elitech line<span class=\"separator-holder separator-right\"><\/span><\/div><\/div><div class=\"ult-spacer spacer-69e2139fd3c9e\" data-id=\"69e2139fd3c9e\" data-height=\"40\" data-height-mobile=\"40\" data-height-tab=\"40\" data-height-tab-portrait=\"40\" data-height-mobile-landscape=\"40\" style=\"clear:both;display:block;\"><\/div>[vc_row_inner][vc_column_inner][vc_column_text]Les lave-vaisselle de la ligne <strong>ELITECH<\/strong> garantissent d\u2019excellentes prestations, avec son <em><strong>Acquatech System<\/strong><\/em> , gr\u00e2ce \u00e0 l\u2019installation de s\u00e9rie d\u2019un syst\u00e8me moyennant un surchauffeur atmosph\u00e9rique \u00ab\u00a0BREAK-TANK\u00a0\u00bb et une pompe de rin\u00e7age, qui permet de maintenir <strong>une temp\u00e9rature et une pression toujours constantes<\/strong>, et des consommations d\u2019eau r\u00e9duites. Elitech assure un cycle de <strong>rin\u00e7age assainissant<\/strong>, repr\u00e9sentant le choix parfait pour les cantines, maisons de retraite, p\u00e2tisseries, boulangeries et boucheries, o\u00f9 le respect des r\u00e8gles HACCP est fondamental. Pour ceux \u00e0 la recherche de verres parfaits, il est possible de connecter un <strong>Syst\u00e8me \u00e0 Osmose Inverse<\/strong> qui purifie l\u2019eau en r\u00e9duisant la consommation de d\u00e9tergent et de produit de brillance, tout en assurant d\u2019excellents r\u00e9sultats, sans besoin de s\u00e9chage manuel.<br \/>\nL\u2019<strong>\u00e9cran tactile innovant UNIKO<\/strong> en verre tremp\u00e9 rend <strong>les op\u00e9rations simples et intuitives<\/strong>, qu\u2019il s\u2019agisse du choix du cycle de lavage le plus adapt\u00e9 ou du contr\u00f4le de son avancement, et permettant aussi un suivi constant de l\u2019\u00e9tat du lave-vaisselle, en toute facilit\u00e9. La grande vari\u00e9t\u00e9 des cycles de lavage rendent le lave-vaisselle personnalisable, selon les besoins de chacun.[\/vc_column_text][\/vc_column_inner][\/vc_row_inner]<div class=\"ult-spacer spacer-69e2139fd3cba\" data-id=\"69e2139fd3cba\" data-height=\"40\" data-height-mobile=\"40\" data-height-tab=\"40\" data-height-tab-portrait=\"40\" data-height-mobile-landscape=\"40\" style=\"clear:both;display:block;\"><\/div>[\/vc_column][\/vc_row]<\/p>\n<\/div>","protected":false},"excerpt":{"rendered":"<p>[vc_row][vc_column][vc_row_inner][vc_column_inner][vc_column_text]Les lave-vaisselle de la ligne ELITECH garantissent d\u2019excellentes prestations, avec son Acquatech System , gr\u00e2ce \u00e0 l\u2019installation de s\u00e9rie d\u2019un syst\u00e8me moyennant un surchauffeur atmosph\u00e9rique \u00ab\u00a0BREAK-TANK\u00a0\u00bb et une pompe de rin\u00e7age, qui permet de maintenir une temp\u00e9rature et une pression toujours constantes, et des consommations d\u2019eau r\u00e9duites. Elitech assure un cycle de rin\u00e7age assainissant, repr\u00e9sentant&hellip;<\/p>\n","protected":false},"author":1,"featured_media":0,"parent":16874,"menu_order":0,"comment_status":"closed","ping_status":"closed","template":"tax-linea.php","meta":{"_acf_changed":false,"footnotes":""},"class_list":["post-23174","page","type-page","status-publish","hentry","description-off"],"acf":[],"_links":{"self":[{"href":"https:\/\/www.krupps.com\/fr\/wp-json\/wp\/v2\/pages\/23174","targetHints":{"allow":["GET"]}}],"collection":[{"href":"https:\/\/www.krupps.com\/fr\/wp-json\/wp\/v2\/pages"}],"about":[{"href":"https:\/\/www.krupps.com\/fr\/wp-json\/wp\/v2\/types\/page"}],"author":[{"embeddable":true,"href":"https:\/\/www.krupps.com\/fr\/wp-json\/wp\/v2\/users\/1"}],"replies":[{"embeddable":true,"href":"https:\/\/www.krupps.com\/fr\/wp-json\/wp\/v2\/comments?post=23174"}],"version-history":[{"count":2,"href":"https:\/\/www.krupps.com\/fr\/wp-json\/wp\/v2\/pages\/23174\/revisions"}],"predecessor-version":[{"id":23293,"href":"https:\/\/www.krupps.com\/fr\/wp-json\/wp\/v2\/pages\/23174\/revisions\/23293"}],"up":[{"embeddable":true,"href":"https:\/\/www.krupps.com\/fr\/wp-json\/wp\/v2\/pages\/16874"}],"wp:attachment":[{"href":"https:\/\/www.krupps.com\/fr\/wp-json\/wp\/v2\/media?parent=23174"}],"curies":[{"name":"wp","href":"https:\/\/api.w.org\/{rel}","templated":true}]}}