	{"id":21432,"date":"2017-09-07T16:31:52","date_gmt":"2017-09-07T14:31:52","guid":{"rendered":"https:\/\/www.krupps.com\/?page_id=21432"},"modified":"2019-03-04T15:25:20","modified_gmt":"2019-03-04T14:25:20","slug":"manuels-installation-accessoires","status":"publish","type":"page","link":"https:\/\/www.krupps.com\/fr\/documentation\/manuels-installation-accessoires\/","title":{"rendered":"Manuels d&rsquo;Installation Accessoires"},"content":{"rendered":"Vous devez \u00eatre connect\u00e9 pour voir ce contenu.","protected":false},"excerpt":{"rendered":"Vous devez \u00eatre connect\u00e9 pour voir ce contenu.","protected":false},"author":3,"featured_media":0,"parent":16046,"menu_order":7,"comment_status":"closed","ping_status":"closed","template":"page-template-documentazione.php","meta":{"_acf_changed":false,"footnotes":""},"class_list":["post-21432","page","type-page","status-publish","hentry","description-off"],"acf":[],"_links":{"self":[{"href":"https:\/\/www.krupps.com\/fr\/wp-json\/wp\/v2\/pages\/21432","targetHints":{"allow":["GET"]}}],"collection":[{"href":"https:\/\/www.krupps.com\/fr\/wp-json\/wp\/v2\/pages"}],"about":[{"href":"https:\/\/www.krupps.com\/fr\/wp-json\/wp\/v2\/types\/page"}],"author":[{"embeddable":true,"href":"https:\/\/www.krupps.com\/fr\/wp-json\/wp\/v2\/users\/3"}],"replies":[{"embeddable":true,"href":"https:\/\/www.krupps.com\/fr\/wp-json\/wp\/v2\/comments?post=21432"}],"version-history":[{"count":2,"href":"https:\/\/www.krupps.com\/fr\/wp-json\/wp\/v2\/pages\/21432\/revisions"}],"predecessor-version":[{"id":21449,"href":"https:\/\/www.krupps.com\/fr\/wp-json\/wp\/v2\/pages\/21432\/revisions\/21449"}],"up":[{"embeddable":true,"href":"https:\/\/www.krupps.com\/fr\/wp-json\/wp\/v2\/pages\/16046"}],"wp:attachment":[{"href":"https:\/\/www.krupps.com\/fr\/wp-json\/wp\/v2\/media?parent=21432"}],"curies":[{"name":"wp","href":"https:\/\/api.w.org\/{rel}","templated":true}]}}