	{"id":20717,"date":"2017-09-28T15:10:33","date_gmt":"2017-09-28T13:10:33","guid":{"rendered":"https:\/\/www.krupps.com\/?page_id=20717"},"modified":"2020-09-17T14:23:16","modified_gmt":"2020-09-17T12:23:16","slug":"fiches-securite-detergents","status":"publish","type":"page","link":"https:\/\/www.krupps.com\/fr\/documentation\/fiches-securite-detergents\/","title":{"rendered":"Fiches de S\u00e9curit\u00e9 D\u00e9tergents"},"content":{"rendered":"Vous devez \u00eatre connect\u00e9 pour voir ce contenu.","protected":false},"excerpt":{"rendered":"Vous devez \u00eatre connect\u00e9 pour voir ce contenu.","protected":false},"author":3,"featured_media":0,"parent":16046,"menu_order":17,"comment_status":"closed","ping_status":"closed","template":"page-template-documentazione.php","meta":{"_acf_changed":false,"footnotes":""},"class_list":["post-20717","page","type-page","status-publish","hentry","description-off"],"acf":[],"_links":{"self":[{"href":"https:\/\/www.krupps.com\/fr\/wp-json\/wp\/v2\/pages\/20717","targetHints":{"allow":["GET"]}}],"collection":[{"href":"https:\/\/www.krupps.com\/fr\/wp-json\/wp\/v2\/pages"}],"about":[{"href":"https:\/\/www.krupps.com\/fr\/wp-json\/wp\/v2\/types\/page"}],"author":[{"embeddable":true,"href":"https:\/\/www.krupps.com\/fr\/wp-json\/wp\/v2\/users\/3"}],"replies":[{"embeddable":true,"href":"https:\/\/www.krupps.com\/fr\/wp-json\/wp\/v2\/comments?post=20717"}],"version-history":[{"count":4,"href":"https:\/\/www.krupps.com\/fr\/wp-json\/wp\/v2\/pages\/20717\/revisions"}],"predecessor-version":[{"id":24300,"href":"https:\/\/www.krupps.com\/fr\/wp-json\/wp\/v2\/pages\/20717\/revisions\/24300"}],"up":[{"embeddable":true,"href":"https:\/\/www.krupps.com\/fr\/wp-json\/wp\/v2\/pages\/16046"}],"wp:attachment":[{"href":"https:\/\/www.krupps.com\/fr\/wp-json\/wp\/v2\/media?parent=20717"}],"curies":[{"name":"wp","href":"https:\/\/api.w.org\/{rel}","templated":true}]}}