	{"id":20629,"date":"2018-08-12T16:46:40","date_gmt":"2018-08-12T14:46:40","guid":{"rendered":"https:\/\/www.krupps.com\/?page_id=20629"},"modified":"2018-09-04T17:12:53","modified_gmt":"2018-09-04T15:12:53","slug":"technical-faq","status":"publish","type":"page","link":"https:\/\/www.krupps.com\/fr\/technical-faq\/","title":{"rendered":"Technical FAQ"},"content":{"rendered":"Vous devez \u00eatre connect\u00e9 pour voir ce contenu.","protected":false},"excerpt":{"rendered":"Vous devez \u00eatre connect\u00e9 pour voir ce contenu.","protected":false},"author":1,"featured_media":0,"parent":0,"menu_order":0,"comment_status":"closed","ping_status":"closed","template":"","meta":{"_acf_changed":false,"footnotes":""},"class_list":["post-20629","page","type-page","status-publish","hentry","description-off"],"acf":[],"_links":{"self":[{"href":"https:\/\/www.krupps.com\/fr\/wp-json\/wp\/v2\/pages\/20629","targetHints":{"allow":["GET"]}}],"collection":[{"href":"https:\/\/www.krupps.com\/fr\/wp-json\/wp\/v2\/pages"}],"about":[{"href":"https:\/\/www.krupps.com\/fr\/wp-json\/wp\/v2\/types\/page"}],"author":[{"embeddable":true,"href":"https:\/\/www.krupps.com\/fr\/wp-json\/wp\/v2\/users\/1"}],"replies":[{"embeddable":true,"href":"https:\/\/www.krupps.com\/fr\/wp-json\/wp\/v2\/comments?post=20629"}],"version-history":[{"count":2,"href":"https:\/\/www.krupps.com\/fr\/wp-json\/wp\/v2\/pages\/20629\/revisions"}],"predecessor-version":[{"id":20700,"href":"https:\/\/www.krupps.com\/fr\/wp-json\/wp\/v2\/pages\/20629\/revisions\/20700"}],"wp:attachment":[{"href":"https:\/\/www.krupps.com\/fr\/wp-json\/wp\/v2\/media?parent=20629"}],"curies":[{"name":"wp","href":"https:\/\/api.w.org\/{rel}","templated":true}]}}