	{"id":18043,"date":"2017-09-20T11:11:12","date_gmt":"2017-09-20T09:11:12","guid":{"rendered":"http:\/\/krupps.com\/?page_id=18043"},"modified":"2023-01-31T17:42:37","modified_gmt":"2023-01-31T16:42:37","slug":"advance-range","status":"publish","type":"page","link":"https:\/\/www.krupps.com\/fr\/catalogue\/advance-range\/","title":{"rendered":"ADVANCE range"},"content":{"rendered":"<div class=\"wpb-content-wrapper\"><p>[vc_row][vc_column]<div class=\"ult-spacer spacer-69e22649f0435\" data-id=\"69e22649f0435\" data-height=\"40\" data-height-mobile=\"40\" data-height-tab=\"40\" data-height-tab-portrait=\"40\" data-height-mobile-landscape=\"40\" style=\"clear:both;display:block;\"><\/div><div class=\"dt-fancy-separator title-left h1-size style-disabled\" style=\"width: 100%;\"><div class=\"dt-fancy-title\" style=\"color: #0c3674;\"><span class=\"separator-holder separator-left\"><\/span>Advance range<span class=\"separator-holder separator-right\"><\/span><\/div><\/div><div class=\"ult-spacer spacer-69e22649f0511\" data-id=\"69e22649f0511\" data-height=\"40\" data-height-mobile=\"40\" data-height-tab=\"40\" data-height-tab-portrait=\"40\" data-height-mobile-landscape=\"40\" style=\"clear:both;display:block;\"><\/div>[vc_row_inner][vc_column_inner][vc_column_text]Fiabilit\u00e9 et simplicit\u00e9 d\u2019utilisation\u00a0: tels sont les mots cl\u00e9s de la ligne\u00a0<strong>ADVANCE<\/strong>. Le panneau est le v\u00e9ritable point fort de la ligne, avec ses <strong>4 cycles de lavage<\/strong>\u00a0et un cycle de vidange automatique (avec pompe de vidange install\u00e9e). Le panneau de commande permet de visualiser facilement la temp\u00e9rature de la cuve et du chauffe-eau, les messages du syst\u00e8me\u00a0<strong>d\u2019Autodiagnostic<\/strong>, l\u2019avertissement d\u2019<strong>Entretien programm\u00e9<\/strong>\u00a0et le\u00a0<strong>bouton de D\u00e9marrage intelligent<\/strong>, lequel, en changeant de couleur, indique toujours l\u2019\u00e9tat du lave-vaisselle de mani\u00e8re extr\u00eamement simple. La carte \u00e9lectronique, simple et extr\u00eamement efficace, permet de configurer et contr\u00f4ler les dur\u00e9es de rin\u00e7age et de vidange, les temp\u00e9ratures de lavage et de rin\u00e7age et les Thermostops correspondants, qui sont essentiels pour garantir un excellent r\u00e9sultat de lavage.[\/vc_column_text][\/vc_column_inner][\/vc_row_inner]<div class=\"ult-spacer spacer-69e22649f0546\" data-id=\"69e22649f0546\" data-height=\"40\" data-height-mobile=\"40\" data-height-tab=\"40\" data-height-tab-portrait=\"40\" data-height-mobile-landscape=\"40\" style=\"clear:both;display:block;\"><\/div>[\/vc_column][\/vc_row]<\/p>\n<\/div>","protected":false},"excerpt":{"rendered":"<p>[vc_row][vc_column][vc_row_inner][vc_column_inner][vc_column_text]Fiabilit\u00e9 et simplicit\u00e9 d\u2019utilisation\u00a0: tels sont les mots cl\u00e9s de la ligne\u00a0ADVANCE. Le panneau est le v\u00e9ritable point fort de la ligne, avec ses 4 cycles de lavage\u00a0et un cycle de vidange automatique (avec pompe de vidange install\u00e9e). Le panneau de commande permet de visualiser facilement la temp\u00e9rature de la cuve et du chauffe-eau, les&hellip;<\/p>\n","protected":false},"author":1,"featured_media":0,"parent":16874,"menu_order":0,"comment_status":"closed","ping_status":"closed","template":"tax-linea.php","meta":{"_acf_changed":false,"footnotes":""},"class_list":["post-18043","page","type-page","status-publish","hentry","description-off"],"acf":[],"_links":{"self":[{"href":"https:\/\/www.krupps.com\/fr\/wp-json\/wp\/v2\/pages\/18043","targetHints":{"allow":["GET"]}}],"collection":[{"href":"https:\/\/www.krupps.com\/fr\/wp-json\/wp\/v2\/pages"}],"about":[{"href":"https:\/\/www.krupps.com\/fr\/wp-json\/wp\/v2\/types\/page"}],"author":[{"embeddable":true,"href":"https:\/\/www.krupps.com\/fr\/wp-json\/wp\/v2\/users\/1"}],"replies":[{"embeddable":true,"href":"https:\/\/www.krupps.com\/fr\/wp-json\/wp\/v2\/comments?post=18043"}],"version-history":[{"count":5,"href":"https:\/\/www.krupps.com\/fr\/wp-json\/wp\/v2\/pages\/18043\/revisions"}],"predecessor-version":[{"id":29835,"href":"https:\/\/www.krupps.com\/fr\/wp-json\/wp\/v2\/pages\/18043\/revisions\/29835"}],"up":[{"embeddable":true,"href":"https:\/\/www.krupps.com\/fr\/wp-json\/wp\/v2\/pages\/16874"}],"wp:attachment":[{"href":"https:\/\/www.krupps.com\/fr\/wp-json\/wp\/v2\/media?parent=18043"}],"curies":[{"name":"wp","href":"https:\/\/api.w.org\/{rel}","templated":true}]}}