	{"id":17014,"date":"2017-09-20T11:11:12","date_gmt":"2017-09-20T09:11:12","guid":{"rendered":"http:\/\/demowp001.stamyna.com\/catalogue\/soft-line\/"},"modified":"2023-01-25T11:00:50","modified_gmt":"2023-01-25T10:00:50","slug":"soft-range","status":"publish","type":"page","link":"https:\/\/www.krupps.com\/fr\/catalogue\/soft-range\/","title":{"rendered":"SOFT range"},"content":{"rendered":"<div class=\"wpb-content-wrapper\"><p>[vc_row][vc_column]<div class=\"ult-spacer spacer-69e21694c4876\" data-id=\"69e21694c4876\" data-height=\"40\" data-height-mobile=\"40\" data-height-tab=\"40\" data-height-tab-portrait=\"40\" data-height-mobile-landscape=\"40\" style=\"clear:both;display:block;\"><\/div><div class=\"dt-fancy-separator title-left h1-size style-disabled\" style=\"width: 100%;\"><div class=\"dt-fancy-title\" style=\"color: #d97025;\"><span class=\"separator-holder separator-left\"><\/span>Soft range<span class=\"separator-holder separator-right\"><\/span><\/div><\/div><div class=\"ult-spacer spacer-69e21694c48c6\" data-id=\"69e21694c48c6\" data-height=\"40\" data-height-mobile=\"40\" data-height-tab=\"40\" data-height-tab-portrait=\"40\" data-height-mobile-landscape=\"40\" style=\"clear:both;display:block;\"><\/div>[vc_row_inner][vc_column_inner][vc_column_text]Les mod\u00e8les de la ligne <strong>SOFT<\/strong> sont dot\u00e9s d\u2019un <strong>adoucisseur automatique<\/strong>, offrant la possibilit\u00e9 de combattre la formation de calcaire avec efficacit\u00e9. L\u2019adoucisseur est en effet compl\u00e8tement <strong>autonome<\/strong>, il r\u00e8gle automatiquement ses intervalles de r\u00e9g\u00e9n\u00e9ration en fonction de la duret\u00e9 de l\u2019eau entrant; il vous suffit de remplir le r\u00e9servoir de sel d\u00e8s qu\u2019appara\u00eet le message \u00ab\u00a0Manque de sel\u00a0\u00bb (absence de sel) \u00e0 l\u2019\u00e9cran. La r\u00e9g\u00e9n\u00e9ration des r\u00e9sines survient lors des cycles de lavage, il n\u2019est donc pas n\u00e9cessaire de mettre la machine \u00e0 l\u2019arr\u00eat.<br \/>\nL\u2019<strong>\u00e9cran tactile-LCD en verre tremp\u00e9 UNIKO-MID<\/strong> est extr\u00eamement fiable, et garantit des prestations id\u00e9ales. Choisir un des 4 cycles de lavage disponibles est r\u00e9ellement simple. Des messages pratiques s\u2019affichant \u00e0 l\u2019\u00e9cran vous permettront de pr\u00e9server la dur\u00e9e de vie du lave-vaisselle.[\/vc_column_text][\/vc_column_inner][\/vc_row_inner]<div class=\"ult-spacer spacer-69e21694c48e1\" data-id=\"69e21694c48e1\" data-height=\"40\" data-height-mobile=\"40\" data-height-tab=\"40\" data-height-tab-portrait=\"40\" data-height-mobile-landscape=\"40\" style=\"clear:both;display:block;\"><\/div>[\/vc_column][\/vc_row]<\/p>\n<\/div>","protected":false},"excerpt":{"rendered":"<p>[vc_row][vc_column][vc_row_inner][vc_column_inner][vc_column_text]Les mod\u00e8les de la ligne SOFT sont dot\u00e9s d\u2019un adoucisseur automatique, offrant la possibilit\u00e9 de combattre la formation de calcaire avec efficacit\u00e9. L\u2019adoucisseur est en effet compl\u00e8tement autonome, il r\u00e8gle automatiquement ses intervalles de r\u00e9g\u00e9n\u00e9ration en fonction de la duret\u00e9 de l\u2019eau entrant; il vous suffit de remplir le r\u00e9servoir de sel d\u00e8s qu\u2019appara\u00eet le&hellip;<\/p>\n","protected":false},"author":1,"featured_media":0,"parent":16874,"menu_order":0,"comment_status":"closed","ping_status":"closed","template":"tax-linea.php","meta":{"_acf_changed":false,"footnotes":""},"class_list":["post-17014","page","type-page","status-publish","hentry","description-off"],"acf":[],"_links":{"self":[{"href":"https:\/\/www.krupps.com\/fr\/wp-json\/wp\/v2\/pages\/17014","targetHints":{"allow":["GET"]}}],"collection":[{"href":"https:\/\/www.krupps.com\/fr\/wp-json\/wp\/v2\/pages"}],"about":[{"href":"https:\/\/www.krupps.com\/fr\/wp-json\/wp\/v2\/types\/page"}],"author":[{"embeddable":true,"href":"https:\/\/www.krupps.com\/fr\/wp-json\/wp\/v2\/users\/1"}],"replies":[{"embeddable":true,"href":"https:\/\/www.krupps.com\/fr\/wp-json\/wp\/v2\/comments?post=17014"}],"version-history":[{"count":2,"href":"https:\/\/www.krupps.com\/fr\/wp-json\/wp\/v2\/pages\/17014\/revisions"}],"predecessor-version":[{"id":29818,"href":"https:\/\/www.krupps.com\/fr\/wp-json\/wp\/v2\/pages\/17014\/revisions\/29818"}],"up":[{"embeddable":true,"href":"https:\/\/www.krupps.com\/fr\/wp-json\/wp\/v2\/pages\/16874"}],"wp:attachment":[{"href":"https:\/\/www.krupps.com\/fr\/wp-json\/wp\/v2\/media?parent=17014"}],"curies":[{"name":"wp","href":"https:\/\/api.w.org\/{rel}","templated":true}]}}