	{"id":16995,"date":"2017-09-20T11:11:12","date_gmt":"2017-09-20T09:11:12","guid":{"rendered":"http:\/\/demowp001.stamyna.com\/catalogue\/koral-line\/"},"modified":"2024-02-06T15:11:36","modified_gmt":"2024-02-06T14:11:36","slug":"koral-range","status":"publish","type":"page","link":"https:\/\/www.krupps.com\/fr\/catalogue\/koral-range\/","title":{"rendered":"KORAL range"},"content":{"rendered":"<div class=\"wpb-content-wrapper\"><p>[vc_row][vc_column]<div class=\"ult-spacer spacer-69f3942d288fc\" data-id=\"69f3942d288fc\" data-height=\"40\" data-height-mobile=\"40\" data-height-tab=\"40\" data-height-tab-portrait=\"40\" data-height-mobile-landscape=\"40\" style=\"clear:both;display:block;\"><\/div><div class=\"dt-fancy-separator title-left h1-size style-disabled\" style=\"width: 100%;\"><div class=\"dt-fancy-title\" style=\"color: #c1c31f;\"><span class=\"separator-holder separator-left\"><\/span>Koral range<span class=\"separator-holder separator-right\"><\/span><\/div><\/div><div class=\"ult-spacer spacer-69f3942d28952\" data-id=\"69f3942d28952\" data-height=\"40\" data-height-mobile=\"40\" data-height-tab=\"40\" data-height-tab-portrait=\"40\" data-height-mobile-landscape=\"40\" style=\"clear:both;display:block;\"><\/div>[vc_row_inner][vc_column_inner][vc_column_text]La ligne <strong>KORAL<\/strong> se distingue par sa vaste gamme de mod\u00e8les, adapt\u00e9s \u00e0 toutes les situations. Le syst\u00e8me de contr\u00f4le \u00e0 travers la<br \/>\ncarte \u00e9lectronique offre d\u2019importantes options de personnalisation, en fonction des besoins, permettant de r\u00e9gler avec pr\u00e9cision n\u2019importe quel param\u00e8tre et de garantir des r\u00e9sultats de lavage toujours optimaux.<br \/>\n<strong>L\u2019\u00e9cran tactile en verre tremp\u00e9 UNIKO <\/strong>est extr\u00eamement fiable, et assure des prestations id\u00e9ales. Choisir un des 4 cycles de lavage disponibles est r\u00e9ellement simple. Des messages pratiques s\u2019affichant \u00e0 l\u2019\u00e9cran vous permettront de pr\u00e9server la dur\u00e9e de vie du lave-vaisselle.[\/vc_column_text][\/vc_column_inner][\/vc_row_inner]<div class=\"ult-spacer spacer-69f3942d28967\" data-id=\"69f3942d28967\" data-height=\"40\" data-height-mobile=\"40\" data-height-tab=\"40\" data-height-tab-portrait=\"40\" data-height-mobile-landscape=\"40\" style=\"clear:both;display:block;\"><\/div>[\/vc_column][\/vc_row]<\/p>\n<\/div>","protected":false},"excerpt":{"rendered":"<p>[vc_row][vc_column][vc_row_inner][vc_column_inner][vc_column_text]La ligne KORAL se distingue par sa vaste gamme de mod\u00e8les, adapt\u00e9s \u00e0 toutes les situations. Le syst\u00e8me de contr\u00f4le \u00e0 travers la carte \u00e9lectronique offre d\u2019importantes options de personnalisation, en fonction des besoins, permettant de r\u00e9gler avec pr\u00e9cision n\u2019importe quel param\u00e8tre et de garantir des r\u00e9sultats de lavage toujours optimaux. L\u2019\u00e9cran tactile en verre&hellip;<\/p>\n","protected":false},"author":1,"featured_media":0,"parent":16874,"menu_order":0,"comment_status":"closed","ping_status":"closed","template":"tax-linea.php","meta":{"_acf_changed":false,"footnotes":""},"class_list":["post-16995","page","type-page","status-publish","hentry","description-off"],"acf":[],"_links":{"self":[{"href":"https:\/\/www.krupps.com\/fr\/wp-json\/wp\/v2\/pages\/16995","targetHints":{"allow":["GET"]}}],"collection":[{"href":"https:\/\/www.krupps.com\/fr\/wp-json\/wp\/v2\/pages"}],"about":[{"href":"https:\/\/www.krupps.com\/fr\/wp-json\/wp\/v2\/types\/page"}],"author":[{"embeddable":true,"href":"https:\/\/www.krupps.com\/fr\/wp-json\/wp\/v2\/users\/1"}],"replies":[{"embeddable":true,"href":"https:\/\/www.krupps.com\/fr\/wp-json\/wp\/v2\/comments?post=16995"}],"version-history":[{"count":3,"href":"https:\/\/www.krupps.com\/fr\/wp-json\/wp\/v2\/pages\/16995\/revisions"}],"predecessor-version":[{"id":32196,"href":"https:\/\/www.krupps.com\/fr\/wp-json\/wp\/v2\/pages\/16995\/revisions\/32196"}],"up":[{"embeddable":true,"href":"https:\/\/www.krupps.com\/fr\/wp-json\/wp\/v2\/pages\/16874"}],"wp:attachment":[{"href":"https:\/\/www.krupps.com\/fr\/wp-json\/wp\/v2\/media?parent=16995"}],"curies":[{"name":"wp","href":"https:\/\/api.w.org\/{rel}","templated":true}]}}