	{"id":16951,"date":"2017-09-20T11:11:12","date_gmt":"2017-09-20T09:11:12","guid":{"rendered":"http:\/\/demowp001.stamyna.com\/catalogue\/evolution-line\/"},"modified":"2023-01-25T11:29:46","modified_gmt":"2023-01-25T10:29:46","slug":"evolution-range","status":"publish","type":"page","link":"https:\/\/www.krupps.com\/fr\/catalogue\/evolution-range\/","title":{"rendered":"EVOLUTION range"},"content":{"rendered":"<div class=\"wpb-content-wrapper\"><p>[vc_row][vc_column]<div class=\"ult-spacer spacer-69e23c564a2ed\" data-id=\"69e23c564a2ed\" data-height=\"40\" data-height-mobile=\"40\" data-height-tab=\"40\" data-height-tab-portrait=\"40\" data-height-mobile-landscape=\"40\" style=\"clear:both;display:block;\"><\/div><div class=\"dt-fancy-separator title-left h1-size style-disabled\" style=\"width: 100%;\"><div class=\"dt-fancy-title\" style=\"color: #7d417f;\"><span class=\"separator-holder separator-left\"><\/span>Evolution range<span class=\"separator-holder separator-right\"><\/span><\/div><\/div><div class=\"ult-spacer spacer-69e23c564a342\" data-id=\"69e23c564a342\" data-height=\"40\" data-height-mobile=\"40\" data-height-tab=\"40\" data-height-tab-portrait=\"40\" data-height-mobile-landscape=\"40\" style=\"clear:both;display:block;\"><\/div>[vc_row_inner][vc_column_inner][vc_column_text]La ligne <strong>EVOLUTION<\/strong> a \u00e9t\u00e9 \u00e9tudi\u00e9e en sorte de satisfaire les exigences de chaque client, gr\u00e2ce aux diff\u00e9rents accessoires installables, parvenant \u00e0 allier <strong>de grandes charges de travail et en optimisant les espaces<\/strong> \u00e0 disposition, en simplifiant le travail de l\u2019op\u00e9rateur et en r\u00e9duisant les consommations. Les mod\u00e8les de cette ligne sont dot\u00e9s d\u2019un <strong>double syst\u00e8me de filtrage<\/strong> qui retient tous les r\u00e9sidus\u00a0; les pompes de lavage verticales et les bras de lavage en acier inox, quant \u00e0 eux, garantissent <strong>d\u2019excellentes prestations<\/strong>. Evolution est en outre \u00e9quip\u00e9e de <strong>portes contrebalanc\u00e9es avec double paroi<\/strong> et syst\u00e8me anti-chute, et de <strong>cuves moul\u00e9es et arrondies<\/strong>.[\/vc_column_text][\/vc_column_inner][\/vc_row_inner]<div class=\"ult-spacer spacer-69e23c564a358\" data-id=\"69e23c564a358\" data-height=\"40\" data-height-mobile=\"40\" data-height-tab=\"40\" data-height-tab-portrait=\"40\" data-height-mobile-landscape=\"40\" style=\"clear:both;display:block;\"><\/div>[\/vc_column][\/vc_row]<\/p>\n<\/div>","protected":false},"excerpt":{"rendered":"<p>[vc_row][vc_column][vc_row_inner][vc_column_inner][vc_column_text]La ligne EVOLUTION a \u00e9t\u00e9 \u00e9tudi\u00e9e en sorte de satisfaire les exigences de chaque client, gr\u00e2ce aux diff\u00e9rents accessoires installables, parvenant \u00e0 allier de grandes charges de travail et en optimisant les espaces \u00e0 disposition, en simplifiant le travail de l\u2019op\u00e9rateur et en r\u00e9duisant les consommations. Les mod\u00e8les de cette ligne sont dot\u00e9s d\u2019un double&hellip;<\/p>\n","protected":false},"author":1,"featured_media":0,"parent":16874,"menu_order":0,"comment_status":"closed","ping_status":"closed","template":"tax-linea.php","meta":{"_acf_changed":false,"footnotes":""},"class_list":["post-16951","page","type-page","status-publish","hentry","description-off"],"acf":[],"_links":{"self":[{"href":"https:\/\/www.krupps.com\/fr\/wp-json\/wp\/v2\/pages\/16951","targetHints":{"allow":["GET"]}}],"collection":[{"href":"https:\/\/www.krupps.com\/fr\/wp-json\/wp\/v2\/pages"}],"about":[{"href":"https:\/\/www.krupps.com\/fr\/wp-json\/wp\/v2\/types\/page"}],"author":[{"embeddable":true,"href":"https:\/\/www.krupps.com\/fr\/wp-json\/wp\/v2\/users\/1"}],"replies":[{"embeddable":true,"href":"https:\/\/www.krupps.com\/fr\/wp-json\/wp\/v2\/comments?post=16951"}],"version-history":[{"count":2,"href":"https:\/\/www.krupps.com\/fr\/wp-json\/wp\/v2\/pages\/16951\/revisions"}],"predecessor-version":[{"id":29842,"href":"https:\/\/www.krupps.com\/fr\/wp-json\/wp\/v2\/pages\/16951\/revisions\/29842"}],"up":[{"embeddable":true,"href":"https:\/\/www.krupps.com\/fr\/wp-json\/wp\/v2\/pages\/16874"}],"wp:attachment":[{"href":"https:\/\/www.krupps.com\/fr\/wp-json\/wp\/v2\/media?parent=16951"}],"curies":[{"name":"wp","href":"https:\/\/api.w.org\/{rel}","templated":true}]}}