	{"id":16926,"date":"2017-09-20T11:11:12","date_gmt":"2017-09-20T09:11:12","guid":{"rendered":"http:\/\/demowp001.stamyna.com\/catalogue\/elitech-line\/"},"modified":"2023-01-31T11:52:19","modified_gmt":"2023-01-31T10:52:19","slug":"elitech-range","status":"publish","type":"page","link":"https:\/\/www.krupps.com\/fr\/catalogue\/elitech-range\/","title":{"rendered":"ELITECH range"},"content":{"rendered":"<div class=\"wpb-content-wrapper\"><p>[vc_row][vc_column]<div class=\"ult-spacer spacer-69e22bd89ecb8\" data-id=\"69e22bd89ecb8\" data-height=\"40\" data-height-mobile=\"40\" data-height-tab=\"40\" data-height-tab-portrait=\"40\" data-height-mobile-landscape=\"40\" style=\"clear:both;display:block;\"><\/div><div class=\"dt-fancy-separator title-left h1-size style-disabled\" style=\"width: 100%;\"><div class=\"dt-fancy-title\" style=\"color: #2b81c5;\"><span class=\"separator-holder separator-left\"><\/span>Elitech range<span class=\"separator-holder separator-right\"><\/span><\/div><\/div><div class=\"dt-fancy-separator title-left h4-size style-disabled\" style=\"width: 100%;\"><div class=\"dt-fancy-title\" style=\"color: #2a81c5;\"><span class=\"separator-holder separator-left\"><\/span>Certifi\u00e9s pour \u00e9liminer plus de 99% des bact\u00e9ries<span class=\"separator-holder separator-right\"><\/span><\/div><\/div><div class=\"ult-spacer spacer-69e22bd89ed22\" data-id=\"69e22bd89ed22\" data-height=\"40\" data-height-mobile=\"40\" data-height-tab=\"40\" data-height-tab-portrait=\"40\" data-height-mobile-landscape=\"40\" style=\"clear:both;display:block;\"><\/div>[vc_row_inner][vc_column_inner][vc_column_text]Les lave-vaisselle de la ligne <strong>ELITECH<\/strong> garantissent d\u2019excellentes prestations, avec son <em><strong>Acquatech System<\/strong><\/em> , gr\u00e2ce \u00e0 l\u2019installation de s\u00e9rie d\u2019un syst\u00e8me moyennant un surchauffeur atmosph\u00e9rique \u00ab\u00a0BREAK-TANK\u00a0\u00bb et une pompe de rin\u00e7age, qui permet de maintenir <strong>une temp\u00e9rature et une pression toujours constantes<\/strong>, et des consommations d\u2019eau r\u00e9duites. Elitech assure un cycle de <strong>rin\u00e7age assainissant<\/strong>, repr\u00e9sentant le choix parfait pour les cantines, maisons de retraite, p\u00e2tisseries, boulangeries et boucheries, o\u00f9 le respect des r\u00e8gles HACCP est fondamental. Pour ceux \u00e0 la recherche de verres parfaits, il est possible de connecter un <strong>Syst\u00e8me \u00e0 Osmose Inverse<\/strong> qui purifie l\u2019eau en r\u00e9duisant la consommation de d\u00e9tergent et de produit de brillance, tout en assurant d\u2019excellents r\u00e9sultats, sans besoin de s\u00e9chage manuel.<br \/>\nL\u2019<strong>\u00e9cran tactile innovant UNIKO<\/strong> en verre tremp\u00e9 rend <strong>les op\u00e9rations simples et intuitives<\/strong>, qu\u2019il s\u2019agisse du choix du cycle de lavage le plus adapt\u00e9 ou du contr\u00f4le de son avancement, et permettant aussi un suivi constant de l\u2019\u00e9tat du lave-vaisselle, en toute facilit\u00e9. La grande vari\u00e9t\u00e9 des cycles de lavage rendent le lave-vaisselle personnalisable, selon les besoins de chacun. L\u2019autodiagnostic constant permet de r\u00e9duire au minimum les temps d\u2019arr\u00eat de la machine, et gr\u00e2ce au syst\u00e8me de <strong>contr\u00f4le Wi-Fi IKLOUD<\/strong>, le technicien est averti en temps r\u00e9el des probl\u00e8mes \u00e9ventuels, cela lui permettant d\u2019intervenir \u00e0 distance pour modifier les param\u00e8tres du lave-vaisselle et r\u00e9soudre la situation si n\u00e9cessaire.[\/vc_column_text][\/vc_column_inner][\/vc_row_inner]<div class=\"ult-spacer spacer-69e22bd89ed36\" data-id=\"69e22bd89ed36\" data-height=\"40\" data-height-mobile=\"40\" data-height-tab=\"40\" data-height-tab-portrait=\"40\" data-height-mobile-landscape=\"40\" style=\"clear:both;display:block;\"><\/div>[\/vc_column][\/vc_row][vc_row][vc_column][\/vc_column][\/vc_row]<\/p>\n<\/div>","protected":false},"excerpt":{"rendered":"<p>[vc_row][vc_column][vc_row_inner][vc_column_inner][vc_column_text]Les lave-vaisselle de la ligne ELITECH garantissent d\u2019excellentes prestations, avec son Acquatech System , gr\u00e2ce \u00e0 l\u2019installation de s\u00e9rie d\u2019un syst\u00e8me moyennant un surchauffeur atmosph\u00e9rique \u00ab\u00a0BREAK-TANK\u00a0\u00bb et une pompe de rin\u00e7age, qui permet de maintenir une temp\u00e9rature et une pression toujours constantes, et des consommations d\u2019eau r\u00e9duites. Elitech assure un cycle de rin\u00e7age assainissant, repr\u00e9sentant&hellip;<\/p>\n","protected":false},"author":1,"featured_media":0,"parent":16874,"menu_order":0,"comment_status":"closed","ping_status":"closed","template":"tax-linea.php","meta":{"_acf_changed":false,"footnotes":""},"class_list":["post-16926","page","type-page","status-publish","hentry","description-off"],"acf":[],"_links":{"self":[{"href":"https:\/\/www.krupps.com\/fr\/wp-json\/wp\/v2\/pages\/16926","targetHints":{"allow":["GET"]}}],"collection":[{"href":"https:\/\/www.krupps.com\/fr\/wp-json\/wp\/v2\/pages"}],"about":[{"href":"https:\/\/www.krupps.com\/fr\/wp-json\/wp\/v2\/types\/page"}],"author":[{"embeddable":true,"href":"https:\/\/www.krupps.com\/fr\/wp-json\/wp\/v2\/users\/1"}],"replies":[{"embeddable":true,"href":"https:\/\/www.krupps.com\/fr\/wp-json\/wp\/v2\/comments?post=16926"}],"version-history":[{"count":7,"href":"https:\/\/www.krupps.com\/fr\/wp-json\/wp\/v2\/pages\/16926\/revisions"}],"predecessor-version":[{"id":29808,"href":"https:\/\/www.krupps.com\/fr\/wp-json\/wp\/v2\/pages\/16926\/revisions\/29808"}],"up":[{"embeddable":true,"href":"https:\/\/www.krupps.com\/fr\/wp-json\/wp\/v2\/pages\/16874"}],"wp:attachment":[{"href":"https:\/\/www.krupps.com\/fr\/wp-json\/wp\/v2\/media?parent=16926"}],"curies":[{"name":"wp","href":"https:\/\/api.w.org\/{rel}","templated":true}]}}