	{"id":16516,"date":"2017-09-28T12:27:15","date_gmt":"2017-09-28T10:27:15","guid":{"rendered":"http:\/\/demowp001.stamyna.com\/documentation\/exploded\/"},"modified":"2022-10-18T09:38:34","modified_gmt":"2022-10-18T07:38:34","slug":"recherche-vue-eclatee","status":"publish","type":"page","link":"https:\/\/www.krupps.com\/fr\/documentation\/recherche-vue-eclatee\/","title":{"rendered":"Recherche Vue Eclat\u00e9e"},"content":{"rendered":"Vous devez \u00eatre connect\u00e9 pour voir ce contenu.","protected":false},"excerpt":{"rendered":"Vous devez \u00eatre connect\u00e9 pour voir ce contenu.","protected":false},"author":1,"featured_media":0,"parent":16046,"menu_order":15,"comment_status":"closed","ping_status":"closed","template":"page-template-documentazione.php","meta":{"_acf_changed":false,"footnotes":""},"class_list":["post-16516","page","type-page","status-publish","hentry","description-off"],"acf":[],"_links":{"self":[{"href":"https:\/\/www.krupps.com\/fr\/wp-json\/wp\/v2\/pages\/16516","targetHints":{"allow":["GET"]}}],"collection":[{"href":"https:\/\/www.krupps.com\/fr\/wp-json\/wp\/v2\/pages"}],"about":[{"href":"https:\/\/www.krupps.com\/fr\/wp-json\/wp\/v2\/types\/page"}],"author":[{"embeddable":true,"href":"https:\/\/www.krupps.com\/fr\/wp-json\/wp\/v2\/users\/1"}],"replies":[{"embeddable":true,"href":"https:\/\/www.krupps.com\/fr\/wp-json\/wp\/v2\/comments?post=16516"}],"version-history":[{"count":10,"href":"https:\/\/www.krupps.com\/fr\/wp-json\/wp\/v2\/pages\/16516\/revisions"}],"predecessor-version":[{"id":20319,"href":"https:\/\/www.krupps.com\/fr\/wp-json\/wp\/v2\/pages\/16516\/revisions\/20319"}],"up":[{"embeddable":true,"href":"https:\/\/www.krupps.com\/fr\/wp-json\/wp\/v2\/pages\/16046"}],"wp:attachment":[{"href":"https:\/\/www.krupps.com\/fr\/wp-json\/wp\/v2\/media?parent=16516"}],"curies":[{"name":"wp","href":"https:\/\/api.w.org\/{rel}","templated":true}]}}