	{"id":16369,"date":"2017-09-07T16:31:52","date_gmt":"2017-09-07T14:31:52","guid":{"rendered":"http:\/\/demowp001.stamyna.com\/documentation\/technical-documentation\/"},"modified":"2024-02-02T13:18:26","modified_gmt":"2024-02-02T12:18:26","slug":"documention-technique","status":"publish","type":"page","link":"https:\/\/www.krupps.com\/fr\/documentation\/documention-technique\/","title":{"rendered":"Documention technique"},"content":{"rendered":"Vous devez \u00eatre connect\u00e9 pour voir ce contenu.","protected":false},"excerpt":{"rendered":"Vous devez \u00eatre connect\u00e9 pour voir ce contenu.","protected":false},"author":1,"featured_media":0,"parent":16046,"menu_order":5,"comment_status":"closed","ping_status":"closed","template":"page-template-documentazione.php","meta":{"_acf_changed":false,"footnotes":""},"class_list":["post-16369","page","type-page","status-publish","hentry","description-off"],"acf":[],"_links":{"self":[{"href":"https:\/\/www.krupps.com\/fr\/wp-json\/wp\/v2\/pages\/16369","targetHints":{"allow":["GET"]}}],"collection":[{"href":"https:\/\/www.krupps.com\/fr\/wp-json\/wp\/v2\/pages"}],"about":[{"href":"https:\/\/www.krupps.com\/fr\/wp-json\/wp\/v2\/types\/page"}],"author":[{"embeddable":true,"href":"https:\/\/www.krupps.com\/fr\/wp-json\/wp\/v2\/users\/1"}],"replies":[{"embeddable":true,"href":"https:\/\/www.krupps.com\/fr\/wp-json\/wp\/v2\/comments?post=16369"}],"version-history":[{"count":3,"href":"https:\/\/www.krupps.com\/fr\/wp-json\/wp\/v2\/pages\/16369\/revisions"}],"predecessor-version":[{"id":32116,"href":"https:\/\/www.krupps.com\/fr\/wp-json\/wp\/v2\/pages\/16369\/revisions\/32116"}],"up":[{"embeddable":true,"href":"https:\/\/www.krupps.com\/fr\/wp-json\/wp\/v2\/pages\/16046"}],"wp:attachment":[{"href":"https:\/\/www.krupps.com\/fr\/wp-json\/wp\/v2\/media?parent=16369"}],"curies":[{"name":"wp","href":"https:\/\/api.w.org\/{rel}","templated":true}]}}