	{"id":16316,"date":"2017-09-07T16:30:44","date_gmt":"2017-09-07T14:30:44","guid":{"rendered":"http:\/\/demowp001.stamyna.com\/documentation\/dishwasher-technical-manual-uniko-mid\/"},"modified":"2018-02-15T10:54:03","modified_gmt":"2018-02-15T09:54:03","slug":"manuel-technique-lave-vaisselle-uniko-mid","status":"publish","type":"page","link":"https:\/\/www.krupps.com\/fr\/documentation\/manuel-technique-lave-vaisselle-uniko-mid\/","title":{"rendered":"Manuel technique lave-vaisselle UNIKO-MID"},"content":{"rendered":"Vous devez \u00eatre connect\u00e9 pour voir ce contenu.","protected":false},"excerpt":{"rendered":"Vous devez \u00eatre connect\u00e9 pour voir ce contenu.","protected":false},"author":1,"featured_media":0,"parent":16046,"menu_order":9,"comment_status":"closed","ping_status":"closed","template":"page-template-documentazione.php","meta":{"_acf_changed":false,"footnotes":""},"class_list":["post-16316","page","type-page","status-publish","hentry","description-off"],"acf":[],"_links":{"self":[{"href":"https:\/\/www.krupps.com\/fr\/wp-json\/wp\/v2\/pages\/16316","targetHints":{"allow":["GET"]}}],"collection":[{"href":"https:\/\/www.krupps.com\/fr\/wp-json\/wp\/v2\/pages"}],"about":[{"href":"https:\/\/www.krupps.com\/fr\/wp-json\/wp\/v2\/types\/page"}],"author":[{"embeddable":true,"href":"https:\/\/www.krupps.com\/fr\/wp-json\/wp\/v2\/users\/1"}],"replies":[{"embeddable":true,"href":"https:\/\/www.krupps.com\/fr\/wp-json\/wp\/v2\/comments?post=16316"}],"version-history":[{"count":2,"href":"https:\/\/www.krupps.com\/fr\/wp-json\/wp\/v2\/pages\/16316\/revisions"}],"predecessor-version":[{"id":19189,"href":"https:\/\/www.krupps.com\/fr\/wp-json\/wp\/v2\/pages\/16316\/revisions\/19189"}],"up":[{"embeddable":true,"href":"https:\/\/www.krupps.com\/fr\/wp-json\/wp\/v2\/pages\/16046"}],"wp:attachment":[{"href":"https:\/\/www.krupps.com\/fr\/wp-json\/wp\/v2\/media?parent=16316"}],"curies":[{"name":"wp","href":"https:\/\/api.w.org\/{rel}","templated":true}]}}