	{"id":16061,"date":"2017-09-05T17:32:21","date_gmt":"2017-09-05T15:32:21","guid":{"rendered":"http:\/\/demowp001.stamyna.com\/?page_id=16061\/"},"modified":"2022-01-04T14:17:03","modified_gmt":"2022-01-04T13:17:03","slug":"uniko-ikloud","status":"publish","type":"page","link":"https:\/\/www.krupps.com\/fr\/uniko-ikloud\/","title":{"rendered":"UNIKO &amp; IKLOUD"},"content":{"rendered":"<div class=\"wpb-content-wrapper\"><p>[vc_row][vc_column 0=\u00a0\u00bb\u00a0\u00bb]<div class=\"ult-spacer spacer-6a0375b4a8fc1\" data-id=\"6a0375b4a8fc1\" data-height=\"40\" data-height-mobile=\"20\" data-height-tab=\"40\" data-height-tab-portrait=\"40\" data-height-mobile-landscape=\"20\" style=\"clear:both;display:block;\"><\/div><div class=\"dt-fancy-separator title-left h1-size style-disabled\" style=\"width: 100%;\"><div class=\"dt-fancy-title\" style=\"color: #ffbf00;\"><span class=\"separator-holder separator-left\"><\/span>UNIKO &amp; IKLOUD<span class=\"separator-holder separator-right\"><\/span><\/div><\/div><div class=\"ult-spacer spacer-6a0375b4a902f\" data-id=\"6a0375b4a902f\" data-height=\"40\" data-height-mobile=\"20\" data-height-tab=\"40\" data-height-tab-portrait=\"40\" data-height-mobile-landscape=\"20\" style=\"clear:both;display:block;\"><\/div>[\/vc_column][\/vc_row][vc_row][vc_column width=\u00a0\u00bb2\/3&Prime;][vc_column_text]<strong>UNIKO &amp; IKLOUD<\/strong> sont les deux technologies qui changent le monde du lavage professionnel, red\u00e9finissant les syst\u00e8mes de lavage professionnel dans un monde en constante \u00e9volution. De leur combinaison na\u00eet un nouveau concept dans la cuisine, o\u00f9 le lave-vaisselle devient un protagoniste incontest\u00e9, capable de mettre en valeur les plats pr\u00e9par\u00e9s par la brigade mais aussi capable de communiquer avec le Service d&rsquo;Assistance Technique pour garantir un r\u00e9sultat de lavage impeccable.<\/p>\n<p>&nbsp;<\/p>\n<h3>D\u00e9couvrez <strong>UNIKO<\/strong>, l\u2019\u00e9cran tactile\u00a0nouvelle g\u00e9n\u00e9ration.<\/h3>\n<p>Le nouvel \u00e9cran tactile en verre tremp\u00e9 a \u00e9t\u00e9 con\u00e7u\u00a0pour faciliter la t\u00e2che de l\u2019op\u00e9rateur. El\u00e9gant et raffin\u00e9, son aspect tr\u00e8s simple et facile \u00e0 utiliser va gagner votre confiance. La pratique touche Start change couleur selon l\u2019\u00e9tat du lave-vaisselle: le Vert indique que la machine\u00a0est pr\u00eate pour d\u00e9marrer le cycle, le Bleu indique qu\u2019elle est en train de faire son cycle, le Rouge quand elle ne peut pas d\u00e9marrer le cycle (car par exemple l\u2019appareil est en mode Remplissage ou Chauffage). Le panneau l\u2019appareil dispose aussi d\u2019une minuterie qui montre toujours\u00a0 l\u2019avancement du cycle. Afin de faire face aux diff\u00e9rentes exigences de nos clients nous avons introduit plusieurs cycles de lavage identifiables par des ic\u00f4nes repr\u00e9sentant les vaisselles \u00e0 laver et 20 cycles sont alors disponibles: il suffit\u00a0de taper sur l\u2019ic\u00f4ne\u00a0 correspondant aux types de vaisselle charg\u00e9 dans l\u2019appareil; cela va r\u00e9duire le temps d\u2019explication lorsque un nouveau \u00a0op\u00e9rateur va utiliser l\u2019appareil\u00a0et garantir toujours des r\u00e9sultats impeccables. L\u2019<strong>Autodiagnostic<\/strong> constant permet de r\u00e9duire les pannes en vous conseillant certaines v\u00e9rifications simples \u00e0 faire et en envoyant automatiquement\u00a0au SAV une notification (la fonction de notification au technicien en temps r\u00e9el c\u2019est disponible avec la connexion \u00e0 iKloud). Cette fonction permet au technicien d\u2019\u00eatre inform\u00e9\u00a0 en temps r\u00e9el des incidents \u00e9ventuels sur l\u2019appareil et permettant aussi d\u2019anticiper son intervention, si cela est n\u00e9cessaire.\u00a0Garantir toujours des r\u00e9sultats excellents, tel est notre objectif, donc le lave-vaisselle va vous signaler quand il sera n\u00e9cessaire effectuer\u00a0sa r\u00e9vision.[\/vc_column_text]<div class=\"ult-spacer spacer-6a0375b4a9047\" data-id=\"6a0375b4a9047\" data-height=\"40\" data-height-mobile=\"20\" data-height-tab=\"40\" data-height-tab-portrait=\"40\" data-height-mobile-landscape=\"20\" style=\"clear:both;display:block;\"><\/div>[vc_single_image image=\u00a0\u00bb17588&Prime; img_size=\u00a0\u00bblarge\u00a0\u00bb][\/vc_column][vc_column width=\u00a0\u00bb1\/3&Prime;]<div class=\"ult-spacer spacer-6a0375b4a905a\" data-id=\"6a0375b4a905a\" data-height=\"40\" data-height-mobile=\"20\" data-height-tab=\"40\" data-height-tab-portrait=\"40\" data-height-mobile-landscape=\"20\" style=\"clear:both;display:block;\"><\/div><div class=\"dt-fancy-separator title-color accent-border-color\" style=\"width: 100%;\"><div class=\"dt-fancy-title\"><span class=\"separator-holder separator-left\"><\/span>D\u00e9couvrez les 20 cycles de lavage:<span class=\"separator-holder separator-right\"><\/span><\/div><\/div><div class=\"ult-spacer spacer-6a0375b4a9085\" data-id=\"6a0375b4a9085\" data-height=\"100\" data-height-mobile=\"50\" data-height-tab=\"100\" data-height-tab-portrait=\"50\" data-height-mobile-landscape=\"50\" style=\"clear:both;display:block;\"><\/div><div id=\"ult-carousel-810416606a0375b4a9208\" class=\"ult-carousel-wrapper   ult_horizontal\" data-gutter=\"15\" data-rtl=\"false\" ><div class=\"ult-carousel-11821166156a0375b4a90cc \" >[vc_single_image image=\u00a0\u00bb16822&Prime; img_size=\u00a0\u00bb\u00a0\u00bb alignment=\u00a0\u00bbcenter\u00a0\u00bb image_hovers=\u00a0\u00bbfalse\u00a0\u00bb][vc_single_image image=\u00a0\u00bb16823&Prime; img_size=\u00a0\u00bb\u00a0\u00bb alignment=\u00a0\u00bbcenter\u00a0\u00bb][vc_single_image image=\u00a0\u00bb16827&Prime; img_size=\u00a0\u00bb\u00a0\u00bb alignment=\u00a0\u00bbcenter\u00a0\u00bb][vc_single_image image=\u00a0\u00bb16828&Prime; img_size=\u00a0\u00bb\u00a0\u00bb alignment=\u00a0\u00bbcenter\u00a0\u00bb][vc_single_image image=\u00a0\u00bb16829&Prime; img_size=\u00a0\u00bb\u00a0\u00bb alignment=\u00a0\u00bbcenter\u00a0\u00bb][vc_single_image image=\u00a0\u00bb16830&Prime; img_size=\u00a0\u00bb\u00a0\u00bb alignment=\u00a0\u00bbcenter\u00a0\u00bb][vc_single_image image=\u00a0\u00bb16831&Prime; img_size=\u00a0\u00bb\u00a0\u00bb alignment=\u00a0\u00bbcenter\u00a0\u00bb][vc_single_image image=\u00a0\u00bb16833&Prime; img_size=\u00a0\u00bb\u00a0\u00bb alignment=\u00a0\u00bbcenter\u00a0\u00bb][vc_single_image image=\u00a0\u00bb16834&Prime; img_size=\u00a0\u00bb\u00a0\u00bb alignment=\u00a0\u00bbcenter\u00a0\u00bb][vc_single_image image=\u00a0\u00bb16835&Prime; img_size=\u00a0\u00bb\u00a0\u00bb alignment=\u00a0\u00bbcenter\u00a0\u00bb][vc_single_image image=\u00a0\u00bb16837&Prime; img_size=\u00a0\u00bb\u00a0\u00bb alignment=\u00a0\u00bbcenter\u00a0\u00bb][vc_single_image image=\u00a0\u00bb16839&Prime; img_size=\u00a0\u00bb\u00a0\u00bb alignment=\u00a0\u00bbcenter\u00a0\u00bb][vc_single_image image=\u00a0\u00bb16840&Prime; img_size=\u00a0\u00bb\u00a0\u00bb alignment=\u00a0\u00bbcenter\u00a0\u00bb][vc_single_image image=\u00a0\u00bb16841&Prime; img_size=\u00a0\u00bb\u00a0\u00bb alignment=\u00a0\u00bbcenter\u00a0\u00bb][vc_single_image image=\u00a0\u00bb16842&Prime; img_size=\u00a0\u00bb\u00a0\u00bb alignment=\u00a0\u00bbcenter\u00a0\u00bb][vc_single_image image=\u00a0\u00bb16843&Prime; img_size=\u00a0\u00bb\u00a0\u00bb alignment=\u00a0\u00bbcenter\u00a0\u00bb][vc_single_image image=\u00a0\u00bb16844&Prime; img_size=\u00a0\u00bb\u00a0\u00bb alignment=\u00a0\u00bbcenter\u00a0\u00bb][vc_single_image image=\u00a0\u00bb16845&Prime; img_size=\u00a0\u00bb\u00a0\u00bb alignment=\u00a0\u00bbcenter\u00a0\u00bb]<\/div><\/div>\t\t\t<script type=\"text\/javascript\">\n\t\t\t\tjQuery(document).ready(function ($) {\n\t\t\t\t\tif( typeof jQuery('.ult-carousel-11821166156a0375b4a90cc').slick == \"function\"){\n\t\t\t\t\t\t$('.ult-carousel-11821166156a0375b4a90cc').slick({dots: false,autoplay: true,autoplaySpeed: \"2000\",speed: \"300\",infinite: true,arrows: true,nextArrow: '<button type=\"button\" role=\"button\" aria-label=\"Next\" style=\"color:#333333; font-size:20px;\" class=\"slick-next default\"><i class=\"ultsl-arrow-right4\"><\/i><\/button>',prevArrow: '<button type=\"button\" role=\"button\" aria-label=\"Previous\" style=\"color:#333333; font-size:20px;\" class=\"slick-prev default\"><i class=\"ultsl-arrow-left4\"><\/i><\/button>',slidesToScroll:1,slidesToShow:1,swipe: true,draggable: true,touchMove: true,pauseOnHover: true,pauseOnFocus: false,responsive: [\n\t\t\t\t\t\t\t{\n\t\t\t\t\t\t\t  breakpoint: 1026,\n\t\t\t\t\t\t\t  settings: {\n\t\t\t\t\t\t\t\tslidesToShow: 1,\n\t\t\t\t\t\t\t\tslidesToScroll: 1,  \n\t\t\t\t\t\t\t  }\n\t\t\t\t\t\t\t},\n\t\t\t\t\t\t\t{\n\t\t\t\t\t\t\t  breakpoint: 1025,\n\t\t\t\t\t\t\t  settings: {\n\t\t\t\t\t\t\t\tslidesToShow: 1,\n\t\t\t\t\t\t\t\tslidesToScroll: 1\n\t\t\t\t\t\t\t  }\n\t\t\t\t\t\t\t},\n\t\t\t\t\t\t\t{\n\t\t\t\t\t\t\t  breakpoint: 760,\n\t\t\t\t\t\t\t  settings: {\n\t\t\t\t\t\t\t\tslidesToShow: 1,\n\t\t\t\t\t\t\t\tslidesToScroll: 1\n\t\t\t\t\t\t\t  }\n\t\t\t\t\t\t\t}\n\t\t\t\t\t\t],pauseOnDotsHover: true,customPaging: function(slider, i) {\n                   return '<i type=\"button\" style= \"color:#333333;\" class=\"ultsl-record\" data-role=\"none\"><\/i>';\n                },});\n\t\t\t\t\t}\n\t\t\t\t});\n\t\t\t<\/script>\n\t\t\t[\/vc_column][\/vc_row][vc_row][vc_column width=\u00a0\u00bb2\/3&Prime;][vc_column_text]<\/p>\n<h3><strong>Il s\u2019appelle futur, nous l\u2019\u00e9crivons iKloud<\/strong><\/h3>\n<p>Pourquoi choisir iKloud? Parce-qu\u2019il va am\u00e9liorer l\u2019efficience de votre activit\u00e9 et augmenter la satisfaction de vos clients. Gr\u00e2ce \u00e0 iKloud vous \u00eates toujours connect\u00e9s avec le lave-vaisselle et vous pourrez le contr\u00f4ler et le g\u00e9rer \u00e0 distance pour optimiser ses consomptions \u2013 par exemple\u00a0l\u2019\u00e9teindre en cas d\u2019oubli \u00e9ventuel en fin de journ\u00e9e ou pour le mettre sous tension automatiquement tel que lorsque vous arriv\u00e9\u00a0dans votre \u00e9tablissement l&rsquo;appareil sera alors pr\u00eate pour \u00eatre utilis\u00e9 et donc obtenir moins de perte de temps. Entretemps aussi <strong>le SAV c\u2019est toujours connect\u00e9<\/strong> \u00e0 l\u2019appareil en temps-r\u00e9el et il aura donc la possibilit\u00e9 de modifier \u00e0 chaque instant ses param\u00e8tre selon vos requ\u00eates, en vous offrant un service jamais vu auparavant. Avec iKloud le technicien peut aussi acc\u00e9der \u00e0 distance \u00e0 tous les param\u00e8tres du lave-vaisselle et effectuer les op\u00e9rations n\u00e9cessaires et cela \u00e0 partir de son t\u00e9l\u00e9phone portable.<\/p>\n<p>&nbsp;<\/p>\n<p>Pour mieux comprendre ce syst\u00e8me regardez le video\u00a0et <a href=\"https:\/\/www.krupps.com\/wp-content\/uploads\/2022\/01\/2020-05-29-KRUPPS-IKLOUD_EN_web.pdf\" target=\"_blank\" rel=\"noopener noreferrer\">consultez<\/a>\u00a0notre brochure![\/vc_column_text][\/vc_column][vc_column width=\u00a0\u00bb1\/3&Prime;][vc_single_image image=\u00a0\u00bb16066&Prime; img_size=\u00a0\u00bb200&#215;144&Prime; alignment=\u00a0\u00bbcenter\u00a0\u00bb css=\u00a0\u00bb.vc_custom_1508073141771{margin-top: 0px !important;margin-right: 0px !important;margin-bottom: 0px !important;margin-left: 0px !important;padding-top: 0px !important;padding-right: 0px !important;padding-bottom: 0px !important;padding-left: 0px !important;}\u00a0\u00bb][\/vc_column][\/vc_row][vc_row][vc_column]<div class=\"ult-spacer spacer-6a0375b4a927d\" data-id=\"6a0375b4a927d\" data-height=\"30\" data-height-mobile=\"20\" data-height-tab=\"30\" data-height-tab-portrait=\"30\" data-height-mobile-landscape=\"20\" style=\"clear:both;display:block;\"><\/div>[vc_row_inner][vc_column_inner][vc_column_text]<strong>C\u2019est le temps de l\u2019innovation, c\u2019est le temps de iKloud<\/strong>[\/vc_column_text][\/vc_column_inner][\/vc_row_inner][vc_video link=\u00a0\u00bbhttps:\/\/www.youtube.com\/watch?v=TUJbFTuwdjs\u00a0\u00bb]<div class=\"ult-spacer spacer-6a0375b4a9294\" data-id=\"6a0375b4a9294\" data-height=\"30\" data-height-mobile=\"20\" data-height-tab=\"30\" data-height-tab-portrait=\"30\" data-height-mobile-landscape=\"20\" style=\"clear:both;display:block;\"><\/div>[vc_column_text]<strong>IKLOUD: le meilleur service pour votre lave-vaisselle professionnel<\/strong>[\/vc_column_text][vc_video link=\u00a0\u00bbhttps:\/\/youtu.be\/-d27MBtWgOg\u00a0\u00bb][\/vc_column][\/vc_row]<\/p>\n<\/div>","protected":false},"excerpt":{"rendered":"<p>[vc_row][vc_column 0=\u00a0\u00bb\u00a0\u00bb][\/vc_column][\/vc_row][vc_row][vc_column width=\u00a0\u00bb2\/3&Prime;][vc_column_text]UNIKO &amp; IKLOUD sont les deux technologies qui changent le monde du lavage professionnel, red\u00e9finissant les syst\u00e8mes de lavage professionnel dans un monde en constante \u00e9volution. De leur combinaison na\u00eet un nouveau concept dans la cuisine, o\u00f9 le lave-vaisselle devient un protagoniste incontest\u00e9, capable de mettre en valeur les plats pr\u00e9par\u00e9s par la&hellip;<\/p>\n","protected":false},"author":3,"featured_media":0,"parent":0,"menu_order":3,"comment_status":"closed","ping_status":"closed","template":"","meta":{"_acf_changed":false,"footnotes":""},"class_list":["post-16061","page","type-page","status-publish","hentry","description-off"],"acf":[],"_links":{"self":[{"href":"https:\/\/www.krupps.com\/fr\/wp-json\/wp\/v2\/pages\/16061","targetHints":{"allow":["GET"]}}],"collection":[{"href":"https:\/\/www.krupps.com\/fr\/wp-json\/wp\/v2\/pages"}],"about":[{"href":"https:\/\/www.krupps.com\/fr\/wp-json\/wp\/v2\/types\/page"}],"author":[{"embeddable":true,"href":"https:\/\/www.krupps.com\/fr\/wp-json\/wp\/v2\/users\/3"}],"replies":[{"embeddable":true,"href":"https:\/\/www.krupps.com\/fr\/wp-json\/wp\/v2\/comments?post=16061"}],"version-history":[{"count":11,"href":"https:\/\/www.krupps.com\/fr\/wp-json\/wp\/v2\/pages\/16061\/revisions"}],"predecessor-version":[{"id":26768,"href":"https:\/\/www.krupps.com\/fr\/wp-json\/wp\/v2\/pages\/16061\/revisions\/26768"}],"wp:attachment":[{"href":"https:\/\/www.krupps.com\/fr\/wp-json\/wp\/v2\/media?parent=16061"}],"curies":[{"name":"wp","href":"https:\/\/api.w.org\/{rel}","templated":true}]}}