	{"id":16046,"date":"2017-09-13T09:23:31","date_gmt":"2017-09-13T07:23:31","guid":{"rendered":"http:\/\/demowp001.stamyna.com\/?page_id=16046\/"},"modified":"2018-09-10T10:57:41","modified_gmt":"2018-09-10T08:57:41","slug":"documentation","status":"publish","type":"page","link":"https:\/\/www.krupps.com\/fr\/documentation\/","title":{"rendered":"Documentation"},"content":{"rendered":"<div class=\"wpb-content-wrapper\"><p>[vc_row][vc_column][vc_column_text]<\/p>\n<h3>Dans cette section, vous trouverez toutes les informations dont vous avez besoin sur les produits KRUPPS.<\/h3>\n<h4>Explorez le menu \u00e0 gauche et s\u00e9lectionnez la cat\u00e9gorie qui vous int\u00e9resse.<\/h4>\n<p>[\/vc_column_text][\/vc_column][\/vc_row]<\/p>\n<\/div>","protected":false},"excerpt":{"rendered":"<p>[vc_row][vc_column][vc_column_text] Dans cette section, vous trouverez toutes les informations dont vous avez besoin sur les produits KRUPPS. Explorez le menu \u00e0 gauche et s\u00e9lectionnez la cat\u00e9gorie qui vous int\u00e9resse. [\/vc_column_text][\/vc_column][\/vc_row]<\/p>\n","protected":false},"author":1,"featured_media":0,"parent":0,"menu_order":0,"comment_status":"closed","ping_status":"closed","template":"page-documentazione.php","meta":{"_acf_changed":false,"footnotes":""},"class_list":["post-16046","page","type-page","status-publish","hentry","description-off"],"acf":[],"_links":{"self":[{"href":"https:\/\/www.krupps.com\/fr\/wp-json\/wp\/v2\/pages\/16046","targetHints":{"allow":["GET"]}}],"collection":[{"href":"https:\/\/www.krupps.com\/fr\/wp-json\/wp\/v2\/pages"}],"about":[{"href":"https:\/\/www.krupps.com\/fr\/wp-json\/wp\/v2\/types\/page"}],"author":[{"embeddable":true,"href":"https:\/\/www.krupps.com\/fr\/wp-json\/wp\/v2\/users\/1"}],"replies":[{"embeddable":true,"href":"https:\/\/www.krupps.com\/fr\/wp-json\/wp\/v2\/comments?post=16046"}],"version-history":[{"count":2,"href":"https:\/\/www.krupps.com\/fr\/wp-json\/wp\/v2\/pages\/16046\/revisions"}],"predecessor-version":[{"id":20759,"href":"https:\/\/www.krupps.com\/fr\/wp-json\/wp\/v2\/pages\/16046\/revisions\/20759"}],"wp:attachment":[{"href":"https:\/\/www.krupps.com\/fr\/wp-json\/wp\/v2\/media?parent=16046"}],"curies":[{"name":"wp","href":"https:\/\/api.w.org\/{rel}","templated":true}]}}