	{"id":15791,"date":"2017-09-06T17:17:45","date_gmt":"2017-09-06T15:17:45","guid":{"rendered":"http:\/\/demowp001.stamyna.com\/?page_id=15791\/"},"modified":"2025-10-27T11:36:49","modified_gmt":"2025-10-27T10:36:49","slug":"privacy-policies","status":"publish","type":"page","link":"https:\/\/www.krupps.com\/fr\/privacy-policies\/","title":{"rendered":"Privacy policies"},"content":{"rendered":"<div class=\"wpb-content-wrapper\"><p>[vc_row][vc_column]<div class=\"ult-spacer spacer-69e9ecb87e94d\" data-id=\"69e9ecb87e94d\" data-height=\"40\" data-height-mobile=\"20\" data-height-tab=\"40\" data-height-tab-portrait=\"40\" data-height-mobile-landscape=\"20\" style=\"clear:both;display:block;\"><\/div><div class=\"dt-fancy-separator title-left h1-size style-disabled\" style=\"width: 100%;\"><div class=\"dt-fancy-title\" style=\"color: #1dc5f3;\"><span class=\"separator-holder separator-left\"><\/span>Privacy policies<span class=\"separator-holder separator-right\"><\/span><\/div><\/div>[vc_empty_space height=\u00a0\u00bb44px\u00a0\u00bb][vc_column_text css=\u00a0\u00bb\u00a0\u00bb]<strong>La protection des donn\u00e9es personnelles de nos utilisateurs est une priorit\u00e9 pour nous. Nous souhaitons garantir transparence et s\u00e9curit\u00e9 dans la gestion des informations que vous partagez. Dans cette section, vous trouverez toutes les informations concernant la mani\u00e8re dont nous collectons, utilisons et prot\u00e9geons vos donn\u00e9es.<\/strong>[\/vc_column_text][\/vc_column][\/vc_row][vc_row][vc_column]<span id=\"creative-link-wrap-4297\" class=\"ult_main_cl ult-adjust-bottom-margin  \" >\n\t \t\t\t<span class=\"ult_cl_link_1  ult_crlink\" >\n\t\t\t\t\t<a  data-ultimate-target='#creative-link-wrap-4297 .ult_colorlink'  data-responsive-json-new='{\"font-size\":\"desktop:18px;\",\"line-height\":\"\"}'  href=\"https:\/\/www.krupps.com\/fr\/privacy-policies\/informativa-al-trattamento-dei-dati-personali-dellutente\/\" title=\"Information on the Processing of Personal Data of the User\" target=\"_blank\" rel=\"noopener\"  class=\"ult_colorlink ult-responsive \" style=\"float:left;font-weight:normal;color:#333333; \"  data-textcolor=\"#333333\" data-texthover=\"#333333\"data-style=\"Style_1\">\n\t\t\t\t\t\t\n\t\t\t\t\t\t<span data-hover=\"Informations sur le traitement des donn\u00e9es personnelles de l\u2019utilisateur\" style=\"color:#333333;;;\" class=\"ult_btn10_span   \">Informations sur le traitement des donn\u00e9es personnelles de l\u2019utilisateur<\/span>\n\t\t\t\t\t\t\n\t\t\t\t\t<\/a>\n\t\t\t\t<\/span>\n\t\t\t<\/span><div class=\"ult-spacer spacer-69e9ecb87e9e4\" data-id=\"69e9ecb87e9e4\" data-height=\"40\" data-height-mobile=\"20\" data-height-tab=\"40\" data-height-tab-portrait=\"40\" data-height-mobile-landscape=\"20\" style=\"clear:both;display:block;\"><\/div><span id=\"creative-link-wrap-5432\" class=\"ult_main_cl ult-adjust-bottom-margin  \" >\n\t \t\t\t<span class=\"ult_cl_link_1  ult_crlink\" >\n\t\t\t\t\t<a  data-ultimate-target='#creative-link-wrap-5432 .ult_colorlink'  data-responsive-json-new='{\"font-size\":\"desktop:18px;\",\"line-height\":\"\"}'  href=\"https:\/\/www.krupps.com\/fr\/privacy-policies\/informativa-fornitori\/\" title=\"Privacy Policy for Suppliers\" target=\"_blank\" rel=\"noopener\"  class=\"ult_colorlink ult-responsive \" style=\"float:left;font-weight:normal;color:#333333; \"  data-textcolor=\"#333333\" data-texthover=\"#333333\"data-style=\"Style_1\">\n\t\t\t\t\t\t\n\t\t\t\t\t\t<span data-hover=\"Informations pour les fournisseurs\" style=\"color:#333333;;;\" class=\"ult_btn10_span   \">Informations pour les fournisseurs<\/span>\n\t\t\t\t\t\t\n\t\t\t\t\t<\/a>\n\t\t\t\t<\/span>\n\t\t\t<\/span><div class=\"ult-spacer spacer-69e9ecb87ea1d\" data-id=\"69e9ecb87ea1d\" data-height=\"40\" data-height-mobile=\"20\" data-height-tab=\"40\" data-height-tab-portrait=\"40\" data-height-mobile-landscape=\"20\" style=\"clear:both;display:block;\"><\/div><span id=\"creative-link-wrap-2116\" class=\"ult_main_cl ult-adjust-bottom-margin  \" >\n\t \t\t\t<span class=\"ult_cl_link_1  ult_crlink\" >\n\t\t\t\t\t<a  data-ultimate-target='#creative-link-wrap-2116 .ult_colorlink'  data-responsive-json-new='{\"font-size\":\"desktop:18px;\",\"line-height\":\"\"}'  href=\"https:\/\/www.krupps.com\/fr\/privacy-policies\/privacy-policy-for-customers-and-potential-customers\/\" title=\"Privacy Policy for Customers and Potential Customers\" target=\"_blank\" rel=\"noopener\"  class=\"ult_colorlink ult-responsive \" style=\"float:left;font-weight:normal;color:#333333; \"  data-textcolor=\"#333333\" data-texthover=\"#333333\"data-style=\"Style_1\">\n\t\t\t\t\t\t\n\t\t\t\t\t\t<span data-hover=\"Informations pour les clients et prospects\" style=\"color:#333333;;;\" class=\"ult_btn10_span   \">Informations pour les clients et prospects<\/span>\n\t\t\t\t\t\t\n\t\t\t\t\t<\/a>\n\t\t\t\t<\/span>\n\t\t\t<\/span><div class=\"ult-spacer spacer-69e9ecb87ea4d\" data-id=\"69e9ecb87ea4d\" data-height=\"40\" data-height-mobile=\"20\" data-height-tab=\"40\" data-height-tab-portrait=\"40\" data-height-mobile-landscape=\"20\" style=\"clear:both;display:block;\"><\/div><span id=\"creative-link-wrap-5422\" class=\"ult_main_cl ult-adjust-bottom-margin  \" >\n\t \t\t\t<span class=\"ult_cl_link_1  ult_crlink\" >\n\t\t\t\t\t<a  data-ultimate-target='#creative-link-wrap-5422 .ult_colorlink'  data-responsive-json-new='{\"font-size\":\"desktop:18px;\",\"line-height\":\"\"}'  href=\"https:\/\/www.krupps.com\/fr\/cookie-policy\/\" title=\"Cookie Policy and Third Party Services\" target=\"_blank\" rel=\"noopener\"  class=\"ult_colorlink ult-responsive \" style=\"float:left;font-weight:normal;color:#333333; \"  data-textcolor=\"#333333\" data-texthover=\"#333333\"data-style=\"Style_1\">\n\t\t\t\t\t\t\n\t\t\t\t\t\t<span data-hover=\"Politique de cookies et services tiers\" style=\"color:#333333;;;\" class=\"ult_btn10_span   \">Politique de cookies et services tiers<\/span>\n\t\t\t\t\t\t\n\t\t\t\t\t<\/a>\n\t\t\t\t<\/span>\n\t\t\t<\/span><div class=\"ult-spacer spacer-69e9ecb87ea7a\" data-id=\"69e9ecb87ea7a\" data-height=\"40\" data-height-mobile=\"20\" data-height-tab=\"40\" data-height-tab-portrait=\"40\" data-height-mobile-landscape=\"20\" style=\"clear:both;display:block;\"><\/div><span id=\"creative-link-wrap-9906\" class=\"ult_main_cl ult-adjust-bottom-margin  \" >\n\t \t\t\t<span class=\"ult_cl_link_1  ult_crlink\" >\n\t\t\t\t\t<a  data-ultimate-target='#creative-link-wrap-9906 .ult_colorlink'  data-responsive-json-new='{\"font-size\":\"desktop:18px;\",\"line-height\":\"\"}'  href=\"https:\/\/www.krupps.com\/en\/privacy-policies\/privacy-policy-for-applicants\/\" title=\"Privacy Policy for Applicants\" target=\"_blank\" rel=\"noopener\"  class=\"ult_colorlink ult-responsive \" style=\"float:left;font-weight:normal;color:#333333; \"  data-textcolor=\"#333333\" data-texthover=\"#333333\"data-style=\"Style_1\">\n\t\t\t\t\t\t\n\t\t\t\t\t\t<span data-hover=\"Informations pour les candidats\" style=\"color:#333333;;;\" class=\"ult_btn10_span   \">Informations pour les candidats<\/span>\n\t\t\t\t\t\t\n\t\t\t\t\t<\/a>\n\t\t\t\t<\/span>\n\t\t\t<\/span><div class=\"ult-spacer spacer-69e9ecb87eab8\" data-id=\"69e9ecb87eab8\" data-height=\"40\" data-height-mobile=\"20\" data-height-tab=\"40\" data-height-tab-portrait=\"40\" data-height-mobile-landscape=\"20\" style=\"clear:both;display:block;\"><\/div><span id=\"creative-link-wrap-4142\" class=\"ult_main_cl ult-adjust-bottom-margin  \" >\n\t \t\t\t<span class=\"ult_cl_link_1  ult_crlink\" >\n\t\t\t\t\t<a  data-ultimate-target='#creative-link-wrap-4142 .ult_colorlink'  data-responsive-json-new='{\"font-size\":\"desktop:18px;\",\"line-height\":\"\"}'  href=\"https:\/\/www.krupps.com\/fr\/informations-sur-le-traitement-des-donnees-personnelles\/\" title=\"Privacy Policy for Applicants\" target=\"_blank\" rel=\"noopener\"  class=\"ult_colorlink ult-responsive \" style=\"float:left;font-weight:normal;color:#333333; \"  data-textcolor=\"#333333\" data-texthover=\"#333333\"data-style=\"Style_1\">\n\t\t\t\t\t\t\n\t\t\t\t\t\t<span data-hover=\"Notice de confidentialit\u00e9 \u2013 \u00c9v\u00e9nements\" style=\"color:#333333;;;\" class=\"ult_btn10_span   \">Notice de confidentialit\u00e9 \u2013 \u00c9v\u00e9nements<\/span>\n\t\t\t\t\t\t\n\t\t\t\t\t<\/a>\n\t\t\t\t<\/span>\n\t\t\t<\/span>[vc_empty_space height=\u00a0\u00bb44px\u00a0\u00bb][\/vc_column][\/vc_row][vc_row][vc_column]<div class=\"ult-spacer spacer-69e9ecb87eae5\" data-id=\"69e9ecb87eae5\" data-height=\"50\" data-height-mobile=\"50\" data-height-tab=\"50\" data-height-tab-portrait=\"\" data-height-mobile-landscape=\"\" style=\"clear:both;display:block;\"><\/div>[\/vc_column][\/vc_row]<\/p>\n<\/div>","protected":false},"excerpt":{"rendered":"<p>[vc_row][vc_column][vc_empty_space height=\u00a0\u00bb44px\u00a0\u00bb][vc_column_text css=\u00a0\u00bb\u00a0\u00bb]La protection des donn\u00e9es personnelles de nos utilisateurs est une priorit\u00e9 pour nous. Nous souhaitons garantir transparence et s\u00e9curit\u00e9 dans la gestion des informations que vous partagez. Dans cette section, vous trouverez toutes les informations concernant la mani\u00e8re dont nous collectons, utilisons et prot\u00e9geons vos donn\u00e9es.[\/vc_column_text][\/vc_column][\/vc_row][vc_row][vc_column][vc_empty_space height=\u00a0\u00bb44px\u00a0\u00bb][\/vc_column][\/vc_row][vc_row][vc_column][\/vc_column][\/vc_row]<\/p>\n","protected":false},"author":1,"featured_media":0,"parent":0,"menu_order":0,"comment_status":"closed","ping_status":"closed","template":"","meta":{"_acf_changed":false,"footnotes":""},"class_list":["post-15791","page","type-page","status-publish","hentry","description-off"],"acf":[],"_links":{"self":[{"href":"https:\/\/www.krupps.com\/fr\/wp-json\/wp\/v2\/pages\/15791","targetHints":{"allow":["GET"]}}],"collection":[{"href":"https:\/\/www.krupps.com\/fr\/wp-json\/wp\/v2\/pages"}],"about":[{"href":"https:\/\/www.krupps.com\/fr\/wp-json\/wp\/v2\/types\/page"}],"author":[{"embeddable":true,"href":"https:\/\/www.krupps.com\/fr\/wp-json\/wp\/v2\/users\/1"}],"replies":[{"embeddable":true,"href":"https:\/\/www.krupps.com\/fr\/wp-json\/wp\/v2\/comments?post=15791"}],"version-history":[{"count":15,"href":"https:\/\/www.krupps.com\/fr\/wp-json\/wp\/v2\/pages\/15791\/revisions"}],"predecessor-version":[{"id":36939,"href":"https:\/\/www.krupps.com\/fr\/wp-json\/wp\/v2\/pages\/15791\/revisions\/36939"}],"wp:attachment":[{"href":"https:\/\/www.krupps.com\/fr\/wp-json\/wp\/v2\/media?parent=15791"}],"curies":[{"name":"wp","href":"https:\/\/api.w.org\/{rel}","templated":true}]}}