	{"id":36929,"date":"2025-10-27T11:00:22","date_gmt":"2025-10-27T10:00:22","guid":{"rendered":"https:\/\/www.krupps.com\/?page_id=36929"},"modified":"2025-10-27T11:00:24","modified_gmt":"2025-10-27T10:00:24","slug":"informacion-sobre-el-tratamiento-de-datos-personales","status":"publish","type":"page","link":"https:\/\/www.krupps.com\/es\/informacion-sobre-el-tratamiento-de-datos-personales\/","title":{"rendered":"INFORMACI\u00d3N SOBRE EL TRATAMIENTO DE DATOS PERSONALES"},"content":{"rendered":"\n<p><strong><em>INFORMACI\u00d3N SOBRE EL TRATAMIENTO DE DATOS PERSONALES<\/em><br><\/strong><em>DE LOS PARTICIPANTES EN EVENTOS<\/em><\/p>\n\n\n\n<p><em>(Informaci\u00f3n de conformidad con el art. 13 y el art. 14)<\/em> <em>del Reglamento (UE) 679\/2016, el llamado RGPD)<\/em><\/p>\n\n\n\n<p>A continuaci\u00f3n, te facilitamos alguna informaci\u00f3n que necesitas conocer, no solo para cumplir con las obligaciones legales, sino tambi\u00e9n porque la transparencia y la equidad hacia los interesados son parte fundamental de nuestro negocio.<\/p>\n\n\n\n<p>Esta informaci\u00f3n est\u00e1 destinada a los participantes en eventos organizados o gestionados por Krupps Srl (por ejemplo, ferias comerciales en las que participa Krupps, presentaciones de productos, etc.)<\/p>\n\n\n\n<p><strong>\u00bfQui\u00e9n es el responsable del tratamiento de datos?<\/strong><\/p>\n\n\n\n<p>El responsable del tratamiento de sus datos personales es <strong>Krupps Srl <\/strong>(n\u00famero de IVA IT04251180289), con domicilio social en Via Austria 19 &#8211; 35127, Padua (PD) &#8211; Italia, responsable del uso leg\u00edtimo y correcto de sus datos personales y con quien puede ponerse en contacto para cualquier informaci\u00f3n o solicitud en las siguientes direcciones: 049 7625156, privacy@krupps.com, krupps@pec.it<\/p>\n\n\n\n<p><strong>\u00bfC\u00f3mo puedo contactar con el Delegado de Protecci\u00f3n de Datos?<\/strong><\/p>\n\n\n\n<p>Puede contactar con el responsable de protecci\u00f3n de datos (OPD) en la siguiente direcci\u00f3n: dpo@krupps.com<\/p>\n\n\n\n<p><strong>\u00bfD\u00f3nde se recogen los datos?<\/strong><\/p>\n\n\n\n<p>Los datos tratados se recogen directamente del interesado y\/o de terceros autorizados a comunicarlos, como la entidad organizadora u otros participantes del evento, en el marco de las actividades de gesti\u00f3n y participaci\u00f3n en el evento.<\/p>\n\n\n\n<p><strong>\u00bfQu\u00e9 tratamientos de datos se realizan?<\/strong><\/p>\n\n\n\n<p>Sus datos personales se recogen y procesan mediante m\u00e9todos automatizados y no automatizados, como se especifica a continuaci\u00f3n.<\/p>\n\n\n\n<p><strong>Organizaci\u00f3n y gesti\u00f3n de eventos<\/strong><\/p>\n\n\n\n<figure class=\"wp-block-table\"><table class=\"has-fixed-layout\"><tbody><tr><td>Finalidad y base legal<\/td><td>&#8211; Permitir la participaci\u00f3n en el evento, en base a la ejecuci\u00f3n de un contrato y\/o medidas precontractuales (solicitud de participaci\u00f3n) &#8211; Prestaci\u00f3n de servicios complementarios al evento (p. ej., catering), en base a la ejecuci\u00f3n de un contrato o medidas precontractuales (solicitud de participaci\u00f3n). El tratamiento de datos sensibles (p. ej., preferencias alimentarias) se basa en el consentimiento del interesado** (art\u00edculo 9, apartado 2, letra a) del RGPD).<\/td><\/tr><tr><td>Categor\u00edas de datos<\/td><td>Datos personales, Datos de contacto, Datos de direcci\u00f3n, Datos relativos a c\u00f3digos de identificaci\u00f3n, Otros datos necesarios para la participaci\u00f3n, incluidos datos sensibles (por ejemplo, datos relativos a dietas especiales)<\/td><\/tr><tr><td>Duraci\u00f3n*<\/td><td>Datos comunes: 10 a\u00f1os desde el a\u00f1o en que ocurri\u00f3 el evento Datos especiales: 10 a\u00f1os desde el a\u00f1o en que ocurri\u00f3 el hecho, salvo que los datos ya no sean necesarios o hasta que se revoque el consentimiento.<\/td><\/tr><tr><td>Destinatarios de los datos<\/td><td>Encargados del tratamiento de datos autorizados designados de conformidad con el art. 29 del Reglamento (UE) 2016\/679, Encargados del tratamiento de datos designados de conformidad con el art. 28 del Reglamento (UE) 2016\/679 (v\u00e9ase el registro de encargados del tratamiento de datos), y otras entidades para las que la comunicaci\u00f3n de datos sea necesaria para los fines indicados por el responsable del tratamiento de datos.<\/td><\/tr><\/tbody><\/table><\/figure>\n\n\n\n<p><strong>Actividades de marketing y comunicaci\u00f3n<\/strong><\/p>\n\n\n\n<figure class=\"wp-block-table\"><table class=\"has-fixed-layout\"><tbody><tr><td>Finalidad y base legal<\/td><td>&#8211; Recibir invitaciones para an\u00e1lisis e investigaciones de mercado, comunicaciones informativas y\/o publicitarias, con base en el consentimiento del interesado** &#8211; Recibir informaci\u00f3n personalizada y\/o comunicaciones publicitarias, en base al consentimiento del interesado**<\/td><\/tr><tr><td>Categor\u00edas de datos<\/td><td>Datos personales, Datos de contacto, Datos de direcci\u00f3n, Datos relativos a compras o uso de servicios, Datos de elaboraci\u00f3n de perfiles<\/td><\/tr><tr><td>Duraci\u00f3n*<\/td><td>Hasta que se revoque el consentimiento. En ese caso, el tratamiento se limitar\u00e1 al mero almacenamiento durante 10 a\u00f1os a partir del a\u00f1o en que se revoc\u00f3 el consentimiento.<\/td><\/tr><tr><td>Destinatarios de los datos<\/td><td>Encargados del tratamiento de datos autorizados designados de conformidad con el art. 29 del Reglamento (UE) 2016\/679, Encargados del tratamiento de datos designados de conformidad con el art. 28 del Reglamento (UE) 2016\/679 (v\u00e9ase el registro de encargados del tratamiento de datos), y otras entidades para las que la comunicaci\u00f3n de datos sea necesaria para los fines indicados por el responsable del tratamiento de datos.<\/td><\/tr><\/tbody><\/table><\/figure>\n\n\n\n<p><strong>Actividad comercial de venta y preventa<\/strong><\/p>\n\n\n\n<figure class=\"wp-block-table\"><table class=\"has-fixed-layout\"><tbody><tr><td>Finalidad y base legal<\/td><td>&#8211; Actividades promocionales, basadas en la ejecuci\u00f3n de un contrato y\/o medidas precontractuales, inter\u00e9s leg\u00edtimo en promocionar sus actividades &#8211; Oferta de bienes y servicios, basada en la ejecuci\u00f3n de un contrato y\/o medidas precontractuales, inter\u00e9s leg\u00edtimo en ofrecer bienes y servicios<\/td><\/tr><tr><td>Categor\u00edas de datos<\/td><td>Datos personales, Datos de contacto, Datos de direcci\u00f3n, Datos relativos a compras o uso de servicios<\/td><\/tr><tr><td>Duraci\u00f3n*<\/td><td>10 a\u00f1os desde el a\u00f1o de competencia<\/td><\/tr><tr><td>Destinatarios de los datos<\/td><td>Encargados del tratamiento de datos autorizados designados de conformidad con el art. 29 del Reglamento (UE) 2016\/679, Encargados del tratamiento de datos designados de conformidad con el art. 28 del Reglamento (UE) 2016\/679 (v\u00e9ase el registro de encargados del tratamiento de datos), y otras entidades para las que la comunicaci\u00f3n de datos sea necesaria para los fines indicados por el responsable del tratamiento de datos.<\/td><\/tr><\/tbody><\/table><\/figure>\n\n\n\n<p><strong>Creaci\u00f3n y posterior publicaci\u00f3n\/difusi\u00f3n de contenidos multimedia<\/strong><\/p>\n\n\n\n<figure class=\"wp-block-table\"><table class=\"has-fixed-layout\"><tbody><tr><td>Finalidad y base legal<\/td><td>&#8211; Comunicaci\u00f3n, promoci\u00f3n y documentaci\u00f3n de las actividades del Responsable del Tratamiento, en base al consentimiento del interesado**<\/td><\/tr><tr><td>Categor\u00edas de datos<\/td><td>Datos personales, Datos de contacto, Contenido multimedia (incluidas fotos y v\u00eddeos) en forma completa y\/o parcial<\/td><\/tr><tr><td>Duraci\u00f3n*<\/td><td>Los datos se conservar\u00e1n, sujetos a divulgaci\u00f3n, hasta que se revoque el consentimiento o se acepte una solicitud expl\u00edcita de supresi\u00f3n. En cualquier caso, una vez que deje de ser aplicable la finalidad para la que fueron recopilados, se eliminar\u00e1n.<\/td><\/tr><tr><td>Destinatarios de los datos<\/td><td>Los datos podr\u00e1n ser comunicados a <strong>Encargados del Tratamiento <\/strong>designados de conformidad con el Art. 28 del Reglamento (UE) 2016\/679 (v\u00e9ase el registro de encargados del tratamiento), a <strong>sujetos autorizados a tratar datos <\/strong>de conformidad con el Art. 29 del mismo Reglamento, as\u00ed como a <strong>otros sujetos cuya comunicaci\u00f3n de los datos sea necesaria <\/strong>para los fines indicados por el Titular del Tratamiento.<\/td><\/tr><\/tbody><\/table><\/figure>\n\n\n\n<p>* Adem\u00e1s del tiempo necesario para el c\u00f3mputo de los plazos de prescripci\u00f3n de los derechos mutuos y el tiempo para conservar las copias de seguridad.<\/p>\n\n\n\n<p>**El consentimiento siempre es opcional y puede revocarse en cualquier momento. Puede contactar con el Responsable del Tratamiento utilizando la informaci\u00f3n de contacto indicada anteriormente.<\/p>\n\n\n\n<p>Adem\u00e1s de lo anterior, como parte de las actividades encaminadas a la adecuada gesti\u00f3n de la organizaci\u00f3n, sus datos personales tambi\u00e9n ser\u00e1n tratados por personal interno o externo debidamente autorizado para:<\/p>\n\n\n\n<ol class=\"wp-block-list\">\n<li>gesti\u00f3n y mantenimiento de la red y de los sistemas inform\u00e1ticos, cuando el tratamiento se produce incluso mediante m\u00e9todos parcialmente automatizados (por ejemplo, cuando los datos pasan a trav\u00e9s de los sistemas inform\u00e1ticos de Krupps Srl), en base al inter\u00e9s leg\u00edtimo en la protecci\u00f3n de los datos y por obligaciones de seguridad de la informaci\u00f3n; los datos se almacenan de conformidad con las implementaciones de seguridad y con las disposiciones para el tratamiento primario de referencia entre las descritas anteriormente;<\/li>\n\n\n\n<li>gestionar las actividades de cumplimiento, incluidas las obligaciones de protecci\u00f3n de datos personales, seg\u00fan lo exija la ley, de conformidad con los per\u00edodos de retenci\u00f3n establecidos para el procesamiento primario en cuesti\u00f3n;<\/li>\n\n\n\n<li>para prevenir y detectar abusos y defender los derechos e intereses del Responsable del Tratamiento, conserv\u00e1ndolos hasta el vencimiento de los plazos de prescripci\u00f3n, salvo en caso de litigio (en cuyo caso, los datos se conservar\u00e1n hasta que se resuelva definitivamente la materia del litigio), con base en el inter\u00e9s leg\u00edtimo del Responsable del Tratamiento en la protecci\u00f3n de sus derechos e intereses.<\/li>\n<\/ol>\n\n\n\n<p><strong>\u00bfExisten procesos automatizados?<\/strong><\/p>\n\n\n\n<p>El tratamiento no se basa en decisiones automatizadas.<\/p>\n\n\n\n<p><strong>\u00bfEs obligatorio facilitar datos?<\/strong><\/p>\n\n\n\n<p>Salvo para fines basados en el consentimiento, proporcionar sus datos es un requisito necesario: no proporcionar los datos indicados como obligatorios puede tener consecuencias legales y contractuales. Por lo tanto, no proporcionar los datos puede resultar en la p\u00e9rdida del resultado deseado o en su consecuci\u00f3n parcial.<\/p>\n\n\n\n<p><strong>\u00bfSe transfieren datos fuera de la Uni\u00f3n Europea?<\/strong><\/p>\n\n\n\n<p>El tratamiento de datos personales (p. ej., almacenamiento, archivo y retenci\u00f3n de datos en nuestros servidores o en la nube) se limitar\u00e1 a las \u00e1reas de circulaci\u00f3n y tratamiento de datos personales en pa\u00edses del Espacio Econ\u00f3mico Europeo. Tenemos expresamente prohibida la transferencia de datos personales a pa\u00edses no pertenecientes a la UE que no garanticen (o carezcan) de un nivel de protecci\u00f3n adecuado, o que no cuenten con las medidas de protecci\u00f3n previstas en el Reglamento (UE) 2016\/679 (tercer pa\u00eds considerado adecuado por la Comisi\u00f3n Europea, NCV del grupo, cl\u00e1usulas contractuales tipo, consentimiento del interesado, etc.).<\/p>\n\n\n\n<p><strong>\u00bfQu\u00e9 derechos se reconocen?<\/strong><\/p>\n\n\n\n<ul class=\"wp-block-list\">\n<li>Usted tiene derecho, de conformidad con los art\u00edculos 15 y siguientes del Reglamento UE 2016\/679, a solicitar al Responsable del tratamiento el acceso a sus datos personales, as\u00ed como su rectificaci\u00f3n, supresi\u00f3n u olvido;<\/li>\n\n\n\n<li>Tambi\u00e9n tiene derecho a solicitar la portabilidad de los datos o la limitaci\u00f3n del tratamiento;<\/li>\n\n\n\n<li>Usted tiene derecho, por motivos relacionados con su situaci\u00f3n particular, a oponerse al tratamiento de datos personales que le conciernan basado en el inter\u00e9s leg\u00edtimo;<\/li>\n\n\n\n<li>Tiene derecho a ver el contenido esencial de cualquier acuerdo de copropiedad firmado;<\/li>\n\n\n\n<li>Para el tratamiento basado en el consentimiento, usted tiene derecho a retirar su consentimiento en cualquier momento, sin que ello afecte a la licitud del tratamiento basado en el consentimiento otorgado antes de su retirada;<\/li>\n\n\n\n<li>Tambi\u00e9n puede presentar una reclamaci\u00f3n ante la Autoridad de Protecci\u00f3n de Datos italiana, ubicada en Piazza Venezia 11, 00187 Roma, Italia: protocollo@pec.gdpd.it.<\/li>\n<\/ul>\n\n\n\n<p>Para ejercer sus derechos o solicitar informaci\u00f3n adicional, puede ponerse en contacto con el Responsable del Tratamiento utilizando los datos de contacto anteriores.<\/p>\n\n\n\n<p><strong>\u00bfPuede cambiar la informaci\u00f3n contenida en esta pol\u00edtica?<\/strong><\/p>\n\n\n\n<p>Nos reservamos el derecho a actualizar nuestra Pol\u00edtica de Privacidad. Comunicaremos cualquier cambio seg\u00fan corresponda y actualizaremos la fecha en esta Pol\u00edtica de Privacidad. Por lo tanto, recomendamos revisarla peri\u00f3dicamente, incluso solicitando una copia al Responsable del Tratamiento.<\/p>\n\n\n\n<p><em>\u00daltima actualizaci\u00f3n: 10\/10\/2025<\/em><\/p>\n","protected":false},"excerpt":{"rendered":"<p>INFORMACI\u00d3N SOBRE EL TRATAMIENTO DE DATOS PERSONALESDE LOS PARTICIPANTES EN EVENTOS (Informaci\u00f3n de conformidad con el art. 13 y el art. 14) del Reglamento (UE) 679\/2016, el llamado RGPD) A continuaci\u00f3n, te facilitamos alguna informaci\u00f3n que necesitas conocer, no solo para cumplir con las obligaciones legales, sino tambi\u00e9n porque la transparencia y la equidad hacia&hellip;<\/p>\n","protected":false},"author":11725,"featured_media":0,"parent":0,"menu_order":0,"comment_status":"closed","ping_status":"closed","template":"","meta":{"_acf_changed":false,"footnotes":""},"class_list":["post-36929","page","type-page","status-publish","hentry","description-off"],"acf":[],"_links":{"self":[{"href":"https:\/\/www.krupps.com\/es\/wp-json\/wp\/v2\/pages\/36929","targetHints":{"allow":["GET"]}}],"collection":[{"href":"https:\/\/www.krupps.com\/es\/wp-json\/wp\/v2\/pages"}],"about":[{"href":"https:\/\/www.krupps.com\/es\/wp-json\/wp\/v2\/types\/page"}],"author":[{"embeddable":true,"href":"https:\/\/www.krupps.com\/es\/wp-json\/wp\/v2\/users\/11725"}],"replies":[{"embeddable":true,"href":"https:\/\/www.krupps.com\/es\/wp-json\/wp\/v2\/comments?post=36929"}],"version-history":[{"count":1,"href":"https:\/\/www.krupps.com\/es\/wp-json\/wp\/v2\/pages\/36929\/revisions"}],"predecessor-version":[{"id":36930,"href":"https:\/\/www.krupps.com\/es\/wp-json\/wp\/v2\/pages\/36929\/revisions\/36930"}],"wp:attachment":[{"href":"https:\/\/www.krupps.com\/es\/wp-json\/wp\/v2\/media?parent=36929"}],"curies":[{"name":"wp","href":"https:\/\/api.w.org\/{rel}","templated":true}]}}