	{"id":35151,"date":"2017-09-07T16:30:44","date_gmt":"2017-09-07T14:30:44","guid":{"rendered":"https:\/\/www.krupps.com\/?page_id=35151"},"modified":"2025-02-17T16:37:40","modified_gmt":"2025-02-17T15:37:40","slug":"en-iec-631362019","status":"publish","type":"page","link":"https:\/\/www.krupps.com\/es\/documentacion\/en-iec-631362019\/","title":{"rendered":"Norma EN IEC 63136:2019"},"content":{"rendered":"\n<figure class=\"wp-block-image size-full\"><img loading=\"lazy\" decoding=\"async\" width=\"380\" height=\"100\" src=\"https:\/\/www.krupps.com\/wp-content\/uploads\/2025\/02\/IEC_logo.jpg\" alt=\"\" class=\"wp-image-35152\" \/><\/figure>\n\n\n\n<p>Desde el 1 de enero de 2024, Suiza exige la comunicaci\u00f3n de informaci\u00f3n sobre el consumo de energ\u00eda y el rendimiento de lavado de los lavavajillas profesionales vendidos e instalados en su territorio.<\/p>\n\n\n\n<p>Krupps ha decidido probar sus productos seg\u00fan la norma europea EN IEC 63136:2019, garantizando la m\u00e1xima transparencia y fiabilidad para sus clientes, en l\u00ednea con las directrices del Consejo Federal.<\/p>\n\n\n\n<p>Los resultados de las pruebas est\u00e1n disponibles para su descarga directamente desde esta p\u00e1gina.<\/p>\n\n\n\n<p>Consulte la\u00a0<strong><a href=\"https:\/\/www.krupps.com\/wp-content\/uploads\/2025\/02\/KRUPPS-EN-IEC-63136_Rev02.pdf\" target=\"_blank\" rel=\"noreferrer noopener\">tabla de prestaciones<\/a><\/strong><\/p>\n\n\n\n<div style=\"height:50px\" aria-hidden=\"true\" class=\"wp-block-spacer\"><\/div>\n\n\n\n<p><\/p>\n","protected":false},"excerpt":{"rendered":"<p>Desde el 1 de enero de 2024, Suiza exige la comunicaci\u00f3n de informaci\u00f3n sobre el consumo de energ\u00eda y el rendimiento de lavado de los lavavajillas profesionales vendidos e instalados en su territorio. Krupps ha decidido probar sus productos seg\u00fan la norma europea EN IEC 63136:2019, garantizando la m\u00e1xima transparencia y fiabilidad para sus clientes,&hellip;<\/p>\n","protected":false},"author":11725,"featured_media":0,"parent":16050,"menu_order":6,"comment_status":"closed","ping_status":"closed","template":"page-template-documentazione.php","meta":{"_acf_changed":false,"footnotes":""},"class_list":["post-35151","page","type-page","status-publish","hentry","description-off"],"acf":[],"_links":{"self":[{"href":"https:\/\/www.krupps.com\/es\/wp-json\/wp\/v2\/pages\/35151","targetHints":{"allow":["GET"]}}],"collection":[{"href":"https:\/\/www.krupps.com\/es\/wp-json\/wp\/v2\/pages"}],"about":[{"href":"https:\/\/www.krupps.com\/es\/wp-json\/wp\/v2\/types\/page"}],"author":[{"embeddable":true,"href":"https:\/\/www.krupps.com\/es\/wp-json\/wp\/v2\/users\/11725"}],"replies":[{"embeddable":true,"href":"https:\/\/www.krupps.com\/es\/wp-json\/wp\/v2\/comments?post=35151"}],"version-history":[{"count":4,"href":"https:\/\/www.krupps.com\/es\/wp-json\/wp\/v2\/pages\/35151\/revisions"}],"predecessor-version":[{"id":35245,"href":"https:\/\/www.krupps.com\/es\/wp-json\/wp\/v2\/pages\/35151\/revisions\/35245"}],"up":[{"embeddable":true,"href":"https:\/\/www.krupps.com\/es\/wp-json\/wp\/v2\/pages\/16050"}],"wp:attachment":[{"href":"https:\/\/www.krupps.com\/es\/wp-json\/wp\/v2\/media?parent=35151"}],"curies":[{"name":"wp","href":"https:\/\/api.w.org\/{rel}","templated":true}]}}