	{"id":34649,"date":"2023-02-02T12:08:18","date_gmt":"2023-02-02T11:08:18","guid":{"rendered":"https:\/\/www.krupps.com\/privacy-policies\/informativa-fornitori\/"},"modified":"2024-12-23T12:53:46","modified_gmt":"2024-12-23T11:53:46","slug":"informativa-fornitori","status":"publish","type":"page","link":"https:\/\/www.krupps.com\/es\/privacy-policies\/informativa-fornitori\/","title":{"rendered":"INFORMACI\u00d3N SOBRE EL TRATAMIENTO DE DATOS PERSONALES"},"content":{"rendered":"\n<p><\/p>\n\n\n\n<p class=\"has-text-align-center\"><strong>INFORMACI\u00d3N SOBRE EL TRATAMIENTO DE DATOS PERSONALES<br><\/strong><em>PROVEEDORES<\/em><\/p>\n\n\n\n<p class=\"has-text-align-center\"><em>(Informaci\u00f3n conforme al art. 13 y al art. 14<\/em> <em>del Reg. (UE) 679\/2016, denominado. RGPD)<\/em><\/p>\n\n\n\n<p>A continuaci\u00f3n te facilitamos algunos datos que debes poner en tu conocimiento, no s\u00f3lo para cumplir con las obligaciones legales, sino tambi\u00e9n porque la transparencia y equidad hacia las partes interesadas es parte fundamental de nuestra actividad.<\/p>\n\n\n\n<p>Esta informaci\u00f3n est\u00e1 dirigida a los colaboradores y proveedores de Krupps Srl.<\/p>\n\n\n\n<p><strong>\u00bfQui\u00e9n es el responsable del tratamiento de datos?<\/strong><\/p>\n\n\n\n<p>El Responsable del tratamiento de sus datos personales es <strong>Krupps Srl <\/strong>(n\u00famero de IVA IT04251180289), con domicilio social en Via Austria 19 &#8211; 35127, Padua (PD) &#8211; Italia, responsable ante usted del uso leg\u00edtimo y correcto de sus datos personales y que puede Comun\u00edquese para cualquier informaci\u00f3n o solicitud a los siguientes n\u00fameros: 0497625156, privacidad@krupps.com, krupps@pec.it<\/p>\n\n\n\n<p><strong>\u00bfC\u00f3mo contacto con el Delegado de Protecci\u00f3n de Datos?<\/strong><\/p>\n\n\n\n<p>Puede contactar con el Delegado de Protecci\u00f3n de Datos (DPO) en las siguientes direcciones: dpo@krupps.com<\/p>\n\n\n\n<p><strong>\u00bfD\u00f3nde se recopilan los datos?<\/strong><\/p>\n\n\n\n<p>Los datos son comunicados por usted y\/o por terceros, como otros proveedores, y\/o recopilados de fuentes de acceso p\u00fablico.<\/p>\n\n\n\n<p><strong>\u00bfQu\u00e9 tratamientos de datos se llevan a cabo?<\/strong><\/p>\n\n\n\n<p>Sus datos personales se recopilan y procesan utilizando m\u00e9todos automatizados y no automatizados, como se especifica a continuaci\u00f3n.<\/p>\n\n\n\n<p class=\"has-text-align-center\"><strong>Gesti\u00f3n de proveedores<\/strong><\/p>\n\n\n\n<figure class=\"wp-block-table\"><table><tbody><tr><td><strong>Objeto y base jur\u00eddica<\/strong><\/td><td>&#8211; Establecimiento y gesti\u00f3n de la relaci\u00f3n contractual, basada en la ejecuci\u00f3n de un contrato y\/o medidas precontractuales, obligaci\u00f3n legal<\/td><\/tr><tr><td><strong>Categor\u00edas de datos<\/strong><\/td><td>Datos personales, Datos de contacto, Datos de direcci\u00f3n, Datos de pago<\/td><\/tr><tr><td><strong>Tiempo de almacenamiento*<\/strong><\/td><td>10 a\u00f1os desde el a\u00f1o de terminaci\u00f3n del \u00faltimo contrato<\/td><\/tr><tr><td><strong>Destinatarios de los datos<\/strong><\/td><td>Sujetos autorizados a procesar designados conforme al art. 29 Reg. UE 2016\/679, Autoridades y administraciones p\u00fablicas respecto de las cuales existe la obligaci\u00f3n legal de comunicar, Responsables del tratamiento designados de conformidad con el art. 28 Reg. UE 2016\/679 (ver registro de administradores), otros sujetos para quienes la comunicaci\u00f3n de datos es necesaria para llevar a cabo los fines declarados por el propietario, Bancos<\/td><\/tr><\/tbody><\/table><\/figure>\n\n\n\n<p class=\"has-text-align-center\"><strong>Planificaci\u00f3n y control de actividades.<\/strong><\/p>\n\n\n\n<figure class=\"wp-block-table\"><table><tbody><tr><td><strong>Objeto y base jur\u00eddica<\/strong><\/td><td>&#8211; Planificaci\u00f3n de actividades, en base al inter\u00e9s leg\u00edtimo del Titular en la realizaci\u00f3n de la actividad empresarial<\/td><\/tr><tr><td><strong>Categor\u00edas de datos<\/strong><\/td><td>Datos personales, Datos de contacto, Datos relativos a la actividad laboral<\/td><\/tr><tr><td><strong>Tiempo de almacenamiento*<\/strong><\/td><td>10 a\u00f1os desde el a\u00f1o de adquisici\u00f3n de datos.<\/td><\/tr><tr><td><strong>Destinatarios de los datos<\/strong><\/td><td>Sujetos autorizados a procesar designados conforme al art. 29 Reg. UE 2016\/679, Responsables del tratamiento designados de conformidad con el art. 28 Reg. UE 2016\/679 (ver registro de responsables), otros sujetos para quienes la comunicaci\u00f3n de datos sea necesaria para llevar a cabo los fines declarados por el titular.<\/td><\/tr><\/tbody><\/table><\/figure>\n\n\n\n<p class=\"has-text-align-center\"><strong>Control de gesti\u00f3n<\/strong><\/p>\n\n\n\n<figure class=\"wp-block-table\"><table><tbody><tr><td><strong>Objeto y base jur\u00eddica<\/strong><\/td><td>&#8211; Control interno de la gesti\u00f3n de la empresa, en base al inter\u00e9s leg\u00edtimo en el desarrollo de la actividad empresarial<\/td><\/tr><tr><td><strong>Categor\u00edas de datos<\/strong><\/td><td>Datos personales, Datos de contacto, Datos relativos a la actividad laboral<\/td><\/tr><tr><td><strong>Tiempo de almacenamiento*<\/strong><\/td><td>10 a\u00f1os desde el a\u00f1o de competencia.<\/td><\/tr><tr><td><strong>Destinatarios de los datos<\/strong><\/td><td>Sujetos autorizados a procesar designados conforme al art. 29 Reg. UE 2016\/679, Responsables del tratamiento designados de conformidad con el art. 28 Reg. UE 2016\/679 (ver registro de responsables), otros sujetos para quienes la comunicaci\u00f3n de datos sea necesaria para llevar a cabo los fines declarados por el titular.<\/td><\/tr><\/tbody><\/table><\/figure>\n\n\n\n<p class=\"has-text-align-center\"><strong>Contabilidad<\/strong><\/p>\n\n\n\n<figure class=\"wp-block-table\"><table><tbody><tr><td><strong>Objeto y base jur\u00eddica<\/strong><\/td><td>&#8211; Llevaci\u00f3n de registros contables, en base a una obligaci\u00f3n legal. &#8211; Obligaciones tributarias, basadas en una obligaci\u00f3n legal<\/td><\/tr><tr><td><strong>Categor\u00edas de datos<\/strong><\/td><td>Datos personales, Datos de contacto, Datos de direcci\u00f3n, Datos de pago, Datos relativos a la actividad laboral, Datos relativos a compras o uso de servicios<\/td><\/tr><tr><td><strong>Tiempo de almacenamiento*<\/strong><\/td><td>10 a\u00f1os desde el a\u00f1o de terminaci\u00f3n del \u00faltimo contrato<\/td><\/tr><tr><td><strong>Destinatarios de los datos<\/strong><\/td><td>Sujetos autorizados a procesar designados conforme al art. 29 Reg. UE 2016\/679, Autoridades y administraciones p\u00fablicas respecto de las cuales existe la obligaci\u00f3n legal de comunicar, Responsables del tratamiento designados de conformidad con el art. 28 Reg. UE 2016\/679 (ver registro de administradores), otros sujetos para quienes la comunicaci\u00f3n de datos es necesaria para llevar a cabo los fines declarados por el propietario, Bancos<\/td><\/tr><\/tbody><\/table><\/figure>\n\n\n\n<p class=\"has-text-align-center\"><strong>Recepci\u00f3n y aceptaci\u00f3n de mercanc\u00edas.<\/strong><\/p>\n\n\n\n<figure class=\"wp-block-table\"><table><tbody><tr><td><strong>Objeto y base jur\u00eddica<\/strong><\/td><td>&#8211; Aceptaci\u00f3n de bienes, con base en la ejecuci\u00f3n de un contrato y\/o medidas precontractuales<\/td><\/tr><tr><td><strong>Categor\u00edas de datos<\/strong><\/td><td>Datos personales, Datos de contacto, Datos de direcci\u00f3n, Fechas de pago<\/td><\/tr><tr><td><strong>Tiempo de almacenamiento*<\/strong><\/td><td>10 a\u00f1os desde el a\u00f1o de competencia.<\/td><\/tr><tr><td><strong>Destinatarios de los datos<\/strong><\/td><td>Sujetos autorizados a procesar designados conforme al art. 29 Reg. UE 2016\/679, Responsables del tratamiento designados de conformidad con el art. 28 Reg. UE 2016\/679 (ver registro de responsables), otros sujetos para quienes la comunicaci\u00f3n de datos sea necesaria para llevar a cabo los fines declarados por el titular.<\/td><\/tr><\/tbody><\/table><\/figure>\n\n\n\n<p class=\"has-text-align-center\"><strong>Gesti\u00f3n de compras<\/strong><\/p>\n\n\n\n<figure class=\"wp-block-table\"><table><tbody><tr><td><strong>Objeto y base jur\u00eddica<\/strong><\/td><td>&#8211; Actividades de compra de bienes o servicios, basadas en la ejecuci\u00f3n de un contrato y\/o medidas precontractuales<\/td><\/tr><tr><td><strong>Categor\u00edas de datos<\/strong><\/td><td>Datos personales, Datos de contacto, Datos de direcci\u00f3n, Datos de pago<\/td><\/tr><tr><td><strong>Tiempo de almacenamiento*<\/strong><\/td><td>10 a\u00f1os desde el a\u00f1o de competencia.<\/td><\/tr><tr><td><strong>Destinatarios de los datos<\/strong><\/td><td>Sujetos autorizados a procesar designados conforme al art. 29 Reg. UE 2016\/679, Responsables del tratamiento designados de conformidad con el art. 28 Reg. UE 2016\/679 (ver registro de responsables), otros sujetos para quienes la comunicaci\u00f3n de datos sea necesaria para llevar a cabo los fines declarados por el titular.<\/td><\/tr><\/tbody><\/table><\/figure>\n\n\n\n<p class=\"has-text-align-center\"><strong>Actividades de marketing y comunicaci\u00f3n.<\/strong><\/p>\n\n\n\n<figure class=\"wp-block-table\"><table><tbody><tr><td>Objeto y base jur\u00eddica<\/td><td>&#8211; Marketing (an\u00e1lisis e investigaciones de mercado), Env\u00edo de informaci\u00f3n y\/o material publicitario, previo consentimiento del interesado**<\/td><\/tr><tr><td>Categor\u00edas de datos<\/td><td>Datos personales, Datos de contacto, Datos de direcci\u00f3n, Datos relacionados con compras o uso de servicios, Datos de elaboraci\u00f3n de perfiles<\/td><\/tr><tr><td>Tiempo de almacenamiento*<\/td><td>Hasta que se revoque el consentimiento. Entonces el tratamiento se limitar\u00e1 a un mero almacenamiento durante 10 a\u00f1os a partir del a\u00f1o en que se revoc\u00f3 el consentimiento.<\/td><\/tr><tr><td>Destinatarios de los datos<\/td><td>Sujetos autorizados a procesar designados conforme al art. 29 Reg. UE 2016\/679, Responsables del tratamiento designados de conformidad con el art. 28 Reg. UE 2016\/679 (ver registro de responsables), otros sujetos para quienes la comunicaci\u00f3n de datos sea necesaria para llevar a cabo los fines declarados por el titular.<\/td><\/tr><\/tbody><\/table><\/figure>\n\n\n\n<p>**La prestaci\u00f3n de consentimiento es siempre opcional y puede revocarse en cualquier momento. Puede ponerse en contacto con el Responsable del tratamiento a trav\u00e9s de la informaci\u00f3n de contacto anterior.<\/p>\n\n\n\n<p class=\"has-text-align-center\"><strong>Recepci\u00f3n<\/strong><\/p>\n\n\n\n<figure class=\"wp-block-table\"><table><tbody><tr><td><strong>Objeto y base jur\u00eddica<\/strong><\/td><td>&#8211; Seguimiento de las personas que se incorporan a la empresa, en base al inter\u00e9s leg\u00edtimo en la protecci\u00f3n del patrimonio de la empresa, la seguridad de los trabajadores, las necesidades organizativas y de producci\u00f3n. &#8211; Filtrado de llamadas telef\u00f3nicas, basado en inter\u00e9s leg\u00edtimo en necesidades organizativas y de producci\u00f3n.<\/td><\/tr><tr><td><strong>Categor\u00edas de datos<\/strong><\/td><td>Datos personales, Datos de contacto, Datos de direcci\u00f3n, Datos relativos a documentos de identificaci\u00f3n\/reconocimiento<\/td><\/tr><tr><td><strong>Tiempo de almacenamiento*<\/strong><\/td><td>1 a\u00f1o desde el a\u00f1o de adquisici\u00f3n de datos.<\/td><\/tr><tr><td><strong>Destinatarios de los datos<\/strong><\/td><td>Sujetos autorizados a procesar designados conforme al art. 29 Reg. UE 2016\/679, Responsables del tratamiento designados de conformidad con el art. 28 Reg. UE 2016\/679 (ver registro de responsables), otros sujetos para los que la comunicaci\u00f3n de datos sea necesaria para la realizaci\u00f3n de las finalidades declaradas por el titular, autoridades y administraciones p\u00fablicas respecto de las cuales exista una obligaci\u00f3n legal. comunicarse<\/td><\/tr><\/tbody><\/table><\/figure>\n\n\n\n<p class=\"has-text-align-center\"><strong>Gesti\u00f3n de alojamiento<\/strong><\/p>\n\n\n\n<figure class=\"wp-block-table\"><table><tbody><tr><td><strong>Objeto y base jur\u00eddica<\/strong><\/td><td>&#8211; Organizaci\u00f3n del alojamiento, en base a la ejecuci\u00f3n de un contrato y\/o medidas precontractuales.<\/td><\/tr><tr><td><strong>Categor\u00edas de datos<\/strong><\/td><td>Datos personales, Datos de contacto, Datos relativos a la actividad laboral, Datos relativos a documentos de identificaci\u00f3n\/reconocimiento<\/td><\/tr><tr><td><strong>Tiempo de almacenamiento*<\/strong><\/td><td>10 a\u00f1os desde el a\u00f1o de organizaci\u00f3n.<\/td><\/tr><tr><td><strong>Destinatarios de los datos<\/strong><\/td><td>Sujetos autorizados a procesar designados conforme al art. 29 Reg. UE 2016\/679, Responsables del tratamiento designados de conformidad con el art. 28 Reg. UE 2016\/679 (ver registro de gestores), Instalaciones de alojamiento, Servicios de traslado, otros sujetos para los que la comunicaci\u00f3n de datos sea necesaria para llevar a cabo los fines declarados por el titular.<\/td><\/tr><\/tbody><\/table><\/figure>\n\n\n\n<p>* Adem\u00e1s del tiempo necesario para que devenguen los plazos de prescripci\u00f3n en relaci\u00f3n con los derechos mutuos y el tiempo de conservaci\u00f3n de las copias de seguridad.<\/p>\n\n\n\n<p>Adem\u00e1s de lo anterior, como parte de las actividades funcionales a la buena gesti\u00f3n de la organizaci\u00f3n, sus datos personales tambi\u00e9n ser\u00e1n tratados por personal interno o externo debidamente autorizado para:<\/p>\n\n\n\n<p>1) la gesti\u00f3n y el mantenimiento de la red y de los sistemas inform\u00e1ticos, cuando el tratamiento se realiza mediante m\u00e9todos incluso parcialmente automatizados (por ejemplo, cuando los datos transitan a trav\u00e9s de los sistemas inform\u00e1ticos de Krupps Srl), sobre la base del inter\u00e9s leg\u00edtimo de protegerlos y para obligaciones relativas a la seguridad de la informaci\u00f3n; los datos se almacenan de conformidad con las implementaciones de seguridad y con las disposiciones para el procesamiento de referencia principal entre las descritas anteriormente;<\/p>\n\n\n\n<p>2) gestionar las actividades de cumplimiento, incluidas las obligaciones relativas a la protecci\u00f3n de datos personales, seg\u00fan lo exige la ley, respetando los tiempos de retenci\u00f3n previstos para el procesamiento principal de referencia;<\/p>\n\n\n\n<p>3) prevenir y detectar abusos y defender los derechos e intereses del Responsable del tratamiento, conserv\u00e1ndolos hasta la prescripci\u00f3n, salvo conflicto (en este caso, los datos se conservar\u00e1n hasta el cese definitivo de el litigio), sobre la base del inter\u00e9s leg\u00edtimo del Responsable del tratamiento en la protecci\u00f3n de sus derechos e intereses.<\/p>\n\n\n\n<p><strong>\u00bfExisten procesos automatizados?<\/strong><\/p>\n\n\n\n<p>El tratamiento no se basa en la toma de decisiones automatizada.<\/p>\n\n\n\n<p><strong>\u00bfEs obligatorio facilitar los datos?<\/strong><\/p>\n\n\n\n<p>Salvo para aquellas finalidades basadas en el consentimiento, la facilitaci\u00f3n de sus datos es un requisito necesario: la no facilitaci\u00f3n de los datos indicados como obligatorios podr\u00eda acarrear consecuencias legales y contractuales. Por lo tanto, en caso de no facilitarlo, es posible que no obtenga el resultado esperado o lo obtenga s\u00f3lo parcialmente.<\/p>\n\n\n\n<p><strong>\u00bfSe transfieren los datos fuera de la Uni\u00f3n Europea?<\/strong><\/p>\n\n\n\n<p>El tratamiento de datos personales (por ejemplo, almacenamiento, archivo y conservaci\u00f3n de datos en sus servidores o en la nube) se limitar\u00e1 a los \u00e1mbitos de circulaci\u00f3n y tratamiento de datos personales de los pa\u00edses pertenecientes al Espacio Econ\u00f3mico Europeo, con prohibici\u00f3n expresa de transfiri\u00e9ndolos a pa\u00edses no pertenecientes a la UE que no garantizan (o en ausencia de) un nivel adecuado de protecci\u00f3n, o, en ausencia de herramientas de protecci\u00f3n previstas por el Reglamento UE 2016\/679 (tercer pa\u00eds considerado adecuado por la Comisi\u00f3n Europea, grupo BCR, cl\u00e1usulas contractuales modelo, consentimiento de los interesados, etc.).<\/p>\n\n\n\n<p><strong>\u00bfQu\u00e9 derechos se reconocen?<\/strong><\/p>\n\n\n\n<ul class=\"wp-block-list\">\n<li>Tienes derecho, seg\u00fan lo dispuesto en los art\u00edculos. 15 y siguientes del Reg. UE 2016\/679 para solicitar al Responsable del tratamiento el acceso a sus datos personales, as\u00ed como su rectificaci\u00f3n, cancelaci\u00f3n u olvido;<\/li>\n\n\n\n<li>Tambi\u00e9n tiene derecho a solicitar la portabilidad de los datos o la limitaci\u00f3n del tratamiento;<\/li>\n\n\n\n<li>Usted tiene derecho, por motivos relacionados con su situaci\u00f3n particular, a oponerse al tratamiento basado en el inter\u00e9s leg\u00edtimo de los datos personales que le conciernen;<\/li>\n\n\n\n<li>Tiene derecho a ver el contenido esencial de cualquier acuerdo de copropiedad firmado;<\/li>\n\n\n\n<li>Para el tratamiento basado en el consentimiento, usted tiene derecho a retirar el consentimiento en cualquier momento, sin perjuicio de la licitud del tratamiento basado en el consentimiento prestado antes de la revocaci\u00f3n;<\/li>\n\n\n\n<li>Tambi\u00e9n puede presentar una reclamaci\u00f3n ante la Autoridad Garante para la protecci\u00f3n de datos personales, con sede en Piazza Venezia 11, 00187 \u2013 Roma \u2013protocol@pec.gdpd.it.<\/li>\n<\/ul>\n\n\n\n<p>Para ejercer sus derechos o solicitar informaci\u00f3n adicional, puede ponerse en contacto con el Propietario a trav\u00e9s de la informaci\u00f3n de contacto anterior.<\/p>\n\n\n\n<p><strong>\u00bfPuede cambiar la informaci\u00f3n de esta pol\u00edtica?<\/strong><\/p>\n\n\n\n<p>Nos reservamos el derecho de actualizar nuestra Pol\u00edtica de Privacidad. Comunicaremos los cambios que consideremos apropiados y actualizaremos la fecha en esta Pol\u00edtica de Privacidad. Por ello, recomendamos consultar peri\u00f3dicamente nuestra Informaci\u00f3n sobre el tratamiento de datos personales, solicitando tambi\u00e9n una copia al Responsable del tratamiento.<\/p>\n\n\n\n<p><em>\u00daltima actualizaci\u00f3n: 29\/11\/2024<\/em><\/p>\n\n\n\n<div style=\"height:100px\" aria-hidden=\"true\" class=\"wp-block-spacer\"><\/div>\n","protected":false},"excerpt":{"rendered":"<p>INFORMACI\u00d3N SOBRE EL TRATAMIENTO DE DATOS PERSONALESPROVEEDORES (Informaci\u00f3n conforme al art. 13 y al art. 14 del Reg. (UE) 679\/2016, denominado. RGPD) A continuaci\u00f3n te facilitamos algunos datos que debes poner en tu conocimiento, no s\u00f3lo para cumplir con las obligaciones legales, sino tambi\u00e9n porque la transparencia y equidad hacia las partes interesadas es parte&hellip;<\/p>\n","protected":false},"author":3,"featured_media":0,"parent":15880,"menu_order":1,"comment_status":"closed","ping_status":"closed","template":"","meta":{"_acf_changed":false,"footnotes":""},"class_list":["post-34649","page","type-page","status-publish","hentry","description-off"],"acf":[],"_links":{"self":[{"href":"https:\/\/www.krupps.com\/es\/wp-json\/wp\/v2\/pages\/34649","targetHints":{"allow":["GET"]}}],"collection":[{"href":"https:\/\/www.krupps.com\/es\/wp-json\/wp\/v2\/pages"}],"about":[{"href":"https:\/\/www.krupps.com\/es\/wp-json\/wp\/v2\/types\/page"}],"author":[{"embeddable":true,"href":"https:\/\/www.krupps.com\/es\/wp-json\/wp\/v2\/users\/3"}],"replies":[{"embeddable":true,"href":"https:\/\/www.krupps.com\/es\/wp-json\/wp\/v2\/comments?post=34649"}],"version-history":[{"count":2,"href":"https:\/\/www.krupps.com\/es\/wp-json\/wp\/v2\/pages\/34649\/revisions"}],"predecessor-version":[{"id":34652,"href":"https:\/\/www.krupps.com\/es\/wp-json\/wp\/v2\/pages\/34649\/revisions\/34652"}],"up":[{"embeddable":true,"href":"https:\/\/www.krupps.com\/es\/wp-json\/wp\/v2\/pages\/15880"}],"wp:attachment":[{"href":"https:\/\/www.krupps.com\/es\/wp-json\/wp\/v2\/media?parent=34649"}],"curies":[{"name":"wp","href":"https:\/\/api.w.org\/{rel}","templated":true}]}}