	{"id":34603,"date":"2017-09-06T10:26:04","date_gmt":"2017-09-06T08:26:04","guid":{"rendered":"https:\/\/www.krupps.com\/privacy-policies\/informativa-al-trattamento-dei-dati-personali-dellutente\/"},"modified":"2025-05-05T16:22:22","modified_gmt":"2025-05-05T14:22:22","slug":"informativa-al-trattamento-dei-dati-personali-dellutente","status":"publish","type":"page","link":"https:\/\/www.krupps.com\/es\/privacy-policies\/informativa-al-trattamento-dei-dati-personali-dellutente\/","title":{"rendered":"INFORMACI\u00d3N SOBRE EL TRATAMIENTO DE DATOS PERSONALES"},"content":{"rendered":"\n<div class=\"wp-block-columns is-layout-flex wp-container-core-columns-is-layout-9d6595d7 wp-block-columns-is-layout-flex\">\n<div class=\"wp-block-column is-layout-flow wp-block-column-is-layout-flow\" style=\"flex-basis:100%\">\n<div style=\"height:57px\" aria-hidden=\"true\" class=\"wp-block-spacer\"><\/div>\n\n\n\n<p><\/p>\n\n\n\n<p class=\"has-text-align-center\"><strong>INFORMACI\u00d3N SOBRE EL TRATAMIENTO DE DATOS PERSONALES<br><\/strong><em>(art\u00edculos 13 y 14 del Reglamento UE 2016\/679 y Decreto Legislativo 196\/2003 y modificaciones posteriores )<\/em><em><\/em><\/p>\n\n\n\n<p>Estimado usuario,<\/p>\n\n\n\n<p>A continuaci\u00f3n te facilitamos algunos datos que debes poner en tu conocimiento, no s\u00f3lo para cumplir con las obligaciones legales, sino tambi\u00e9n porque la transparencia y equidad hacia las partes interesadas es parte fundamental de nuestra actividad.<\/p>\n\n\n\n<p>Esta informaci\u00f3n describe los m\u00e9todos de procesamiento de los datos personales de los usuarios que consultan este sitio web, accesible electr\u00f3nicamente en la siguiente direcci\u00f3n: <strong>https:\/\/www.krupps.com\/, <strong>http:\/\/www.krupps.uk.com\/<\/strong> <\/strong>y <strong>https:\/\/www.krupps.it\/<\/strong>.<\/p>\n\n\n\n<p>Esta informaci\u00f3n no se refiere a otros sitios, p\u00e1ginas o servicios en l\u00ednea a los que se puede acceder a trav\u00e9s de enlaces de hipertexto que pueden publicarse en el sitio pero que hacen referencia a recursos externos a este dominio.<\/p>\n\n\n\n<div style=\"height:19px\" aria-hidden=\"true\" class=\"wp-block-spacer\"><\/div>\n\n\n\n<figure class=\"wp-block-table\"><table><tbody><tr><td class=\"has-text-align-center\" data-align=\"center\"><strong><strong>Responsable del tratamient<\/strong>o<\/strong><br><br><img decoding=\"async\" style=\"width: 100px;\" src=\"https:\/\/www.krupps.com\/wp-content\/uploads\/sites\/1\/2024\/12\/titolare-del-trattamento.png\" alt=\"\"><br><\/td><td>El Responsable del tratamiento (la persona que decide los fines y m\u00e9todos de procesamiento de sus datos personales) es <strong>Krupps Srl .<\/strong><br><strong>N\u00famero de IVA <\/strong>: 04251180289<br><strong>Sitio <\/strong>:Via Austria 19 \u2013 35127, Padua (PD) \u2013 Italia<br><strong>Tel\u00e9fono <\/strong>: 049 7625156<br><strong>Correo electr\u00f3nico <\/strong>: <a href=\"mailto:privacy@krupps.com\">privacidad@krupps.com <\/a>, krupps@pec.it<br>&nbsp;<br>Para el tratamiento que incluye la publicaci\u00f3n de contenidos en redes sociales, el <strong>Responsable del tratamiento <\/strong>ha celebrado acuerdos tipo de copropiedad con los propietarios de las plataformas sociales.<\/td><\/tr><tr><td class=\"has-text-align-center\" data-align=\"center\"><strong>DPO<\/strong><br><br><img decoding=\"async\" src=\"https:\/\/www.krupps.com\/wp-content\/uploads\/sites\/1\/2024\/12\/DPO.png\" alt=\"\" style=\"width: 100px;\"><\/td><td>Se puede contactar con el Delegado de Protecci\u00f3n de Datos Personales (DPO) en las siguientes direcciones:<br><strong>Correo electr\u00f3nico : <\/strong>dpo@krupps.com&nbsp;&nbsp;&nbsp;&nbsp;&nbsp;&nbsp;&nbsp;<br><strong>PEC: <\/strong>dataprotectionofficer@pec.it&nbsp;&nbsp;&nbsp;&nbsp;&nbsp;&nbsp;&nbsp;&nbsp;&nbsp;&nbsp;&nbsp;&nbsp;&nbsp;&nbsp;&nbsp;&nbsp;&nbsp;&nbsp;&nbsp;&nbsp;&nbsp;&nbsp;&nbsp;&nbsp;&nbsp;&nbsp;&nbsp;&nbsp;&nbsp;&nbsp;&nbsp;&nbsp;&nbsp;&nbsp;&nbsp;&nbsp;&nbsp;&nbsp;&nbsp;&nbsp;&nbsp;&nbsp;&nbsp;&nbsp;&nbsp;&nbsp;&nbsp;&nbsp;&nbsp;&nbsp;&nbsp;&nbsp;&nbsp;&nbsp;&nbsp;&nbsp;&nbsp;&nbsp;&nbsp;&nbsp;&nbsp;&nbsp;&nbsp;&nbsp;&nbsp;&nbsp;&nbsp;&nbsp;&nbsp;&nbsp;&nbsp;&nbsp;&nbsp;&nbsp;&nbsp;&nbsp;<\/td><\/tr><tr><td class=\"has-text-align-center\" data-align=\"center\"><strong><strong>Categor\u00edas de datos<\/strong><\/strong><br><br><img loading=\"lazy\" decoding=\"async\" width=\"100\" height=\"100\" class=\"wp-image-34520\" style=\"width: 100px;\" src=\"https:\/\/www.krupps.com\/wp-content\/uploads\/sites\/1\/2024\/12\/cATEGORIE-DI-DATI.png\" alt=\"\"><\/td><td>&#8211; Datos relacionados con la prestaci\u00f3n de un servicio de comunicaciones electr\u00f3nicas: datos de tr\u00e1fico, datos relacionados con la navegaci\u00f3n en Internet, direcciones IP o nombres de dominio de los ordenadores utilizados por los usuarios que se conectan al sitio; hora de la solicitud; m\u00e9todo utilizado para enviar la solicitud al servidor; c\u00f3digo num\u00e9rico que indica el estado de la respuesta dada por el servidor (\u00e9xito, error, etc.); otros par\u00e1metros relacionados con el sistema operativo y el navegador utilizados por el usuario<br>&#8211; Datos personales, de contacto y de direcci\u00f3n;<br>&#8211; Datos de acceso y autenticaci\u00f3n;<br>&#8211; Contenidos multimedia;<br>&#8211; Cualquier otro dato que pueda ser proporcionado voluntariamente por el usuario al Responsable del Tratamiento<\/td><\/tr><tr><td class=\"has-text-align-center\" data-align=\"center\"><strong>Fuente de datos<\/strong><br><br><img loading=\"lazy\" decoding=\"async\" width=\"100\" height=\"100\" class=\"wp-image-34527\" style=\"width: 100px;\" src=\"https:\/\/www.krupps.com\/wp-content\/uploads\/sites\/1\/2024\/12\/FONTE-DI-DATI.png\" alt=\"\"><\/td><td>Los datos personales se recogen del interesado durante la navegaci\u00f3n (ver tambi\u00e9n tabla de cookies) o a trav\u00e9s de comunicaciones enviadas por el interesado y\/o de fuentes accesibles al p\u00fablico, p.e. redes sociales.<\/td><\/tr><tr><td class=\"has-text-align-center\" data-align=\"center\"><strong>Contribuci\u00f3n<br><\/strong><br><img loading=\"lazy\" decoding=\"async\" width=\"100\" height=\"100\" class=\"wp-image-34534\" style=\"width: 100px;\" src=\"https:\/\/www.krupps.com\/wp-content\/uploads\/sites\/1\/2024\/12\/Conferimento.png\" alt=\"\"><br><\/td><td>Cuando se indique lo contrario, el suministro de sus datos es un requisito necesario para perseguir las finalidades que se indican a continuaci\u00f3n. Por tanto, en caso de no facilitarlo, no podremos realizar el tratamiento correspondiente.<\/td><\/tr><\/tbody><\/table><\/figure>\n\n\n\n<div style=\"height:29px\" aria-hidden=\"true\" class=\"wp-block-spacer\"><\/div>\n\n\n\n<p><strong><strong>Tratos<\/strong><\/strong><\/p>\n\n\n\n<p>Sus datos personales se recopilan y procesan utilizando m\u00e9todos automatizados, semiautom\u00e1ticos y no automatizados, como se especifica a continuaci\u00f3n:<\/p>\n\n\n\n<div class=\"wp-block-group\"><div class=\"wp-block-group__inner-container is-layout-constrained wp-block-group-is-layout-constrained\">\n<figure class=\"wp-block-table is-style-regular\"><table><tbody><tr><td class=\"has-text-align-center\" data-align=\"center\"><strong>O<strong>bjetivo<\/strong><\/strong><br><img loading=\"lazy\" decoding=\"async\" width=\"100\" height=\"85\" class=\"wp-image-34541\" style=\"width: 100px;\" src=\"https:\/\/www.krupps.com\/wp-content\/uploads\/sites\/1\/2024\/12\/finalita.png\" alt=\"\"><\/td><td class=\"has-text-align-center\" data-align=\"center\"><strong><strong>Base jur\u00eddic<\/strong>a<\/strong><br><img loading=\"lazy\" decoding=\"async\" width=\"100\" height=\"100\" class=\"wp-image-34534\" style=\"width: 100px;\" src=\"https:\/\/www.krupps.com\/wp-content\/uploads\/sites\/1\/2024\/12\/Conferimento.png\" alt=\"\"><\/td><td class=\"has-text-align-center\" data-align=\"center\"><strong><strong>Conservaci\u00f3n<\/strong><\/strong>*<br><img loading=\"lazy\" decoding=\"async\" width=\"100\" height=\"92\" class=\"wp-image-34548\" style=\"width: 100px;\" src=\"https:\/\/www.krupps.com\/wp-content\/uploads\/sites\/1\/2024\/12\/conservazione.png\" alt=\"\"><\/td><\/tr><tr><td class=\"has-text-align-center\" data-align=\"center\">Permitir el uso completo de la funcionalidad del sitio web.<\/td><td class=\"has-text-align-center\" data-align=\"center\">Medidas precontractuales o contractuales <br>(realizar el servicio o prestaci\u00f3n solicitada)<\/td><td class=\"has-text-align-center\" data-align=\"center\">La duraci\u00f3n est\u00e1 relacionada con la cookie individual<br> y se puede consultar en la informaci\u00f3n relevante.<\/td><\/tr><tr><td class=\"has-text-align-center\" data-align=\"center\">Permitir el an\u00e1lisis del sitio web y su tr\u00e1fico tambi\u00e9n.<br>optimizaci\u00f3n para garantizar la usabilidad<\/td><td class=\"has-text-align-center\" data-align=\"center\">Consentimiento** a trav\u00e9s del banner de cookies<\/td><td class=\"has-text-align-center\" data-align=\"center\">La duraci\u00f3n est\u00e1 relacionada con la cookie<br> individual y se puede consultar <br>en la informaci\u00f3n relevante.<\/td><\/tr><tr><td class=\"has-text-align-center\" data-align=\"center\">Mostrar contenido de terceros relacionado con las redes sociales<br> (por ejemplo, YouTube y FaceBook )<\/td><td class=\"has-text-align-center\" data-align=\"center\">Consentimiento** a trav\u00e9s del banner de cookies<\/td><td class=\"has-text-align-center\" data-align=\"center\">La duraci\u00f3n est\u00e1 relacionada con la cookie individual<br> y se puede consultar en la informaci\u00f3n relevante.<\/td><\/tr><tr><td class=\"has-text-align-center\" data-align=\"center\">Mostrar publicidad de terceros basada en tus intereses<\/td><td class=\"has-text-align-center\" data-align=\"center\">Consentimiento** a trav\u00e9s del banner de cookies<\/td><td class=\"has-text-align-center\" data-align=\"center\">La duraci\u00f3n est\u00e1 relacionada con la cookie individual <br>y se puede consultar en la informaci\u00f3n relevante.<\/td><\/tr><tr><td class=\"has-text-align-center\" data-align=\"center\">Dar seguimiento a las solicitudes del interesado <br>y gestionar obligaciones precontractuales o contractuales<\/td><td class=\"has-text-align-center\" data-align=\"center\">Medidas precontractuales o contractuales <br>(realizar el servicio o prestaci\u00f3n solicitada)<\/td><td class=\"has-text-align-center\" data-align=\"center\">10 a\u00f1os a partir del a\u00f1o de la solicitud.<\/td><\/tr><tr><td class=\"has-text-align-center\" data-align=\"center\">Env\u00edo de material informativo y\/o publicitario <br>(p. ej. newsletter)<\/td><td class=\"has-text-align-center\" data-align=\"center\">Consentimiento del interesado**<\/td><td class=\"has-text-align-center\" data-align=\"center\">Hasta que se revoque el consentimiento.<br> Entonces el tratamiento se limitar\u00e1 a un mero <br>almacenamiento durante 10 a\u00f1os a partir del a\u00f1o<br> en que se revoc\u00f3 el consentimiento.<\/td><\/tr><tr><td class=\"has-text-align-center\" data-align=\"center\">Gestionar las obligaciones en materia <br>de protecci\u00f3n de datos personales<\/td><td class=\"has-text-align-center\" data-align=\"center\">Cumplimiento de una obligaci\u00f3n legal<\/td><td class=\"has-text-align-center\" data-align=\"center\">Respetando los tiempos de almacenamiento previstos <br>para el tratamiento principal de referencia; <br>10 a\u00f1os desde el a\u00f1o de gesti\u00f3n de una solicitud de ejercicio de derechos.<\/td><\/tr><tr><td class=\"has-text-align-center\" data-align=\"center\">Prevenir y\/o detectar cualquier abuso <br>y defender los derechos e intereses del Titular<\/td><td class=\"has-text-align-center\" data-align=\"center\">Inter\u00e9s leg\u00edtimo en proteger los propios derechos <br>e intereses ante los tribunales o en las etapas <br>preparatorias para su posible establecimiento.<\/td><td class=\"has-text-align-center\" data-align=\"center\">Hasta el vencimiento del plazo de prescripci\u00f3n, salvo litigio. <br>En este caso, los datos se conservar\u00e1n hasta el cese definitivo del litigio.<\/td><\/tr><tr><td class=\"has-text-align-center\" data-align=\"center\">Gesti\u00f3n y mantenimiento de la red <br>y sistemas inform\u00e1ticos.<\/td><td class=\"has-text-align-center\" data-align=\"center\">Persecuci\u00f3n del inter\u00e9s leg\u00edtimo del <br>Responsable del tratamiento<\/td><td class=\"has-text-align-center\" data-align=\"center\">Cumpliendo con las implementaciones de seguridad<br> y con las disposiciones para el procesamiento principal de referencia; <br>18 meses en cuanto a obligaciones relativas a <br>los administradores de sistemas<\/td><\/tr><\/tbody><\/table><\/figure>\n<\/div><\/div>\n\n\n\n<p>* Adem\u00e1s del tiempo necesario para que devenguen los plazos de prescripci\u00f3n en relaci\u00f3n con los derechos mutuos y el tiempo de conservaci\u00f3n de las copias de seguridad<\/p>\n\n\n\n<p>** si no presta su consentimiento, los datos personales no ser\u00e1n tratados para las finalidades espec\u00edficas. El consentimiento puede revocarse en cualquier momento poni\u00e9ndose en contacto con el propietario a trav\u00e9s de los datos de contacto indicados anteriormente o a trav\u00e9s del banner de cookies.<\/p>\n\n\n\n<div style=\"height:27px\" aria-hidden=\"true\" class=\"wp-block-spacer\"><\/div>\n\n\n\n<figure class=\"wp-block-table\"><table><tbody><tr><td class=\"has-text-align-center\" data-align=\"center\"><strong><strong><strong>Procesos automatizados y elaboraci\u00f3n de perfiles.<\/strong><\/strong><\/strong><\/td><td>Le informamos que para la consecuci\u00f3n de algunas de las finalidades antes mencionadas utilizamos procesos automatizados (procesos de toma de decisiones realizados mediante el uso de herramientas tecnol\u00f3gicas, sin intervenci\u00f3n humana), estos incluyen la elaboraci\u00f3n de perfiles, por lo tanto, la recopilaci\u00f3n de informaci\u00f3n sobre usted para con la finalidad de analizar sus caracter\u00edsticas e insertarlo en categor\u00edas, grupos o poder realizar valoraciones, como por ejemplo enviarle material publicitario personalizado en funci\u00f3n de sus elecciones de consumo previas, o previsiones.<\/td><\/tr><tr><td class=\"has-text-align-center\" data-align=\"center\"><strong><strong><strong>Comunicaci\u00f3n de dato<\/strong><\/strong>s<\/strong><br><br><img loading=\"lazy\" decoding=\"async\" width=\"100\" height=\"100\" class=\"wp-image-34555\" style=\"width: 100px;\" src=\"https:\/\/www.krupps.com\/wp-content\/uploads\/sites\/1\/2024\/12\/comunicazione-dei-dati.png\" alt=\"\"><\/td><td>Sus datos podr\u00e1n ser comunicados exclusivamente para necesidades t\u00e9cnicas y operativas estrictamente relacionadas con los fines antes mencionados, a sujetos que procesen los datos bajo la autoridad del titular, designado como autorizado para procesar de conformidad con el art. 29 Reg. UE 2016\/679, a los sujetos que procesan los datos por cuenta del titular, designados como responsables del tratamiento de conformidad con el art. 28 del Reg. UE 2016\/679, as\u00ed como a organismos p\u00fablicos respecto de los cuales existe obligaci\u00f3n legal de comunicaci\u00f3n.<\/td><\/tr><tr><td class=\"has-text-align-center\" data-align=\"center\"><strong><strong><strong>Transferencia de datos fuera de la UE<\/strong><\/strong><\/strong><br><br><img loading=\"lazy\" decoding=\"async\" width=\"100\" height=\"79\" class=\"wp-image-34562\" style=\"width: 100px;\" src=\"https:\/\/www.krupps.com\/wp-content\/uploads\/sites\/1\/2024\/12\/trasferimento-dati-extra-ue.png\" alt=\"\"><\/td><td>Aunque nos comprometemos a elegir servicios que minimicen el procesamiento de datos personales de nuestros usuarios, el procesamiento de datos personales para los fines anteriores que implica el uso de cookies y otras herramientas de seguimiento puede implicar la transferencia de algunos datos, solo indirectamente identificables, en pa\u00edses que se encuentran fuera del territorio de la UE o del Espacio Econ\u00f3mico Europeo (EEE), en particular hacia los Estados Unidos.<br>Para los fines reci\u00e9n descritos, as\u00ed como para los dem\u00e1s mencionados anteriormente, los datos personales s\u00f3lo podr\u00e1n transferirse si se da alguno de los casos previstos en los art\u00edculos. 44 y siguientes. del Reglamento UE 2016\/679.<\/td><\/tr><tr><td class=\"has-text-align-center\" data-align=\"center\"><strong><strong><strong>Derechos del interesado<\/strong><\/strong><\/strong><br><br><img loading=\"lazy\" decoding=\"async\" width=\"100\" height=\"100\" class=\"wp-image-34569\" style=\"width: 100px;\" src=\"https:\/\/www.krupps.com\/wp-content\/uploads\/sites\/1\/2024\/12\/diritti.png\" alt=\"\"><br><\/td><td>El interesado tiene derecho, seg\u00fan lo dispuesto en los art\u00edculos. 15 y siguientes del Reg. UE 2016\/679 para solicitar al Responsable del tratamiento el acceso a sus datos personales, as\u00ed como su rectificaci\u00f3n, cancelaci\u00f3n u olvido. El interesado tambi\u00e9n tiene derecho a solicitar la portabilidad de los datos, la limitaci\u00f3n del tratamiento o a oponerse a los mismos. Adem\u00e1s, el interesado tiene derecho a consultar el contenido esencial de los contratos de copropiedad.<br>Para el tratamiento basado en el consentimiento, el interesado tiene derecho a retirar el consentimiento en cualquier momento, sin perjuicio de la licitud del tratamiento basado en el consentimiento prestado antes de la revocaci\u00f3n. Para ejercer sus derechos o solicitar informaci\u00f3n adicional, el interesado puede ponerse en contacto con el Titular a trav\u00e9s de los datos de contacto indicados m\u00e1s arriba.<\/td><\/tr><tr><td class=\"has-text-align-center\" data-align=\"center\"><strong><strong>Queja del garante<\/strong><\/strong><br><br><img loading=\"lazy\" decoding=\"async\" width=\"100\" height=\"100\" class=\"wp-image-34576\" style=\"width: 100px;\" src=\"https:\/\/www.krupps.com\/wp-content\/uploads\/sites\/1\/2024\/12\/reclamo.png\" alt=\"\"><\/td><td>El interesado tambi\u00e9n podr\u00e1 presentar una reclamaci\u00f3n ante la Autoridad Garante para la protecci\u00f3n de datos personales, con sede en Piazza Venezia 11, 00187 \u2013 Roma \u2013 ufficio@pec.gdpd.it<\/td><\/tr><tr><td class=\"has-text-align-center\" data-align=\"center\"><strong><strong>Uso del sitio por menores<\/strong><\/strong><\/td><td>El sitio y los servicios relacionados no est\u00e1n dirigidos a menores de edad; por lo tanto, no se recopilar\u00e1 informaci\u00f3n personal de ellos. Si tenemos conocimiento de la recopilaci\u00f3n involuntaria de informaci\u00f3n de o sobre menores, el Propietario del sitio tomar\u00e1 medidas razonables para eliminarla lo antes posible, a menos que exista una obligaci\u00f3n legal de conservarla. El Sitio investigar\u00e1 cualquier informe de recopilaci\u00f3n inconsciente de informaci\u00f3n de o sobre un menor; El usuario se compromete a no introducir datos relativos a menores y a informar de cualquier recogida accidental derivada del uso de nuestros servicios .<\/td><\/tr><tr><td class=\"has-text-align-center\" data-align=\"center\"><strong><strong>Actualizaci\u00f3n de informaci\u00f3n<\/strong><\/strong><\/td><td>El Titular se reserva el derecho de realizar cambios en esta pol\u00edtica de privacidad en cualquier momento, notific\u00e1ndolos a los Usuarios en esta p\u00e1gina. Por lo tanto, se invita a los visitantes a consultar esta p\u00e1gina con frecuencia, manteniendo como referencia la fecha de la \u00faltima modificaci\u00f3n indicada en la parte inferior.<\/td><\/tr><\/tbody><\/table><\/figure>\n\n\n\n<div style=\"height:18px\" aria-hidden=\"true\" class=\"wp-block-spacer\"><\/div>\n\n\n\n<p>\u00daltima actualizaci\u00f3n 12\/11\/2024<\/p>\n<\/div>\n<\/div>\n\n\n\n<div style=\"height:58px\" aria-hidden=\"true\" class=\"wp-block-spacer\"><\/div>\n","protected":false},"excerpt":{"rendered":"<p>INFORMACI\u00d3N SOBRE EL TRATAMIENTO DE DATOS PERSONALES(art\u00edculos 13 y 14 del Reglamento UE 2016\/679 y Decreto Legislativo 196\/2003 y modificaciones posteriores ) Estimado usuario, A continuaci\u00f3n te facilitamos algunos datos que debes poner en tu conocimiento, no s\u00f3lo para cumplir con las obligaciones legales, sino tambi\u00e9n porque la transparencia y equidad hacia las partes interesadas&hellip;<\/p>\n","protected":false},"author":3,"featured_media":0,"parent":15880,"menu_order":1,"comment_status":"closed","ping_status":"closed","template":"","meta":{"_acf_changed":false,"footnotes":""},"class_list":["post-34603","page","type-page","status-publish","hentry","description-off"],"acf":[],"_links":{"self":[{"href":"https:\/\/www.krupps.com\/es\/wp-json\/wp\/v2\/pages\/34603","targetHints":{"allow":["GET"]}}],"collection":[{"href":"https:\/\/www.krupps.com\/es\/wp-json\/wp\/v2\/pages"}],"about":[{"href":"https:\/\/www.krupps.com\/es\/wp-json\/wp\/v2\/types\/page"}],"author":[{"embeddable":true,"href":"https:\/\/www.krupps.com\/es\/wp-json\/wp\/v2\/users\/3"}],"replies":[{"embeddable":true,"href":"https:\/\/www.krupps.com\/es\/wp-json\/wp\/v2\/comments?post=34603"}],"version-history":[{"count":3,"href":"https:\/\/www.krupps.com\/es\/wp-json\/wp\/v2\/pages\/34603\/revisions"}],"predecessor-version":[{"id":35582,"href":"https:\/\/www.krupps.com\/es\/wp-json\/wp\/v2\/pages\/34603\/revisions\/35582"}],"up":[{"embeddable":true,"href":"https:\/\/www.krupps.com\/es\/wp-json\/wp\/v2\/pages\/15880"}],"wp:attachment":[{"href":"https:\/\/www.krupps.com\/es\/wp-json\/wp\/v2\/media?parent=34603"}],"curies":[{"name":"wp","href":"https:\/\/api.w.org\/{rel}","templated":true}]}}