	{"id":32525,"date":"2024-03-26T14:19:12","date_gmt":"2024-03-26T13:19:12","guid":{"rendered":"https:\/\/www.krupps.com\/?page_id=32525"},"modified":"2024-03-26T14:22:02","modified_gmt":"2024-03-26T13:22:02","slug":"firmware","status":"publish","type":"page","link":"https:\/\/www.krupps.com\/es\/firmware\/","title":{"rendered":"FIRMWARE"},"content":{"rendered":"<h4>Haga clic en el bot\u00f3n para descargar la \u00faltima versi\u00f3n del firmware<\/h4>\n<p>\t\t\t<a href=\"https:\/\/www.krupps.com\/wp-content\/uploads\/2024\/02\/fw_2023.zip\"><br \/>\n\t\t\t\t\t\tDescargar Firmware<br \/>\n\t\t\t\t\t<\/a><\/p>\n","protected":false},"excerpt":{"rendered":"<p>Haga clic en el bot\u00f3n para descargar la \u00faltima versi\u00f3n del firmware Descargar Firmware<\/p>\n","protected":false},"author":11725,"featured_media":0,"parent":0,"menu_order":0,"comment_status":"closed","ping_status":"closed","template":"","meta":{"_acf_changed":false,"footnotes":""},"class_list":["post-32525","page","type-page","status-publish","hentry","description-off"],"acf":[],"_links":{"self":[{"href":"https:\/\/www.krupps.com\/es\/wp-json\/wp\/v2\/pages\/32525","targetHints":{"allow":["GET"]}}],"collection":[{"href":"https:\/\/www.krupps.com\/es\/wp-json\/wp\/v2\/pages"}],"about":[{"href":"https:\/\/www.krupps.com\/es\/wp-json\/wp\/v2\/types\/page"}],"author":[{"embeddable":true,"href":"https:\/\/www.krupps.com\/es\/wp-json\/wp\/v2\/users\/11725"}],"replies":[{"embeddable":true,"href":"https:\/\/www.krupps.com\/es\/wp-json\/wp\/v2\/comments?post=32525"}],"version-history":[{"count":7,"href":"https:\/\/www.krupps.com\/es\/wp-json\/wp\/v2\/pages\/32525\/revisions"}],"predecessor-version":[{"id":32532,"href":"https:\/\/www.krupps.com\/es\/wp-json\/wp\/v2\/pages\/32525\/revisions\/32532"}],"wp:attachment":[{"href":"https:\/\/www.krupps.com\/es\/wp-json\/wp\/v2\/media?parent=32525"}],"curies":[{"name":"wp","href":"https:\/\/api.w.org\/{rel}","templated":true}]}}