	{"id":32178,"date":"2017-09-20T11:11:12","date_gmt":"2017-09-20T09:11:12","guid":{"rendered":"https:\/\/www.krupps.com\/?page_id=32178"},"modified":"2024-02-21T12:45:27","modified_gmt":"2024-02-21T11:45:27","slug":"kera-range","status":"publish","type":"page","link":"https:\/\/www.krupps.com\/es\/catalogo\/kera-range\/","title":{"rendered":"KERA range"},"content":{"rendered":"<div class=\"wpb-content-wrapper\"><p>[vc_row][vc_column]<div class=\"ult-spacer spacer-69e22620df318\" data-id=\"69e22620df318\" data-height=\"40\" data-height-mobile=\"40\" data-height-tab=\"40\" data-height-tab-portrait=\"40\" data-height-mobile-landscape=\"40\" style=\"clear:both;display:block;\"><\/div><div class=\"dt-fancy-separator title-left h1-size style-disabled\" style=\"width: 100%;\"><div class=\"dt-fancy-title\" style=\"color: #000000;\"><span class=\"separator-holder separator-left\"><\/span>KERA range<span class=\"separator-holder separator-right\"><\/span><\/div><\/div><div class=\"ult-spacer spacer-69e22620df36d\" data-id=\"69e22620df36d\" data-height=\"10\" data-height-mobile=\"10\" data-height-tab=\"10\" data-height-tab-portrait=\"10\" data-height-mobile-landscape=\"10\" style=\"clear:both;display:block;\"><\/div><div class=\"dt-fancy-separator title-left h4-size style-disabled\" style=\"width: 100%;\"><div class=\"dt-fancy-title\" style=\"color: #000000;\"><span class=\"separator-holder separator-left\"><\/span>Una nueva experiencia de lavado<span class=\"separator-holder separator-right\"><\/span><\/div><\/div><div class=\"ult-spacer spacer-69e22620df39d\" data-id=\"69e22620df39d\" data-height=\"40\" data-height-mobile=\"40\" data-height-tab=\"40\" data-height-tab-portrait=\"40\" data-height-mobile-landscape=\"40\" style=\"clear:both;display:block;\"><\/div>[vc_row_inner][vc_column_inner][vc_column_text]Innovadora, moderna, elegante: <strong>Kera<\/strong> es la gama que combina <strong>tecnolog\u00eda<\/strong>, <strong>dise\u00f1o<\/strong> y <strong>excelentes prestaciones<\/strong>, con un fuerte enfoque en la sostenibilidad.<\/p>\n<p>Las <strong>l\u00edneas minimalistas<\/strong> y la combinaci\u00f3n de colores <strong>Negro Intenso<\/strong> crean una gama que encarna la modernidad y el estilo.<br \/>\nEl <strong>panel t\u00e1ctil vertical de 5&#8243;<\/strong> hace que cada paso, desde la selecci\u00f3n del ciclo hasta la gesti\u00f3n de los par\u00e1metros, sea intuitivo, para <strong>una experiencia de lavado sin precedentes<\/strong>.<\/p>\n<p><strong>Kera<\/strong> ofrece una amplia selecci\u00f3n de ciclos de lavado, lo que hace que la gama sea altamente adaptable y personalizable para satisfacer todas las necesidades.<br \/>\nLa gama es totalmente <strong>full optional<\/strong> y est\u00e1 equipada con las \u00faltimas tecnolog\u00edas como <strong>Dobles Paredes<\/strong>, <strong>SOFT Start,<\/strong> <strong>SOFT Door<\/strong>, <strong>Acquatech System<\/strong> y el <strong>Level Control System (LCS)<\/strong>.Gracias a la conexi\u00f3n <strong>Bluetooth y Wi-Fi<\/strong> integrada, cada modelo puede gestionarse completamente a distancia a trav\u00e9s de la aplicaci\u00f3n <strong>Krupps Remote Control<\/strong> y la plataforma digital <strong>Ikloud<\/strong>.<\/p>\n<p>La gama <strong>Kera<\/strong> ha sido dise\u00f1ada para ofrecerle lo \u00faltimo en sostenibilidad medioambiental, ofreciendo un rendimiento excepcional con un <strong>ahorro de m\u00e1s del 30% en el consumo energ\u00e9tico diario<\/strong>.[\/vc_column_text][\/vc_column_inner][\/vc_row_inner]<div class=\"ult-spacer spacer-69e22620df3b0\" data-id=\"69e22620df3b0\" data-height=\"40\" data-height-mobile=\"40\" data-height-tab=\"40\" data-height-tab-portrait=\"40\" data-height-mobile-landscape=\"40\" style=\"clear:both;display:block;\"><\/div>[\/vc_column][\/vc_row]<\/p>\n<\/div>","protected":false},"excerpt":{"rendered":"<p>[vc_row][vc_column][vc_row_inner][vc_column_inner][vc_column_text]Innovadora, moderna, elegante: Kera es la gama que combina tecnolog\u00eda, dise\u00f1o y excelentes prestaciones, con un fuerte enfoque en la sostenibilidad. Las l\u00edneas minimalistas y la combinaci\u00f3n de colores Negro Intenso crean una gama que encarna la modernidad y el estilo. El panel t\u00e1ctil vertical de 5&#8243; hace que cada paso, desde la selecci\u00f3n del&hellip;<\/p>\n","protected":false},"author":11725,"featured_media":0,"parent":16878,"menu_order":0,"comment_status":"closed","ping_status":"closed","template":"tax-linea.php","meta":{"_acf_changed":false,"footnotes":""},"class_list":["post-32178","page","type-page","status-publish","hentry","description-off"],"acf":[],"_links":{"self":[{"href":"https:\/\/www.krupps.com\/es\/wp-json\/wp\/v2\/pages\/32178","targetHints":{"allow":["GET"]}}],"collection":[{"href":"https:\/\/www.krupps.com\/es\/wp-json\/wp\/v2\/pages"}],"about":[{"href":"https:\/\/www.krupps.com\/es\/wp-json\/wp\/v2\/types\/page"}],"author":[{"embeddable":true,"href":"https:\/\/www.krupps.com\/es\/wp-json\/wp\/v2\/users\/11725"}],"replies":[{"embeddable":true,"href":"https:\/\/www.krupps.com\/es\/wp-json\/wp\/v2\/comments?post=32178"}],"version-history":[{"count":5,"href":"https:\/\/www.krupps.com\/es\/wp-json\/wp\/v2\/pages\/32178\/revisions"}],"predecessor-version":[{"id":32314,"href":"https:\/\/www.krupps.com\/es\/wp-json\/wp\/v2\/pages\/32178\/revisions\/32314"}],"up":[{"embeddable":true,"href":"https:\/\/www.krupps.com\/es\/wp-json\/wp\/v2\/pages\/16878"}],"wp:attachment":[{"href":"https:\/\/www.krupps.com\/es\/wp-json\/wp\/v2\/media?parent=32178"}],"curies":[{"name":"wp","href":"https:\/\/api.w.org\/{rel}","templated":true}]}}