	{"id":28111,"date":"2022-06-16T17:01:23","date_gmt":"2022-06-16T15:01:23","guid":{"rendered":"https:\/\/www.krupps.com\/cookie-policy\/"},"modified":"2024-12-24T10:27:26","modified_gmt":"2024-12-24T09:27:26","slug":"cookie-policy-2","status":"publish","type":"page","link":"https:\/\/www.krupps.com\/es\/cookie-policy-2\/","title":{"rendered":"Pol\u00edtica de cookies y servicios de terceros"},"content":{"rendered":"\n<div style=\"height:57px\" aria-hidden=\"true\" class=\"wp-block-spacer\"><\/div>\n\n\n\n<h4 class=\"wp-block-heading has-text-align-center\">I<\/h4>\n\n\n\n<p class=\"has-text-align-center\"><strong>INFORMACI\u00d3N SOBRE EL TRATAMIENTO DE DATOS PERSONALES<br><\/strong><em>(art\u00edculos 13 y 14 del Reglamento UE 2016\/679 y Decreto Legislativo 196\/2003 y modificaciones posteriores)<\/em><em><\/em><\/p>\n\n\n\n<p><\/p>\n\n\n\n<p>Estimado usuario,<\/p>\n\n\n\n<p>A continuaci\u00f3n te facilitamos algunos datos que debes poner en tu conocimiento, no s\u00f3lo para cumplir con las obligaciones legales, sino tambi\u00e9n porque la transparencia y equidad hacia las partes interesadas es parte fundamental de nuestra actividad.<\/p>\n\n\n\n<p>Esta informaci\u00f3n describe las cookies y los servicios de terceros utilizados en este sitio web, accesibles electr\u00f3nicamente en la siguiente direcci\u00f3n <a href=\"http:\/\/www.krupps.com\"><strong>www.krupps.com<\/strong><\/a><strong><\/strong><\/p>\n\n\n\n<p>Esta informaci\u00f3n no se refiere a otros sitios, p\u00e1ginas o servicios en l\u00ednea a los que se puede acceder a trav\u00e9s de enlaces de hipertexto que pueden publicarse en el sitio pero que hacen referencia a recursos externos a este dominio.<\/p>\n\n\n\n<p><strong>Galletas<\/strong><\/p>\n\n\n\n<p>Las cookies web se pueden definir como peque\u00f1as cadenas de texto que los sitios que visita env\u00edan a su terminal (normalmente al navegador), donde se almacenan antes de ser retransmitidas a los mismos sitios en su pr\u00f3xima visita. El sitio contiene cookies y\/u otras herramientas inform\u00e1ticas similares que se enumeran a continuaci\u00f3n. Es posible aceptar, rechazar o modificar las preferencias respecto a la instalaci\u00f3n de cookies a trav\u00e9s del correspondiente banner\/icono que aparece en la p\u00e1gina de inicio o a trav\u00e9s de las preferencias del navegador utilizado o visitando el sitio web youronlinechoises.eu. Al cambiar los par\u00e1metros relacionados con las cookies, pueden existir limitaciones en la visualizaci\u00f3n o las funciones que ofrece este sitio. Puede encontrar la lista completa de cookies utilizadas en el banner de cookies y en la ventana emergente disponible en cada p\u00e1gina del sitio web.<\/p>\n\n\n\n<p><strong>Servicios de terceros<\/strong><\/p>\n\n\n\n<figure class=\"wp-block-table\"><table><tbody><tr><td><strong>SERVICIO<\/strong><\/td><td><strong>DESCRIPCI\u00d3N<\/strong><\/td><\/tr><tr><td>Fuentes de Google<\/td><td>Google Fonts es un servicio de visualizaci\u00f3n de tipos de letra operado por Google<\/td><\/tr><tr><td>mapas de google<\/td><td>Google Maps es un servicio geogr\u00e1fico de Internet desarrollado por Google que permite buscar y visualizar mapas geogr\u00e1ficos.<\/td><\/tr><tr><td>Google Analytics<\/td><td>Google Analytics es un servicio de an\u00e1lisis web proporcionado por Google que permite analizar estad\u00edsticas detalladas sobre los visitantes de un sitio web.<\/td><\/tr><tr><td>Administrador de etiquetas de Google<\/td><td>Google Tag Manager es un sistema de administraci\u00f3n de etiquetas que le permite actualizar r\u00e1pida y f\u00e1cilmente c\u00f3digos de seguimiento y fragmentos de c\u00f3digos relacionados.<\/td><\/tr><tr><td>API de Google<\/td><td>API de Googleproporciona herramientas para integrar varias funciones de Google en el sitio, como mapas o fuentes.<\/td><\/tr><tr><td>reCAPTCHA<\/td><td>reCAPTCHA es un servicio de Google que se utiliza para identificar bots para proteger el sitio web de ataques de spam maliciosos.<\/td><\/tr><tr><td>Doble clic<\/td><td>Doubleclick es un servicio de Google que permite el seguimiento avanzado de los usuarios para mostrar publicidad personalizada seg\u00fan su perfil<\/td><\/tr><tr><td>Llamarada de nube<\/td><td>Cloudflare es una CDN que funciona como un proxy inverso de almacenamiento en cach\u00e9, un servidor que se sit\u00faa entre el sitio web y el visitante, para aumentar el rendimiento y la seguridad del sitio web.<\/td><\/tr><tr><td>Pardot de Salesforce<\/td><td>Pardot es una herramienta de automatizaci\u00f3n de marketing que crea y gestiona campa\u00f1as de generaci\u00f3n de leads.<\/td><\/tr><tr><td>YouTube<\/td><td>YouTube es una plataforma web 2.0 que permite compartir y visualizar contenidos multimedia online<\/td><\/tr><tr><td>CookieS\u00ed<\/td><td>CookieYes es un servicio que ayuda a los sitios web a cumplir con la legislaci\u00f3n GDPR sobre cookies y se utiliza para insertar un banner de consentimiento y registrar la elecci\u00f3n del usuario sobre si instalar o no cookies.<\/td><\/tr><tr><td>Kit de c\u00f3digo QR<\/td><td>QRcodekit le permite crear y administrar c\u00f3digos QR, facilitando compartir contenido y monitoreando su uso mediante escaneo.<\/td><\/tr><tr><td>poco<\/td><td>Bitly le permite acortar y administrar enlaces para que sea m\u00e1s f\u00e1cil compartirlos y rastrear su uso.<\/td><\/tr><tr><td>\u00c1rbol de enlaces<\/td><td>Linktree le permite compartir m\u00faltiples enlaces a trav\u00e9s de una \u00fanica URL, ofreciendo una soluci\u00f3n sencilla para organizar el contenido.<\/td><\/tr><tr><td>Formulario de contacto 7<\/td><td>Contact Form 7 permite la creaci\u00f3n de formularios de contacto, facilitando la interacci\u00f3n entre el sitio y los usuarios.<\/td><\/tr><tr><td>robot de galletas<\/td><td>Cookiebot gestiona el consentimiento de las cookies, garantizando que el sitio cumpla con las normas de privacidad como el RGPD.<\/td><\/tr><tr><td>Facebook<\/td><td>Facebook ofrece herramientas para monitorear y administrar las interacciones de los usuarios en el sitio mediante la integraci\u00f3n de funciones de seguimiento.<\/td><\/tr><tr><td>LinkedIn<\/td><td>LinkedIn le permite integrar funciones de seguimiento y gesti\u00f3n de interacciones entre el sitio y los usuarios provenientes de la plataforma LinkedIn.<\/td><\/tr><tr><td>Consentimiento de cookies del RGPD<\/td><td>GDPR Cookie Consent gestiona el consentimiento para el uso de cookies en el sitio, garantizando el cumplimiento de la normativa GDPR.<\/td><\/tr><tr><td>Generador de ventanas emergentes \/ Creador de ventanas emergentes<\/td><td>Popup Builder \/ Popup Maker permiten la creaci\u00f3n de ventanas emergentes interactivas en el sitio para diferentes prop\u00f3sitos, como promociones o registros.<\/td><\/tr><\/tbody><\/table><\/figure>\n\n\n\n<p>\u00daltima actualizaci\u00f3n 10\/09\/2024<\/p>\n\n\n\n<div style=\"height:37px\" aria-hidden=\"true\" class=\"wp-block-spacer\"><\/div>\n\n\n\n<hr class=\"wp-block-separator has-alpha-channel-opacity\"\/>\n\n\n\n<div style=\"height:44px\" aria-hidden=\"true\" class=\"wp-block-spacer\"><\/div>\n","protected":false},"excerpt":{"rendered":"<p>I INFORMACI\u00d3N SOBRE EL TRATAMIENTO DE DATOS PERSONALES(art\u00edculos 13 y 14 del Reglamento UE 2016\/679 y Decreto Legislativo 196\/2003 y modificaciones posteriores) Estimado usuario, A continuaci\u00f3n te facilitamos algunos datos que debes poner en tu conocimiento, no s\u00f3lo para cumplir con las obligaciones legales, sino tambi\u00e9n porque la transparencia y equidad hacia las partes interesadas&hellip;<\/p>\n","protected":false},"author":2,"featured_media":0,"parent":0,"menu_order":0,"comment_status":"closed","ping_status":"closed","template":"","meta":{"_acf_changed":false,"footnotes":""},"class_list":["post-28111","page","type-page","status-publish","hentry","description-off"],"acf":[],"_links":{"self":[{"href":"https:\/\/www.krupps.com\/es\/wp-json\/wp\/v2\/pages\/28111","targetHints":{"allow":["GET"]}}],"collection":[{"href":"https:\/\/www.krupps.com\/es\/wp-json\/wp\/v2\/pages"}],"about":[{"href":"https:\/\/www.krupps.com\/es\/wp-json\/wp\/v2\/types\/page"}],"author":[{"embeddable":true,"href":"https:\/\/www.krupps.com\/es\/wp-json\/wp\/v2\/users\/2"}],"replies":[{"embeddable":true,"href":"https:\/\/www.krupps.com\/es\/wp-json\/wp\/v2\/comments?post=28111"}],"version-history":[{"count":9,"href":"https:\/\/www.krupps.com\/es\/wp-json\/wp\/v2\/pages\/28111\/revisions"}],"predecessor-version":[{"id":34711,"href":"https:\/\/www.krupps.com\/es\/wp-json\/wp\/v2\/pages\/28111\/revisions\/34711"}],"wp:attachment":[{"href":"https:\/\/www.krupps.com\/es\/wp-json\/wp\/v2\/media?parent=28111"}],"curies":[{"name":"wp","href":"https:\/\/api.w.org\/{rel}","templated":true}]}}