	{"id":23444,"date":"2020-04-09T11:14:07","date_gmt":"2020-04-09T09:14:07","guid":{"rendered":"https:\/\/www.krupps.com\/klean-lab\/"},"modified":"2025-05-07T10:11:02","modified_gmt":"2025-05-07T08:11:02","slug":"klean-lab","status":"publish","type":"page","link":"https:\/\/www.krupps.com\/es\/klean-lab\/","title":{"rendered":"KLEAN LAB"},"content":{"rendered":"<div class=\"wpb-content-wrapper\"><p>[vc_row][vc_column]<div class=\"ult-spacer spacer-69ea124f1e987\" data-id=\"69ea124f1e987\" data-height=\"65\" data-height-mobile=\"15\" data-height-tab=\"65\" data-height-tab-portrait=\"50\" data-height-mobile-landscape=\"15\" style=\"clear:both;display:block;\"><\/div>[\/vc_column][\/vc_row][vc_row][vc_column][vc_column_text]<\/p>\n<h1 style=\"text-align: left;\"><span style=\"color: #009390;\">KLEAN LAB<\/span> es la m\u00e1quina fundamental para la higiene de hospitales, laboratorios m\u00e9dicos y veterinarios, hogares de ancianos y laboratorios de alimentos.<\/h1>\n<p>&nbsp;<\/p>\n<p>La higiene es un tema delicado dentro de actividades particulares como las cl\u00ednicas, donde los operadores usan el calzado como medio de transporte entre un entorno y otro.<\/p>\n<p>Ogni giorno operatori sanitari, medici, addetti del reparto alimentare dei supermercati e addetti alle analisi percorrono migliaia di passi tra un laboratorio e l&#8217;altro; le loro attivit\u00e0 sono molto importanti ed \u00e8 fondamentale assicurare che vengano svolte con il massimo grado di sicurezza, evitando che sporcizia e batteri si spostino tra differenti ambienti.<\/p>\n<p class=\"_04xlpA direction-ltr align-justify para-style-body\" style=\"text-align: left;\"><span style=\"color: #009390;\">KLEAN LAB<\/span> garantiza el <strong>lavado y la desinfecci\u00f3n del calzado profesional<\/strong>, contribuyendo a desinfectar los zapatos suministrados al <strong>personal m\u00e9dico y asistentes de salud<\/strong>, <strong>t\u00e9cnicos de laboratorio <\/strong>y trabajadores de la cadena alimentaria, incluidas <strong>panader\u00edas, comercio minorista a gran escala, carnicer\u00edas y pasteler\u00edas.<\/strong><\/p>\n<h3>Sanitizaci\u00f3n y simplicidad: dos palabras clave<\/h3>\n<p style=\"text-align: left;\">El uso de\u00a0<span style=\"color: #009390;\">KLEAN LAB<\/span><\/p>\n<p>es extremadamente simple: el operador coloca los zapatos dentro de la canasta, selecciona el icono del ciclo de lavado en la pantalla t\u00e1ctil y hace clic en Iniciar, empezando el ciclo de lavado. El lavado consta de varias etapas, incluido el <strong>prelavado, el enjuague a altas temperaturas y el drenaje total del tanque de lavado<\/strong>. Este procedimiento estructurado utiliza la combinaci\u00f3n de temperatura, detergentes espec\u00edficos con acci\u00f3n desinfectante y un tiempo de lavado espec\u00edfico, elementos esenciales para garantizar que los zapatos que todos los operadores usan todos los d\u00edas est\u00e9n perfectamente limpios y desinfectados, lo que contribuye a garantizar un <strong>entorno de trabajo siempre m\u00e1s saludable.<\/strong><\/p>\n<p>Este modelo est\u00e1 equipado con una canasta especial, dise\u00f1ada exclusivamente para lavar cualquier tipo de calzado con el m\u00e1ximo cuidado en todas sus partes; junto con la acci\u00f3n del detergente y\u00a0<span class=\"JsGRdQ\"><strong>KLEAN ADD EXTRA<\/strong><\/span>, <strong>el \u00e1cido desinfectante<\/strong> <strong>de acci\u00f3n r\u00e1pida<\/strong>, cada zapato se limpia y desinfecta perfectamente.[\/vc_column_text]<div class=\"ult-spacer spacer-69ea124f1e9ba\" data-id=\"69ea124f1e9ba\" data-height=\"40\" data-height-mobile=\"20\" data-height-tab=\"40\" data-height-tab-portrait=\"40\" data-height-mobile-landscape=\"20\" style=\"clear:both;display:block;\"><\/div>[\/vc_column][\/vc_row][vc_row][vc_column width=\u00bb2\/5&#8243;]<div class=\"ult-spacer spacer-69ea124f1e9d3\" data-id=\"69ea124f1e9d3\" data-height=\"90\" data-height-mobile=\"2\" data-height-tab=\"90\" data-height-tab-portrait=\"90\" data-height-mobile-landscape=\"2\" style=\"clear:both;display:block;\"><\/div>[vc_single_image image=\u00bb23445&#8243; img_size=\u00bblarge\u00bb alignment=\u00bbcenter\u00bb][\/vc_column][vc_column width=\u00bb3\/5&#8243;]<div id=\"ult-carousel-29073979369ea124f1eaf4\" class=\"ult-carousel-wrapper   ult_horizontal\" data-gutter=\"15\" data-rtl=\"false\" ><div class=\"ult-carousel-88656681569ea124f1ea16 \" >[vc_single_image image=\u00bb23376&#8243; img_size=\u00bblarge\u00bb alignment=\u00bbcenter\u00bb][vc_single_image image=\u00bb23395&#8243; img_size=\u00bblarge\u00bb alignment=\u00bbcenter\u00bb][vc_single_image image=\u00bb23375&#8243; img_size=\u00bblarge\u00bb alignment=\u00bbcenter\u00bb][vc_single_image image=\u00bb23383&#8243; img_size=\u00bblarge\u00bb alignment=\u00bbcenter\u00bb][vc_single_image image=\u00bb23362&#8243; img_size=\u00bblarge\u00bb alignment=\u00bbcenter\u00bb][vc_single_image image=\u00bb23379&#8243; img_size=\u00bblarge\u00bb alignment=\u00bbcenter\u00bb]<\/div><\/div>\t\t\t<script type=\"text\/javascript\">\n\t\t\t\tjQuery(document).ready(function ($) {\n\t\t\t\t\tif( typeof jQuery('.ult-carousel-88656681569ea124f1ea16').slick == \"function\"){\n\t\t\t\t\t\t$('.ult-carousel-88656681569ea124f1ea16').slick({dots: true,autoplay: true,autoplaySpeed: \"2000\",speed: \"300\",infinite: true,arrows: true,nextArrow: '<button type=\"button\" role=\"button\" aria-label=\"Next\" style=\"color:#333333; font-size:20px;\" class=\"slick-next default\"><i class=\"ultsl-arrow-right4\"><\/i><\/button>',prevArrow: '<button type=\"button\" role=\"button\" aria-label=\"Previous\" style=\"color:#333333; font-size:20px;\" class=\"slick-prev default\"><i class=\"ultsl-arrow-left4\"><\/i><\/button>',slidesToScroll:1,slidesToShow:1,swipe: true,draggable: true,touchMove: true,pauseOnHover: true,pauseOnFocus: false,responsive: [\n\t\t\t\t\t\t\t{\n\t\t\t\t\t\t\t  breakpoint: 1026,\n\t\t\t\t\t\t\t  settings: {\n\t\t\t\t\t\t\t\tslidesToShow: 1,\n\t\t\t\t\t\t\t\tslidesToScroll: 1,  \n\t\t\t\t\t\t\t  }\n\t\t\t\t\t\t\t},\n\t\t\t\t\t\t\t{\n\t\t\t\t\t\t\t  breakpoint: 1025,\n\t\t\t\t\t\t\t  settings: {\n\t\t\t\t\t\t\t\tslidesToShow: 1,\n\t\t\t\t\t\t\t\tslidesToScroll: 1\n\t\t\t\t\t\t\t  }\n\t\t\t\t\t\t\t},\n\t\t\t\t\t\t\t{\n\t\t\t\t\t\t\t  breakpoint: 760,\n\t\t\t\t\t\t\t  settings: {\n\t\t\t\t\t\t\t\tslidesToShow: 1,\n\t\t\t\t\t\t\t\tslidesToScroll: 1\n\t\t\t\t\t\t\t  }\n\t\t\t\t\t\t\t}\n\t\t\t\t\t\t],pauseOnDotsHover: true,customPaging: function(slider, i) {\n                   return '<i type=\"button\" style= \"color:#333333;\" class=\"ultsl-record\" data-role=\"none\"><\/i>';\n                },});\n\t\t\t\t\t}\n\t\t\t\t});\n\t\t\t<\/script>\n\t\t\t[\/vc_column][\/vc_row][vc_row][vc_column]<div class=\"ult-spacer spacer-69ea124f1eb42\" data-id=\"69ea124f1eb42\" data-height=\"40\" data-height-mobile=\"10\" data-height-tab=\"40\" data-height-tab-portrait=\"40\" data-height-mobile-landscape=\"10\" style=\"clear:both;display:block;\"><\/div>[vc_column_text css=\u00bb\u00bb]<\/p>\n<h3>La seguridad es esencial cuando se trata de limpieza e higiene.<\/h3>\n<p>Cada entorno debe ser capaz de cumplir con altos est\u00e1ndares de seguridad para poder trabajar de manera eficiente y pac\u00edfica. El avanzado sistema de <strong>autodiagn\u00f3stico<\/strong> siempre garantiza un rendimiento \u00f3ptimo, garantizando una mayor seguridad del personal gracias a sus simples mensajes y sugerencias que se muestran directamente en la pantalla, proporcionando un excelente soporte en tiempo real.[\/vc_column_text]<div class=\"ult-spacer spacer-69ea124f1eb57\" data-id=\"69ea124f1eb57\" data-height=\"40\" data-height-mobile=\"10\" data-height-tab=\"40\" data-height-tab-portrait=\"40\" data-height-mobile-landscape=\"10\" style=\"clear:both;display:block;\"><\/div>[\/vc_column][\/vc_row][vc_row][vc_column][vc_btn title=\u00bbOBTENER M\u00c1S INFORMACI\u00d3N\u00bb style=\u00bbcustom\u00bb custom_background=\u00bb#009390&#8243; custom_text=\u00bb#ffffff\u00bb size=\u00bblg\u00bb align=\u00bbcenter\u00bb link=\u00bburl:https%3A%2F%2Fwww.krupps.com%2Fcontatti%2F||target:%20_blank|\u00bb]<div class=\"ult-spacer spacer-69ea124f1eb73\" data-id=\"69ea124f1eb73\" data-height=\"40\" data-height-mobile=\"10\" data-height-tab=\"40\" data-height-tab-portrait=\"40\" data-height-mobile-landscape=\"10\" style=\"clear:both;display:block;\"><\/div>[\/vc_column][\/vc_row]<\/p>\n<\/div>","protected":false},"excerpt":{"rendered":"<p>[vc_row][vc_column][\/vc_column][\/vc_row][vc_row][vc_column][vc_column_text] KLEAN LAB es la m\u00e1quina fundamental para la higiene de hospitales, laboratorios m\u00e9dicos y veterinarios, hogares de ancianos y laboratorios de alimentos. &nbsp; La higiene es un tema delicado dentro de actividades particulares como las cl\u00ednicas, donde los operadores usan el calzado como medio de transporte entre un entorno y otro. Ogni giorno operatori&hellip;<\/p>\n","protected":false},"author":3,"featured_media":0,"parent":0,"menu_order":1,"comment_status":"closed","ping_status":"closed","template":"","meta":{"_acf_changed":false,"footnotes":""},"class_list":["post-23444","page","type-page","status-publish","hentry","description-off"],"acf":[],"_links":{"self":[{"href":"https:\/\/www.krupps.com\/es\/wp-json\/wp\/v2\/pages\/23444","targetHints":{"allow":["GET"]}}],"collection":[{"href":"https:\/\/www.krupps.com\/es\/wp-json\/wp\/v2\/pages"}],"about":[{"href":"https:\/\/www.krupps.com\/es\/wp-json\/wp\/v2\/types\/page"}],"author":[{"embeddable":true,"href":"https:\/\/www.krupps.com\/es\/wp-json\/wp\/v2\/users\/3"}],"replies":[{"embeddable":true,"href":"https:\/\/www.krupps.com\/es\/wp-json\/wp\/v2\/comments?post=23444"}],"version-history":[{"count":6,"href":"https:\/\/www.krupps.com\/es\/wp-json\/wp\/v2\/pages\/23444\/revisions"}],"predecessor-version":[{"id":35659,"href":"https:\/\/www.krupps.com\/es\/wp-json\/wp\/v2\/pages\/23444\/revisions\/35659"}],"wp:attachment":[{"href":"https:\/\/www.krupps.com\/es\/wp-json\/wp\/v2\/media?parent=23444"}],"curies":[{"name":"wp","href":"https:\/\/api.w.org\/{rel}","templated":true}]}}