	{"id":23181,"date":"2017-09-20T11:11:12","date_gmt":"2017-09-20T09:11:12","guid":{"rendered":"https:\/\/www.krupps.com\/?page_id=23181"},"modified":"2020-04-13T16:23:23","modified_gmt":"2020-04-13T14:23:23","slug":"koral-north-america","status":"publish","type":"page","link":"https:\/\/www.krupps.com\/es\/catalogo\/koral-north-america\/","title":{"rendered":"KORAL line"},"content":{"rendered":"<div class=\"wpb-content-wrapper\"><p>[vc_row][vc_column]<div class=\"ult-spacer spacer-69e21381372ae\" data-id=\"69e21381372ae\" data-height=\"40\" data-height-mobile=\"40\" data-height-tab=\"40\" data-height-tab-portrait=\"40\" data-height-mobile-landscape=\"40\" style=\"clear:both;display:block;\"><\/div><div class=\"dt-fancy-separator title-left h1-size style-disabled\" style=\"width: 100%;\"><div class=\"dt-fancy-title\" style=\"color: #c1c31f;\"><span class=\"separator-holder separator-left\"><\/span>Koral line<span class=\"separator-holder separator-right\"><\/span><\/div><\/div><div class=\"ult-spacer spacer-69e21381372ff\" data-id=\"69e21381372ff\" data-height=\"40\" data-height-mobile=\"40\" data-height-tab=\"40\" data-height-tab-portrait=\"40\" data-height-mobile-landscape=\"40\" style=\"clear:both;display:block;\"><\/div>[vc_row_inner][vc_column_inner][vc_column_text]La l\u00ednea <strong>KORAL<\/strong> se distingue por su amplia gama de modelos adecuados para cada situaci\u00f3n. El sistema de control mediante la tarjeta electr\u00f3nica ofrece grandes posibilidades de personalizaci\u00f3n en funci\u00f3n de sus necesidades, permitiendo regular con precisi\u00f3n cualquier par\u00e1metro y garantizando resultados de lavado \u00f3ptimos.<br \/>\nLa innovadora pantalla t\u00e1ctil <strong>UNIKO<\/strong> de vidrio templado hace que todas las operaciones, desde la elecci\u00f3n del ciclo de lavado m\u00e1s adecuado hasta el control de su avance, sean sencillas e intuitivas y brinda la posibilidad de controlar siempre y con facilidad el estado del lavavajillas. La gran variedad de ciclos de lavado permite que el lavavajillas pueda personalizarse en funci\u00f3n de todas sus necesidades.<br \/>\nEl autodiagn\u00f3stico constante permite reducir al m\u00ednimo las paradas de la m\u00e1quina y advierte en tiempo real al t\u00e9cnico gracias al sistema de control <strong>Wi-Fi IKLOUD<\/strong>, que permite actuar de manera remota para modificar los par\u00e1metros del lavavajillas y resolver la situaci\u00f3n en tiempo real.[\/vc_column_text][\/vc_column_inner][\/vc_row_inner]<div class=\"ult-spacer spacer-69e2138137314\" data-id=\"69e2138137314\" data-height=\"40\" data-height-mobile=\"40\" data-height-tab=\"40\" data-height-tab-portrait=\"40\" data-height-mobile-landscape=\"40\" style=\"clear:both;display:block;\"><\/div>[\/vc_column][\/vc_row]<\/p>\n<\/div>","protected":false},"excerpt":{"rendered":"<p>[vc_row][vc_column][vc_row_inner][vc_column_inner][vc_column_text]La l\u00ednea KORAL se distingue por su amplia gama de modelos adecuados para cada situaci\u00f3n. El sistema de control mediante la tarjeta electr\u00f3nica ofrece grandes posibilidades de personalizaci\u00f3n en funci\u00f3n de sus necesidades, permitiendo regular con precisi\u00f3n cualquier par\u00e1metro y garantizando resultados de lavado \u00f3ptimos. La innovadora pantalla t\u00e1ctil UNIKO de vidrio templado hace que&hellip;<\/p>\n","protected":false},"author":1,"featured_media":0,"parent":16878,"menu_order":0,"comment_status":"closed","ping_status":"closed","template":"tax-linea.php","meta":{"_acf_changed":false,"footnotes":""},"class_list":["post-23181","page","type-page","status-publish","hentry","description-off"],"acf":[],"_links":{"self":[{"href":"https:\/\/www.krupps.com\/es\/wp-json\/wp\/v2\/pages\/23181","targetHints":{"allow":["GET"]}}],"collection":[{"href":"https:\/\/www.krupps.com\/es\/wp-json\/wp\/v2\/pages"}],"about":[{"href":"https:\/\/www.krupps.com\/es\/wp-json\/wp\/v2\/types\/page"}],"author":[{"embeddable":true,"href":"https:\/\/www.krupps.com\/es\/wp-json\/wp\/v2\/users\/1"}],"replies":[{"embeddable":true,"href":"https:\/\/www.krupps.com\/es\/wp-json\/wp\/v2\/comments?post=23181"}],"version-history":[{"count":3,"href":"https:\/\/www.krupps.com\/es\/wp-json\/wp\/v2\/pages\/23181\/revisions"}],"predecessor-version":[{"id":23282,"href":"https:\/\/www.krupps.com\/es\/wp-json\/wp\/v2\/pages\/23181\/revisions\/23282"}],"up":[{"embeddable":true,"href":"https:\/\/www.krupps.com\/es\/wp-json\/wp\/v2\/pages\/16878"}],"wp:attachment":[{"href":"https:\/\/www.krupps.com\/es\/wp-json\/wp\/v2\/media?parent=23181"}],"curies":[{"name":"wp","href":"https:\/\/api.w.org\/{rel}","templated":true}]}}