	{"id":23173,"date":"2017-09-20T11:11:12","date_gmt":"2017-09-20T09:11:12","guid":{"rendered":"https:\/\/www.krupps.com\/?page_id=23173"},"modified":"2020-04-13T16:23:30","modified_gmt":"2020-04-13T14:23:30","slug":"elitech-north-america","status":"publish","type":"page","link":"https:\/\/www.krupps.com\/es\/catalogo\/elitech-north-america\/","title":{"rendered":"ELITECH line"},"content":{"rendered":"<div class=\"wpb-content-wrapper\"><p>[vc_row][vc_column]<div class=\"ult-spacer spacer-69e2264b7fec3\" data-id=\"69e2264b7fec3\" data-height=\"40\" data-height-mobile=\"40\" data-height-tab=\"40\" data-height-tab-portrait=\"40\" data-height-mobile-landscape=\"40\" style=\"clear:both;display:block;\"><\/div><div class=\"dt-fancy-separator title-left h1-size style-disabled\" style=\"width: 100%;\"><div class=\"dt-fancy-title\" style=\"color: #2b81c5;\"><span class=\"separator-holder separator-left\"><\/span>Elitech line<span class=\"separator-holder separator-right\"><\/span><\/div><\/div><div class=\"ult-spacer spacer-69e2264b7ff10\" data-id=\"69e2264b7ff10\" data-height=\"40\" data-height-mobile=\"40\" data-height-tab=\"40\" data-height-tab-portrait=\"40\" data-height-mobile-landscape=\"40\" style=\"clear:both;display:block;\"><\/div>[vc_row_inner][vc_column_inner][vc_column_text]Los lavavajillas de la l\u00ednea\u00a0<strong>ELITECH<\/strong> garantizan las m\u00e1ximas prestaciones gracias al <em><strong>Acquatech System<\/strong><\/em> instalado de serie, que mantiene l<strong>a temperatura y la presi\u00f3n siempre constantes<\/strong>\u00a0y un \u00f3ptimo consumo de agua, gracias a un calentador atmosf\u00e9rico y una bomba de enjuague. Elitech asegura un ciclo de\u00a0<strong>enjuague desinfectante<\/strong>, es la elecci\u00f3n perfecta para comedores, casas de reposo, pasteler\u00edas, panader\u00edas y carnicer\u00edas donde el respeto de las reglas HACCP es fundamental. Para quienes buscan la perfecci\u00f3n del vaso, se puede conectar un\u00a0<strong>Sistema de \u00d3smosis Inversa<\/strong> que purifica el agua y reduce el consumo de detergente y abrillantador, lo que garantiza\u00a0<strong>excelentes resultados y vasos perfectos sin necesidad del secado manual.<\/strong><br \/>\nLa innovadora <strong>pantalla t\u00e1ctil UNIKO<\/strong> de vidrio templado hace <strong>que todas las operaciones<\/strong>, desde la elecci\u00f3n del ciclo de lavado m\u00e1s adecuado hasta el control de su avance, sean sencillas e intuitivas y brinda la posibilidad de controlar siempre y con facilidad el estado del lavavajillas. La gran variedad de ciclos de lavado hace que el lavavajillas pueda personalizarse en base a todas sus necesidades.[\/vc_column_text][\/vc_column_inner][\/vc_row_inner]<div class=\"ult-spacer spacer-69e2264b7ff26\" data-id=\"69e2264b7ff26\" data-height=\"40\" data-height-mobile=\"40\" data-height-tab=\"40\" data-height-tab-portrait=\"40\" data-height-mobile-landscape=\"40\" style=\"clear:both;display:block;\"><\/div>[\/vc_column][\/vc_row]<\/p>\n<\/div>","protected":false},"excerpt":{"rendered":"<p>[vc_row][vc_column][vc_row_inner][vc_column_inner][vc_column_text]Los lavavajillas de la l\u00ednea\u00a0ELITECH garantizan las m\u00e1ximas prestaciones gracias al Acquatech System instalado de serie, que mantiene la temperatura y la presi\u00f3n siempre constantes\u00a0y un \u00f3ptimo consumo de agua, gracias a un calentador atmosf\u00e9rico y una bomba de enjuague. Elitech asegura un ciclo de\u00a0enjuague desinfectante, es la elecci\u00f3n perfecta para comedores, casas de reposo,&hellip;<\/p>\n","protected":false},"author":1,"featured_media":0,"parent":16878,"menu_order":0,"comment_status":"closed","ping_status":"closed","template":"tax-linea.php","meta":{"_acf_changed":false,"footnotes":""},"class_list":["post-23173","page","type-page","status-publish","hentry","description-off"],"acf":[],"_links":{"self":[{"href":"https:\/\/www.krupps.com\/es\/wp-json\/wp\/v2\/pages\/23173","targetHints":{"allow":["GET"]}}],"collection":[{"href":"https:\/\/www.krupps.com\/es\/wp-json\/wp\/v2\/pages"}],"about":[{"href":"https:\/\/www.krupps.com\/es\/wp-json\/wp\/v2\/types\/page"}],"author":[{"embeddable":true,"href":"https:\/\/www.krupps.com\/es\/wp-json\/wp\/v2\/users\/1"}],"replies":[{"embeddable":true,"href":"https:\/\/www.krupps.com\/es\/wp-json\/wp\/v2\/comments?post=23173"}],"version-history":[{"count":2,"href":"https:\/\/www.krupps.com\/es\/wp-json\/wp\/v2\/pages\/23173\/revisions"}],"predecessor-version":[{"id":23294,"href":"https:\/\/www.krupps.com\/es\/wp-json\/wp\/v2\/pages\/23173\/revisions\/23294"}],"up":[{"embeddable":true,"href":"https:\/\/www.krupps.com\/es\/wp-json\/wp\/v2\/pages\/16878"}],"wp:attachment":[{"href":"https:\/\/www.krupps.com\/es\/wp-json\/wp\/v2\/media?parent=23173"}],"curies":[{"name":"wp","href":"https:\/\/api.w.org\/{rel}","templated":true}]}}