	{"id":18042,"date":"2017-09-20T11:11:12","date_gmt":"2017-09-20T09:11:12","guid":{"rendered":"http:\/\/krupps.com\/?page_id=18042"},"modified":"2023-01-25T11:26:53","modified_gmt":"2023-01-25T10:26:53","slug":"advance-range","status":"publish","type":"page","link":"https:\/\/www.krupps.com\/es\/catalogo\/advance-range\/","title":{"rendered":"ADVANCE range"},"content":{"rendered":"<div class=\"wpb-content-wrapper\"><p>[vc_row][vc_column]<div class=\"ult-spacer spacer-69f97c3ca5e1c\" data-id=\"69f97c3ca5e1c\" data-height=\"40\" data-height-mobile=\"40\" data-height-tab=\"40\" data-height-tab-portrait=\"40\" data-height-mobile-landscape=\"40\" style=\"clear:both;display:block;\"><\/div><div class=\"dt-fancy-separator title-left h1-size style-disabled\" style=\"width: 100%;\"><div class=\"dt-fancy-title\" style=\"color: #0c3674;\"><span class=\"separator-holder separator-left\"><\/span>Advance range<span class=\"separator-holder separator-right\"><\/span><\/div><\/div><div class=\"ult-spacer spacer-69f97c3ca5e71\" data-id=\"69f97c3ca5e71\" data-height=\"40\" data-height-mobile=\"40\" data-height-tab=\"40\" data-height-tab-portrait=\"40\" data-height-mobile-landscape=\"40\" style=\"clear:both;display:block;\"><\/div>[vc_row_inner][vc_column_inner][vc_column_text]<\/p>\n<p class=\"p1\">Fiabilidad y facilidad de uso: estas son las palabras clave de la l\u00ednea <b>ADVANCE<\/b>. El panel es una verdadera carta de triunfo para la l\u00ednea gracias a sus 4 ciclos de lavado y un ciclo de drenaje autom\u00e1tico (con bomba de drenaje instalada). En el panel de control puede ver f\u00e1cilmente la temperatura del tanque y la caldera, <b>los mensajes del sistema de autodiagn\u00f3stico<\/b>, el aviso <b>de mantenimiento programado<\/b> y el <b>bot\u00f3n de inicio inteligente<\/b>, que al cambiar de color siempre muestra el estado de las lavavajillas con gran simplicidad. La placa electr\u00f3nica simple y extremadamente efectiva ofrece la posibilidad de configurar y controlar los tiempos de enjuague y drenaje, las temperaturas de lavado y enjuague y el <b>Termostop<\/b> relativo, que son esenciales para garantizar un excelente resultado del lavado.<span class=\"Apple-converted-space\">\u00a0<\/span><\/p>\n<p>[\/vc_column_text][\/vc_column_inner][\/vc_row_inner]<div class=\"ult-spacer spacer-69f97c3ca5e85\" data-id=\"69f97c3ca5e85\" data-height=\"40\" data-height-mobile=\"40\" data-height-tab=\"40\" data-height-tab-portrait=\"40\" data-height-mobile-landscape=\"40\" style=\"clear:both;display:block;\"><\/div>[\/vc_column][\/vc_row]<\/p>\n<\/div>","protected":false},"excerpt":{"rendered":"<p>[vc_row][vc_column][vc_row_inner][vc_column_inner][vc_column_text] Fiabilidad y facilidad de uso: estas son las palabras clave de la l\u00ednea ADVANCE. El panel es una verdadera carta de triunfo para la l\u00ednea gracias a sus 4 ciclos de lavado y un ciclo de drenaje autom\u00e1tico (con bomba de drenaje instalada). En el panel de control puede ver f\u00e1cilmente la temperatura del&hellip;<\/p>\n","protected":false},"author":1,"featured_media":0,"parent":16878,"menu_order":0,"comment_status":"closed","ping_status":"closed","template":"tax-linea.php","meta":{"_acf_changed":false,"footnotes":""},"class_list":["post-18042","page","type-page","status-publish","hentry","description-off"],"acf":[],"_links":{"self":[{"href":"https:\/\/www.krupps.com\/es\/wp-json\/wp\/v2\/pages\/18042","targetHints":{"allow":["GET"]}}],"collection":[{"href":"https:\/\/www.krupps.com\/es\/wp-json\/wp\/v2\/pages"}],"about":[{"href":"https:\/\/www.krupps.com\/es\/wp-json\/wp\/v2\/types\/page"}],"author":[{"embeddable":true,"href":"https:\/\/www.krupps.com\/es\/wp-json\/wp\/v2\/users\/1"}],"replies":[{"embeddable":true,"href":"https:\/\/www.krupps.com\/es\/wp-json\/wp\/v2\/comments?post=18042"}],"version-history":[{"count":5,"href":"https:\/\/www.krupps.com\/es\/wp-json\/wp\/v2\/pages\/18042\/revisions"}],"predecessor-version":[{"id":29839,"href":"https:\/\/www.krupps.com\/es\/wp-json\/wp\/v2\/pages\/18042\/revisions\/29839"}],"up":[{"embeddable":true,"href":"https:\/\/www.krupps.com\/es\/wp-json\/wp\/v2\/pages\/16878"}],"wp:attachment":[{"href":"https:\/\/www.krupps.com\/es\/wp-json\/wp\/v2\/media?parent=18042"}],"curies":[{"name":"wp","href":"https:\/\/api.w.org\/{rel}","templated":true}]}}